{"id":13726,"date":"2024-08-30T07:26:58","date_gmt":"2024-08-30T07:26:58","guid":{"rendered":"https:\/\/www.sunkaraoke.hu\/?post_type=product&#038;p=13726"},"modified":"2026-03-27T07:06:37","modified_gmt":"2026-03-27T05:06:37","slug":"arizona-ronda-lany-2024-new","status":"publish","type":"product","link":"https:\/\/www.sunkaraoke.hu\/index.php\/termek\/arizona-ronda-lany-2024-new\/","title":{"rendered":"<div class=\"wcmp-player-container product-13726\"><audio controlslist=\"nodownload\" data-product=\"13726\"  volume=\"1\"  preload=\"none\" data-lazyloading=\"none\" class=\"wcmp-player track mejs-classic\" data-duration=\"0:30\" data-estimated_duration=\"3\"><source src=\"https:\/\/www.sunkaraoke.hu\/wp-content\/uploads\/2024\/08\/Ronda-lany_demo.mp3\" type=\"audio\/mp3\" \/><\/audio><\/div>Arizona: Ronda l\u00e1ny 2024. NEW"},"content":{"rendered":"<p><strong>03:49<\/strong>\u00a0| <strong><img loading=\"lazy\" decoding=\"async\" class=\"alignnone size-full wp-image-467\" src=\"https:\/\/www.sunkaraoke.hu\/wp-content\/uploads\/2022\/07\/choir_2-copy.webp\" alt=\"\" width=\"30\" height=\"30\" \/> <\/strong><\/p>\n","protected":false},"excerpt":{"rendered":"<h5><strong>Bits\u0171r\u0171s\u00e9g: 320kb\/s<\/strong><\/h5>\n<h5><strong>Hossz: 03:49<\/strong><\/h5>\n<h5><strong>Vok\u00e1l: Nem <img loading=\"lazy\" decoding=\"async\" class=\"alignnone size-full wp-image-467\" src=\"http:\/\/www.sunkaraoke.hu\/wp-content\/uploads\/2022\/07\/choir_2-copy.png\" alt=\"\" width=\"30\" height=\"30\" \/><\/strong><\/h5>\n<p>Sunkaraoke mp3 st\u00fadi\u00f3 \/ www.sunkaraoke.hu \/ Inf: Tel: 06 20 4275001<\/p>\n<p>&#8212;Intr\u00f3&#8212;<br \/>\nFelszedett a diszk\u00f3ban egy l\u00e1ny,azt hiszem, hogy \u0151 volt a legrond\u00e1bb.<br \/>\nDe ebben is van valami vigasztal\u00f3,a sz\u00e9p csajokat \u00fagyis leny\u00falj\u00e1k.<br \/>\n&#8212;Sz\u00f3l\u00f3&#8212;<br \/>\nFelszedett a diszk\u00f3ban egy l\u00e1ny,azt hiszem, hogy \u0151 volt a legrond\u00e1bb.<br \/>\nR\u00e1m akaszkodott, \u00fagy mint egy bog\u00e1ncs,megsajn\u00e1ltam \u00e9s felmentem hozz\u00e1.<br \/>\nH\u00e1t j\u00f6jj\u00f6n hozz\u00e1m minden ronda l\u00e1ny,a sz\u00e9p csajokat, \u00fagy is leny\u00falj\u00e1k, \u00e9n r\u00f3lam.<br \/>\nJ\u00f6jj\u00f6n hozz\u00e1m minden ronda l\u00e1ny,a sz\u00e9p csajokat, \u00fagy is leny\u00falj\u00e1k.<br \/>\n&#8212;Sz\u00f3l\u00f3&#8212;<br \/>\nNem kell j\u00e1rnom diszk\u00f3ba m\u00e1r,az \u00e9n kis rond\u00e1m \u00fagy is megtal\u00e1l.<br \/>\nNem kell f\u00e9lnem, hogy valahol leny\u00falj\u00e1k,a h\u0171s\u00e9ge, a h\u0171s\u00e9ge garant\u00e1lt.<br \/>\nH\u00e1t j\u00f6jj\u00f6n hozz\u00e1m minden ronda l\u00e1ny,a sz\u00e9p csajokat, \u00fagy is leny\u00falj\u00e1k, \u00e9n r\u00f3lam.<br \/>\nJ\u00f6jj\u00f6n hozz\u00e1m minden ronda l\u00e1ny,a sz\u00e9p csajokat, \u00fagy is leny\u00falj\u00e1k.<br \/>\nH\u00e1t j\u00f6jj\u00f6n hozz\u00e1m minden ronda l\u00e1ny,a sz\u00e9p csajokat, \u00fagy is leny\u00falj\u00e1k, \u00e9n r\u00f3lam.<br \/>\nJ\u00f6jj\u00f6n hozz\u00e1m minden ronda l\u00e1ny,a sz\u00e9p csajokat, \u00fagy is leny\u00falj\u00e1k.<br \/>\n&#8212;V\u00e9ge&#8212;<\/p>\n","protected":false},"featured_media":13729,"template":"","meta":{"site-sidebar-layout":"default","site-content-layout":"default","ast-site-content-layout":"","site-content-style":"default","site-sidebar-style":"default","ast-global-header-display":"","ast-banner-title-visibility":"","ast-main-header-display":"","ast-hfb-above-header-display":"","ast-hfb-below-header-display":"","ast-hfb-mobile-header-display":"","site-post-title":"","ast-breadcrumbs-content":"","ast-featured-img":"","footer-sml-layout":"","theme-transparent-header-meta":"default","adv-header-id-meta":"","stick-header-meta":"","header-above-stick-meta":"","header-main-stick-meta":"","header-below-stick-meta":"","astra-migrate-meta-layouts":"default","ast-page-background-enabled":"default","ast-page-background-meta":{"desktop":{"background-color":"var(--ast-global-color-4)","background-image":"","background-repeat":"repeat","background-position":"center center","background-size":"auto","background-attachment":"scroll","background-type":"","background-media":"","overlay-type":"","overlay-color":"","overlay-opacity":"","overlay-gradient":""},"tablet":{"background-color":"","background-image":"","background-repeat":"repeat","background-position":"center center","background-size":"auto","background-attachment":"scroll","background-type":"","background-media":"","overlay-type":"","overlay-color":"","overlay-opacity":"","overlay-gradient":""},"mobile":{"background-color":"","background-image":"","background-repeat":"repeat","background-position":"center center","background-size":"auto","background-attachment":"scroll","background-type":"","background-media":"","overlay-type":"","overlay-color":"","overlay-opacity":"","overlay-gradient":""}},"ast-content-background-meta":{"desktop":{"background-color":"var(--ast-global-color-5)","background-image":"","background-repeat":"repeat","background-position":"center center","background-size":"auto","background-attachment":"scroll","background-type":"","background-media":"","overlay-type":"","overlay-color":"","overlay-opacity":"","overlay-gradient":""},"tablet":{"background-color":"var(--ast-global-color-5)","background-image":"","background-repeat":"repeat","background-position":"center center","background-size":"auto","background-attachment":"scroll","background-type":"","background-media":"","overlay-type":"","overlay-color":"","overlay-opacity":"","overlay-gradient":""},"mobile":{"background-color":"var(--ast-global-color-5)","background-image":"","background-repeat":"repeat","background-position":"center center","background-size":"auto","background-attachment":"scroll","background-type":"","background-media":"","overlay-type":"","overlay-color":"","overlay-opacity":"","overlay-gradient":""}}},"product_cat":[48],"product_tag":[],"class_list":["post-13726","product","type-product","status-publish","has-post-thumbnail","hentry","product_cat-sunkaraoke-dalok","desktop-align-left","tablet-align-left","mobile-align-left"],"_links":{"self":[{"href":"https:\/\/www.sunkaraoke.hu\/index.php\/wp-json\/wp\/v2\/product\/13726","targetHints":{"allow":["GET"]}}],"collection":[{"href":"https:\/\/www.sunkaraoke.hu\/index.php\/wp-json\/wp\/v2\/product"}],"about":[{"href":"https:\/\/www.sunkaraoke.hu\/index.php\/wp-json\/wp\/v2\/types\/product"}],"wp:featuredmedia":[{"embeddable":true,"href":"https:\/\/www.sunkaraoke.hu\/index.php\/wp-json\/wp\/v2\/media\/13729"}],"wp:attachment":[{"href":"https:\/\/www.sunkaraoke.hu\/index.php\/wp-json\/wp\/v2\/media?parent=13726"}],"wp:term":[{"taxonomy":"product_cat","embeddable":true,"href":"https:\/\/www.sunkaraoke.hu\/index.php\/wp-json\/wp\/v2\/product_cat?post=13726"},{"taxonomy":"product_tag","embeddable":true,"href":"https:\/\/www.sunkaraoke.hu\/index.php\/wp-json\/wp\/v2\/product_tag?post=13726"}],"curies":[{"name":"wp","href":"https:\/\/api.w.org\/{rel}","templated":true}]}}