{"id":13710,"date":"2024-08-28T09:47:23","date_gmt":"2024-08-28T09:47:23","guid":{"rendered":"https:\/\/www.sunkaraoke.hu\/?post_type=product&#038;p=13710"},"modified":"2025-11-14T19:21:54","modified_gmt":"2025-11-14T17:21:54","slug":"kft-balatoni-nyar-2024-new","status":"publish","type":"product","link":"https:\/\/www.sunkaraoke.hu\/index.php\/termek\/kft-balatoni-nyar-2024-new\/","title":{"rendered":"<div class=\"wcmp-player-container product-13710\"><audio controlslist=\"nodownload\" data-product=\"13710\"  volume=\"1\"  preload=\"none\" data-lazyloading=\"none\" class=\"wcmp-player track mejs-classic\" data-duration=\"0:31\" data-estimated_duration=\"4\"><source src=\"https:\/\/www.sunkaraoke.hu\/wp-content\/uploads\/2024\/08\/Balatoni-24_demo.mp3\" type=\"audio\/mp3\" \/><\/audio><\/div>KFT: Balatoni ny\u00e1r 2024. NEW"},"content":{"rendered":"<p><strong>04:27<\/strong>\u00a0\/\u00a0<strong><img loading=\"lazy\" decoding=\"async\" class=\"alignnone size-full wp-image-467\" src=\"https:\/\/www.sunkaraoke.hu\/wp-content\/uploads\/2022\/07\/choir_2-copy.webp\" alt=\"\" width=\"30\" height=\"30\" \/> \/ +2<\/strong><\/p>\n","protected":false},"excerpt":{"rendered":"<h6><strong>Bits\u0171r\u0171s\u00e9g: 320 kb\/s<\/strong><br \/>\n<strong>Hossz: 04:27<\/strong><br \/>\n<strong>Transzpon\u00e1l\u00e1s: +2<\/strong><br \/>\n<strong>Vok\u00e1lt tartalmaz: Nem <img loading=\"lazy\" decoding=\"async\" class=\"alignnone size-full wp-image-467\" src=\"http:\/\/www.sunkaraoke.hu\/wp-content\/uploads\/2022\/07\/choir_2-copy.png\" alt=\"\" width=\"30\" height=\"30\" \/><\/strong><strong style=\"font-size: 16px;\"><br \/>\n<\/strong><\/h6>\n<p>Sunkaraoke mp3 st\u00fadi\u00f3 \/ www.sunkaraoke.hu \/ Inf: Tel: 06 20 4275001<\/p>\n<p>&#8212;Intr\u00f3&#8212;<br \/>\n\u00dclt\u00fcnk a m\u00f3l\u00f3n \u00e9s n\u00e9zt\u00fck,<br \/>\nhogy j\u00e1rja a t\u00e1nc\u00e1t a v\u00edzen a f\u00e9ny.<br \/>\n\u00c9lvezt\u00fck, mennyire j\u00f3 ez a sablonos helyzet.<br \/>\nHamburgert ett\u00fcnk \u00e9s v\u00e1rtuk,<br \/>\nhogy j\u00f6jj\u00f6n a f\u00e9l n\u00e9gy, mert utazunk m\u00e1r.<br \/>\nItt hagyjuk Zam\u00e1rdi-fels\u0151t,<br \/>\nhisz \u00fajra csak elm\u00falt, egy balatoni ny\u00e1r.<br \/>\n&#8212;Sz\u00f3l\u00f3&#8212;<br \/>\nEml\u00e9kszem, mennyire v\u00e1rtam,<br \/>\na tihanyi r\u00e9vn\u00e9l azt a k\u00e9kszem\u0171 l\u00e1nyt,<br \/>\n\u00e9s persze nem j\u00f6tt, mert ilyenek a k\u00e9kszem\u0171 l\u00e1nyok.<br \/>\nBe\u00fcltem inni \u00e9s \u00e9szre se vettem az \u00e1rak sz\u00ednvonal\u00e1t,<br \/>\nhozt\u00e1k a sz\u00e1ml\u00e1t \u00e9s azt hittem, rosszul l\u00e1tok.<br \/>\nA nyaral\u00e1s messze sz\u00e1ll, sok eml\u00e9k visszaj\u00e1r,<br \/>\nh\u00e1nyszor elm\u00falt m\u00e1r, de \u00fajra v\u00e1r,<br \/>\na balatoni ny\u00e1r.<br \/>\n&#8212;Sz\u00f3l\u00f3&#8212;<br \/>\nCs\u00f3nakban \u00fclt\u00fcnk egy l\u00e1nnyal \u00e9s,<br \/>\nlehullott r\u00f3lunk minden erk\u00f6lcsi l\u00e1nc.<br \/>\nSenki sem l\u00e1thatott minket, mert s\u0171r\u0171 a n\u00e1das.<br \/>\nSzerelmes voltam \u00e9s f\u00e1jt volna, annak a l\u00e1nynak az igazs\u00e1g.<br \/>\nSzem\u00e9be n\u00e9ztem \u00e9s azt mondtam, nem vagyok h\u00e1zas.<br \/>\nA nyaral\u00e1s messze sz\u00e1ll, sok eml\u00e9k visszaj\u00e1r.<br \/>\nH\u00e1nyszor elm\u00falt m\u00e1r, de \u00fajra v\u00e1r,<br \/>\na balatoni ny\u00e1r&#8230;.<br \/>\n&#8212;Sz\u00f3l\u00f3&#8212;<br \/>\nA nyaral\u00e1s messze sz\u00e1ll, sok eml\u00e9k visszaj\u00e1r.<br \/>\nH\u00e1nyszor elm\u00falt m\u00e1r, de \u00fajra v\u00e1r,<br \/>\na balatoni ny\u00e1r&#8230;<br \/>\n&#8212;V\u00e9ge&#8212;<\/p>\n","protected":false},"featured_media":13713,"template":"","meta":{"site-sidebar-layout":"default","site-content-layout":"default","ast-site-content-layout":"","site-content-style":"default","site-sidebar-style":"default","ast-global-header-display":"","ast-banner-title-visibility":"","ast-main-header-display":"","ast-hfb-above-header-display":"","ast-hfb-below-header-display":"","ast-hfb-mobile-header-display":"","site-post-title":"","ast-breadcrumbs-content":"","ast-featured-img":"","footer-sml-layout":"","theme-transparent-header-meta":"default","adv-header-id-meta":"","stick-header-meta":"","header-above-stick-meta":"","header-main-stick-meta":"","header-below-stick-meta":"","astra-migrate-meta-layouts":"default","ast-page-background-enabled":"default","ast-page-background-meta":{"desktop":{"background-color":"var(--ast-global-color-4)","background-image":"","background-repeat":"repeat","background-position":"center center","background-size":"auto","background-attachment":"scroll","background-type":"","background-media":"","overlay-type":"","overlay-color":"","overlay-opacity":"","overlay-gradient":""},"tablet":{"background-color":"","background-image":"","background-repeat":"repeat","background-position":"center center","background-size":"auto","background-attachment":"scroll","background-type":"","background-media":"","overlay-type":"","overlay-color":"","overlay-opacity":"","overlay-gradient":""},"mobile":{"background-color":"","background-image":"","background-repeat":"repeat","background-position":"center center","background-size":"auto","background-attachment":"scroll","background-type":"","background-media":"","overlay-type":"","overlay-color":"","overlay-opacity":"","overlay-gradient":""}},"ast-content-background-meta":{"desktop":{"background-color":"var(--ast-global-color-5)","background-image":"","background-repeat":"repeat","background-position":"center center","background-size":"auto","background-attachment":"scroll","background-type":"","background-media":"","overlay-type":"","overlay-color":"","overlay-opacity":"","overlay-gradient":""},"tablet":{"background-color":"var(--ast-global-color-5)","background-image":"","background-repeat":"repeat","background-position":"center center","background-size":"auto","background-attachment":"scroll","background-type":"","background-media":"","overlay-type":"","overlay-color":"","overlay-opacity":"","overlay-gradient":""},"mobile":{"background-color":"var(--ast-global-color-5)","background-image":"","background-repeat":"repeat","background-position":"center center","background-size":"auto","background-attachment":"scroll","background-type":"","background-media":"","overlay-type":"","overlay-color":"","overlay-opacity":"","overlay-gradient":""}}},"product_cat":[48],"product_tag":[],"class_list":["post-13710","product","type-product","status-publish","has-post-thumbnail","hentry","product_cat-sunkaraoke-dalok","desktop-align-left","tablet-align-left","mobile-align-left"],"_links":{"self":[{"href":"https:\/\/www.sunkaraoke.hu\/index.php\/wp-json\/wp\/v2\/product\/13710","targetHints":{"allow":["GET"]}}],"collection":[{"href":"https:\/\/www.sunkaraoke.hu\/index.php\/wp-json\/wp\/v2\/product"}],"about":[{"href":"https:\/\/www.sunkaraoke.hu\/index.php\/wp-json\/wp\/v2\/types\/product"}],"wp:featuredmedia":[{"embeddable":true,"href":"https:\/\/www.sunkaraoke.hu\/index.php\/wp-json\/wp\/v2\/media\/13713"}],"wp:attachment":[{"href":"https:\/\/www.sunkaraoke.hu\/index.php\/wp-json\/wp\/v2\/media?parent=13710"}],"wp:term":[{"taxonomy":"product_cat","embeddable":true,"href":"https:\/\/www.sunkaraoke.hu\/index.php\/wp-json\/wp\/v2\/product_cat?post=13710"},{"taxonomy":"product_tag","embeddable":true,"href":"https:\/\/www.sunkaraoke.hu\/index.php\/wp-json\/wp\/v2\/product_tag?post=13710"}],"curies":[{"name":"wp","href":"https:\/\/api.w.org\/{rel}","templated":true}]}}