{"id":13706,"date":"2024-08-27T13:31:44","date_gmt":"2024-08-27T13:31:44","guid":{"rendered":"https:\/\/www.sunkaraoke.hu\/?post_type=product&#038;p=13706"},"modified":"2025-11-14T19:21:54","modified_gmt":"2025-11-14T17:21:54","slug":"neoton-i-love-you-2024-new","status":"publish","type":"product","link":"https:\/\/www.sunkaraoke.hu\/index.php\/termek\/neoton-i-love-you-2024-new\/","title":{"rendered":"<div class=\"wcmp-player-container product-13706\"><audio controlslist=\"nodownload\" data-product=\"13706\"  volume=\"1\"  preload=\"none\" data-lazyloading=\"none\" class=\"wcmp-player track mejs-classic\" data-duration=\"0:34\" data-estimated_duration=\"4\"><source src=\"https:\/\/www.sunkaraoke.hu\/wp-content\/uploads\/2024\/08\/I-love-you-Neoton-TRP-2024._demo.mp3\" type=\"audio\/mp3\" \/><\/audio><\/div>Neoton &#8211; I Love You NEW (PB Edition)"},"content":{"rendered":"<p><strong>03:59<\/strong> \/\u00a0<strong><img loading=\"lazy\" decoding=\"async\" class=\"alignnone size-full wp-image-467\" src=\"https:\/\/www.sunkaraoke.hu\/wp-content\/uploads\/2022\/07\/choir_2-copy.webp\" alt=\"\" width=\"30\" height=\"30\" \/> \/ -5<\/strong><\/p>\n","protected":false},"excerpt":{"rendered":"<h6><strong>Bits\u0171r\u0171s\u00e9g: 320 kb\/s<\/strong><br \/>\n<strong>Hossz: 03:59<\/strong><br \/>\n<strong>Transzpon\u00e1l\u00e1s: -5<\/strong><br \/>\n<strong>Vok\u00e1lt tartalmaz: Nem <img loading=\"lazy\" decoding=\"async\" class=\"alignnone size-full wp-image-467\" src=\"http:\/\/www.sunkaraoke.hu\/wp-content\/uploads\/2022\/07\/choir_2-copy.png\" alt=\"\" width=\"30\" height=\"30\" \/><\/strong><strong style=\"font-size: 16px;\"><br \/>\n<\/strong><\/h6>\n<p>Sunkaraoke mp3 st\u00fadi\u00f3 \/ www.sunkaraoke.hu \/ Inf: Tel: 06 20 4275001<\/p>\n<p>&#8212;Intr\u00f3&#8212;<br \/>\nMinden ny\u00e1r v\u00e9get \u00e9r, a hull\u00f3 csillag f\u00f6ldet \u00e9r,<br \/>\na messzir\u0151l j\u00f6ttek, messze vannak m\u00e1r.<br \/>\nMinden ny\u00e1r v\u00e9get \u00e9r,s\u00e1trat bont, a k\u00f3sza sz\u00e9l,<br \/>\nj\u00f3 lenne ha r\u00e1m is gondoln\u00e1l.<br \/>\nEls\u0151 nap, megn\u00e9ztelek,k\u00e9t h\u00e9tig ker\u00fcltelek,<br \/>\nde r\u00e1m tal\u00e1lt\u00e1l az utols\u00f3 \u00e9jszak\u00e1n.<br \/>\nEls\u0151 nap, megn\u00e9ztelek, k\u00e9t h\u00e9tig, kerestelek,<br \/>\n\u00e9s v\u00e9g\u00fcl elvar\u00e1zsolt\u00e1l.<br \/>\nI love you, you love me,<br \/>\nennyi t\u00f6rt\u00e9nt sajnos semmi m\u00e1s.<br \/>\nI love you, you love me,<br \/>\negyszer\u0171en nem volt folytat\u00e1s.<br \/>\nI love you, you love me,<br \/>\nha nem akarod, nem felejtem el,<br \/>\n\u00e9n itt leszek, itt megtal\u00e1lsz ha \u00e9rdekel.<br \/>\n&#8212;Sz\u00f3l\u00f3&#8212;<br \/>\nEls\u0151 nap, megn\u00e9ztelek,k\u00e9t h\u00e9tig ker\u00fcltelek,<br \/>\nde r\u00e1m tal\u00e1lt\u00e1l az utols\u00f3 \u00e9jszak\u00e1n.<br \/>\nEls\u0151 nap, megn\u00e9ztelek,k\u00e9t h\u00e9tig,kerestelek,<br \/>\n\u00e9s v\u00e9g\u00fcl elvar\u00e1zsolt\u00e1l.<br \/>\nI love you, you love me,ennyi t\u00f6rt\u00e9nt sajnos semmi m\u00e1s.<br \/>\nI love you, you love me,egyszer\u0171en nem volt folytat\u00e1s.<br \/>\nI love you, you love me,ha nem akarod nem felejtem el,<br \/>\n\u00e9n itt leszek, itt megtal\u00e1lsz ha \u00e9rdekel.<br \/>\nI love you, you love me,ennyi t\u00f6rt\u00e9nt sajnos semmi m\u00e1s.<br \/>\nI love you, you love me, egyszer\u0171en nem volt folytat\u00e1s.<br \/>\nI love you, you love me,ha nem akarod nem felejtem el,<br \/>\n\u00e9n itt leszek, itt megtal\u00e1lsz ha \u00e9rdekel.<br \/>\n&#8212;V\u00e9ge&#8212;<\/p>\n","protected":false},"featured_media":9391,"template":"","meta":{"site-sidebar-layout":"default","site-content-layout":"default","ast-site-content-layout":"default","site-content-style":"default","site-sidebar-style":"default","ast-global-header-display":"","ast-banner-title-visibility":"","ast-main-header-display":"","ast-hfb-above-header-display":"","ast-hfb-below-header-display":"","ast-hfb-mobile-header-display":"","site-post-title":"","ast-breadcrumbs-content":"","ast-featured-img":"","footer-sml-layout":"","theme-transparent-header-meta":"default","adv-header-id-meta":"","stick-header-meta":"","header-above-stick-meta":"","header-main-stick-meta":"","header-below-stick-meta":"","astra-migrate-meta-layouts":"set","ast-page-background-enabled":"default","ast-page-background-meta":{"desktop":{"background-color":"var(--ast-global-color-4)","background-image":"","background-repeat":"repeat","background-position":"center center","background-size":"auto","background-attachment":"scroll","background-type":"","background-media":"","overlay-type":"","overlay-color":"","overlay-opacity":"","overlay-gradient":""},"tablet":{"background-color":"","background-image":"","background-repeat":"repeat","background-position":"center center","background-size":"auto","background-attachment":"scroll","background-type":"","background-media":"","overlay-type":"","overlay-color":"","overlay-opacity":"","overlay-gradient":""},"mobile":{"background-color":"","background-image":"","background-repeat":"repeat","background-position":"center center","background-size":"auto","background-attachment":"scroll","background-type":"","background-media":"","overlay-type":"","overlay-color":"","overlay-opacity":"","overlay-gradient":""}},"ast-content-background-meta":{"desktop":{"background-color":"var(--ast-global-color-5)","background-image":"","background-repeat":"repeat","background-position":"center center","background-size":"auto","background-attachment":"scroll","background-type":"","background-media":"","overlay-type":"","overlay-color":"","overlay-opacity":"","overlay-gradient":""},"tablet":{"background-color":"var(--ast-global-color-5)","background-image":"","background-repeat":"repeat","background-position":"center center","background-size":"auto","background-attachment":"scroll","background-type":"","background-media":"","overlay-type":"","overlay-color":"","overlay-opacity":"","overlay-gradient":""},"mobile":{"background-color":"var(--ast-global-color-5)","background-image":"","background-repeat":"repeat","background-position":"center center","background-size":"auto","background-attachment":"scroll","background-type":"","background-media":"","overlay-type":"","overlay-color":"","overlay-opacity":"","overlay-gradient":""}}},"product_cat":[48],"product_tag":[],"class_list":["post-13706","product","type-product","status-publish","has-post-thumbnail","hentry","product_cat-sunkaraoke-dalok","desktop-align-left","tablet-align-left","mobile-align-left"],"_links":{"self":[{"href":"https:\/\/www.sunkaraoke.hu\/index.php\/wp-json\/wp\/v2\/product\/13706","targetHints":{"allow":["GET"]}}],"collection":[{"href":"https:\/\/www.sunkaraoke.hu\/index.php\/wp-json\/wp\/v2\/product"}],"about":[{"href":"https:\/\/www.sunkaraoke.hu\/index.php\/wp-json\/wp\/v2\/types\/product"}],"wp:featuredmedia":[{"embeddable":true,"href":"https:\/\/www.sunkaraoke.hu\/index.php\/wp-json\/wp\/v2\/media\/9391"}],"wp:attachment":[{"href":"https:\/\/www.sunkaraoke.hu\/index.php\/wp-json\/wp\/v2\/media?parent=13706"}],"wp:term":[{"taxonomy":"product_cat","embeddable":true,"href":"https:\/\/www.sunkaraoke.hu\/index.php\/wp-json\/wp\/v2\/product_cat?post=13706"},{"taxonomy":"product_tag","embeddable":true,"href":"https:\/\/www.sunkaraoke.hu\/index.php\/wp-json\/wp\/v2\/product_tag?post=13706"}],"curies":[{"name":"wp","href":"https:\/\/api.w.org\/{rel}","templated":true}]}}