{"id":13661,"date":"2024-08-22T13:56:55","date_gmt":"2024-08-22T13:56:55","guid":{"rendered":"https:\/\/www.sunkaraoke.hu\/?post_type=product&#038;p=13661"},"modified":"2026-03-27T07:06:37","modified_gmt":"2026-03-27T05:06:37","slug":"apostol-ma-este-felmegyek-2024-new","status":"publish","type":"product","link":"https:\/\/www.sunkaraoke.hu\/index.php\/termek\/apostol-ma-este-felmegyek-2024-new\/","title":{"rendered":"<div class=\"wcmp-player-container product-13661\"><audio controlslist=\"nodownload\" data-product=\"13661\"  volume=\"1\"  preload=\"none\" data-lazyloading=\"none\" class=\"wcmp-player track mejs-classic\" data-duration=\"0:31\" data-estimated_duration=\"4\"><source src=\"https:\/\/www.sunkaraoke.hu\/wp-content\/uploads\/2024\/08\/Ma-este-felmegyek-2024_demo.mp3\" type=\"audio\/mp3\" \/><\/audio><\/div>Apostol: Ma este felmegyek 2024. NEW"},"content":{"rendered":"<p><strong>03:16 \/<\/strong>\u00a0<strong><img loading=\"lazy\" decoding=\"async\" class=\"alignnone size-full wp-image-467\" src=\"https:\/\/www.sunkaraoke.hu\/wp-content\/uploads\/2022\/07\/choir_2-copy.webp\" alt=\"\" width=\"30\" height=\"30\" \/> \/ -2<\/strong><\/p>\n","protected":false},"excerpt":{"rendered":"<h6><strong>Bits\u0171r\u0171s\u00e9g: 320kb\/s<\/strong><\/h6>\n<h6><strong>Hossz: 03:16<\/strong><\/h6>\n<h6><strong>Vok\u00e1lt tartalmaz: Nem <img loading=\"lazy\" decoding=\"async\" class=\"alignnone size-full wp-image-467\" src=\"http:\/\/www.sunkaraoke.hu\/wp-content\/uploads\/2022\/07\/choir_2-copy.png\" alt=\"\" width=\"30\" height=\"30\" \/><\/strong><\/h6>\n<h6><strong>Transzpon\u00e1l\u00e1s: -2<\/strong><\/h6>\n<p>Sunkaraoke mp3 st\u00fadi\u00f3 \/ www.sunkaraoke.hu \/ Inf: Tel: 06 20 4275001<\/p>\n<p>&#8211;Intr\u00f3&#8212;<br \/>\nMa este felmegyek majd hozz\u00e1d,\u00e9s mindent elmondok neked.<br \/>\nMi\u00f3ta kett\u0151nk \u00fatja sz\u00e9tv\u00e1lt,m\u00e9g nem voltam veled.<br \/>\nMa este ott maradok n\u00e1lad,\u00e9s hogyha te is akarod,<br \/>\ngy\u00fajts meg egy sz\u00ednes gyertyasz\u00e1lat,abb\u00f3l mindent tudok.<br \/>\nMindegy, hogy hiszed, nem hiszed,m\u00e9g ma is nagyon j\u00f3 veled.<br \/>\nOtt leszek n\u00e1lad,ha te is v\u00e1rtad,adj h\u00e1t egy kis jelet!<br \/>\nMa este ott maradok n\u00e1lad,\u00e9s hogyha te is akarod,<br \/>\ngy\u00fajts meg egy sz\u00ednes gyertyasz\u00e1lat,ha ottmaradhatok!<br \/>\n&#8212;Sz\u00f3l\u00f3&#8212;<br \/>\nMindegy, hogy hiszed, nem hiszed,m\u00e9g ma is nagyon j\u00f3 veled.<br \/>\nOtt leszek n\u00e1lad,ha te is v\u00e1rtad,adj h\u00e1t egy kis jelet!<br \/>\nMa este ott maradok n\u00e1lad,\u00e9s hogyha te is akarod,<br \/>\ngy\u00fajts meg egy sz\u00ednes gyertyasz\u00e1lat,ha ottmaradhatok<br \/>\n&#8212;Sz\u00f3l\u00f3&#8212;<br \/>\nMa este felmegyek majd hozz\u00e1d,\u00e9s mindent elmondok neked.<br \/>\nMi\u00f3ta kett\u0151nk \u00fatja sz\u00e9tv\u00e1lt,m\u00e9g nem voltam veled.<br \/>\nMa este ott maradok n\u00e1lad,\u00e9s hogyha te is akarod,<br \/>\ngy\u00fajts meg egy sz\u00ednes gyertyasz\u00e1lat,abb\u00f3l mindent tudok.<br \/>\nAbb\u00f3l mindent megtudok!<br \/>\n&#8212;V\u00e9ge&#8212;<\/p>\n","protected":false},"featured_media":9330,"template":"","meta":{"site-sidebar-layout":"default","site-content-layout":"default","ast-site-content-layout":"","site-content-style":"default","site-sidebar-style":"default","ast-global-header-display":"","ast-banner-title-visibility":"","ast-main-header-display":"","ast-hfb-above-header-display":"","ast-hfb-below-header-display":"","ast-hfb-mobile-header-display":"","site-post-title":"","ast-breadcrumbs-content":"","ast-featured-img":"","footer-sml-layout":"","theme-transparent-header-meta":"default","adv-header-id-meta":"","stick-header-meta":"","header-above-stick-meta":"","header-main-stick-meta":"","header-below-stick-meta":"","astra-migrate-meta-layouts":"default","ast-page-background-enabled":"default","ast-page-background-meta":{"desktop":{"background-color":"var(--ast-global-color-4)","background-image":"","background-repeat":"repeat","background-position":"center center","background-size":"auto","background-attachment":"scroll","background-type":"","background-media":"","overlay-type":"","overlay-color":"","overlay-opacity":"","overlay-gradient":""},"tablet":{"background-color":"","background-image":"","background-repeat":"repeat","background-position":"center center","background-size":"auto","background-attachment":"scroll","background-type":"","background-media":"","overlay-type":"","overlay-color":"","overlay-opacity":"","overlay-gradient":""},"mobile":{"background-color":"","background-image":"","background-repeat":"repeat","background-position":"center center","background-size":"auto","background-attachment":"scroll","background-type":"","background-media":"","overlay-type":"","overlay-color":"","overlay-opacity":"","overlay-gradient":""}},"ast-content-background-meta":{"desktop":{"background-color":"var(--ast-global-color-5)","background-image":"","background-repeat":"repeat","background-position":"center center","background-size":"auto","background-attachment":"scroll","background-type":"","background-media":"","overlay-type":"","overlay-color":"","overlay-opacity":"","overlay-gradient":""},"tablet":{"background-color":"var(--ast-global-color-5)","background-image":"","background-repeat":"repeat","background-position":"center center","background-size":"auto","background-attachment":"scroll","background-type":"","background-media":"","overlay-type":"","overlay-color":"","overlay-opacity":"","overlay-gradient":""},"mobile":{"background-color":"var(--ast-global-color-5)","background-image":"","background-repeat":"repeat","background-position":"center center","background-size":"auto","background-attachment":"scroll","background-type":"","background-media":"","overlay-type":"","overlay-color":"","overlay-opacity":"","overlay-gradient":""}}},"product_cat":[48],"product_tag":[],"class_list":["post-13661","product","type-product","status-publish","has-post-thumbnail","hentry","product_cat-sunkaraoke-dalok","desktop-align-left","tablet-align-left","mobile-align-left"],"_links":{"self":[{"href":"https:\/\/www.sunkaraoke.hu\/index.php\/wp-json\/wp\/v2\/product\/13661","targetHints":{"allow":["GET"]}}],"collection":[{"href":"https:\/\/www.sunkaraoke.hu\/index.php\/wp-json\/wp\/v2\/product"}],"about":[{"href":"https:\/\/www.sunkaraoke.hu\/index.php\/wp-json\/wp\/v2\/types\/product"}],"wp:featuredmedia":[{"embeddable":true,"href":"https:\/\/www.sunkaraoke.hu\/index.php\/wp-json\/wp\/v2\/media\/9330"}],"wp:attachment":[{"href":"https:\/\/www.sunkaraoke.hu\/index.php\/wp-json\/wp\/v2\/media?parent=13661"}],"wp:term":[{"taxonomy":"product_cat","embeddable":true,"href":"https:\/\/www.sunkaraoke.hu\/index.php\/wp-json\/wp\/v2\/product_cat?post=13661"},{"taxonomy":"product_tag","embeddable":true,"href":"https:\/\/www.sunkaraoke.hu\/index.php\/wp-json\/wp\/v2\/product_tag?post=13661"}],"curies":[{"name":"wp","href":"https:\/\/api.w.org\/{rel}","templated":true}]}}