{"id":13655,"date":"2024-08-21T12:57:02","date_gmt":"2024-08-21T12:57:02","guid":{"rendered":"https:\/\/www.sunkaraoke.hu\/?post_type=product&#038;p=13655"},"modified":"2026-03-27T07:06:37","modified_gmt":"2026-03-27T05:06:37","slug":"magna-cum-laude-palinkadal-2024-new","status":"publish","type":"product","link":"https:\/\/www.sunkaraoke.hu\/index.php\/termek\/magna-cum-laude-palinkadal-2024-new\/","title":{"rendered":"<div class=\"wcmp-player-container product-13655\"><audio controlslist=\"nodownload\" data-product=\"13655\"  volume=\"1\"  preload=\"none\" data-lazyloading=\"none\" class=\"wcmp-player track mejs-classic\" data-duration=\"0:31\" data-estimated_duration=\"4\"><source src=\"https:\/\/www.sunkaraoke.hu\/wp-content\/uploads\/2024\/08\/Palinkadal-2024.-TRP-NEW_demo.mp3\" type=\"audio\/mp3\" \/><\/audio><\/div>Magna Cum Laude  &#8211; P\u00e1linkadal 2024. NEW"},"content":{"rendered":"<p><strong>03:44 \/<\/strong>\u00a0<strong><img loading=\"lazy\" decoding=\"async\" class=\"alignnone size-full wp-image-466\" src=\"https:\/\/www.sunkaraoke.hu\/wp-content\/uploads\/2022\/07\/choir_1-copy.webp\" alt=\"\" width=\"30\" height=\"30\" \/> \/ -2<\/strong><\/p>\n","protected":false},"excerpt":{"rendered":"<h6><strong>Bits\u0171r\u0171s\u00e9g: 320 kb\/s<\/strong><br \/>\n<strong>Hossz: 03:44<\/strong><br \/>\n<strong>Vok\u00e1lt tartalmaz: Igen <img loading=\"lazy\" decoding=\"async\" class=\"alignnone size-full wp-image-466\" src=\"http:\/\/www.sunkaraoke.hu\/wp-content\/uploads\/2022\/07\/choir_1-copy.png\" alt=\"\" width=\"30\" height=\"30\" \/><\/strong><strong style=\"font-size: 16px;\"><br \/>\n<\/strong><\/h6>\n<p>Sunkaraoke mp3 st\u00fadi\u00f3 \/ www.sunkaraoke.hu \/ Inf: Tel: 06 20 4275001<\/p>\n<p>&#8212;Intr\u00f3&#8212;<br \/>\n\u00c1lmaink k\u00e9kl\u0151 eg\u00e9n,gy\u00fcm\u00f6lcsf\u00e1ink tetej\u00e9n,<br \/>\np\u00e1linka-szerelmem,l\u00e9gy az eny\u00e9m!<br \/>\nNy\u00fajtsd h\u00e1t a karod fel\u00e9m, n\u00e9lk\u00fcled meghalok \u00e9n,<br \/>\np\u00e1linka szerelmem,l\u00e9gy az eny\u00e9m!<br \/>\n\u00c1lmaink k\u00e9kl\u0151 eg\u00e9n, gy\u00fcm\u00f6lcsf\u00e1ink tetej\u00e9n,<br \/>\np\u00e1linka-szerelmem,l\u00e9gy az eny\u00e9m!<br \/>\nNy\u00fajtsd h\u00e1t a karod fel\u00e9m,n\u00e9lk\u00fcled meghalok \u00e9n,<br \/>\np\u00e1linka szerelmem, l\u00e9gy az eny\u00e9m!<br \/>\n&#8212;Sz\u00f3l\u00f3&#8212;<br \/>\nHa egyszer elindulunk lefel\u00e9,mert el\u0151tt\u00fcnk a lejt\u0151.<br \/>\nFoly\u00e9kony kir\u00e1lyn\u0151,k\u00e9rlek,te l\u00e9gy a b\u00fafelejt\u0151!<br \/>\nT\u00f6lts h\u00e1t a poharamba,m\u00e9g egy kortyot angyalom,<br \/>\nma \u00e9jjel mindenemet,elmulatom!<br \/>\n\u00c1lmaink k\u00e9kl\u0151 eg\u00e9n,gy\u00fcm\u00f6lcsf\u00e1ink tetej\u00e9n,<br \/>\np\u00e1linka-szerelmem,l\u00e9gy az eny\u00e9m!<br \/>\nNy\u00fajtsd h\u00e1t a karod fel\u00e9m, n\u00e9lk\u00fcled meghalok \u00e9n,<br \/>\np\u00e1linka szerelmem,l\u00e9gy az eny\u00e9m!<br \/>\n\u00c1lmaink k\u00e9kl\u0151 eg\u00e9n,gy\u00fcm\u00f6lcsf\u00e1ink tetej\u00e9n,<br \/>\np\u00e1linka-szerelmem,l\u00e9gy az eny\u00e9m!<br \/>\nNy\u00fajtsd h\u00e1t a karod fel\u00e9m,n\u00e9lk\u00fcled meghalok \u00e9n,<br \/>\np\u00e1linka szerelmem, l\u00e9gy az eny\u00e9m!<br \/>\n&#8212;Sz\u00f3l\u00f3&#8212;<br \/>\nAz istenek k\u00f6nnycseppje gy\u00f3gy\u00edr,b\u00e1natra, \u00f6r\u00f6mre.<br \/>\n\u00c9n t\u00e9ged fogadlak, egyszer majd,gyermekk\u00e9nt \u00f6r\u00f6kbe.<br \/>\nEgy kupica reggelire,abb\u00f3l bajod nem lehet,<br \/>\na magyarnak csak ez adhat ihletet.<br \/>\n\u00c1lmaink k\u00e9kl\u0151 eg\u00e9n,gy\u00fcm\u00f6lcsf\u00e1ink tetej\u00e9n,<br \/>\np\u00e1linka szerelmem, l\u00e9gy az eny\u00e9m!<br \/>\nNy\u00fajtsd h\u00e1t a karod fel\u00e9m,n\u00e9lk\u00fcled meghalok \u00e9n,<br \/>\np\u00e1linka szerelmem,l\u00e9gy az eny\u00e9m.<br \/>\n\u00c1lmaink k\u00e9kl\u0151 eg\u00e9n,gy\u00fcm\u00f6lcsf\u00e1ink tetej\u00e9n,<br \/>\np\u00e1linka szerelmem, l\u00e9gy az eny\u00e9m!<br \/>\nNy\u00fajtsd h\u00e1t a karod fel\u00e9m,n\u00e9lk\u00fcled meghalok \u00e9n,<br \/>\np\u00e1linka szerelmem,l\u00e9gy az eny\u00e9m.<br \/>\n&#8212;Sz\u00f3l\u00f3&#8212;<br \/>\n\u00c1lmaink k\u00e9kl\u0151 eg\u00e9n,gy\u00fcm\u00f6lcsf\u00e1ink tetej\u00e9n,<br \/>\np\u00e1linka szerelmem, l\u00e9gy az eny\u00e9m!<br \/>\nNy\u00fajtsd h\u00e1t a karod fel\u00e9m,n\u00e9lk\u00fcled meghalok \u00e9n,<br \/>\np\u00e1linka szerelmem,l\u00e9gy az eny\u00e9m.<br \/>\n\u00c1lmaink k\u00e9kl\u0151 eg\u00e9n,gy\u00fcm\u00f6lcsf\u00e1ink tetej\u00e9n,<br \/>\np\u00e1linka szerelmem, l\u00e9gy az eny\u00e9m!<br \/>\nNy\u00fajtsd h\u00e1t a karod fel\u00e9m,n\u00e9lk\u00fcled meghalok \u00e9n,<br \/>\np\u00e1linka szerelmem,l\u00e9gy az eny\u00e9m.<br \/>\n&#8212;V\u00e9ge&#8212;<\/p>\n<p>&nbsp;<\/p>\n","protected":false},"featured_media":12579,"template":"","meta":{"site-sidebar-layout":"default","site-content-layout":"default","ast-site-content-layout":"default","site-content-style":"default","site-sidebar-style":"default","ast-global-header-display":"","ast-banner-title-visibility":"","ast-main-header-display":"","ast-hfb-above-header-display":"","ast-hfb-below-header-display":"","ast-hfb-mobile-header-display":"","site-post-title":"","ast-breadcrumbs-content":"","ast-featured-img":"","footer-sml-layout":"","theme-transparent-header-meta":"default","adv-header-id-meta":"","stick-header-meta":"","header-above-stick-meta":"","header-main-stick-meta":"","header-below-stick-meta":"","astra-migrate-meta-layouts":"set","ast-page-background-enabled":"default","ast-page-background-meta":{"desktop":{"background-color":"var(--ast-global-color-4)","background-image":"","background-repeat":"repeat","background-position":"center center","background-size":"auto","background-attachment":"scroll","background-type":"","background-media":"","overlay-type":"","overlay-color":"","overlay-opacity":"","overlay-gradient":""},"tablet":{"background-color":"","background-image":"","background-repeat":"repeat","background-position":"center center","background-size":"auto","background-attachment":"scroll","background-type":"","background-media":"","overlay-type":"","overlay-color":"","overlay-opacity":"","overlay-gradient":""},"mobile":{"background-color":"","background-image":"","background-repeat":"repeat","background-position":"center center","background-size":"auto","background-attachment":"scroll","background-type":"","background-media":"","overlay-type":"","overlay-color":"","overlay-opacity":"","overlay-gradient":""}},"ast-content-background-meta":{"desktop":{"background-color":"var(--ast-global-color-5)","background-image":"","background-repeat":"repeat","background-position":"center center","background-size":"auto","background-attachment":"scroll","background-type":"","background-media":"","overlay-type":"","overlay-color":"","overlay-opacity":"","overlay-gradient":""},"tablet":{"background-color":"var(--ast-global-color-5)","background-image":"","background-repeat":"repeat","background-position":"center center","background-size":"auto","background-attachment":"scroll","background-type":"","background-media":"","overlay-type":"","overlay-color":"","overlay-opacity":"","overlay-gradient":""},"mobile":{"background-color":"var(--ast-global-color-5)","background-image":"","background-repeat":"repeat","background-position":"center center","background-size":"auto","background-attachment":"scroll","background-type":"","background-media":"","overlay-type":"","overlay-color":"","overlay-opacity":"","overlay-gradient":""}}},"product_cat":[48],"product_tag":[],"class_list":["post-13655","product","type-product","status-publish","has-post-thumbnail","hentry","product_cat-sunkaraoke-dalok","desktop-align-left","tablet-align-left","mobile-align-left"],"_links":{"self":[{"href":"https:\/\/www.sunkaraoke.hu\/index.php\/wp-json\/wp\/v2\/product\/13655","targetHints":{"allow":["GET"]}}],"collection":[{"href":"https:\/\/www.sunkaraoke.hu\/index.php\/wp-json\/wp\/v2\/product"}],"about":[{"href":"https:\/\/www.sunkaraoke.hu\/index.php\/wp-json\/wp\/v2\/types\/product"}],"wp:featuredmedia":[{"embeddable":true,"href":"https:\/\/www.sunkaraoke.hu\/index.php\/wp-json\/wp\/v2\/media\/12579"}],"wp:attachment":[{"href":"https:\/\/www.sunkaraoke.hu\/index.php\/wp-json\/wp\/v2\/media?parent=13655"}],"wp:term":[{"taxonomy":"product_cat","embeddable":true,"href":"https:\/\/www.sunkaraoke.hu\/index.php\/wp-json\/wp\/v2\/product_cat?post=13655"},{"taxonomy":"product_tag","embeddable":true,"href":"https:\/\/www.sunkaraoke.hu\/index.php\/wp-json\/wp\/v2\/product_tag?post=13655"}],"curies":[{"name":"wp","href":"https:\/\/api.w.org\/{rel}","templated":true}]}}