{"id":13648,"date":"2024-08-20T17:39:05","date_gmt":"2024-08-20T15:39:05","guid":{"rendered":"https:\/\/www.sunkaraoke.hu\/?post_type=product&#038;p=13648"},"modified":"2026-03-27T07:06:37","modified_gmt":"2026-03-27T05:06:37","slug":"koncz-zsuzsa-zold-szemem-kek-2024-new","status":"publish","type":"product","link":"https:\/\/www.sunkaraoke.hu\/index.php\/termek\/koncz-zsuzsa-zold-szemem-kek-2024-new\/","title":{"rendered":"<div class=\"wcmp-player-container product-13648\"><audio controlslist=\"nodownload\" data-product=\"13648\"  volume=\"1\"  preload=\"none\" data-lazyloading=\"none\" class=\"wcmp-player track mejs-classic\" data-duration=\"0:34\" data-estimated_duration=\"4\"><source src=\"https:\/\/www.sunkaraoke.hu\/wp-content\/uploads\/2024\/08\/Zold-szemem-kek-2024.-Ne_demo.mp3\" type=\"audio\/mp3\" \/><\/audio><\/div>Koncz Zsuzsa: Z\u00f6ld szemem k\u00e9k 2024.NEW"},"content":{"rendered":"<p><strong>04:18 \/<\/strong>\u00a0<strong><img loading=\"lazy\" decoding=\"async\" class=\"alignnone size-full wp-image-467\" src=\"https:\/\/www.sunkaraoke.hu\/wp-content\/uploads\/2022\/07\/choir_2-copy.webp\" alt=\"\" width=\"30\" height=\"30\" \/> \/ +5<\/strong><\/p>\n","protected":false},"excerpt":{"rendered":"<h6><strong>Bits\u0171r\u0171s\u00e9g: 320kb\/s<\/strong><\/h6>\n<h6><strong>Hossz: 04:18<\/strong><\/h6>\n<h6><strong>Vok\u00e1lt tartalmaz: Nem <img loading=\"lazy\" decoding=\"async\" class=\"alignnone size-full wp-image-467\" src=\"http:\/\/www.sunkaraoke.hu\/wp-content\/uploads\/2022\/07\/choir_2-copy.png\" alt=\"\" width=\"30\" height=\"30\" \/><\/strong><\/h6>\n<h6><strong>Transzpon\u00e1l\u00e1s: +5<\/strong><\/h6>\n<p>Sunkaraoke mp3 st\u00fadi\u00f3 \/ www.sunkaraoke.hu \/ Inf: Tel: 06 20 4275001<\/p>\n<p>&#8211;Intr\u00f3&#8212;<br \/>\nZ\u00f6ld szemem k\u00e9k, ilyen a term\u00e9szetem,<br \/>\nez az igazs\u00e1g, mivel hogy \u00edgy hiszem.<br \/>\nM\u00edg \u00e1ll a F\u00f6ld, \u00e9s k\u00f6r\u00f6tte forog a Nap,<br \/>\naz \u00e9n kis lelkem, nyugalma megmarad.<br \/>\nCsillagos \u00e9g, ha fel nem \u00e9rhetem,<br \/>\nvet\u00edtett h\u00e1tt\u00e9r, d\u00edszlet csak nekem.<br \/>\nMinden oly sz\u00e9p \u00e9s minden nagyon j\u00f3,<br \/>\n\u00e9s nincs a f\u00f6ld\u00f6n hozz\u00e1m hasonl\u00f3.<br \/>\nHej, t\u00fck\u00f6r, mondd meg b\u00e1tran,<br \/>\nki a legszebb a vil\u00e1gban?<br \/>\nHej, t\u00fck\u00f6r, \u00f6sszet\u00f6rlek,<br \/>\nha nem \u00e9n vagyok a legszebb.<br \/>\nHej, t\u00fck\u00f6r, mondd meg b\u00e1tran,<br \/>\nki a legszebb a vil\u00e1gban?<br \/>\nHej, t\u00fck\u00f6r, \u00f6sszet\u00f6rlek,<br \/>\nha nem \u00e9n vagyok a legszebb.<br \/>\n&#8212;Sz\u00f3l\u00f3&#8212;<br \/>\nAz\u00e9rt van ny\u00e1r, mert j\u00f3l esik nekem,<br \/>\nhogy magamat sz\u00e9p barn\u00e1ra s\u00fcttetem.<br \/>\nAz\u00e9rt vagy te, hogy esk\u00fcd\u00f6zz nekem,<br \/>\nhogy rajtam k\u00edv\u00fcl, ha nincs m\u00e1s senki sem.<br \/>\nHej, t\u00fck\u00f6r, mondd meg b\u00e1tran,<br \/>\nki a legszebb a vil\u00e1gban?<br \/>\nHej, t\u00fck\u00f6r, \u00f6sszet\u00f6rlek,<br \/>\nha nem \u00e9n vagyok a legszebb.<br \/>\nHej, t\u00fck\u00f6r, mondd meg b\u00e1tran,<br \/>\nki a legszebb a vil\u00e1gban?<br \/>\nHej, t\u00fck\u00f6r, \u00f6sszet\u00f6rlek,<br \/>\nha nem \u00e9n vagyok a legszebb.<br \/>\nZ\u00f6ld szemem k\u00e9k, ilyen a term\u00e9szetem,<br \/>\nez az igazs\u00e1g mivel, hogy \u00edgy hiszem.<br \/>\nMinden oly sz\u00e9p \u00e9s minden nagyon j\u00f3,<br \/>\n\u00e9s nincs a f\u00f6ld\u00f6n hozz\u00e1m hasonl\u00f3.<br \/>\nHej, t\u00fck\u00f6r, mondd meg b\u00e1tran,<br \/>\nki a legszebb a vil\u00e1gban?<br \/>\nHej, t\u00fck\u00f6r, \u00f6sszet\u00f6rlek,<br \/>\nha nem \u00e9n vagyok a legszebb.<br \/>\nHej, t\u00fck\u00f6r, mondd meg b\u00e1tran,<br \/>\nki a legszebb a vil\u00e1gban?<br \/>\nHej, t\u00fck\u00f6r, \u00f6sszet\u00f6rlek,<br \/>\nha nem \u00e9n vagyok a legszebb.<br \/>\n&#8212;V\u00e9ge&#8212;<\/p>\n","protected":false},"featured_media":13651,"template":"","meta":{"site-sidebar-layout":"default","site-content-layout":"default","ast-site-content-layout":"","site-content-style":"default","site-sidebar-style":"default","ast-global-header-display":"","ast-banner-title-visibility":"","ast-main-header-display":"","ast-hfb-above-header-display":"","ast-hfb-below-header-display":"","ast-hfb-mobile-header-display":"","site-post-title":"","ast-breadcrumbs-content":"","ast-featured-img":"","footer-sml-layout":"","theme-transparent-header-meta":"default","adv-header-id-meta":"","stick-header-meta":"","header-above-stick-meta":"","header-main-stick-meta":"","header-below-stick-meta":"","astra-migrate-meta-layouts":"default","ast-page-background-enabled":"default","ast-page-background-meta":{"desktop":{"background-color":"var(--ast-global-color-4)","background-image":"","background-repeat":"repeat","background-position":"center center","background-size":"auto","background-attachment":"scroll","background-type":"","background-media":"","overlay-type":"","overlay-color":"","overlay-opacity":"","overlay-gradient":""},"tablet":{"background-color":"","background-image":"","background-repeat":"repeat","background-position":"center center","background-size":"auto","background-attachment":"scroll","background-type":"","background-media":"","overlay-type":"","overlay-color":"","overlay-opacity":"","overlay-gradient":""},"mobile":{"background-color":"","background-image":"","background-repeat":"repeat","background-position":"center center","background-size":"auto","background-attachment":"scroll","background-type":"","background-media":"","overlay-type":"","overlay-color":"","overlay-opacity":"","overlay-gradient":""}},"ast-content-background-meta":{"desktop":{"background-color":"var(--ast-global-color-5)","background-image":"","background-repeat":"repeat","background-position":"center center","background-size":"auto","background-attachment":"scroll","background-type":"","background-media":"","overlay-type":"","overlay-color":"","overlay-opacity":"","overlay-gradient":""},"tablet":{"background-color":"var(--ast-global-color-5)","background-image":"","background-repeat":"repeat","background-position":"center center","background-size":"auto","background-attachment":"scroll","background-type":"","background-media":"","overlay-type":"","overlay-color":"","overlay-opacity":"","overlay-gradient":""},"mobile":{"background-color":"var(--ast-global-color-5)","background-image":"","background-repeat":"repeat","background-position":"center center","background-size":"auto","background-attachment":"scroll","background-type":"","background-media":"","overlay-type":"","overlay-color":"","overlay-opacity":"","overlay-gradient":""}}},"product_cat":[48],"product_tag":[],"class_list":["post-13648","product","type-product","status-publish","has-post-thumbnail","hentry","product_cat-sunkaraoke-dalok","desktop-align-left","tablet-align-left","mobile-align-left"],"_links":{"self":[{"href":"https:\/\/www.sunkaraoke.hu\/index.php\/wp-json\/wp\/v2\/product\/13648","targetHints":{"allow":["GET"]}}],"collection":[{"href":"https:\/\/www.sunkaraoke.hu\/index.php\/wp-json\/wp\/v2\/product"}],"about":[{"href":"https:\/\/www.sunkaraoke.hu\/index.php\/wp-json\/wp\/v2\/types\/product"}],"wp:featuredmedia":[{"embeddable":true,"href":"https:\/\/www.sunkaraoke.hu\/index.php\/wp-json\/wp\/v2\/media\/13651"}],"wp:attachment":[{"href":"https:\/\/www.sunkaraoke.hu\/index.php\/wp-json\/wp\/v2\/media?parent=13648"}],"wp:term":[{"taxonomy":"product_cat","embeddable":true,"href":"https:\/\/www.sunkaraoke.hu\/index.php\/wp-json\/wp\/v2\/product_cat?post=13648"},{"taxonomy":"product_tag","embeddable":true,"href":"https:\/\/www.sunkaraoke.hu\/index.php\/wp-json\/wp\/v2\/product_tag?post=13648"}],"curies":[{"name":"wp","href":"https:\/\/api.w.org\/{rel}","templated":true}]}}