{"id":13642,"date":"2024-08-19T12:46:57","date_gmt":"2024-08-19T12:46:57","guid":{"rendered":"https:\/\/www.sunkaraoke.hu\/?post_type=product&#038;p=13642"},"modified":"2024-08-19T12:53:07","modified_gmt":"2024-08-19T12:53:07","slug":"apostol-elado-kiado-2024-new","status":"publish","type":"product","link":"https:\/\/www.sunkaraoke.hu\/index.php\/termek\/apostol-elado-kiado-2024-new\/","title":{"rendered":"<div class=\"wcmp-player-container product-13642\"><audio controlslist=\"nodownload\" data-product=\"13642\"  volume=\"1\"  preload=\"none\" data-lazyloading=\"none\" class=\"wcmp-player track mejs-classic\" data-duration=\"0:32\" data-estimated_duration=\"4\"><source src=\"https:\/\/www.sunkaraoke.hu\/wp-content\/uploads\/2024\/08\/Elado-kiado-2024-Transz_DEMO.mp3\" type=\"audio\/mp3\" \/><\/audio><\/div>Apostol: Elad\u00f3 kiad\u00f3 2024.NEW"},"content":{"rendered":"<p><strong>03:09 \/<\/strong>\u00a0<strong><img loading=\"lazy\" decoding=\"async\" class=\"alignnone size-full wp-image-467\" src=\"https:\/\/www.sunkaraoke.hu\/wp-content\/uploads\/2022\/07\/choir_2-copy.webp\" alt=\"\" width=\"30\" height=\"30\" \/> \/ -2<\/strong><\/p>\n","protected":false},"excerpt":{"rendered":"<h6><strong>Bits\u0171r\u0171s\u00e9g: 320kb\/s<\/strong><\/h6>\n<h6><strong>Hossz: 03:09<\/strong><\/h6>\n<h6><strong>Vok\u00e1lt tartalmaz: Nem <img loading=\"lazy\" decoding=\"async\" class=\"alignnone size-full wp-image-467\" src=\"http:\/\/www.sunkaraoke.hu\/wp-content\/uploads\/2022\/07\/choir_2-copy.png\" alt=\"\" width=\"30\" height=\"30\" \/><\/strong><\/h6>\n<h6><strong>Transzpon\u00e1l\u00e1s: -2<\/strong><\/h6>\n<p>Sunkaraoke mp3 st\u00fadi\u00f3 \/ www.sunkaraoke.hu \/ Inf: Tel: 06 20 4275001<\/p>\n<p>&#8212;Intr\u00f3&#8212;<br \/>\nElad\u00f3, kiad\u00f3 most a sz\u00edvem,<br \/>\nkiadom, hogyha kell teneked.<br \/>\nElad\u00f3, kiad\u00f3 most a sz\u00edvem,<br \/>\n\u00e9s hozz\u00e1 kaphatsz egy \u00e9letet.<br \/>\nElad\u00f3, kiad\u00f3 most a sz\u00edvem,<br \/>\nnem lakik benne m\u00e1r senki sem.<br \/>\nTess\u00e9k vidd, \u00e1tadom olcs\u00f3n neked,<br \/>\nmost egy j\u00f3 sz\u00f3\u00e9rt megveheted.<br \/>\nR\u00e9g a csend lakik csak benne,\u00fagy kell m\u00e1r egy \u00faj lak\u00f3.<br \/>\nMert a r\u00e9gi elhitte, hogy enn\u00e9l,jobb is kaphat\u00f3.<br \/>\nAzt \u00fczente, visszaj\u00f6nne,hogyha ez m\u00e9g lakhat\u00f3,<br \/>\nDe neki ez m\u00e1r t\u00f6bb\u00e9 soha,nem lesz kiad\u00f3.<br \/>\nElad\u00f3, kiad\u00f3 most a sz\u00edvem,<br \/>\nnem lakik benne m\u00e1r senki sem.<br \/>\nTess\u00e9k vidd, \u00e1tadom olcs\u00f3n neked,<br \/>\nmost egy j\u00f3 sz\u00f3\u00e9rt megveheted.<br \/>\n&#8212;Sz\u00f3l\u00f3&#8212;<br \/>\nR\u00e9g a csend lakik csak benne,\u00fagy kell m\u00e1r egy \u00faj lak\u00f3.<br \/>\nMert a r\u00e9gi elhitte, hogy enn\u00e9l,jobb is kaphat\u00f3.<br \/>\nAzt \u00fczente, visszaj\u00f6nne, hogyha ez m\u00e9g lakhat\u00f3,<br \/>\nDe neki ez m\u00e1r t\u00f6bb\u00e9 soha,nem lesz kiad\u00f3.<br \/>\nElad\u00f3, kiad\u00f3 most a sz\u00edvem,<br \/>\nnem lakik benne m\u00e1r senki sem.<br \/>\nTess\u00e9k vidd, \u00e1tadom olcs\u00f3n neked,<br \/>\nmost egy j\u00f3 sz\u00f3\u00e9rt megveheted.<br \/>\n&#8212;Sz\u00f3l\u00f3&#8212;<br \/>\nElad\u00f3, kiad\u00f3 most a sz\u00edvem,<br \/>\nkiadom, hogyha kell teneked.<br \/>\nElad\u00f3, kiad\u00f3 most a sz\u00edvem,<br \/>\n\u00e9s hozz\u00e1 kaphatsz egy \u00e9letet.<br \/>\nElad\u00f3, kiad\u00f3 most a sz\u00edvem,<br \/>\nnem lakik benne m\u00e1r senki sem.<br \/>\nTess\u00e9k vidd, \u00e1tadom olcs\u00f3n neked,<br \/>\nmost egy j\u00f3 sz\u00f3\u00e9rt megveheted.<br \/>\nR\u00e9g a csend lakik csak benne,\u00fagy kell m\u00e1r egy \u00faj lak\u00f3.<br \/>\nMert a r\u00e9gi elhitte, hogy enn\u00e9l,jobb is kaphat\u00f3.<br \/>\nAzt \u00fczente, visszaj\u00f6nne,hogyha ez m\u00e9g lakhat\u00f3,<br \/>\nDe neki ez m\u00e1r t\u00f6bb\u00e9 soha,nem lesz kiad\u00f3.<br \/>\nElad\u00f3, kiad\u00f3 most a sz\u00edvem,<br \/>\nnem lakik benne m\u00e1r senki sem.<br \/>\nTess\u00e9k vidd, \u00e1tadom olcs\u00f3n neked,<br \/>\nmost egy j\u00f3 sz\u00f3\u00e9rt megveheted.<br \/>\nTess\u00e9k vidd, olcs\u00f3n neked&#8230;<br \/>\nMost egy j\u00f3 sz\u00f3\u00e9rt megveheted&#8230;<br \/>\n&#8212;V\u00c9GE&#8212;<\/p>\n","protected":false},"featured_media":9330,"template":"","meta":{"site-sidebar-layout":"default","site-content-layout":"default","ast-site-content-layout":"","site-content-style":"default","site-sidebar-style":"default","ast-global-header-display":"","ast-banner-title-visibility":"","ast-main-header-display":"","ast-hfb-above-header-display":"","ast-hfb-below-header-display":"","ast-hfb-mobile-header-display":"","site-post-title":"","ast-breadcrumbs-content":"","ast-featured-img":"","footer-sml-layout":"","theme-transparent-header-meta":"default","adv-header-id-meta":"","stick-header-meta":"","header-above-stick-meta":"","header-main-stick-meta":"","header-below-stick-meta":"","astra-migrate-meta-layouts":"default","ast-page-background-enabled":"default","ast-page-background-meta":{"desktop":{"background-color":"var(--ast-global-color-4)","background-image":"","background-repeat":"repeat","background-position":"center center","background-size":"auto","background-attachment":"scroll","background-type":"","background-media":"","overlay-type":"","overlay-color":"","overlay-opacity":"","overlay-gradient":""},"tablet":{"background-color":"","background-image":"","background-repeat":"repeat","background-position":"center center","background-size":"auto","background-attachment":"scroll","background-type":"","background-media":"","overlay-type":"","overlay-color":"","overlay-opacity":"","overlay-gradient":""},"mobile":{"background-color":"","background-image":"","background-repeat":"repeat","background-position":"center center","background-size":"auto","background-attachment":"scroll","background-type":"","background-media":"","overlay-type":"","overlay-color":"","overlay-opacity":"","overlay-gradient":""}},"ast-content-background-meta":{"desktop":{"background-color":"var(--ast-global-color-5)","background-image":"","background-repeat":"repeat","background-position":"center center","background-size":"auto","background-attachment":"scroll","background-type":"","background-media":"","overlay-type":"","overlay-color":"","overlay-opacity":"","overlay-gradient":""},"tablet":{"background-color":"var(--ast-global-color-5)","background-image":"","background-repeat":"repeat","background-position":"center center","background-size":"auto","background-attachment":"scroll","background-type":"","background-media":"","overlay-type":"","overlay-color":"","overlay-opacity":"","overlay-gradient":""},"mobile":{"background-color":"var(--ast-global-color-5)","background-image":"","background-repeat":"repeat","background-position":"center center","background-size":"auto","background-attachment":"scroll","background-type":"","background-media":"","overlay-type":"","overlay-color":"","overlay-opacity":"","overlay-gradient":""}}},"product_cat":[48],"product_tag":[],"class_list":["post-13642","product","type-product","status-publish","has-post-thumbnail","hentry","product_cat-sunkaraoke-dalok","desktop-align-left","tablet-align-left","mobile-align-left"],"_links":{"self":[{"href":"https:\/\/www.sunkaraoke.hu\/index.php\/wp-json\/wp\/v2\/product\/13642","targetHints":{"allow":["GET"]}}],"collection":[{"href":"https:\/\/www.sunkaraoke.hu\/index.php\/wp-json\/wp\/v2\/product"}],"about":[{"href":"https:\/\/www.sunkaraoke.hu\/index.php\/wp-json\/wp\/v2\/types\/product"}],"wp:featuredmedia":[{"embeddable":true,"href":"https:\/\/www.sunkaraoke.hu\/index.php\/wp-json\/wp\/v2\/media\/9330"}],"wp:attachment":[{"href":"https:\/\/www.sunkaraoke.hu\/index.php\/wp-json\/wp\/v2\/media?parent=13642"}],"wp:term":[{"taxonomy":"product_cat","embeddable":true,"href":"https:\/\/www.sunkaraoke.hu\/index.php\/wp-json\/wp\/v2\/product_cat?post=13642"},{"taxonomy":"product_tag","embeddable":true,"href":"https:\/\/www.sunkaraoke.hu\/index.php\/wp-json\/wp\/v2\/product_tag?post=13642"}],"curies":[{"name":"wp","href":"https:\/\/api.w.org\/{rel}","templated":true}]}}