{"id":13609,"date":"2024-08-13T14:45:46","date_gmt":"2024-08-13T14:45:46","guid":{"rendered":"https:\/\/www.sunkaraoke.hu\/?post_type=product&#038;p=13609"},"modified":"2026-03-27T07:06:38","modified_gmt":"2026-03-27T05:06:38","slug":"lagzi-lajcsi-egy-a-szivem-2024-new","status":"publish","type":"product","link":"https:\/\/www.sunkaraoke.hu\/index.php\/termek\/lagzi-lajcsi-egy-a-szivem-2024-new\/","title":{"rendered":"<div class=\"wcmp-player-container product-13609\"><audio controlslist=\"nodownload\" data-product=\"13609\"  volume=\"1\"  preload=\"none\" data-lazyloading=\"none\" class=\"wcmp-player track mejs-classic\" data-duration=\"0:31\" data-estimated_duration=\"4\"><source src=\"https:\/\/www.sunkaraoke.hu\/wp-content\/uploads\/2024\/08\/Egy-a-szivem_demo.mp3\" type=\"audio\/mp3\" \/><\/audio><\/div>Lagzi Lajcsi &#8211; Egy a sz\u00edvem 2024. NEW"},"content":{"rendered":"<p><strong>03:52<\/strong>\u00a0| <strong><img loading=\"lazy\" decoding=\"async\" class=\"alignnone size-full wp-image-467\" src=\"https:\/\/www.sunkaraoke.hu\/wp-content\/uploads\/2022\/07\/choir_2-copy.webp\" alt=\"\" width=\"30\" height=\"30\" \/> <\/strong><\/p>\n","protected":false},"excerpt":{"rendered":"<h5><strong>Bits\u0171r\u0171s\u00e9g: 320kb\/s<\/strong><br \/>\n<strong>Hossz: 03:52<\/strong><br \/>\n<strong>Vok\u00e1lt tartalmaz: Nem <img loading=\"lazy\" decoding=\"async\" class=\"alignnone size-full wp-image-467\" src=\"http:\/\/www.sunkaraoke.hu\/wp-content\/uploads\/2022\/07\/choir_2-copy.png\" alt=\"\" width=\"30\" height=\"30\" \/><\/strong><strong style=\"font-size: 16px;\"><br \/>\n<\/strong><\/h5>\n<p>Sunkaraoke mp3 st\u00fadi\u00f3 \/ www.sunkaraoke.hu \/ Inf: Tel: 06 20 4275001<\/p>\n<p>&#8212;Intr\u00f3&#8212;<br \/>\nEgy a sz\u00edvem azt neked, adom k\u00e9rlek ne t\u00f6rd \u00f6ssze,<br \/>\nha k\u00e9rdezn\u00e9d \u00e9n \u00edgy akarom, most \u00e9s mind\u00f6r\u00f6kre!<br \/>\nVigy\u00e1zz r\u00e1 mert nem tagadom, b\u00e1ntott\u00e1k m\u00e1r ezren,<br \/>\na sz\u00edvemet most neked adom, maradjunk \u00edgy ketten!<br \/>\nHa tudn\u00e1d h\u00e1nyszor gondoltam, elmondom neked,<br \/>\nf\u00e9ltem hogy majd kig\u00fanyolsz, \u00e9s nem \u00e9rted meg!<br \/>\nR\u00e1m n\u00e9zt\u00e9l egy mosollyal, csak ezt v\u00e1rtam m\u00e1r,<br \/>\n\u00edgy most b\u00e1tran elmondom, hisz \u00fagyis tudod m\u00e1r!<br \/>\nEgy a sz\u00edvem azt neked, adom k\u00e9rlek ne t\u00f6rd \u00f6ssze,<br \/>\nha k\u00e9rdezn\u00e9d \u00e9n \u00edgy akarom, most \u00e9s mind\u00f6r\u00f6kre!<br \/>\nVigy\u00e1zz r\u00e1 mert nem tagadom, b\u00e1ntott\u00e1k m\u00e1r ezren,<br \/>\na sz\u00edvemet most neked adom, maradjunk \u00edgy ketten!<br \/>\nHa tudn\u00e1d h\u00e1nyszor gondoltam, elmondom neked,<br \/>\nf\u00e9ltem hogy majd kig\u00fanyolsz, \u00e9s nem \u00e9rted meg!<br \/>\nR\u00e1m n\u00e9zt\u00e9l egy mosollyal, csak ezt v\u00e1rtam m\u00e1r,<br \/>\n\u00edgy most b\u00e1tran elmondom, hisz \u00fagyis tudod m\u00e1r!<br \/>\n&#8212;Sz\u00f3l\u00f3&#8212;<br \/>\nEgy a sz\u00edvem azt neked adom, k\u00e9rlek ne t\u00f6rd \u00f6ssze,<br \/>\nha k\u00e9rdezn\u00e9d \u00e9n \u00edgy akarom, most \u00e9s mind\u00f6r\u00f6kre!<br \/>\nVigy\u00e1zz r\u00e1 mert nem tagadom, b\u00e1ntott\u00e1k m\u00e1r ezren,<br \/>\na sz\u00edvemet most neked adom, maradjunk \u00edgy ketten!<br \/>\nHa tudn\u00e1d h\u00e1nyszor gondoltam, elmondom neked,<br \/>\nf\u00e9ltem hogy majd kig\u00fanyolsz, \u00e9s nem \u00e9rted meg!<br \/>\nR\u00e1m n\u00e9zt\u00e9l egy mosollyal, csak ezt v\u00e1rtam m\u00e1r,<br \/>\n\u00edgy most b\u00e1tran elmondom, hisz \u00fagyis tudod m\u00e1r!<br \/>\nEgy a sz\u00edvem azt neked adom, k\u00e9rlek ne t\u00f6rd \u00f6ssze,<br \/>\nha k\u00e9rdezn\u00e9d \u00e9n \u00edgy akarom, most \u00e9s mind\u00f6r\u00f6kre!<br \/>\nVigy\u00e1zz r\u00e1 mert nem tagadom, b\u00e1ntott\u00e1k m\u00e1r ezren,<br \/>\na sz\u00edvemet most neked adom, maradjunk \u00edgy ketten!<br \/>\n&#8212;V\u00e9ge&#8212;<\/p>\n","protected":false},"featured_media":10077,"template":"","meta":{"site-sidebar-layout":"default","site-content-layout":"default","ast-site-content-layout":"default","site-content-style":"default","site-sidebar-style":"default","ast-global-header-display":"","ast-banner-title-visibility":"","ast-main-header-display":"","ast-hfb-above-header-display":"","ast-hfb-below-header-display":"","ast-hfb-mobile-header-display":"","site-post-title":"","ast-breadcrumbs-content":"","ast-featured-img":"","footer-sml-layout":"","theme-transparent-header-meta":"default","adv-header-id-meta":"","stick-header-meta":"","header-above-stick-meta":"","header-main-stick-meta":"","header-below-stick-meta":"","astra-migrate-meta-layouts":"set","ast-page-background-enabled":"default","ast-page-background-meta":{"desktop":{"background-color":"var(--ast-global-color-4)","background-image":"","background-repeat":"repeat","background-position":"center center","background-size":"auto","background-attachment":"scroll","background-type":"","background-media":"","overlay-type":"","overlay-color":"","overlay-opacity":"","overlay-gradient":""},"tablet":{"background-color":"","background-image":"","background-repeat":"repeat","background-position":"center center","background-size":"auto","background-attachment":"scroll","background-type":"","background-media":"","overlay-type":"","overlay-color":"","overlay-opacity":"","overlay-gradient":""},"mobile":{"background-color":"","background-image":"","background-repeat":"repeat","background-position":"center center","background-size":"auto","background-attachment":"scroll","background-type":"","background-media":"","overlay-type":"","overlay-color":"","overlay-opacity":"","overlay-gradient":""}},"ast-content-background-meta":{"desktop":{"background-color":"var(--ast-global-color-5)","background-image":"","background-repeat":"repeat","background-position":"center center","background-size":"auto","background-attachment":"scroll","background-type":"","background-media":"","overlay-type":"","overlay-color":"","overlay-opacity":"","overlay-gradient":""},"tablet":{"background-color":"var(--ast-global-color-5)","background-image":"","background-repeat":"repeat","background-position":"center center","background-size":"auto","background-attachment":"scroll","background-type":"","background-media":"","overlay-type":"","overlay-color":"","overlay-opacity":"","overlay-gradient":""},"mobile":{"background-color":"var(--ast-global-color-5)","background-image":"","background-repeat":"repeat","background-position":"center center","background-size":"auto","background-attachment":"scroll","background-type":"","background-media":"","overlay-type":"","overlay-color":"","overlay-opacity":"","overlay-gradient":""}}},"product_cat":[48],"product_tag":[],"class_list":["post-13609","product","type-product","status-publish","has-post-thumbnail","hentry","product_cat-sunkaraoke-dalok","desktop-align-left","tablet-align-left","mobile-align-left"],"_links":{"self":[{"href":"https:\/\/www.sunkaraoke.hu\/index.php\/wp-json\/wp\/v2\/product\/13609","targetHints":{"allow":["GET"]}}],"collection":[{"href":"https:\/\/www.sunkaraoke.hu\/index.php\/wp-json\/wp\/v2\/product"}],"about":[{"href":"https:\/\/www.sunkaraoke.hu\/index.php\/wp-json\/wp\/v2\/types\/product"}],"wp:featuredmedia":[{"embeddable":true,"href":"https:\/\/www.sunkaraoke.hu\/index.php\/wp-json\/wp\/v2\/media\/10077"}],"wp:attachment":[{"href":"https:\/\/www.sunkaraoke.hu\/index.php\/wp-json\/wp\/v2\/media?parent=13609"}],"wp:term":[{"taxonomy":"product_cat","embeddable":true,"href":"https:\/\/www.sunkaraoke.hu\/index.php\/wp-json\/wp\/v2\/product_cat?post=13609"},{"taxonomy":"product_tag","embeddable":true,"href":"https:\/\/www.sunkaraoke.hu\/index.php\/wp-json\/wp\/v2\/product_tag?post=13609"}],"curies":[{"name":"wp","href":"https:\/\/api.w.org\/{rel}","templated":true}]}}