{"id":13554,"date":"2024-08-02T14:19:11","date_gmt":"2024-08-02T14:19:11","guid":{"rendered":"https:\/\/www.sunkaraoke.hu\/?post_type=product&#038;p=13554"},"modified":"2026-03-27T07:06:38","modified_gmt":"2026-03-27T05:06:38","slug":"valmar-x-kkevin-x-l-l-junior-volt-par-alkalom-2024-new-cover","status":"publish","type":"product","link":"https:\/\/www.sunkaraoke.hu\/index.php\/termek\/valmar-x-kkevin-x-l-l-junior-volt-par-alkalom-2024-new-cover\/","title":{"rendered":"<div class=\"wcmp-player-container product-13554\"><audio controlslist=\"nodownload\" data-product=\"13554\"  volume=\"1\"  preload=\"none\" data-lazyloading=\"none\" class=\"wcmp-player track mejs-classic\" data-duration=\"0:32\" data-estimated_duration=\"4\"><source src=\"https:\/\/www.sunkaraoke.hu\/wp-content\/uploads\/2024\/08\/Volt-par-alkalom-2024-Cover_demo.mp3\" type=\"audio\/mp3\" \/><\/audio><\/div>VALMAR x KKevin x L.L Junior &#8211; Volt p\u00e1r alkalom 2024. NEW Cover"},"content":{"rendered":"<p><strong>03:35<\/strong>\u00a0| <strong><img loading=\"lazy\" decoding=\"async\" class=\"alignnone size-full wp-image-467\" src=\"https:\/\/www.sunkaraoke.hu\/wp-content\/uploads\/2022\/07\/choir_2-copy.webp\" alt=\"\" width=\"30\" height=\"30\" \/> <strong> | <img loading=\"lazy\" decoding=\"async\" class=\"alignnone size-full wp-image-613\" src=\"https:\/\/www.sunkaraoke.hu\/wp-content\/uploads\/2022\/07\/transzponalas.webp\" alt=\"\" width=\"30\" height=\"30\" \/> <\/strong><strong>-2<\/strong><\/strong><\/p>\n","protected":false},"excerpt":{"rendered":"<h5><strong>Bits\u0171r\u0171s\u00e9g: 320kb\/s<\/strong><br \/>\n<strong>Hossz: 03:35<\/strong><br \/>\n<strong>Vok\u00e1lt tartalmaz: Nem <img loading=\"lazy\" decoding=\"async\" class=\"alignnone size-full wp-image-467\" src=\"http:\/\/www.sunkaraoke.hu\/wp-content\/uploads\/2022\/07\/choir_2-copy.png\" alt=\"\" width=\"30\" height=\"30\" \/><\/strong><br \/>\n<strong>Transzpon\u00e1l\u00e1s: <img loading=\"lazy\" decoding=\"async\" class=\"alignnone size-full wp-image-613\" src=\"http:\/\/www.sunkaraoke.hu\/wp-content\/uploads\/2022\/07\/transzponalas.png\" alt=\"\" width=\"30\" height=\"30\" \/> -2<\/strong><\/h5>\n<p>Sunkaraoke mp3 st\u00fadi\u00f3 \/ www.sunkaraoke.hu \/ Inf: Tel: 06 20 4275001<\/p>\n<p>&#8212;Intr\u00f3&#8212;<br \/>\nVolt p\u00e1r alkalom, de m\u00e1r nincs mit mondanom,<br \/>\nmegtettem mindent \u00e9n, hogy te boldog legy\u00e9l,<br \/>\nde most m\u00e1r j\u00f3l tudom, nem lesz t\u00f6bb alkalom,<br \/>\nhogy elmondhassam \u00e9n, hogy mennyire szeretn\u00e9m.<br \/>\nNincsen arra sz\u00f3, \u00e9s nincsen alkalom,<br \/>\nmit adhatn\u00e9k neked, de m\u00e9gis tagadom,<br \/>\negy \u00e1lom k\u00fcldte \u0150t, s t\u00e1n d\u00e9lib\u00e1b csup\u00e1n,<br \/>\nde a sz\u00edvem szaggatja a l\u00e1ny.<br \/>\nMondd mi\u00e9rt pont \u0150, mi\u00e9rt nem ak\u00e1rki m\u00e1s,<br \/>\na legszebb t\u00e9ved\u00e9s, a kopors\u00f3ba z\u00e1r,<br \/>\nmondd mit jelent neked, ha a sz\u00edvem odaadom,<br \/>\nha nem lesz alkalom.<br \/>\n&#8212;Sz\u00f3l\u00f3&#8212;<br \/>\nVolt p\u00e1r alkalom, de m\u00e1r nincs mit mondanom,<br \/>\nmegtettem mindent \u00e9n, hogy te boldog legy\u00e9l,<br \/>\nde most m\u00e1r j\u00f3l tudom, nem lesz t\u00f6bb alkalom,<br \/>\nhogy elmondhassam \u00e9n, hogy mennyire szeretn\u00e9m.<br \/>\nNincsen arra sz\u00f3, \u00e9s nincsen alkalom,<br \/>\nmit adhatn\u00e9k neked, de m\u00e9gis tagadom,<br \/>\negy \u00e1lom k\u00fcldte \u0150t, s t\u00e1n d\u00e9lib\u00e1b csup\u00e1n,<br \/>\nde a sz\u00edvem szaggatja a l\u00e1ny.<br \/>\nMondd mi\u00e9rt pont \u0150, mi\u00e9rt nem ak\u00e1rki m\u00e1s,<br \/>\na legszebb t\u00e9ved\u00e9s, a kopors\u00f3ba z\u00e1r,<br \/>\nmondd mit jelent neked, ha a sz\u00edvem odaadom,<br \/>\nha nem lesz alkalom.<br \/>\n&#8212;Sz\u00f3l\u00f3&#8212;<br \/>\nVolt p\u00e1r alkalom, de m\u00e1r nincs mit mondanom,<br \/>\nmegtettem mindent \u00e9n, hogy te boldog legy\u00e9l,<br \/>\nde most m\u00e1r j\u00f3l tudom, nem lesz t\u00f6bb alkalom,<br \/>\nhogy elmondhassam \u00e9n, hogy mennyire szeretn\u00e9m.<br \/>\nNincsen arra sz\u00f3, \u00e9s nincsen alkalom,<br \/>\nmit adhatn\u00e9k neked, de m\u00e9gis tagadom,<br \/>\negy \u00e1lom k\u00fcldte \u0150t, s t\u00e1n d\u00e9lib\u00e1b csup\u00e1n,<br \/>\nde a sz\u00edvem szaggatja a l\u00e1ny.<br \/>\nMondd mi\u00e9rt pont \u0150, mi\u00e9rt nem ak\u00e1rki m\u00e1s,<br \/>\na legszebb t\u00e9ved\u00e9s, a kopors\u00f3ba z\u00e1r,<br \/>\nmondd mit jelent neked, ha a sz\u00edvem odaadom,<br \/>\nha nem lesz alkalom.<br \/>\n&#8212;V\u00e9ge&#8212;<\/p>\n","protected":false},"featured_media":13557,"template":"","meta":{"site-sidebar-layout":"default","site-content-layout":"default","ast-site-content-layout":"default","site-content-style":"default","site-sidebar-style":"default","ast-global-header-display":"","ast-banner-title-visibility":"","ast-main-header-display":"","ast-hfb-above-header-display":"","ast-hfb-below-header-display":"","ast-hfb-mobile-header-display":"","site-post-title":"","ast-breadcrumbs-content":"","ast-featured-img":"","footer-sml-layout":"","theme-transparent-header-meta":"default","adv-header-id-meta":"","stick-header-meta":"","header-above-stick-meta":"","header-main-stick-meta":"","header-below-stick-meta":"","astra-migrate-meta-layouts":"set","ast-page-background-enabled":"default","ast-page-background-meta":{"desktop":{"background-color":"var(--ast-global-color-4)","background-image":"","background-repeat":"repeat","background-position":"center center","background-size":"auto","background-attachment":"scroll","background-type":"","background-media":"","overlay-type":"","overlay-color":"","overlay-opacity":"","overlay-gradient":""},"tablet":{"background-color":"","background-image":"","background-repeat":"repeat","background-position":"center center","background-size":"auto","background-attachment":"scroll","background-type":"","background-media":"","overlay-type":"","overlay-color":"","overlay-opacity":"","overlay-gradient":""},"mobile":{"background-color":"","background-image":"","background-repeat":"repeat","background-position":"center center","background-size":"auto","background-attachment":"scroll","background-type":"","background-media":"","overlay-type":"","overlay-color":"","overlay-opacity":"","overlay-gradient":""}},"ast-content-background-meta":{"desktop":{"background-color":"var(--ast-global-color-5)","background-image":"","background-repeat":"repeat","background-position":"center center","background-size":"auto","background-attachment":"scroll","background-type":"","background-media":"","overlay-type":"","overlay-color":"","overlay-opacity":"","overlay-gradient":""},"tablet":{"background-color":"var(--ast-global-color-5)","background-image":"","background-repeat":"repeat","background-position":"center center","background-size":"auto","background-attachment":"scroll","background-type":"","background-media":"","overlay-type":"","overlay-color":"","overlay-opacity":"","overlay-gradient":""},"mobile":{"background-color":"var(--ast-global-color-5)","background-image":"","background-repeat":"repeat","background-position":"center center","background-size":"auto","background-attachment":"scroll","background-type":"","background-media":"","overlay-type":"","overlay-color":"","overlay-opacity":"","overlay-gradient":""}}},"product_cat":[96],"product_tag":[],"class_list":["post-13554","product","type-product","status-publish","has-post-thumbnail","hentry","product_cat-johny-music","desktop-align-left","tablet-align-left","mobile-align-left"],"_links":{"self":[{"href":"https:\/\/www.sunkaraoke.hu\/index.php\/wp-json\/wp\/v2\/product\/13554","targetHints":{"allow":["GET"]}}],"collection":[{"href":"https:\/\/www.sunkaraoke.hu\/index.php\/wp-json\/wp\/v2\/product"}],"about":[{"href":"https:\/\/www.sunkaraoke.hu\/index.php\/wp-json\/wp\/v2\/types\/product"}],"wp:featuredmedia":[{"embeddable":true,"href":"https:\/\/www.sunkaraoke.hu\/index.php\/wp-json\/wp\/v2\/media\/13557"}],"wp:attachment":[{"href":"https:\/\/www.sunkaraoke.hu\/index.php\/wp-json\/wp\/v2\/media?parent=13554"}],"wp:term":[{"taxonomy":"product_cat","embeddable":true,"href":"https:\/\/www.sunkaraoke.hu\/index.php\/wp-json\/wp\/v2\/product_cat?post=13554"},{"taxonomy":"product_tag","embeddable":true,"href":"https:\/\/www.sunkaraoke.hu\/index.php\/wp-json\/wp\/v2\/product_tag?post=13554"}],"curies":[{"name":"wp","href":"https:\/\/api.w.org\/{rel}","templated":true}]}}