{"id":13542,"date":"2024-07-30T14:49:27","date_gmt":"2024-07-30T14:49:27","guid":{"rendered":"https:\/\/www.sunkaraoke.hu\/?post_type=product&#038;p=13542"},"modified":"2026-03-27T07:06:38","modified_gmt":"2026-03-27T05:06:38","slug":"cseh-imre-nem-sirok-en-2024-new","status":"publish","type":"product","link":"https:\/\/www.sunkaraoke.hu\/index.php\/termek\/cseh-imre-nem-sirok-en-2024-new\/","title":{"rendered":"<div class=\"wcmp-player-container product-13542\"><audio controlslist=\"nodownload\" data-product=\"13542\"  volume=\"1\"  preload=\"none\" data-lazyloading=\"none\" class=\"wcmp-player track mejs-classic\" data-duration=\"0:30\" data-estimated_duration=\"3\"><source src=\"https:\/\/www.sunkaraoke.hu\/wp-content\/uploads\/2024\/07\/Nem-sirok-en-2024.-New-PB._demo.mp3\" type=\"audio\/mp3\" \/><\/audio><\/div>Cseh Imre: Nem s\u00edrok \u00e9n 2024. NEW"},"content":{"rendered":"<p><strong>03:35<\/strong>| <strong><img loading=\"lazy\" decoding=\"async\" class=\"alignnone size-full wp-image-467\" src=\"https:\/\/www.sunkaraoke.hu\/wp-content\/uploads\/2022\/07\/choir_2-copy.webp\" alt=\"\" width=\"30\" height=\"30\" \/> <\/strong><\/p>\n","protected":false},"excerpt":{"rendered":"<h6><strong>Bits\u0171r\u0171s\u00e9g: 320<\/strong>kb\/s<strong><br \/>\n<\/strong><strong>Hossz: 03:35<\/strong><strong><br \/>\n<\/strong><strong style=\"font-size: 16px;\">Vok\u00e1lt tartalmaz: <\/strong>Nem <img loading=\"lazy\" decoding=\"async\" class=\"alignnone size-full wp-image-467\" src=\"http:\/\/www.sunkaraoke.hu\/wp-content\/uploads\/2022\/07\/choir_2-copy.png\" alt=\"\" width=\"30\" height=\"30\" \/><\/h6>\n<p>Sunkaraoke mp3 st\u00fadi\u00f3 \/ www.sunkaraoke.hu \/ Inf: Tel: 06 20 4275001<\/p>\n<p>&#8212;Intr\u00f3&#8212;\/\/00:25\/\/<br \/>\nVolt egy fi\u00fa, \u00e9s volt egyszer egy l\u00e1ny.<br \/>\nVoltak \u00e1lmaik, \u00e9s az \u00e1lmok k\u00f6z\u00f6tt volt egy val\u00f3s\u00e1g.<br \/>\nFeln\u0151ttek \u0151k, de az \u00e9let m\u00e1st hozott,<br \/>\negym\u00e1sra v\u00e1rtak, v\u00e9g\u0171l egym\u00e1s n\u00e9lk\u0171l lettek boldogok.<br \/>\nNem s\u00edrok \u00e9n, csak s\u0171r\u0171n h\u00fall a k\u00f6nnyem,<br \/>\nnem s\u00edrok \u00e9n, csak \u00e9rted k\u00f6nnyezem.<br \/>\nTudod f\u00e1j m\u00e9g nekem, hogy el kell t\u0151led mennem,<br \/>\nnem b\u00facs\u00fazom, csak elv\u00e1lok csendesen!<br \/>\n&#8212;Sz\u00f3l\u00f3&#8212;\/\/01:45\/\/<br \/>\nElsz\u00e1llt sok \u00e9v, de \u0151k nem vett\u00e9k ezt \u00e9szre,<br \/>\nazt rem\u00e9lt\u00e9k, hogy k\u00f6z\u00e9j\u00fck nem \u00e1llhat senki sem.<br \/>\nDe j\u00f6tt egy fi\u00fa, kinek megtetszett a l\u00e1ny,<br \/>\na l\u00e1ny szerelmes lett \u00e9s jobban szerette m\u00e1r az \u00faj fi\u00fat!<br \/>\nNem s\u00edrok \u00e9n, csak s\u0171r\u0171n h\u00fall a k\u00f6nnyem,<br \/>\nnem s\u00edrok \u00e9n, csak \u00e9rted k\u00f6nnyezem.<br \/>\nTudod f\u00e1j m\u00e9g nekem, hogy el kell t\u0151led mennem,<br \/>\nnem b\u00facs\u00fazom, csak elv\u00e1lok csendesen!<br \/>\n&#8212;Sz\u00f3l\u00f3&#8212;\/\/03:06\/\/<br \/>\nTudod nem s\u00edrok \u00e9n csak s\u0171r\u0171n h\u00fall a k\u00f6nnyem,<br \/>\nnem s\u00edrok \u00e9n csak \u00e9rted k\u00f6nnyezem.<br \/>\nTudod f\u00e1j m\u00e9g nekem hogy elkell t\u0151led mennem,<br \/>\nnem b\u00facs\u00fazom, csak elv\u00e1lok csendesen!<br \/>\n&#8212;V\u00e9ge&#8212;<\/p>\n","protected":false},"featured_media":13548,"template":"","meta":{"site-sidebar-layout":"default","site-content-layout":"default","ast-site-content-layout":"","site-content-style":"default","site-sidebar-style":"default","ast-global-header-display":"","ast-banner-title-visibility":"","ast-main-header-display":"","ast-hfb-above-header-display":"","ast-hfb-below-header-display":"","ast-hfb-mobile-header-display":"","site-post-title":"","ast-breadcrumbs-content":"","ast-featured-img":"","footer-sml-layout":"","theme-transparent-header-meta":"default","adv-header-id-meta":"","stick-header-meta":"","header-above-stick-meta":"","header-main-stick-meta":"","header-below-stick-meta":"","astra-migrate-meta-layouts":"default","ast-page-background-enabled":"default","ast-page-background-meta":{"desktop":{"background-color":"var(--ast-global-color-4)","background-image":"","background-repeat":"repeat","background-position":"center center","background-size":"auto","background-attachment":"scroll","background-type":"","background-media":"","overlay-type":"","overlay-color":"","overlay-opacity":"","overlay-gradient":""},"tablet":{"background-color":"","background-image":"","background-repeat":"repeat","background-position":"center center","background-size":"auto","background-attachment":"scroll","background-type":"","background-media":"","overlay-type":"","overlay-color":"","overlay-opacity":"","overlay-gradient":""},"mobile":{"background-color":"","background-image":"","background-repeat":"repeat","background-position":"center center","background-size":"auto","background-attachment":"scroll","background-type":"","background-media":"","overlay-type":"","overlay-color":"","overlay-opacity":"","overlay-gradient":""}},"ast-content-background-meta":{"desktop":{"background-color":"var(--ast-global-color-5)","background-image":"","background-repeat":"repeat","background-position":"center center","background-size":"auto","background-attachment":"scroll","background-type":"","background-media":"","overlay-type":"","overlay-color":"","overlay-opacity":"","overlay-gradient":""},"tablet":{"background-color":"var(--ast-global-color-5)","background-image":"","background-repeat":"repeat","background-position":"center center","background-size":"auto","background-attachment":"scroll","background-type":"","background-media":"","overlay-type":"","overlay-color":"","overlay-opacity":"","overlay-gradient":""},"mobile":{"background-color":"var(--ast-global-color-5)","background-image":"","background-repeat":"repeat","background-position":"center center","background-size":"auto","background-attachment":"scroll","background-type":"","background-media":"","overlay-type":"","overlay-color":"","overlay-opacity":"","overlay-gradient":""}}},"product_cat":[48],"product_tag":[],"class_list":["post-13542","product","type-product","status-publish","has-post-thumbnail","hentry","product_cat-sunkaraoke-dalok","desktop-align-left","tablet-align-left","mobile-align-left"],"_links":{"self":[{"href":"https:\/\/www.sunkaraoke.hu\/index.php\/wp-json\/wp\/v2\/product\/13542","targetHints":{"allow":["GET"]}}],"collection":[{"href":"https:\/\/www.sunkaraoke.hu\/index.php\/wp-json\/wp\/v2\/product"}],"about":[{"href":"https:\/\/www.sunkaraoke.hu\/index.php\/wp-json\/wp\/v2\/types\/product"}],"wp:featuredmedia":[{"embeddable":true,"href":"https:\/\/www.sunkaraoke.hu\/index.php\/wp-json\/wp\/v2\/media\/13548"}],"wp:attachment":[{"href":"https:\/\/www.sunkaraoke.hu\/index.php\/wp-json\/wp\/v2\/media?parent=13542"}],"wp:term":[{"taxonomy":"product_cat","embeddable":true,"href":"https:\/\/www.sunkaraoke.hu\/index.php\/wp-json\/wp\/v2\/product_cat?post=13542"},{"taxonomy":"product_tag","embeddable":true,"href":"https:\/\/www.sunkaraoke.hu\/index.php\/wp-json\/wp\/v2\/product_tag?post=13542"}],"curies":[{"name":"wp","href":"https:\/\/api.w.org\/{rel}","templated":true}]}}