{"id":13537,"date":"2024-07-29T14:59:49","date_gmt":"2024-07-29T14:59:49","guid":{"rendered":"https:\/\/www.sunkaraoke.hu\/?post_type=product&#038;p=13537"},"modified":"2024-07-29T15:03:13","modified_gmt":"2024-07-29T15:03:13","slug":"apostol-nincs-szerencsem-2024-new","status":"publish","type":"product","link":"https:\/\/www.sunkaraoke.hu\/index.php\/termek\/apostol-nincs-szerencsem-2024-new\/","title":{"rendered":"<div class=\"wcmp-player-container product-13537\"><audio controlslist=\"nodownload\" data-product=\"13537\"  volume=\"1\"  preload=\"none\" data-lazyloading=\"none\" class=\"wcmp-player track mejs-classic\" data-duration=\"0:33\" data-estimated_duration=\"4\"><source src=\"https:\/\/www.sunkaraoke.hu\/wp-content\/uploads\/2024\/07\/Nincs-szerencsem-TRP-2024-NEW-_demo.mp3\" type=\"audio\/mp3\" \/><\/audio><\/div>Apostol: Nincs szerencs\u00e9m 2024. NEW"},"content":{"rendered":"<p><strong>03:53<\/strong>| <strong><img loading=\"lazy\" decoding=\"async\" class=\"alignnone size-full wp-image-467\" src=\"https:\/\/www.sunkaraoke.hu\/wp-content\/uploads\/2022\/07\/choir_2-copy.webp\" alt=\"\" width=\"30\" height=\"30\" \/> <\/strong><\/p>\n","protected":false},"excerpt":{"rendered":"<h6><strong>Bits\u0171r\u0171s\u00e9g: 320<\/strong>kb\/s<strong><br \/>\n<\/strong><strong>Hossz: 03:53<\/strong><strong><br \/>\n<\/strong><strong style=\"font-size: 16px;\">Vok\u00e1lt tartalmaz: <\/strong>Nem <img loading=\"lazy\" decoding=\"async\" class=\"alignnone size-full wp-image-467\" src=\"http:\/\/www.sunkaraoke.hu\/wp-content\/uploads\/2022\/07\/choir_2-copy.png\" alt=\"\" width=\"30\" height=\"30\" \/><\/h6>\n<p>Sunkaraoke mp3 st\u00fadi\u00f3 \/ www.sunkaraoke.hu \/ Inf: Tel: 06 20 4275001<\/p>\n<p>&#8212;Intr\u00f3&#8212;<br \/>\nNincs szerencs\u00e9m, a szerelemben nincs szerencs\u00e9m,<br \/>\nmert soha-soha nem szerettem, csak olyat, aki t\u00f6nkretett.<br \/>\nMenj, ne sajn\u00e1lj, az \u00e9n bajom, ha m\u00e1r megunt\u00e1l,<br \/>\ns a te bajod, ha majd ut\u00f3lag, az ide\u00e1lod \u00e9n leszek.<br \/>\nN\u00e9zzetek meg jobban, mi van furcsa rajtam,<br \/>\nmondj\u00e1tok meg, mi lesz m\u00e9g velem!<br \/>\nNincs szerencs\u00e9m, a szerelemben nincs szerencs\u00e9m,<br \/>\nmert soha-soha nem tal\u00e1ltam, csak olyat, aki r\u00e1szedett.<br \/>\n&#8212;Sz\u00f3l\u00f3&#8212;<br \/>\nNincs szerencs\u00e9m, a szerelemben nincs szerencs\u00e9m,<br \/>\nmert soha-soha nem szerettem,<br \/>\ncsak olyat, aki t\u00f6nkretett.<br \/>\nMenj, ne sajn\u00e1lj,az \u00e9n bajom, ha m\u00e1r megunt\u00e1l,<br \/>\ns a te bajod, ha majd ut\u00f3lag,az ide\u00e1lod \u00e9n leszek.<br \/>\nN\u00e9zzetek meg jobban,mi van furcsa rajtam,<br \/>\nmondj\u00e1tok meg, mi lesz m\u00e9g velem!<br \/>\nNincs szerencs\u00e9m, a szerelemben nincs szerencs\u00e9m,<br \/>\nmert soha-soha nem tal\u00e1ltam, csak olyat, aki r\u00e1szedett.<br \/>\n&#8212;-Sz\u00f3l\u00f3&#8212;<br \/>\nNincs szerencs\u00e9m, a szerelemben nincs szerencs\u00e9m,<br \/>\nmert soha-soha nem szerettem, csak olyat, aki t\u00f6nkretett.<br \/>\nMajd meg\u00e9rem, vagy legal\u00e1bbis \u00fagy rem\u00e9lem,<br \/>\nhogy el\u0151bb-ut\u00f3bb elj\u00f6n \u00e9rtem,majd az is, aki megszeret!<br \/>\nN\u00e9zzetek meg jobban,mi van furcsa rajtam,<br \/>\nmondj\u00e1tok meg, mi lesz m\u00e9g velem!<br \/>\nNincs szerencs\u00e9m, a szerelemben nincs szerencs\u00e9m,<br \/>\nmert soha-soha nem tal\u00e1ltam, csak olyat, aki r\u00e1szedett.<br \/>\nN\u00e9zzetek meg jobban,mi van furcsa rajtam,<br \/>\nmondj\u00e1tok meg, mi lesz m\u00e9g velem!<br \/>\nNincs szerencs\u00e9m, a szerelemben nincs szerencs\u00e9m,<br \/>\nmert soha-soha nem tal\u00e1ltam, csak olyat, aki r\u00e1szedett.<br \/>\n&#8212;V\u00e9ge&#8212;<\/p>\n","protected":false},"featured_media":9330,"template":"","meta":{"site-sidebar-layout":"default","site-content-layout":"default","ast-site-content-layout":"","site-content-style":"default","site-sidebar-style":"default","ast-global-header-display":"","ast-banner-title-visibility":"","ast-main-header-display":"","ast-hfb-above-header-display":"","ast-hfb-below-header-display":"","ast-hfb-mobile-header-display":"","site-post-title":"","ast-breadcrumbs-content":"","ast-featured-img":"","footer-sml-layout":"","theme-transparent-header-meta":"default","adv-header-id-meta":"","stick-header-meta":"","header-above-stick-meta":"","header-main-stick-meta":"","header-below-stick-meta":"","astra-migrate-meta-layouts":"default","ast-page-background-enabled":"default","ast-page-background-meta":{"desktop":{"background-color":"var(--ast-global-color-4)","background-image":"","background-repeat":"repeat","background-position":"center center","background-size":"auto","background-attachment":"scroll","background-type":"","background-media":"","overlay-type":"","overlay-color":"","overlay-opacity":"","overlay-gradient":""},"tablet":{"background-color":"","background-image":"","background-repeat":"repeat","background-position":"center center","background-size":"auto","background-attachment":"scroll","background-type":"","background-media":"","overlay-type":"","overlay-color":"","overlay-opacity":"","overlay-gradient":""},"mobile":{"background-color":"","background-image":"","background-repeat":"repeat","background-position":"center center","background-size":"auto","background-attachment":"scroll","background-type":"","background-media":"","overlay-type":"","overlay-color":"","overlay-opacity":"","overlay-gradient":""}},"ast-content-background-meta":{"desktop":{"background-color":"var(--ast-global-color-5)","background-image":"","background-repeat":"repeat","background-position":"center center","background-size":"auto","background-attachment":"scroll","background-type":"","background-media":"","overlay-type":"","overlay-color":"","overlay-opacity":"","overlay-gradient":""},"tablet":{"background-color":"var(--ast-global-color-5)","background-image":"","background-repeat":"repeat","background-position":"center center","background-size":"auto","background-attachment":"scroll","background-type":"","background-media":"","overlay-type":"","overlay-color":"","overlay-opacity":"","overlay-gradient":""},"mobile":{"background-color":"var(--ast-global-color-5)","background-image":"","background-repeat":"repeat","background-position":"center center","background-size":"auto","background-attachment":"scroll","background-type":"","background-media":"","overlay-type":"","overlay-color":"","overlay-opacity":"","overlay-gradient":""}}},"product_cat":[48],"product_tag":[],"class_list":["post-13537","product","type-product","status-publish","has-post-thumbnail","hentry","product_cat-sunkaraoke-dalok","desktop-align-left","tablet-align-left","mobile-align-left"],"_links":{"self":[{"href":"https:\/\/www.sunkaraoke.hu\/index.php\/wp-json\/wp\/v2\/product\/13537","targetHints":{"allow":["GET"]}}],"collection":[{"href":"https:\/\/www.sunkaraoke.hu\/index.php\/wp-json\/wp\/v2\/product"}],"about":[{"href":"https:\/\/www.sunkaraoke.hu\/index.php\/wp-json\/wp\/v2\/types\/product"}],"wp:featuredmedia":[{"embeddable":true,"href":"https:\/\/www.sunkaraoke.hu\/index.php\/wp-json\/wp\/v2\/media\/9330"}],"wp:attachment":[{"href":"https:\/\/www.sunkaraoke.hu\/index.php\/wp-json\/wp\/v2\/media?parent=13537"}],"wp:term":[{"taxonomy":"product_cat","embeddable":true,"href":"https:\/\/www.sunkaraoke.hu\/index.php\/wp-json\/wp\/v2\/product_cat?post=13537"},{"taxonomy":"product_tag","embeddable":true,"href":"https:\/\/www.sunkaraoke.hu\/index.php\/wp-json\/wp\/v2\/product_tag?post=13537"}],"curies":[{"name":"wp","href":"https:\/\/api.w.org\/{rel}","templated":true}]}}