{"id":13511,"date":"2024-07-24T16:40:21","date_gmt":"2024-07-24T16:40:21","guid":{"rendered":"https:\/\/www.sunkaraoke.hu\/?post_type=product&#038;p=13511"},"modified":"2025-07-06T10:51:56","modified_gmt":"2025-07-06T08:51:56","slug":"100-folk-celsius-orszagut-2024-new","status":"publish","type":"product","link":"https:\/\/www.sunkaraoke.hu\/index.php\/termek\/100-folk-celsius-orszagut-2024-new\/","title":{"rendered":"<div class=\"wcmp-player-container product-13511\"><audio controlslist=\"nodownload\" data-product=\"13511\"  volume=\"1\"  preload=\"none\" data-lazyloading=\"none\" class=\"wcmp-player track mejs-classic\" data-duration=\"0:35\" data-estimated_duration=\"4\"><source src=\"https:\/\/www.sunkaraoke.hu\/wp-content\/uploads\/2024\/07\/Orszagut-2024.-New_demo.mp3\" type=\"audio\/mp3\" \/><\/audio><\/div>100 Folk Celsius &#8211; Orsz\u00e1g\u00fat 2024. New"},"content":{"rendered":"<p><b>02:56<\/b> | <strong><img loading=\"lazy\" decoding=\"async\" class=\"alignnone size-full wp-image-467\" src=\"https:\/\/www.sunkaraoke.hu\/wp-content\/uploads\/2022\/07\/choir_2-copy.webp\" alt=\"\" width=\"30\" height=\"30\" \/> <\/strong><\/p>\n","protected":false},"excerpt":{"rendered":"<h6><strong>Bits\u0171r\u0171s\u00e9g: 320 kb\/s<\/strong><br \/>\n<strong>Hossz: 02:56<\/strong><\/h6>\n<p>Sunkaraoke mp3 st\u00fadi\u00f3 \/ www.sunkaraoke.hu \/ Inf: Tel: 06 20 4275001<\/p>\n<p>&#8212;Intr\u00f3&#8212;\/\/00:17\/\/<br \/>\nMint egy \u00e1lom olyan ez a hely,<br \/>\nhatalmas hegyekb\u0151l, gyors foly\u00f3k indulnak el!<br \/>\nAz \u00e9let elsodor, de v\u00e1r a sz\u00fcl\u0151i h\u00e1z,<br \/>\na gyermekkorom is visszat\u00e9r,\u00fajra \u00e9lem a sok csod\u00e1t.<br \/>\nOrsz\u00e1g\u00fat vigy\u00e9l haza, hol az otthonom,vigy\u00e9l oda!<br \/>\nElcsavarogtam, de v\u00e1r a m\u00faltam,orsz\u00e1g\u00fat vigy\u00e9l haza!<br \/>\nMinden eml\u00e9k, \u00fajra sz\u00edvemben \u00e9l,<br \/>\na foly\u00f3parton \u00fclve, ahogy hajadat f\u00fajja a sz\u00e9l!<br \/>\nEgy\u00fctt n\u00e9zt\u00fck, ahogy este elb\u00fajt a nap,<br \/>\nmi is \u00f6sszeb\u00fajtunk, ahogy tett\u00fck mindennap.<br \/>\nOrsz\u00e1g\u00fat vigy\u00e9l haza, hol az otthonom,vigy\u00e9l oda!<br \/>\nElcsavarogtam, de v\u00e1r a m\u00faltam,orsz\u00e1g\u00fat vigy\u00e9l haza!<br \/>\nM\u00e9g most is hallom a hangod,minden f\u00e1radt \u00e9jszak\u00e1n,<br \/>\n\u00e9s azt \u00e1lmodom, hogy eml\u00e9kszel m\u00e9g r\u00e1m is tal\u00e1n.<br \/>\nA sorsunk kett\u00e9 v\u00e1lt \u00e9s \u00e9n m\u00e1r,nem vigy\u00e1zhatok r\u00e1d.<br \/>\nAz \u00e9let megy tov\u00e1bb, megy tov\u00e1bb!<br \/>\n&#8212;Sz\u00f3l\u00f3&#8212;\/\/01:57\/\/<br \/>\nM\u00e9g most is hallom a hangod,minden f\u00e1radt \u00e9jszak\u00e1n,<br \/>\n\u00e9s azt \u00e1lmodom, hogy eml\u00e9kszel m\u00e9g r\u00e1m is tal\u00e1n.<br \/>\nA sorsunk kett\u00e9 v\u00e1lt \u00e9s \u00e9n m\u00e1r,nem vigy\u00e1zhatok r\u00e1d.<br \/>\nAz \u00e9let megy tov\u00e1bb, megy tov\u00e1bb!<br \/>\nOrsz\u00e1g\u00fat vigy\u00e9l haza,hol az otthonom, vigy\u00e9l oda!<br \/>\nElcsavarogtam, de v\u00e1r a m\u00faltam,orsz\u00e1g\u00fat vigy\u00e9l haza!<br \/>\nOrsz\u00e1g\u00fat vigy\u00e9l haza,hol az otthonom,vigy\u00e9l oda!<br \/>\nElcsavarogtam, de v\u00e1r a m\u00faltam,orsz\u00e1g\u00fat vigy\u00e9l haza!<br \/>\n&#8211;V\u00e9ge&#8212;<\/p>\n<p>&nbsp;<\/p>\n","protected":false},"featured_media":10078,"template":"","meta":{"site-sidebar-layout":"default","site-content-layout":"default","ast-site-content-layout":"","site-content-style":"default","site-sidebar-style":"default","ast-global-header-display":"","ast-banner-title-visibility":"","ast-main-header-display":"","ast-hfb-above-header-display":"","ast-hfb-below-header-display":"","ast-hfb-mobile-header-display":"","site-post-title":"","ast-breadcrumbs-content":"","ast-featured-img":"","footer-sml-layout":"","theme-transparent-header-meta":"default","adv-header-id-meta":"","stick-header-meta":"","header-above-stick-meta":"","header-main-stick-meta":"","header-below-stick-meta":"","astra-migrate-meta-layouts":"default","ast-page-background-enabled":"default","ast-page-background-meta":{"desktop":{"background-color":"var(--ast-global-color-4)","background-image":"","background-repeat":"repeat","background-position":"center center","background-size":"auto","background-attachment":"scroll","background-type":"","background-media":"","overlay-type":"","overlay-color":"","overlay-opacity":"","overlay-gradient":""},"tablet":{"background-color":"","background-image":"","background-repeat":"repeat","background-position":"center center","background-size":"auto","background-attachment":"scroll","background-type":"","background-media":"","overlay-type":"","overlay-color":"","overlay-opacity":"","overlay-gradient":""},"mobile":{"background-color":"","background-image":"","background-repeat":"repeat","background-position":"center center","background-size":"auto","background-attachment":"scroll","background-type":"","background-media":"","overlay-type":"","overlay-color":"","overlay-opacity":"","overlay-gradient":""}},"ast-content-background-meta":{"desktop":{"background-color":"var(--ast-global-color-5)","background-image":"","background-repeat":"repeat","background-position":"center center","background-size":"auto","background-attachment":"scroll","background-type":"","background-media":"","overlay-type":"","overlay-color":"","overlay-opacity":"","overlay-gradient":""},"tablet":{"background-color":"var(--ast-global-color-5)","background-image":"","background-repeat":"repeat","background-position":"center center","background-size":"auto","background-attachment":"scroll","background-type":"","background-media":"","overlay-type":"","overlay-color":"","overlay-opacity":"","overlay-gradient":""},"mobile":{"background-color":"var(--ast-global-color-5)","background-image":"","background-repeat":"repeat","background-position":"center center","background-size":"auto","background-attachment":"scroll","background-type":"","background-media":"","overlay-type":"","overlay-color":"","overlay-opacity":"","overlay-gradient":""}}},"product_cat":[48],"product_tag":[],"class_list":["post-13511","product","type-product","status-publish","has-post-thumbnail","hentry","product_cat-sunkaraoke-dalok","desktop-align-left","tablet-align-left","mobile-align-left"],"_links":{"self":[{"href":"https:\/\/www.sunkaraoke.hu\/index.php\/wp-json\/wp\/v2\/product\/13511","targetHints":{"allow":["GET"]}}],"collection":[{"href":"https:\/\/www.sunkaraoke.hu\/index.php\/wp-json\/wp\/v2\/product"}],"about":[{"href":"https:\/\/www.sunkaraoke.hu\/index.php\/wp-json\/wp\/v2\/types\/product"}],"wp:featuredmedia":[{"embeddable":true,"href":"https:\/\/www.sunkaraoke.hu\/index.php\/wp-json\/wp\/v2\/media\/10078"}],"wp:attachment":[{"href":"https:\/\/www.sunkaraoke.hu\/index.php\/wp-json\/wp\/v2\/media?parent=13511"}],"wp:term":[{"taxonomy":"product_cat","embeddable":true,"href":"https:\/\/www.sunkaraoke.hu\/index.php\/wp-json\/wp\/v2\/product_cat?post=13511"},{"taxonomy":"product_tag","embeddable":true,"href":"https:\/\/www.sunkaraoke.hu\/index.php\/wp-json\/wp\/v2\/product_tag?post=13511"}],"curies":[{"name":"wp","href":"https:\/\/api.w.org\/{rel}","templated":true}]}}