{"id":13471,"date":"2024-07-18T16:16:12","date_gmt":"2024-07-18T16:16:12","guid":{"rendered":"https:\/\/www.sunkaraoke.hu\/?post_type=product&#038;p=13471"},"modified":"2025-10-29T10:42:03","modified_gmt":"2025-10-29T08:42:03","slug":"dondi-duo-roli-hektar-harcosok-2024","status":"publish","type":"product","link":"https:\/\/www.sunkaraoke.hu\/index.php\/termek\/dondi-duo-roli-hektar-harcosok-2024\/","title":{"rendered":"<div class=\"wcmp-player-container product-13471\"><audio controlslist=\"nodownload\" data-product=\"13471\"  volume=\"1\"  preload=\"none\" data-lazyloading=\"none\" class=\"wcmp-player track mejs-classic\" data-duration=\"0:32\" data-estimated_duration=\"4\"><source src=\"https:\/\/www.sunkaraoke.hu\/wp-content\/uploads\/2024\/07\/Hektar-harcosok-2024_demo.mp3\" type=\"audio\/mp3\" \/><\/audio><\/div>D\u00f6ndi Du\u00f3 &#038; Roli : Hekt\u00e1r harcosok (Original PB Edition)"},"content":{"rendered":"<p><strong>03:56<\/strong>| <strong><img loading=\"lazy\" decoding=\"async\" class=\"alignnone size-full wp-image-467\" src=\"https:\/\/www.sunkaraoke.hu\/wp-content\/uploads\/2022\/07\/choir_2-copy.webp\" alt=\"\" width=\"30\" height=\"30\" \/> <\/strong><\/p>\n","protected":false},"excerpt":{"rendered":"<h6><strong>Bits\u0171r\u0171s\u00e9g: 320kb\/s<\/strong><\/h6>\n<h6><strong>Hossz: 03:56<\/strong><\/h6>\n<h6><strong>Vok\u00e1l: Nem <img loading=\"lazy\" decoding=\"async\" class=\"alignnone size-full wp-image-467\" src=\"http:\/\/www.sunkaraoke.hu\/wp-content\/uploads\/2022\/07\/choir_2-copy.png\" alt=\"\" width=\"30\" height=\"30\" \/><\/strong><\/h6>\n<p>Sunkaraoke mp3 st\u00fadi\u00f3 \/ www.sunkaraoke.hu \/ Inf: Tel: 06 20 4275001<\/p>\n<p>&#8212;Intr\u00f3&#8212;<br \/>\nReggel \u00f6tkor durrog a traktor,<br \/>\nmegindultak dolgozni a hekt\u00e1r harcosok,<br \/>\nnem akkor \u00e1llunk meg ha elf\u00e1radunk,<br \/>\nmajd akkor \u00e1llunk meg ha megcsin\u00e1ltuk.<br \/>\nZ\u00fag a traktor \u00e9s sz\u00e1nt az eke,<br \/>\na traktorosok sz\u00edve nem kicsike,<br \/>\nMagyar f\u00f6ld\u00f6n egy Magyar Isten,<br \/>\negy j\u00f3 traktorosnak p\u00e1rja nincsen.<br \/>\nTraktorban \u00fcl\u00fcnk \u00e9s sz\u00e1ntsuk a f\u00f6ldeket,<br \/>\nm\u00edg a szem\u00fcnk ell\u00e1t csak hekt\u00e1rok.<br \/>\nM\u00edg a sz\u00edv\u00fcnk dobog, itt megtal\u00e1ltok,<br \/>\ndr\u00e1ga traktoros bar\u00e1tok.<br \/>\nTraktorban \u00fcl\u00fcnk \u00e9s sz\u00e1ntsuk a f\u00f6ldeket,<br \/>\nm\u00edg a szem\u00fcnk ell\u00e1t csak hekt\u00e1rok.<br \/>\nM\u00edg a sz\u00edv\u00fcnk dobog, itt megtal\u00e1ltok,<br \/>\ndr\u00e1ga traktoros bar\u00e1tok.<br \/>\n&#8212;Sz\u00f3l\u00f3&#8212;<br \/>\nP\u00e9ntek d\u00e9lut\u00e1n hat\u00f3ra van m\u00e1r,<br \/>\n\u00e9s v\u00e1r m\u00e9g r\u00e1nk m\u00e1sf\u00e9l hekt\u00e1r.<br \/>\nSz\u00f3l a traktorban a D\u00f6ndi du\u00f3 n\u00f3ta,<br \/>\na mulat\u00f3s kir\u00e1lyok l\u00e1zba hoznak.<br \/>\nMunka ut\u00e1n traktor mos\u00e1s,<br \/>\nh\u00e1zi p\u00e1linka beh\u0171tve m\u00e1r,<br \/>\nsz\u00e1nt\u00f3f\u00f6ld lett az otthonunk,<br \/>\nitt esz\u00fcnk, itt iszunk, itt mulatunk.<br \/>\nTraktorban \u00fcl\u00fcnk \u00e9s sz\u00e1ntsuk a f\u00f6ldeket,<br \/>\nm\u00edg a szem\u00fcnk ell\u00e1t csak hekt\u00e1rok.<br \/>\nM\u00edg a sz\u00edv\u00fcnk dobog, itt megtal\u00e1ltok,<br \/>\ndr\u00e1ga traktoros bar\u00e1tok.<br \/>\nTraktorban \u00fcl\u00fcnk \u00e9s sz\u00e1ntsuk a f\u00f6ldeket,<br \/>\nm\u00edg a szem\u00fcnk ell\u00e1t csak hekt\u00e1rok.<br \/>\nM\u00edg a sz\u00edv\u00fcnk dobog, itt megtal\u00e1ltok,<br \/>\ndr\u00e1ga traktoros bar\u00e1tok.<br \/>\n&#8212;Sz\u00f3l\u00f3&#8212;<br \/>\nReggel \u00f6tkor durrog a traktor,<br \/>\nmegindultak dolgozni a hekt\u00e1r harcosok,<br \/>\nnem akkor \u00e1llunk meg ha elf\u00e1radunk,<br \/>\nmajd akkor \u00e1llunk meg ha megcsin\u00e1ltuk.<br \/>\nZ\u00fag a traktor \u00e9s sz\u00e1nt az eke,<br \/>\na traktorosok sz\u00edve nem kicsike,<br \/>\nMagyar f\u00f6ld\u00f6n egy Magyar Isten,<br \/>\negy j\u00f3 traktorosnak p\u00e1rja nincsen.<br \/>\nTraktorban \u00fcl\u00fcnk \u00e9s sz\u00e1ntsuk a f\u00f6ldeket,<br \/>\nm\u00edg a szem\u00fcnk ell\u00e1t csak hekt\u00e1rok.<br \/>\nM\u00edg a sz\u00edv\u00fcnk dobog, itt megtal\u00e1ltok,<br \/>\ndr\u00e1ga traktoros bar\u00e1tok.<br \/>\nTraktorban \u00fcl\u00fcnk \u00e9s sz\u00e1ntsuk a f\u00f6ldeket,<br \/>\nm\u00edg a szem\u00fcnk ell\u00e1t csak hekt\u00e1rok.<br \/>\nM\u00edg a sz\u00edv\u00fcnk dobog, itt megtal\u00e1ltok,<br \/>\ndr\u00e1ga traktoros bar\u00e1tok.<br \/>\n&#8212;V\u00e9ge&#8230;<\/p>\n","protected":false},"featured_media":12239,"template":"","meta":{"site-sidebar-layout":"default","site-content-layout":"default","ast-site-content-layout":"default","site-content-style":"default","site-sidebar-style":"default","ast-global-header-display":"","ast-banner-title-visibility":"","ast-main-header-display":"","ast-hfb-above-header-display":"","ast-hfb-below-header-display":"","ast-hfb-mobile-header-display":"","site-post-title":"","ast-breadcrumbs-content":"","ast-featured-img":"","footer-sml-layout":"","theme-transparent-header-meta":"default","adv-header-id-meta":"","stick-header-meta":"","header-above-stick-meta":"","header-main-stick-meta":"","header-below-stick-meta":"","astra-migrate-meta-layouts":"set","ast-page-background-enabled":"default","ast-page-background-meta":{"desktop":{"background-color":"var(--ast-global-color-4)","background-image":"","background-repeat":"repeat","background-position":"center center","background-size":"auto","background-attachment":"scroll","background-type":"","background-media":"","overlay-type":"","overlay-color":"","overlay-opacity":"","overlay-gradient":""},"tablet":{"background-color":"","background-image":"","background-repeat":"repeat","background-position":"center center","background-size":"auto","background-attachment":"scroll","background-type":"","background-media":"","overlay-type":"","overlay-color":"","overlay-opacity":"","overlay-gradient":""},"mobile":{"background-color":"","background-image":"","background-repeat":"repeat","background-position":"center center","background-size":"auto","background-attachment":"scroll","background-type":"","background-media":"","overlay-type":"","overlay-color":"","overlay-opacity":"","overlay-gradient":""}},"ast-content-background-meta":{"desktop":{"background-color":"var(--ast-global-color-5)","background-image":"","background-repeat":"repeat","background-position":"center center","background-size":"auto","background-attachment":"scroll","background-type":"","background-media":"","overlay-type":"","overlay-color":"","overlay-opacity":"","overlay-gradient":""},"tablet":{"background-color":"var(--ast-global-color-5)","background-image":"","background-repeat":"repeat","background-position":"center center","background-size":"auto","background-attachment":"scroll","background-type":"","background-media":"","overlay-type":"","overlay-color":"","overlay-opacity":"","overlay-gradient":""},"mobile":{"background-color":"var(--ast-global-color-5)","background-image":"","background-repeat":"repeat","background-position":"center center","background-size":"auto","background-attachment":"scroll","background-type":"","background-media":"","overlay-type":"","overlay-color":"","overlay-opacity":"","overlay-gradient":""}}},"product_cat":[48],"product_tag":[],"class_list":["post-13471","product","type-product","status-publish","has-post-thumbnail","hentry","product_cat-sunkaraoke-dalok","desktop-align-left","tablet-align-left","mobile-align-left"],"_links":{"self":[{"href":"https:\/\/www.sunkaraoke.hu\/index.php\/wp-json\/wp\/v2\/product\/13471","targetHints":{"allow":["GET"]}}],"collection":[{"href":"https:\/\/www.sunkaraoke.hu\/index.php\/wp-json\/wp\/v2\/product"}],"about":[{"href":"https:\/\/www.sunkaraoke.hu\/index.php\/wp-json\/wp\/v2\/types\/product"}],"wp:featuredmedia":[{"embeddable":true,"href":"https:\/\/www.sunkaraoke.hu\/index.php\/wp-json\/wp\/v2\/media\/12239"}],"wp:attachment":[{"href":"https:\/\/www.sunkaraoke.hu\/index.php\/wp-json\/wp\/v2\/media?parent=13471"}],"wp:term":[{"taxonomy":"product_cat","embeddable":true,"href":"https:\/\/www.sunkaraoke.hu\/index.php\/wp-json\/wp\/v2\/product_cat?post=13471"},{"taxonomy":"product_tag","embeddable":true,"href":"https:\/\/www.sunkaraoke.hu\/index.php\/wp-json\/wp\/v2\/product_tag?post=13471"}],"curies":[{"name":"wp","href":"https:\/\/api.w.org\/{rel}","templated":true}]}}