{"id":13456,"date":"2024-07-16T11:28:43","date_gmt":"2024-07-16T11:28:43","guid":{"rendered":"https:\/\/www.sunkaraoke.hu\/?post_type=product&#038;p=13456"},"modified":"2025-10-29T10:42:03","modified_gmt":"2025-10-29T08:42:03","slug":"delhusa-gjon-nika-se-perimeno-2024-new","status":"publish","type":"product","link":"https:\/\/www.sunkaraoke.hu\/index.php\/termek\/delhusa-gjon-nika-se-perimeno-2024-new\/","title":{"rendered":"<div class=\"wcmp-player-container product-13456\"><audio controlslist=\"nodownload\" data-product=\"13456\"  volume=\"1\"  preload=\"none\" data-lazyloading=\"none\" class=\"wcmp-player track mejs-classic\" data-duration=\"0:33\" data-estimated_duration=\"4\"><source src=\"https:\/\/www.sunkaraoke.hu\/wp-content\/uploads\/2024\/07\/Nicase-new-_demo.mp3\" type=\"audio\/mp3\" \/><\/audio><\/div>Delhusa Gjon: Nika Se Perimeno 2024. New"},"content":{"rendered":"<p><strong>03:21<\/strong>\u00a0| <strong><img loading=\"lazy\" decoding=\"async\" class=\"alignnone size-full wp-image-467\" src=\"https:\/\/www.sunkaraoke.hu\/wp-content\/uploads\/2022\/07\/choir_2-copy.webp\" alt=\"\" width=\"30\" height=\"30\" \/> <\/strong><\/p>\n","protected":false},"excerpt":{"rendered":"<h6><strong>Bits\u0171r\u0171s\u00e9g: 320 kb\/s<\/strong><br \/>\n<strong>Hossz: 03:21<\/strong><br \/>\n<strong>Vok\u00e1lt tartalmaz: Nem <img loading=\"lazy\" decoding=\"async\" class=\"alignnone size-full wp-image-467\" src=\"http:\/\/www.sunkaraoke.hu\/wp-content\/uploads\/2022\/07\/choir_2-copy.png\" alt=\"\" width=\"30\" height=\"30\" \/><\/strong><strong style=\"font-size: 16px;\"><br \/>\n<\/strong><\/h6>\n<p>Sunkaraoke mp3 st\u00fadi\u00f3 \/ www.sunkaraoke.hu \/ Inf: Tel: 06 20 4275001<\/p>\n<p>&#8212;Intr\u00f3&#8212;<br \/>\nElm\u00falt az \u00e9jszaka, elindultunk haza,<br \/>\noda, hol ap\u00e1d h\u00e1za \u00e1ll.<br \/>\nElmondtad az \u00e9leted, els\u0151 szerelmedet,<br \/>\nmegtudtam, honnan sz\u00e1rmazol.<br \/>\nNika se perimeno,ahogy \u00f6lelsz, nem felejtem el,<br \/>\nmaradj velem mindig, te hozz\u00e1m tartozol.<br \/>\nNika se perimeno,\u00edg\u00e9rd meg, hogy elviszel magaddal,<br \/>\nolyan t\u00e1jra, hol buzuki hangja sz\u00f3l!<br \/>\n&#8212;Sz\u00f3l\u00f3&#8212;<br \/>\nHegyek \u00e9s tengerek, r\u00e9gi t\u00f6rt\u00e9netek,<br \/>\nhidd el, hogy minden \u00e9rdekel.<br \/>\nMes\u00e9lj a v\u00e1rosr\u00f3l, h\u00f3feh\u00e9r h\u00e1zakr\u00f3l,<br \/>\n\u00e9s Jorgoszr\u00f3l, ki mindig \u00e9nekel!<br \/>\nNika se perimeno, ahogy \u00f6lelsz, nem felejtem el,<br \/>\nmaradj velem mindig, te hozz\u00e1m tartozol.<br \/>\nNika se perimeno, \u00edg\u00e9rd meg, hogy elviszel magaddal,<br \/>\nolyan t\u00e1jra, hol buzuki hangja sz\u00f3l!<br \/>\nL\u00e1j,l\u00e1,l\u00e1,l\u00e1j,&#8230;&#8230;.<br \/>\nNika se perimeno,ahogy \u00f6lelsz, nem felejtem el,<br \/>\nmaradj velem mindig, te hozz\u00e1m tartozol.<br \/>\nNika se perimeno,\u00edg\u00e9rd meg, hogy elviszel magaddal,<br \/>\nolyan t\u00e1jra, hol buzuki hangja sz\u00f3l!<br \/>\n&#8212;V\u00e9ge&#8212;<\/p>\n","protected":false},"featured_media":13459,"template":"","meta":{"site-sidebar-layout":"default","site-content-layout":"default","ast-site-content-layout":"","site-content-style":"default","site-sidebar-style":"default","ast-global-header-display":"","ast-banner-title-visibility":"","ast-main-header-display":"","ast-hfb-above-header-display":"","ast-hfb-below-header-display":"","ast-hfb-mobile-header-display":"","site-post-title":"","ast-breadcrumbs-content":"","ast-featured-img":"","footer-sml-layout":"","theme-transparent-header-meta":"default","adv-header-id-meta":"","stick-header-meta":"","header-above-stick-meta":"","header-main-stick-meta":"","header-below-stick-meta":"","astra-migrate-meta-layouts":"default","ast-page-background-enabled":"default","ast-page-background-meta":{"desktop":{"background-color":"var(--ast-global-color-4)","background-image":"","background-repeat":"repeat","background-position":"center center","background-size":"auto","background-attachment":"scroll","background-type":"","background-media":"","overlay-type":"","overlay-color":"","overlay-opacity":"","overlay-gradient":""},"tablet":{"background-color":"","background-image":"","background-repeat":"repeat","background-position":"center center","background-size":"auto","background-attachment":"scroll","background-type":"","background-media":"","overlay-type":"","overlay-color":"","overlay-opacity":"","overlay-gradient":""},"mobile":{"background-color":"","background-image":"","background-repeat":"repeat","background-position":"center center","background-size":"auto","background-attachment":"scroll","background-type":"","background-media":"","overlay-type":"","overlay-color":"","overlay-opacity":"","overlay-gradient":""}},"ast-content-background-meta":{"desktop":{"background-color":"var(--ast-global-color-5)","background-image":"","background-repeat":"repeat","background-position":"center center","background-size":"auto","background-attachment":"scroll","background-type":"","background-media":"","overlay-type":"","overlay-color":"","overlay-opacity":"","overlay-gradient":""},"tablet":{"background-color":"var(--ast-global-color-5)","background-image":"","background-repeat":"repeat","background-position":"center center","background-size":"auto","background-attachment":"scroll","background-type":"","background-media":"","overlay-type":"","overlay-color":"","overlay-opacity":"","overlay-gradient":""},"mobile":{"background-color":"var(--ast-global-color-5)","background-image":"","background-repeat":"repeat","background-position":"center center","background-size":"auto","background-attachment":"scroll","background-type":"","background-media":"","overlay-type":"","overlay-color":"","overlay-opacity":"","overlay-gradient":""}}},"product_cat":[48],"product_tag":[],"class_list":["post-13456","product","type-product","status-publish","has-post-thumbnail","hentry","product_cat-sunkaraoke-dalok","desktop-align-left","tablet-align-left","mobile-align-left"],"_links":{"self":[{"href":"https:\/\/www.sunkaraoke.hu\/index.php\/wp-json\/wp\/v2\/product\/13456","targetHints":{"allow":["GET"]}}],"collection":[{"href":"https:\/\/www.sunkaraoke.hu\/index.php\/wp-json\/wp\/v2\/product"}],"about":[{"href":"https:\/\/www.sunkaraoke.hu\/index.php\/wp-json\/wp\/v2\/types\/product"}],"wp:featuredmedia":[{"embeddable":true,"href":"https:\/\/www.sunkaraoke.hu\/index.php\/wp-json\/wp\/v2\/media\/13459"}],"wp:attachment":[{"href":"https:\/\/www.sunkaraoke.hu\/index.php\/wp-json\/wp\/v2\/media?parent=13456"}],"wp:term":[{"taxonomy":"product_cat","embeddable":true,"href":"https:\/\/www.sunkaraoke.hu\/index.php\/wp-json\/wp\/v2\/product_cat?post=13456"},{"taxonomy":"product_tag","embeddable":true,"href":"https:\/\/www.sunkaraoke.hu\/index.php\/wp-json\/wp\/v2\/product_tag?post=13456"}],"curies":[{"name":"wp","href":"https:\/\/api.w.org\/{rel}","templated":true}]}}