{"id":13392,"date":"2024-07-02T12:26:14","date_gmt":"2024-07-02T12:26:14","guid":{"rendered":"https:\/\/www.sunkaraoke.hu\/?post_type=product&#038;p=13392"},"modified":"2024-08-17T04:49:28","modified_gmt":"2024-08-17T04:49:28","slug":"piros-bela-ez-a-helyzet-jaj-de-nehez-2024","status":"publish","type":"product","link":"https:\/\/www.sunkaraoke.hu\/index.php\/termek\/piros-bela-ez-a-helyzet-jaj-de-nehez-2024\/","title":{"rendered":"<div class=\"wcmp-player-container product-13392\"><audio controlslist=\"nodownload\" data-product=\"13392\"  volume=\"1\"  preload=\"none\" data-lazyloading=\"none\" class=\"wcmp-player track mejs-classic\" data-duration=\"0:31\" data-estimated_duration=\"4\"><source src=\"https:\/\/www.sunkaraoke.hu\/wp-content\/uploads\/2024\/07\/Ez-a-helyzet-2024._demo.mp3\" type=\"audio\/mp3\" \/><\/audio><\/div>Piros B\u00e9la &#8211; Ez a helyzet jaj de neh\u00e9z 2024."},"content":{"rendered":"<p><b>03:22<\/b>| <strong><img loading=\"lazy\" decoding=\"async\" class=\"alignnone size-full wp-image-467\" src=\"https:\/\/www.sunkaraoke.hu\/wp-content\/uploads\/2022\/07\/choir_2-copy.webp\" alt=\"\" width=\"30\" height=\"30\" \/> <\/strong><\/p>\n","protected":false},"excerpt":{"rendered":"<h6><strong>Bits\u0171r\u0171s\u00e9g: 320kb\/s<\/strong><br \/>\n<strong>Hossz: 03:22<\/strong><br \/>\n<strong>Vok\u00e1lt tartalmaz: Nem <img loading=\"lazy\" decoding=\"async\" class=\"alignnone size-full wp-image-467\" src=\"http:\/\/www.sunkaraoke.hu\/wp-content\/uploads\/2022\/07\/choir_2-copy.png\" alt=\"\" width=\"30\" height=\"30\" \/><\/strong><strong style=\"font-size: 16px;\"><br \/>\n<\/strong><\/h6>\n<p>Sunkaraoke mp3 st\u00fadi\u00f3 \/ www.sunkaraoke.hu \/ Inf: Tel: 06 20 4275001<\/p>\n<p>&#8212;Intr\u00f3&#8212;<br \/>\nEz a helyzet jaj de neh\u00e9z, mindegyik l\u00e1ny, engemet n\u00e9z,<br \/>\na hajamat is bev\u00e1gtam, jaj, istenem mit csin\u00e1ljak?<br \/>\n\u00d3h,\u00f3h, Istenem, adj nekik egy kis t\u00fcrelmet,<br \/>\nmert mindegyiknek, sz\u00e9p vagyok.<br \/>\nMert megt\u00e9pik egym\u00e1st, \u00e9rtem a l\u00e1nyok,<br \/>\nmert mindegyiknek raj vagyok.<br \/>\n\u00d3h,\u00f3h, Istenem, adj nekik egy kis t\u00fcrelmet,<br \/>\nmert mindegyiknek, sz\u00e9p vagyok.<br \/>\nMert megt\u00e9pik egym\u00e1st, \u00e9rtem a l\u00e1nyok,<br \/>\nmert mindegyiknek raj vagyok.<br \/>\n&#8212;Sz\u00f3l\u00f3&#8212;\/\/01:21\/\/<br \/>\nHa kimegyek az utc\u00e1ra, mindegyik l\u00e1ny j\u00f6n ut\u00e1nam.<br \/>\nMegsz\u00e9d\u00edt mind egyt\u0151l egyig, a t\u00edzt\u0151l a tizenegyig.<br \/>\n\u00d3h,\u00f3h, Istenem, adj nekik egy kis t\u00fcrelmet,<br \/>\nmert mindegyiknek, sz\u00e9p vagyok.<br \/>\nMert megt\u00e9pik egym\u00e1st, \u00e9rtem a l\u00e1nyok,<br \/>\nmert mindegyiknek raj vagyok.<br \/>\n\u00d3h,\u00f3h, Istenem, adj nekik egy kis t\u00fcrelmet,<br \/>\nmert mindegyiknek, sz\u00e9p vagyok.<br \/>\nMert megt\u00e9pik egym\u00e1st, \u00e9rtem a l\u00e1nyok,<br \/>\nmert mindegyiknek raj vagyok.<br \/>\n&#8212;Sz\u00f3l\u00f3&#8212;\/\/02:18\/\/<br \/>\nEz a helyzet jaj de neh\u00e9z, mindegyik l\u00e1ny, engemet n\u00e9z,<br \/>\na hajamat is bev\u00e1gtam, jaj, istenem mit csin\u00e1ljak?<br \/>\n\u00d3h,\u00f3h, Istenem, adj nekik egy kis t\u00fcrelmet,<br \/>\nmert mindegyiknek, sz\u00e9p vagyok.<br \/>\nMert megt\u00e9pik egym\u00e1st, \u00e9rtem a l\u00e1nyok,<br \/>\nmert mindegyiknek raj vagyok.<br \/>\n\u00d3h,\u00f3h, Istenem, adj nekik egy kis t\u00fcrelmet,<br \/>\nmert mindegyiknek, sz\u00e9p vagyok.<br \/>\nMert megt\u00e9pik egym\u00e1st, \u00e9rtem a l\u00e1nyok,<br \/>\nmert mindegyiknek raj vagyok.<br \/>\n\u00d3h,\u00f3h, Istenem, adj nekik egy kis t\u00fcrelmet,<br \/>\nmert mindegyiknek, sz\u00e9p vagyok.<br \/>\nMert megt\u00e9pik egym\u00e1st, \u00e9rtem a l\u00e1nyok,<br \/>\nmert mindegyiknek raj vagyok.<br \/>\n\u00d3h,\u00f3h, Istenem, adj nekik egy kis t\u00fcrelmet,<br \/>\nmert mindegyiknek, sz\u00e9p vagyok.<br \/>\nMert megt\u00e9pik egym\u00e1st, \u00e9rtem a l\u00e1nyok,<br \/>\nmert mindegyiknek raj vagyok.<br \/>\n&#8212;V\u00e9ge&#8212;<\/p>\n","protected":false},"featured_media":12989,"template":"","meta":{"site-sidebar-layout":"default","site-content-layout":"default","ast-site-content-layout":"","site-content-style":"default","site-sidebar-style":"default","ast-global-header-display":"","ast-banner-title-visibility":"","ast-main-header-display":"","ast-hfb-above-header-display":"","ast-hfb-below-header-display":"","ast-hfb-mobile-header-display":"","site-post-title":"","ast-breadcrumbs-content":"","ast-featured-img":"","footer-sml-layout":"","theme-transparent-header-meta":"default","adv-header-id-meta":"","stick-header-meta":"","header-above-stick-meta":"","header-main-stick-meta":"","header-below-stick-meta":"","astra-migrate-meta-layouts":"default","ast-page-background-enabled":"default","ast-page-background-meta":{"desktop":{"background-color":"var(--ast-global-color-4)","background-image":"","background-repeat":"repeat","background-position":"center center","background-size":"auto","background-attachment":"scroll","background-type":"","background-media":"","overlay-type":"","overlay-color":"","overlay-opacity":"","overlay-gradient":""},"tablet":{"background-color":"","background-image":"","background-repeat":"repeat","background-position":"center center","background-size":"auto","background-attachment":"scroll","background-type":"","background-media":"","overlay-type":"","overlay-color":"","overlay-opacity":"","overlay-gradient":""},"mobile":{"background-color":"","background-image":"","background-repeat":"repeat","background-position":"center center","background-size":"auto","background-attachment":"scroll","background-type":"","background-media":"","overlay-type":"","overlay-color":"","overlay-opacity":"","overlay-gradient":""}},"ast-content-background-meta":{"desktop":{"background-color":"var(--ast-global-color-5)","background-image":"","background-repeat":"repeat","background-position":"center center","background-size":"auto","background-attachment":"scroll","background-type":"","background-media":"","overlay-type":"","overlay-color":"","overlay-opacity":"","overlay-gradient":""},"tablet":{"background-color":"var(--ast-global-color-5)","background-image":"","background-repeat":"repeat","background-position":"center center","background-size":"auto","background-attachment":"scroll","background-type":"","background-media":"","overlay-type":"","overlay-color":"","overlay-opacity":"","overlay-gradient":""},"mobile":{"background-color":"var(--ast-global-color-5)","background-image":"","background-repeat":"repeat","background-position":"center center","background-size":"auto","background-attachment":"scroll","background-type":"","background-media":"","overlay-type":"","overlay-color":"","overlay-opacity":"","overlay-gradient":""}}},"product_cat":[48],"product_tag":[],"class_list":["post-13392","product","type-product","status-publish","has-post-thumbnail","hentry","product_cat-sunkaraoke-dalok","desktop-align-left","tablet-align-left","mobile-align-left"],"_links":{"self":[{"href":"https:\/\/www.sunkaraoke.hu\/index.php\/wp-json\/wp\/v2\/product\/13392","targetHints":{"allow":["GET"]}}],"collection":[{"href":"https:\/\/www.sunkaraoke.hu\/index.php\/wp-json\/wp\/v2\/product"}],"about":[{"href":"https:\/\/www.sunkaraoke.hu\/index.php\/wp-json\/wp\/v2\/types\/product"}],"wp:featuredmedia":[{"embeddable":true,"href":"https:\/\/www.sunkaraoke.hu\/index.php\/wp-json\/wp\/v2\/media\/12989"}],"wp:attachment":[{"href":"https:\/\/www.sunkaraoke.hu\/index.php\/wp-json\/wp\/v2\/media?parent=13392"}],"wp:term":[{"taxonomy":"product_cat","embeddable":true,"href":"https:\/\/www.sunkaraoke.hu\/index.php\/wp-json\/wp\/v2\/product_cat?post=13392"},{"taxonomy":"product_tag","embeddable":true,"href":"https:\/\/www.sunkaraoke.hu\/index.php\/wp-json\/wp\/v2\/product_tag?post=13392"}],"curies":[{"name":"wp","href":"https:\/\/api.w.org\/{rel}","templated":true}]}}