{"id":13369,"date":"2024-06-29T09:49:32","date_gmt":"2024-06-29T09:49:32","guid":{"rendered":"https:\/\/www.sunkaraoke.hu\/?post_type=product&#038;p=13369"},"modified":"2024-08-17T10:21:42","modified_gmt":"2024-08-17T10:21:42","slug":"manhattan-ne-sirjal-2024-cover","status":"publish","type":"product","link":"https:\/\/www.sunkaraoke.hu\/index.php\/termek\/manhattan-ne-sirjal-2024-cover\/","title":{"rendered":"<div class=\"wcmp-player-container product-13369\"><audio controlslist=\"nodownload\" data-product=\"13369\"  volume=\"1\"  preload=\"none\" data-lazyloading=\"none\" class=\"wcmp-player track mejs-classic\" data-duration=\"0:31\" data-estimated_duration=\"4\"><source src=\"https:\/\/www.sunkaraoke.hu\/wp-content\/uploads\/2024\/06\/Ne-sirjal-2024._demo.mp3\" type=\"audio\/mp3\" \/><\/audio><\/div>Manhattan: Ne s\u00edrj\u00e1l 2024. Cover"},"content":{"rendered":"<p><strong>03:26<\/strong>\u00a0| <strong><img loading=\"lazy\" decoding=\"async\" class=\"alignnone size-full wp-image-467\" src=\"https:\/\/www.sunkaraoke.hu\/wp-content\/uploads\/2022\/07\/choir_2-copy.webp\" alt=\"\" width=\"30\" height=\"30\" \/>\u00a0<\/strong><\/p>\n","protected":false},"excerpt":{"rendered":"<h6><strong>Bits\u0171r\u0171s\u00e9g: 320 <\/strong>kb\/s<strong><br \/>\n<\/strong><strong>Hossz: 03:26<\/strong><strong><br \/>\n<\/strong><strong style=\"font-size: 16px;\">Vok\u00e1lt tartalmaz: <\/strong>Nem <img loading=\"lazy\" decoding=\"async\" class=\"alignnone size-full wp-image-467\" src=\"http:\/\/www.sunkaraoke.hu\/wp-content\/uploads\/2022\/07\/choir_2-copy.png\" alt=\"\" width=\"30\" height=\"30\" \/><strong style=\"font-size: 16px;\"><br \/>\n<\/strong><\/h6>\n<p>Sunkaraoke mp3 st\u00fadi\u00f3 \/ www.sunkaraoke.hu \/ Inf: Tel: 06 20 4275001<\/p>\n<p>&#8212;Intr\u00f3&#8211;<br \/>\nEgy s\u00f3haj, a l\u00e9pted, messze j\u00e1r,<br \/>\nd\u00fcb\u00f6r\u00f6g a hajnal, a holdf\u00e9ny lassan od\u00e9bb \u00e1ll.<br \/>\nHarcol egy \u00e9rz\u00e9s, partra sz\u00e1ll,<br \/>\nk\u00f6ny\u00f6r\u00f6g a hangom, s az ajt\u00f3, mi nyitva \u00e1ll.<br \/>\nAz angyalokban b\u00edzt\u00e1l,hazudtam neked,<br \/>\nmost nagykab\u00e1tban f\u00e1znak, engedd, hogy j\u00f3 legyen.<br \/>\nNe s\u00edrj\u00e1l, ne sz\u00f3lj\u00e1l, ne v\u00e1rj\u00e1l,<br \/>\nha a k\u00f6nnyek \u00edze f\u00e1j.<br \/>\nNe szolg\u00e1lj, engedd, hogy j\u00f3 legyen.<br \/>\nNe s\u00edrj\u00e1l, ne sz\u00f3lj\u00e1l, ne v\u00e1rj\u00e1l,<br \/>\nha a k\u00f6nnyek \u00edze f\u00e1j.<br \/>\nNe szolg\u00e1lj, engedd, hogy j\u00f3 legyen.<br \/>\n&#8212;Sz\u00f3l\u00f3&#8212;<br \/>\nEgy f\u00e1j\u00f3 indul\u00e1s, egy \u00e9rkez\u00e9s,<br \/>\nrekedten \u00fcv\u00f6lt m\u00e1r, az \u00e1gyon a szenved\u00e9s.<br \/>\nS\u00e9t\u00e1l a sz\u00edvemen, a l\u00fcktet\u00e9s,<br \/>\nz\u00f6r\u00f6gnek a hangok, a dallam most oly kev\u00e9s.<br \/>\nAz angyalokban b\u00edzt\u00e1l,hazudtam neked,<br \/>\nmost nagykab\u00e1tban f\u00e1znak,engedd, hogy j\u00f3 legyen.<br \/>\nNe s\u00edrj\u00e1l, ne sz\u00f3lj\u00e1l, ne v\u00e1rj\u00e1l,<br \/>\nha a k\u00f6nnyek \u00edze f\u00e1j.<br \/>\nNe szolg\u00e1lj, engedd, hogy j\u00f3 legyen.<br \/>\nNe s\u00edrj\u00e1l, ne sz\u00f3lj\u00e1l, ne v\u00e1rj\u00e1l,<br \/>\nha a k\u00f6nnyek \u00edze f\u00e1j.<br \/>\nNe szolg\u00e1lj, engedd, hogy j\u00f3 legyen.<br \/>\n&#8212;V\u00e9ge&#8212;<\/p>\n","protected":false},"featured_media":13372,"template":"","meta":{"site-sidebar-layout":"default","site-content-layout":"default","ast-site-content-layout":"","site-content-style":"default","site-sidebar-style":"default","ast-global-header-display":"","ast-banner-title-visibility":"","ast-main-header-display":"","ast-hfb-above-header-display":"","ast-hfb-below-header-display":"","ast-hfb-mobile-header-display":"","site-post-title":"","ast-breadcrumbs-content":"","ast-featured-img":"","footer-sml-layout":"","theme-transparent-header-meta":"default","adv-header-id-meta":"","stick-header-meta":"","header-above-stick-meta":"","header-main-stick-meta":"","header-below-stick-meta":"","astra-migrate-meta-layouts":"default","ast-page-background-enabled":"default","ast-page-background-meta":{"desktop":{"background-color":"var(--ast-global-color-4)","background-image":"","background-repeat":"repeat","background-position":"center center","background-size":"auto","background-attachment":"scroll","background-type":"","background-media":"","overlay-type":"","overlay-color":"","overlay-opacity":"","overlay-gradient":""},"tablet":{"background-color":"","background-image":"","background-repeat":"repeat","background-position":"center center","background-size":"auto","background-attachment":"scroll","background-type":"","background-media":"","overlay-type":"","overlay-color":"","overlay-opacity":"","overlay-gradient":""},"mobile":{"background-color":"","background-image":"","background-repeat":"repeat","background-position":"center center","background-size":"auto","background-attachment":"scroll","background-type":"","background-media":"","overlay-type":"","overlay-color":"","overlay-opacity":"","overlay-gradient":""}},"ast-content-background-meta":{"desktop":{"background-color":"var(--ast-global-color-5)","background-image":"","background-repeat":"repeat","background-position":"center center","background-size":"auto","background-attachment":"scroll","background-type":"","background-media":"","overlay-type":"","overlay-color":"","overlay-opacity":"","overlay-gradient":""},"tablet":{"background-color":"var(--ast-global-color-5)","background-image":"","background-repeat":"repeat","background-position":"center center","background-size":"auto","background-attachment":"scroll","background-type":"","background-media":"","overlay-type":"","overlay-color":"","overlay-opacity":"","overlay-gradient":""},"mobile":{"background-color":"var(--ast-global-color-5)","background-image":"","background-repeat":"repeat","background-position":"center center","background-size":"auto","background-attachment":"scroll","background-type":"","background-media":"","overlay-type":"","overlay-color":"","overlay-opacity":"","overlay-gradient":""}}},"product_cat":[48],"product_tag":[],"class_list":["post-13369","product","type-product","status-publish","has-post-thumbnail","hentry","product_cat-sunkaraoke-dalok","desktop-align-left","tablet-align-left","mobile-align-left"],"_links":{"self":[{"href":"https:\/\/www.sunkaraoke.hu\/index.php\/wp-json\/wp\/v2\/product\/13369","targetHints":{"allow":["GET"]}}],"collection":[{"href":"https:\/\/www.sunkaraoke.hu\/index.php\/wp-json\/wp\/v2\/product"}],"about":[{"href":"https:\/\/www.sunkaraoke.hu\/index.php\/wp-json\/wp\/v2\/types\/product"}],"wp:featuredmedia":[{"embeddable":true,"href":"https:\/\/www.sunkaraoke.hu\/index.php\/wp-json\/wp\/v2\/media\/13372"}],"wp:attachment":[{"href":"https:\/\/www.sunkaraoke.hu\/index.php\/wp-json\/wp\/v2\/media?parent=13369"}],"wp:term":[{"taxonomy":"product_cat","embeddable":true,"href":"https:\/\/www.sunkaraoke.hu\/index.php\/wp-json\/wp\/v2\/product_cat?post=13369"},{"taxonomy":"product_tag","embeddable":true,"href":"https:\/\/www.sunkaraoke.hu\/index.php\/wp-json\/wp\/v2\/product_tag?post=13369"}],"curies":[{"name":"wp","href":"https:\/\/api.w.org\/{rel}","templated":true}]}}