{"id":13289,"date":"2024-06-14T11:35:44","date_gmt":"2024-06-14T11:35:44","guid":{"rendered":"https:\/\/www.sunkaraoke.hu\/?post_type=product&#038;p=13289"},"modified":"2024-08-17T10:23:33","modified_gmt":"2024-08-17T10:23:33","slug":"tesok-attila-ha-nem-lesz-az-enyem-masolat","status":"publish","type":"product","link":"https:\/\/www.sunkaraoke.hu\/index.php\/termek\/tesok-attila-ha-nem-lesz-az-enyem-masolat\/","title":{"rendered":"<div class=\"wcmp-player-container product-13289\"><audio controlslist=\"nodownload\" data-product=\"13289\"  volume=\"1\"  preload=\"none\" data-lazyloading=\"none\" class=\"wcmp-player track mejs-classic\" data-duration=\"0:31\" data-estimated_duration=\"4\"><source src=\"https:\/\/www.sunkaraoke.hu\/wp-content\/uploads\/2024\/06\/Gyere-velem-_demo.mp3\" type=\"audio\/mp3\" \/><\/audio><\/div>Tes\u00f3k Attila- Gyere velem 2024. ( Bulis verzi\u00f3)"},"content":{"rendered":"<p><strong>03:11<\/strong>\u00a0| <strong><img loading=\"lazy\" decoding=\"async\" class=\"alignnone size-full wp-image-467\" src=\"https:\/\/www.sunkaraoke.hu\/wp-content\/uploads\/2022\/07\/choir_2-copy.webp\" alt=\"\" width=\"30\" height=\"30\" \/> \u00a0<\/strong><\/p>\n","protected":false},"excerpt":{"rendered":"<h6><strong>Bits\u0171r\u0171s\u00e9g: 320kb\/s<\/strong><br \/>\n<strong>Hossz: 03:11<\/strong><\/h6>\n<h6><strong>Vok\u00e1lt tartalmaz: Nem <img loading=\"lazy\" decoding=\"async\" class=\"alignnone size-full wp-image-467\" src=\"http:\/\/www.sunkaraoke.hu\/wp-content\/uploads\/2022\/07\/choir_2-copy.png\" alt=\"\" width=\"30\" height=\"30\" \/><\/strong><\/h6>\n<p>Sunkaraoke mp3 st\u00fadi\u00f3 \/ www.sunkaraoke.hu \/ Inf: Tel: 06 20 4275001<\/p>\n<p>Gyere, gyere velem, elviszlek bab\u00e1m&#8230;.<br \/>\nCsillagok az \u00e9gen azt s\u00fagj\u00e1k nekem&#8230;.,&#8230; m\u00e1sik felem.<br \/>\nGyere, gyere velem, elviszlek bab\u00e1m,<br \/>\nhol a sz\u00edved az eny\u00e9mre r\u00e1tal\u00e1l.<br \/>\nCsillagok az \u00e9gen azt s\u00fagj\u00e1k nekem,<br \/>\nte vagy az a bizonyos m\u00e1sik felem.<br \/>\nSzeretem a s\u00e1rga nap t\u0171z\u00e9t,a sziv\u00e1rv\u00e1ny felt\u0171n\u0151 sz\u00edn\u00e9t,<br \/>\nanyaf\u00f6ldet \u00e9s a j\u00f3 bor\u00e1t,v\u00e9le j\u00e1r\u00f3 m\u00e1snapos baj\u00e1t.<br \/>\nSzeretem \u00e9lni az \u00e9letem,ezut\u00e1n m\u00e1r nem tudom milyen,<br \/>\nde ha v\u00e9lem itt maradsz sok\u00e1, nem is v\u00e1gyom el m\u00e9g m\u00e1shov\u00e1.<br \/>\nGyere, gyere velem, elviszlek bab\u00e1m,<br \/>\nhol a sz\u00edved az eny\u00e9mre r\u00e1tal\u00e1l.<br \/>\nCsillagok az \u00e9gen azt s\u00fagj\u00e1k nekem,<br \/>\nte vagy az a bizonyos m\u00e1sik felem.<br \/>\nGyere, gyere velem, elviszlek bab\u00e1m,<br \/>\nhol a sz\u00edved az eny\u00e9mre r\u00e1tal\u00e1l.<br \/>\nCsillagok az \u00e9gen azt s\u00fagj\u00e1k nekem,<br \/>\nte vagy az a bizonyos m\u00e1sik felem.<br \/>\nSzeretem ha melletted vagyok, mert ut\u00e1na mindig sz\u00e1rnyalok,<br \/>\nami sz\u00e9pet adsz \u00e9n biztosan, visszaadom mindet pontosan.<br \/>\nSzeretem \u00e9lni az \u00e9letem,ezut\u00e1n m\u00e1r nem tudom milyen,<br \/>\nde ha v\u00e9lem itt maradsz sok\u00e1, nem is v\u00e1gyom el m\u00e9g m\u00e1shov\u00e1.<br \/>\nGyere, gyere velem, elviszlek bab\u00e1m,<br \/>\nhol a sz\u00edved az eny\u00e9mre r\u00e1tal\u00e1l.<br \/>\nCsillagok az \u00e9gen azt s\u00fagj\u00e1k nekem,<br \/>\nte vagy az a bizonyos m\u00e1sik felem.<br \/>\nGyere, gyere velem, elviszlek bab\u00e1m,<br \/>\nhol a sz\u00edved az eny\u00e9mre r\u00e1tal\u00e1l.<br \/>\nCsillagok az \u00e9gen azt s\u00fagj\u00e1k nekem,<br \/>\nte vagy az a bizonyos m\u00e1sik felem.<br \/>\n&#8212;Sz\u00f3l\u00f3&#8212;\/\/02:19\/\/<br \/>\nN\u00e9zd hib\u00e1m az van vagy sz\u00e1z,<br \/>\nde Isten\u00fcnk m\u00e9g form\u00e1z,\u00e9s hajt a j\u00f3fel\u00e9.<br \/>\n\u00c9n vigy\u00e1zok mindig r\u00e1d,<br \/>\nsz\u00edvem a h\u0171 szolg\u00e1d,m\u00e1t\u00f3l \u00f6r\u00f6kk\u00e9.<br \/>\nGyere, gyere velem, elviszlek bab\u00e1m,<br \/>\nhol a sz\u00edved az eny\u00e9mre r\u00e1tal\u00e1l.<br \/>\nCsillagok az \u00e9gen azt s\u00fagj\u00e1k nekem,<br \/>\nte vagy az a bizonyos m\u00e1sik felem.<br \/>\nGyere, gyere velem, elviszlek bab\u00e1m,<br \/>\nhol a sz\u00edved az eny\u00e9mre r\u00e1tal\u00e1l.<br \/>\nCsillagok az \u00e9gen azt s\u00fagj\u00e1k nekem,<br \/>\nte vagy az a bizonyos m\u00e1sik felem.<br \/>\n&#8212;V\u00e9ge&#8212;<\/p>\n","protected":false},"featured_media":8715,"template":"","meta":{"site-sidebar-layout":"default","site-content-layout":"default","ast-site-content-layout":"","site-content-style":"default","site-sidebar-style":"default","ast-global-header-display":"","ast-banner-title-visibility":"","ast-main-header-display":"","ast-hfb-above-header-display":"","ast-hfb-below-header-display":"","ast-hfb-mobile-header-display":"","site-post-title":"","ast-breadcrumbs-content":"","ast-featured-img":"","footer-sml-layout":"","theme-transparent-header-meta":"default","adv-header-id-meta":"","stick-header-meta":"","header-above-stick-meta":"","header-main-stick-meta":"","header-below-stick-meta":"","astra-migrate-meta-layouts":"default","ast-page-background-enabled":"default","ast-page-background-meta":{"desktop":{"background-color":"var(--ast-global-color-4)","background-image":"","background-repeat":"repeat","background-position":"center center","background-size":"auto","background-attachment":"scroll","background-type":"","background-media":"","overlay-type":"","overlay-color":"","overlay-opacity":"","overlay-gradient":""},"tablet":{"background-color":"","background-image":"","background-repeat":"repeat","background-position":"center center","background-size":"auto","background-attachment":"scroll","background-type":"","background-media":"","overlay-type":"","overlay-color":"","overlay-opacity":"","overlay-gradient":""},"mobile":{"background-color":"","background-image":"","background-repeat":"repeat","background-position":"center center","background-size":"auto","background-attachment":"scroll","background-type":"","background-media":"","overlay-type":"","overlay-color":"","overlay-opacity":"","overlay-gradient":""}},"ast-content-background-meta":{"desktop":{"background-color":"var(--ast-global-color-5)","background-image":"","background-repeat":"repeat","background-position":"center center","background-size":"auto","background-attachment":"scroll","background-type":"","background-media":"","overlay-type":"","overlay-color":"","overlay-opacity":"","overlay-gradient":""},"tablet":{"background-color":"var(--ast-global-color-5)","background-image":"","background-repeat":"repeat","background-position":"center center","background-size":"auto","background-attachment":"scroll","background-type":"","background-media":"","overlay-type":"","overlay-color":"","overlay-opacity":"","overlay-gradient":""},"mobile":{"background-color":"var(--ast-global-color-5)","background-image":"","background-repeat":"repeat","background-position":"center center","background-size":"auto","background-attachment":"scroll","background-type":"","background-media":"","overlay-type":"","overlay-color":"","overlay-opacity":"","overlay-gradient":""}}},"product_cat":[48],"product_tag":[],"class_list":["post-13289","product","type-product","status-publish","has-post-thumbnail","hentry","product_cat-sunkaraoke-dalok","desktop-align-left","tablet-align-left","mobile-align-left"],"_links":{"self":[{"href":"https:\/\/www.sunkaraoke.hu\/index.php\/wp-json\/wp\/v2\/product\/13289","targetHints":{"allow":["GET"]}}],"collection":[{"href":"https:\/\/www.sunkaraoke.hu\/index.php\/wp-json\/wp\/v2\/product"}],"about":[{"href":"https:\/\/www.sunkaraoke.hu\/index.php\/wp-json\/wp\/v2\/types\/product"}],"wp:featuredmedia":[{"embeddable":true,"href":"https:\/\/www.sunkaraoke.hu\/index.php\/wp-json\/wp\/v2\/media\/8715"}],"wp:attachment":[{"href":"https:\/\/www.sunkaraoke.hu\/index.php\/wp-json\/wp\/v2\/media?parent=13289"}],"wp:term":[{"taxonomy":"product_cat","embeddable":true,"href":"https:\/\/www.sunkaraoke.hu\/index.php\/wp-json\/wp\/v2\/product_cat?post=13289"},{"taxonomy":"product_tag","embeddable":true,"href":"https:\/\/www.sunkaraoke.hu\/index.php\/wp-json\/wp\/v2\/product_tag?post=13289"}],"curies":[{"name":"wp","href":"https:\/\/api.w.org\/{rel}","templated":true}]}}