{"id":13268,"date":"2024-06-10T13:27:43","date_gmt":"2024-06-10T13:27:43","guid":{"rendered":"https:\/\/www.sunkaraoke.hu\/?post_type=product&#038;p=13268"},"modified":"2025-01-19T11:37:36","modified_gmt":"2025-01-19T11:37:36","slug":"zambo-jimmy-bye-bye-lany-2024","status":"publish","type":"product","link":"https:\/\/www.sunkaraoke.hu\/index.php\/termek\/zambo-jimmy-bye-bye-lany-2024\/","title":{"rendered":"<div class=\"wcmp-player-container product-13268\"><audio controlslist=\"nodownload\" data-product=\"13268\"  volume=\"1\"  preload=\"none\" data-lazyloading=\"none\" class=\"wcmp-player track mejs-classic\" data-duration=\"0:32\" data-estimated_duration=\"4\"><source src=\"https:\/\/www.sunkaraoke.hu\/wp-content\/uploads\/2024\/06\/Bye-bye-lany-2024.-Trsz-Zambo_demo.mp3\" type=\"audio\/mp3\" \/><\/audio><\/div>Z\u00e1mb\u00f3 Jimmy &#8211;  Bye bye l\u00e1ny 2024."},"content":{"rendered":"<p><strong>02:52<\/strong>\u00a0| <strong><img loading=\"lazy\" decoding=\"async\" class=\"alignnone size-full wp-image-467\" src=\"https:\/\/www.sunkaraoke.hu\/wp-content\/uploads\/2022\/07\/choir_2-copy.webp\" alt=\"\" width=\"30\" height=\"30\" \/>\u00a0 <img loading=\"lazy\" decoding=\"async\" class=\"\" src=\"https:\/\/www.sunkaraoke.hu\/wp-content\/uploads\/2022\/07\/transzponalas.webp\" width=\"32\" height=\"32\" \/> -4<\/strong><\/p>\n","protected":false},"excerpt":{"rendered":"<h6><strong>Bits\u0171r\u0171s\u00e9g: 320kb\/s<\/strong><br \/>\n<strong>Hossz: 02:52<\/strong><\/h6>\n<h6><strong>Vok\u00e1lt tartalmaz: Nem <img loading=\"lazy\" decoding=\"async\" class=\"alignnone size-full wp-image-467\" src=\"http:\/\/www.sunkaraoke.hu\/wp-content\/uploads\/2022\/07\/choir_2-copy.png\" alt=\"\" width=\"30\" height=\"30\" \/><\/strong><\/h6>\n<p><strong>Transzpon\u00e1l\u00e1s: <img decoding=\"async\" src=\"https:\/\/www.sunkaraoke.hu\/wp-content\/uploads\/2022\/07\/transzponalas.png\" \/> -4<\/strong><\/p>\n<p>Sunkaraoke mp3 st\u00fadi\u00f3 \/ www.sunkaraoke.hu \/ Inf: Tel: 06 20 4275001<\/p>\n<p>&#8212;Intr\u00f3&#8211;<br \/>\n\u00d6r\u00f6k a t\u0171z, am\u00edg \u00e9lsz, dobog a sz\u00edved,<br \/>\na szerelem \u0151rzi, m\u00edg \u00e9lsz, \u00e9s nem alszik el.<br \/>\nNem m\u00falik el, \u00e9letre kel, nem t\u0171nik el, \u00fajabb j\u00f6n el.<br \/>\nBye, bye l\u00e1ny, bye, bye love, gondolj r\u00e1m minden nap,<br \/>\nnem kell m\u00e1r, hogy j\u00f3 legy\u00e9l, a szerelem mennyit is \u00e9r.<br \/>\nBye, bye l\u00e1ny, bye, bye love, gondolj r\u00e1m minden nap,<br \/>\nnem kell m\u00e1r, hogy j\u00f3 legy\u00e9l, a szerelem mennyit is \u00e9r.<br \/>\n&#8211;Sz\u00f3l\u00f3&#8212;<br \/>\nForog a f\u00f6ld, am\u00edg \u00e9lsz, szerelem \u00e9rhet,<br \/>\nha v\u00e9get is \u00e9r, j\u00f6n egy \u00faj, megy\u00fcnk tov\u00e1bb.<br \/>\nFutunk tov\u00e1bb, a percek\u00e9rt,megy\u00fcnk tov\u00e1bb, ha v\u00e9get \u00e9r.<br \/>\nBye, bye l\u00e1ny, bye, bye love, gondolj r\u00e1m minden nap,<br \/>\nnem kell m\u00e1r, hogy j\u00f3 legy\u00e9l, a szerelem mennyit is \u00e9r.<br \/>\nBye, bye l\u00e1ny, bye, bye love, gondolj r\u00e1m minden nap,<br \/>\nnem kell m\u00e1r, hogy j\u00f3 legy\u00e9l, a szerelem mennyit is \u00e9r.<br \/>\nBye, bye l\u00e1ny, bye, bye love, gondolj r\u00e1m minden nap,<br \/>\nnem kell m\u00e1r, hogy j\u00f3 legy\u00e9l, a szerelem mennyit is \u00e9r.<br \/>\nBye, bye l\u00e1ny, bye, bye love, gondolj r\u00e1m minden nap,<br \/>\nnem kell m\u00e1r, hogy j\u00f3 legy\u00e9l, a szerelem mennyit is \u00e9r.<br \/>\n&#8212;V\u00e9ge&#8212;<\/p>\n","protected":false},"featured_media":9274,"template":"","meta":{"site-sidebar-layout":"default","site-content-layout":"default","ast-site-content-layout":"","site-content-style":"default","site-sidebar-style":"default","ast-global-header-display":"","ast-banner-title-visibility":"","ast-main-header-display":"","ast-hfb-above-header-display":"","ast-hfb-below-header-display":"","ast-hfb-mobile-header-display":"","site-post-title":"","ast-breadcrumbs-content":"","ast-featured-img":"","footer-sml-layout":"","theme-transparent-header-meta":"default","adv-header-id-meta":"","stick-header-meta":"","header-above-stick-meta":"","header-main-stick-meta":"","header-below-stick-meta":"","astra-migrate-meta-layouts":"default","ast-page-background-enabled":"default","ast-page-background-meta":{"desktop":{"background-color":"var(--ast-global-color-4)","background-image":"","background-repeat":"repeat","background-position":"center center","background-size":"auto","background-attachment":"scroll","background-type":"","background-media":"","overlay-type":"","overlay-color":"","overlay-opacity":"","overlay-gradient":""},"tablet":{"background-color":"","background-image":"","background-repeat":"repeat","background-position":"center center","background-size":"auto","background-attachment":"scroll","background-type":"","background-media":"","overlay-type":"","overlay-color":"","overlay-opacity":"","overlay-gradient":""},"mobile":{"background-color":"","background-image":"","background-repeat":"repeat","background-position":"center center","background-size":"auto","background-attachment":"scroll","background-type":"","background-media":"","overlay-type":"","overlay-color":"","overlay-opacity":"","overlay-gradient":""}},"ast-content-background-meta":{"desktop":{"background-color":"var(--ast-global-color-5)","background-image":"","background-repeat":"repeat","background-position":"center center","background-size":"auto","background-attachment":"scroll","background-type":"","background-media":"","overlay-type":"","overlay-color":"","overlay-opacity":"","overlay-gradient":""},"tablet":{"background-color":"var(--ast-global-color-5)","background-image":"","background-repeat":"repeat","background-position":"center center","background-size":"auto","background-attachment":"scroll","background-type":"","background-media":"","overlay-type":"","overlay-color":"","overlay-opacity":"","overlay-gradient":""},"mobile":{"background-color":"var(--ast-global-color-5)","background-image":"","background-repeat":"repeat","background-position":"center center","background-size":"auto","background-attachment":"scroll","background-type":"","background-media":"","overlay-type":"","overlay-color":"","overlay-opacity":"","overlay-gradient":""}}},"product_cat":[48],"product_tag":[],"class_list":["post-13268","product","type-product","status-publish","has-post-thumbnail","hentry","product_cat-sunkaraoke-dalok","desktop-align-left","tablet-align-left","mobile-align-left"],"_links":{"self":[{"href":"https:\/\/www.sunkaraoke.hu\/index.php\/wp-json\/wp\/v2\/product\/13268","targetHints":{"allow":["GET"]}}],"collection":[{"href":"https:\/\/www.sunkaraoke.hu\/index.php\/wp-json\/wp\/v2\/product"}],"about":[{"href":"https:\/\/www.sunkaraoke.hu\/index.php\/wp-json\/wp\/v2\/types\/product"}],"wp:featuredmedia":[{"embeddable":true,"href":"https:\/\/www.sunkaraoke.hu\/index.php\/wp-json\/wp\/v2\/media\/9274"}],"wp:attachment":[{"href":"https:\/\/www.sunkaraoke.hu\/index.php\/wp-json\/wp\/v2\/media?parent=13268"}],"wp:term":[{"taxonomy":"product_cat","embeddable":true,"href":"https:\/\/www.sunkaraoke.hu\/index.php\/wp-json\/wp\/v2\/product_cat?post=13268"},{"taxonomy":"product_tag","embeddable":true,"href":"https:\/\/www.sunkaraoke.hu\/index.php\/wp-json\/wp\/v2\/product_tag?post=13268"}],"curies":[{"name":"wp","href":"https:\/\/api.w.org\/{rel}","templated":true}]}}