{"id":13259,"date":"2024-06-08T11:53:32","date_gmt":"2024-06-08T11:53:32","guid":{"rendered":"https:\/\/www.sunkaraoke.hu\/?post_type=product&#038;p=13259"},"modified":"2025-04-07T15:31:43","modified_gmt":"2025-04-07T15:31:43","slug":"piros-bela-piros-mulatos-mix-85","status":"publish","type":"product","link":"https:\/\/www.sunkaraoke.hu\/index.php\/termek\/piros-bela-piros-mulatos-mix-85\/","title":{"rendered":"<div class=\"wcmp-player-container product-13259\"><audio controlslist=\"nodownload\" data-product=\"13259\"  volume=\"1\"  preload=\"none\" data-lazyloading=\"none\" class=\"wcmp-player track mejs-classic\" data-duration=\"0:32\" data-estimated_duration=\"4\"><source src=\"https:\/\/www.sunkaraoke.hu\/wp-content\/uploads\/2024\/06\/Piros-mulatos-Mix-85.-PB_demo.mp3\" type=\"audio\/mp3\" \/><\/audio><\/div>Piros B\u00e9la &#8211; Piros Mulat\u00f3s mix 85.(Original)"},"content":{"rendered":"<p><b>11:42<\/b>| <strong><img loading=\"lazy\" decoding=\"async\" class=\"alignnone size-full wp-image-467\" src=\"https:\/\/www.sunkaraoke.hu\/wp-content\/uploads\/2022\/07\/choir_2-copy.webp\" alt=\"\" width=\"30\" height=\"30\" \/> <\/strong><\/p>\n","protected":false},"excerpt":{"rendered":"<h6><strong>Bits\u0171r\u0171s\u00e9g: 320kb\/s<\/strong><br \/>\n<strong>Hossz:11:42<\/strong><br \/>\n<strong>Vok\u00e1lt tartalmaz: Nem <img loading=\"lazy\" decoding=\"async\" class=\"alignnone size-full wp-image-467\" src=\"http:\/\/www.sunkaraoke.hu\/wp-content\/uploads\/2022\/07\/choir_2-copy.png\" alt=\"\" width=\"30\" height=\"30\" \/><\/strong><strong style=\"font-size: 16px;\"><br \/>\n<\/strong><\/h6>\n<p>Sunkaraoke mp3 st\u00fadi\u00f3 \/ www.sunkaraoke.hu \/ Inf: Tel: 06 20 4275001<\/p>\n<p>&#8212;Intr\u00f3&#8212;<br \/>\nSud\u00e1r magas, sud\u00e1r magas a ny\u00e1rfa teteje,<br \/>\nhalv\u00e1ny s\u00e1rga, de halv\u00e1ny s\u00e1rga, annak a levele.<br \/>\n\u00c9n is olyan, \u00e9n is olyan halv\u00e1ny s\u00e1rga vagyok,<br \/>\nvolt szeret\u0151m, egy csinos barna kisl\u00e1ny ,de m\u00e1r r\u00e9g elhagyott.<br \/>\nHogyha egyszer h\u0171tlen bab\u00e1m \u00fajra tal\u00e1lkozunk,<br \/>\n\u00fagy elmegy\u00fcnk mi egym\u00e1s mellet, m\u00e9g csak nem is sz\u00f3lunk.<br \/>\nKalapomon piros szegf\u0171, bab\u00e1m t\u0151led kaptam,<br \/>\nfizets\u00e9g\u00fcl a sz\u00edvemet, n\u00e9ked odaadtam!<br \/>\nHej sz\u00edv n\u00e9lk\u00fcl, de sz\u00edv n\u00e9lk\u00fcl, nem tudok \u00e9n \u00e9lni,<br \/>\nelj\u00f6ttem h\u00e1t a sz\u00edvemet t\u0151led visszak\u00e9rni!<br \/>\nHej sz\u00edv n\u00e9lk\u00fcl, de sz\u00edv n\u00e9lk\u00fcl,nem tudok \u00e9n \u00e9lni,<br \/>\nelj\u00f6ttem h\u00e1t. a sz\u00edvemet, t\u0151led vissza k\u00e9rni!<br \/>\nVisszaadtad a sz\u00edvemet, nem ismertem r\u00e1ja,<br \/>\n\u00f6sszet\u00f6rted, meggy\u00f6t\u00f6rted,k\u00ednoztad hal\u00e1lra!<br \/>\nlyen sz\u00edvvel, beteg sz\u00edvvel,nem tudok \u00edgy \u00e9lni,<br \/>\nfelmegyek az \u00daristenhez,egy \u00faj sz\u00edvet k\u00e9rni!<br \/>\nlyen sz\u00edvvel, beteg sz\u00edvvel,nem tudok \u00edgy \u00e9lni,<br \/>\nfelmegyek az \u00daristenhez,egy \u00faj sz\u00edvet k\u00e9rni!<br \/>\n&#8212;Sz\u00f3l\u00f3&#8212;<br \/>\nNem tudok \u00e9n megjavulni, j\u00f3zan ember lenni.<br \/>\nNem tudok \u00e9n pi\u00e1s ember, kor\u00e1n lefek\u00fcdni.<br \/>\n\u00c9jf\u00e9l ut\u00e1n azt az utc\u00e1t sz\u00e1zszor v\u00e9gig j\u00e1rom,<br \/>\noda van m\u00e1r eltemetve az \u00e9n boldogs\u00e1gom.<br \/>\n\u00c9jf\u00e9l ut\u00e1n azt az utc\u00e1t sz\u00e1zszor v\u00e9gig j\u00e1rom,<br \/>\noda van m\u00e1r eltemetve az \u00e9n boldogs\u00e1gom.<br \/>\n&#8212;Sz\u00f3l\u00f3&#8212;<br \/>\nPanyol\u00e1ra k\u00e9t \u00faton kell bemenni,<br \/>\nde szeretn\u00e9k a r\u00f3zs\u00e1mmal besz\u00e9lni.<br \/>\nT\u00e9len-ny\u00e1ron rozmaringos az ablaka,<br \/>\njaj, de sokat \u00e1ztam-f\u00e1ztam alatta.<br \/>\nT\u00e9len-ny\u00e1ron rozmaringos az ablaka,<br \/>\njaj, de sokat \u00e1ztam-f\u00e1ztam alatta.<br \/>\nK\u00e9k a k\u00f6k\u00e9ny, ha meg\u00e9rik fekete,<br \/>\nnem leszek \u00e9n panyolai menyecske.<br \/>\nK\u00e1r volna m\u00e9g engemet f\u00e9rjhez adni,<br \/>\nr\u00f3zsa helyett bimb\u00f3t leszak\u00edtani.<br \/>\nK\u00e1r volna m\u00e9g engemet f\u00e9rjhez adni,<br \/>\nr\u00f3zsa helyett bimb\u00f3t leszak\u00edtani.<br \/>\n&#8212;Sz\u00f3l\u00f3&#8212;<br \/>\nR\u00f3zsa, r\u00f3zsa, labdar\u00f3zsa levele.<br \/>\nCsak egy kisl\u00e1nyt neveltek a kedvemre.<br \/>\nAzt is az\u00e9rt nevelt\u00e9k a kedvemre,<br \/>\nk\u00e9k a szeme, g\u00f6nd\u00f6r haja fekete.<br \/>\nAzt is az\u00e9rt nevelt\u00e9k a kedvemre,<br \/>\nk\u00e9k a szeme, g\u00f6nd\u00f6r haja fekete.<br \/>\nAlig v\u00e1rom, hogy a nap lenyugodjon,<br \/>\nhogy az \u00e9gen p\u00e1ros csillag ragyogjon.<br \/>\nRagyogj, csillag, p\u00e1ros csillag sok\u00e1ig,<br \/>\nk\u00eds\u00e9rj el a szeret\u0151m kapuj\u00e1ig.<br \/>\nRagyogj, csillag, p\u00e1ros csillag sok\u00e1ig,<br \/>\nk\u00eds\u00e9rj el a szeret\u0151m kapuj\u00e1ig.<br \/>\n&#8212;Sz\u00f3l\u00f3&#8212;<br \/>\nSz\u00e1z forintnak \u00f6tven a fele,<br \/>\negye meg a f\u00e9szkes fekete fene.<br \/>\nNem lehet az ember f\u00e1b\u00f3l,<br \/>\nki kell r\u00fagni a h\u00e1mf\u00e1b\u00f3l.<br \/>\nNem lehet az ember f\u00e1b\u00f3l,<br \/>\nki kell r\u00fagni a h\u00e1mf\u00e1b\u00f3l.<br \/>\nM\u00e9g azt mondj\u00e1k r\u00e9szeges vagyok,<br \/>\npedig csak a j\u00f3 bort szeretem nagyon.<br \/>\nMegverem a csizm\u00e1m sz\u00e1r\u00e1t,<br \/>\ncs\u00f3kolom a bab\u00e1m sz\u00e1j\u00e1t.<br \/>\nMegverem a csizm\u00e1m sz\u00e1r\u00e1t,<br \/>\ncs\u00f3kolom a bab\u00e1m sz\u00e1j\u00e1t.<br \/>\nA kecsk\u00e9nek nagy szak\u00e1lla van,<br \/>\naz \u00e9n any\u00f3somnak nagy pof\u00e1ja van.<br \/>\nRusnya \u00e1llat mind a kett\u0151,<br \/>\nverje meg a jeges es\u0151!<br \/>\nRusnya \u00e1llat mind a kett\u0151,<br \/>\nverje meg a jeges es\u0151!<br \/>\n&#8212;Sz\u00f3l\u00f3&#8212;<br \/>\nEzekkel a sof\u0151r\u00f6kkel, baj van!<br \/>\nPl\u00e1ne, hogyha a kocsiban, csaj van, csaj van.<br \/>\nEzekkel a sof\u0151r\u00f6kkel, baj van!<br \/>\nPl\u00e1ne, hogyha a kocsiban, csaj van, csaj van.<br \/>\nHazament az \u00f6reg sof\u0151r el\u00e1zva,<br \/>\nazt hazudta, szerelt \u0151 a gar\u00e1zsban.<br \/>\nEzekkel a sof\u0151r\u00f6kkel, baj van!<br \/>\nPl\u00e1ne, hogyha a kocsiban, csaj van, csaj van.<br \/>\nHazament az \u00f6reg sof\u0151r el\u00e1zva,<br \/>\nazt hazudta, szerelt \u0151 a gar\u00e1zsban.<br \/>\nEzekkel a sof\u0151r\u00f6kkel, baj van!<br \/>\nPl\u00e1ne, hogyha a kocsiban, csaj van, csaj van.<br \/>\nKom\u00e1mmasszony t\u00edzenh\u00e1rom ty\u00fakja,<br \/>\nkiszaladta , kiszaladt az \u00fatra.<br \/>\nKom\u00e1mmasszony t\u00edzenh\u00e1rom ty\u00fakja,<br \/>\nkiszaladta , kiszaladt az \u00fatra.<br \/>\nA kakasnak nem sz\u00e1m\u00edt a ker\u00edt\u00e9s,<br \/>\n\u00e1tugorja megtoj\u00f3zza a j\u00e9rc\u00e9t.<br \/>\nKom\u00e1mmasszony t\u00edzenh\u00e1rom ty\u00fakja,<br \/>\nkiszaladta , kiszaladt az \u00fatra.<br \/>\nA kakasnak nem sz\u00e1m\u00edt a ker\u00edt\u00e9s,<br \/>\n\u00e1tugorja megtoj\u00f3zza a j\u00e9rc\u00e9t.<br \/>\nKom\u00e1mmasszony t\u00edzenh\u00e1rom ty\u00fakja,<br \/>\nkiszaladta , kiszaladt az \u00fatra.<br \/>\nErd\u0151 sz\u00e9l\u00e9n s\u00e1toroznak az ol\u00e1h cig\u00e1nyok,<br \/>\nJegenyefa tetej\u00e9r\u0151l a rig\u00f3 f\u00fcty\u00fcl r\u00e1juk.<br \/>\nJegenyefa tetej\u00e9r\u0151l a rig\u00f3 f\u00fcty\u00fcl r\u00e1juk.<br \/>\n\u00d6sszeszedik a sz\u00e9n\u00e1t-zabot a f\u00e9lszem\u0171 lov\u00e1nak,<br \/>\nKertek al\u00f3l a d\u00f6gl\u00f6tt ty\u00fakot az apr\u00f3 csal\u00e1dj\u00e1nak.<br \/>\nKertek al\u00f3l a d\u00f6gl\u00f6tt ty\u00fakot az apr\u00f3 csal\u00e1dj\u00e1nak.<br \/>\nAz emberek az erd\u0151ben mind a tekn\u0151t v\u00e1jj\u00e1k,<br \/>\nAz asszonyok a s\u00e1torban a cig\u00e1nyk\u00e1rty\u00e1t h\u00e1nyj\u00e1k.<br \/>\nAz asszonyok a s\u00e1torban a cig\u00e1nyk\u00e1rty\u00e1t h\u00e1nyj\u00e1k.<br \/>\n&#8212;V\u00e9ge&#8212;<\/p>\n<p>&nbsp;<\/p>\n","protected":false},"featured_media":12989,"template":"","meta":{"site-sidebar-layout":"default","site-content-layout":"default","ast-site-content-layout":"default","site-content-style":"default","site-sidebar-style":"default","ast-global-header-display":"","ast-banner-title-visibility":"","ast-main-header-display":"","ast-hfb-above-header-display":"","ast-hfb-below-header-display":"","ast-hfb-mobile-header-display":"","site-post-title":"","ast-breadcrumbs-content":"","ast-featured-img":"","footer-sml-layout":"","theme-transparent-header-meta":"default","adv-header-id-meta":"","stick-header-meta":"","header-above-stick-meta":"","header-main-stick-meta":"","header-below-stick-meta":"","astra-migrate-meta-layouts":"set","ast-page-background-enabled":"default","ast-page-background-meta":{"desktop":{"background-color":"var(--ast-global-color-4)","background-image":"","background-repeat":"repeat","background-position":"center center","background-size":"auto","background-attachment":"scroll","background-type":"","background-media":"","overlay-type":"","overlay-color":"","overlay-opacity":"","overlay-gradient":""},"tablet":{"background-color":"","background-image":"","background-repeat":"repeat","background-position":"center center","background-size":"auto","background-attachment":"scroll","background-type":"","background-media":"","overlay-type":"","overlay-color":"","overlay-opacity":"","overlay-gradient":""},"mobile":{"background-color":"","background-image":"","background-repeat":"repeat","background-position":"center center","background-size":"auto","background-attachment":"scroll","background-type":"","background-media":"","overlay-type":"","overlay-color":"","overlay-opacity":"","overlay-gradient":""}},"ast-content-background-meta":{"desktop":{"background-color":"var(--ast-global-color-5)","background-image":"","background-repeat":"repeat","background-position":"center center","background-size":"auto","background-attachment":"scroll","background-type":"","background-media":"","overlay-type":"","overlay-color":"","overlay-opacity":"","overlay-gradient":""},"tablet":{"background-color":"var(--ast-global-color-5)","background-image":"","background-repeat":"repeat","background-position":"center center","background-size":"auto","background-attachment":"scroll","background-type":"","background-media":"","overlay-type":"","overlay-color":"","overlay-opacity":"","overlay-gradient":""},"mobile":{"background-color":"var(--ast-global-color-5)","background-image":"","background-repeat":"repeat","background-position":"center center","background-size":"auto","background-attachment":"scroll","background-type":"","background-media":"","overlay-type":"","overlay-color":"","overlay-opacity":"","overlay-gradient":""}}},"product_cat":[48],"product_tag":[],"class_list":["post-13259","product","type-product","status-publish","has-post-thumbnail","hentry","product_cat-sunkaraoke-dalok","desktop-align-left","tablet-align-left","mobile-align-left"],"_links":{"self":[{"href":"https:\/\/www.sunkaraoke.hu\/index.php\/wp-json\/wp\/v2\/product\/13259","targetHints":{"allow":["GET"]}}],"collection":[{"href":"https:\/\/www.sunkaraoke.hu\/index.php\/wp-json\/wp\/v2\/product"}],"about":[{"href":"https:\/\/www.sunkaraoke.hu\/index.php\/wp-json\/wp\/v2\/types\/product"}],"wp:featuredmedia":[{"embeddable":true,"href":"https:\/\/www.sunkaraoke.hu\/index.php\/wp-json\/wp\/v2\/media\/12989"}],"wp:attachment":[{"href":"https:\/\/www.sunkaraoke.hu\/index.php\/wp-json\/wp\/v2\/media?parent=13259"}],"wp:term":[{"taxonomy":"product_cat","embeddable":true,"href":"https:\/\/www.sunkaraoke.hu\/index.php\/wp-json\/wp\/v2\/product_cat?post=13259"},{"taxonomy":"product_tag","embeddable":true,"href":"https:\/\/www.sunkaraoke.hu\/index.php\/wp-json\/wp\/v2\/product_tag?post=13259"}],"curies":[{"name":"wp","href":"https:\/\/api.w.org\/{rel}","templated":true}]}}