{"id":13243,"date":"2024-06-05T10:25:28","date_gmt":"2024-06-05T10:25:28","guid":{"rendered":"https:\/\/www.sunkaraoke.hu\/?post_type=product&#038;p=13243"},"modified":"2024-12-06T10:40:36","modified_gmt":"2024-12-06T10:40:36","slug":"step-csak-a-jovo-az-uj-2024","status":"publish","type":"product","link":"https:\/\/www.sunkaraoke.hu\/index.php\/termek\/step-csak-a-jovo-az-uj-2024\/","title":{"rendered":"<div class=\"wcmp-player-container product-13243\"><audio controlslist=\"nodownload\" data-product=\"13243\"  volume=\"1\"  preload=\"none\" data-lazyloading=\"none\" class=\"wcmp-player track mejs-classic\" data-duration=\"0:32\" data-estimated_duration=\"4\"><source src=\"https:\/\/www.sunkaraoke.hu\/wp-content\/uploads\/2024\/06\/Csak-a-jovo-az-uj-2024_demo.mp3\" type=\"audio\/mp3\" \/><\/audio><\/div>Step &#8211; Csak a j\u00f6v\u0151 az \u00faj 2024."},"content":{"rendered":"<p><strong>03:50<\/strong>\u00a0| <strong><img loading=\"lazy\" decoding=\"async\" class=\"alignnone size-full wp-image-467\" src=\"https:\/\/www.sunkaraoke.hu\/wp-content\/uploads\/2022\/07\/choir_2-copy.webp\" alt=\"\" width=\"30\" height=\"30\" \/> <\/strong><\/p>\n","protected":false},"excerpt":{"rendered":"<h5><strong>Bits\u0171r\u0171s\u00e9g: 320kb\/s<\/strong><br \/>\n<strong>Hossz: 03:50<\/strong><br \/>\n<strong>Vok\u00e1lt tartalmaz: Nem <img loading=\"lazy\" decoding=\"async\" class=\"alignnone size-full wp-image-467\" src=\"http:\/\/www.sunkaraoke.hu\/wp-content\/uploads\/2022\/07\/choir_2-copy.png\" alt=\"\" width=\"30\" height=\"30\" \/><\/strong><strong style=\"font-size: 16px;\"><br \/>\n<\/strong><\/h5>\n<p>Sunkaraoke mp3 st\u00fadi\u00f3 \/ www.sunkaraoke.hu \/ Inf: Tel: 06 20 4275001<br \/>\n&#8212;Intr\u00f3&#8212;<br \/>\nAz a perc, m\u00edg \u00e9l\u00fcnk, csak a m\u00e1ra j\u00f3,<br \/>\nez is messze rep\u00fcl, mint egy sz\u00e9lf\u00fajt pap\u00edrhaj\u00f3.<br \/>\nAz a cs\u00f3k, mit cs\u00f3kolsz, csak egy pillanat,<br \/>\nelrep\u00fclni egy percre, \u00e9s kapni sz\u00e1rnyakat.<br \/>\nDe m\u00e9gis kell neked, mert soha nem felejtheted,<br \/>\nakit megcs\u00f3kolt\u00e1l az utcasarkon, egy \u00e1lmot gy\u00e1rthat neked!<br \/>\nM\u00falt id\u0151, jelen id\u0151, de nekem a holnap fontosabb,<br \/>\ncsak az hozhat tiszt\u00e1bb szavakat.<br \/>\nM\u00falt id\u0151, jelen id\u0151, s ha akkor \u00fajra itt leszel,<br \/>\nami rossz volt, egy\u00fctt felejts\u00fck el.<br \/>\n&#8212;Sz\u00f3l\u00f3&#8212;<br \/>\nAz a sz\u00f3, mit mondasz, csak egy percig \u00e9l,<br \/>\nel is p\u00e1rolog sz\u00e9pen, mint annyi m\u00e1s rem\u00e9ny.<br \/>\nEz egy alkalom, s ez egy f\u00e1jdalom,<br \/>\nmikor a val\u00f3s\u00e1g t\u0171nik el, s nem mi \u00e1lmodunk.<br \/>\nDe m\u00e9gis kell neked, mert soha nem felejtheted,<br \/>\namikor megcs\u00f3kolt\u00e1l az utcasarkon, azt nem felejted el!<br \/>\nM\u00falt id\u0151, jelen id\u0151, de nekem a holnap fontosabb,<br \/>\ncsak az hozhat tiszt\u00e1bb szavakat.<br \/>\nM\u00falt id\u0151, jelen id\u0151, s ha akkor \u00fajra itt leszel,<br \/>\nami rossz volt egy\u00fctt felejts\u00fck el.<br \/>\n&#8212;Sz\u00f3l\u00f3&#8212;<br \/>\nDe m\u00e9gis kell neked, mert soha nem felejtheted,<br \/>\namikor megcs\u00f3kolt\u00e1l az utcasarkon, azt nem felejted el!<br \/>\nM\u00falt id\u0151, jelen id\u0151, de nekem a holnap fontosabb,<br \/>\ncsak az hozhat tiszt\u00e1bb szavakat.<br \/>\nM\u00falt id\u0151, jelen id\u0151, s ha akkor \u00fajra itt leszel,<br \/>\nami rossz volt egy\u00fctt felejts\u00fck el.<br \/>\n&#8212;V\u00e9ge&#8212;<\/p>\n<p>&nbsp;<\/p>\n","protected":false},"featured_media":13248,"template":"","meta":{"site-sidebar-layout":"default","site-content-layout":"default","ast-site-content-layout":"default","site-content-style":"default","site-sidebar-style":"default","ast-global-header-display":"","ast-banner-title-visibility":"","ast-main-header-display":"","ast-hfb-above-header-display":"","ast-hfb-below-header-display":"","ast-hfb-mobile-header-display":"","site-post-title":"","ast-breadcrumbs-content":"","ast-featured-img":"","footer-sml-layout":"","theme-transparent-header-meta":"default","adv-header-id-meta":"","stick-header-meta":"","header-above-stick-meta":"","header-main-stick-meta":"","header-below-stick-meta":"","astra-migrate-meta-layouts":"set","ast-page-background-enabled":"default","ast-page-background-meta":{"desktop":{"background-color":"var(--ast-global-color-4)","background-image":"","background-repeat":"repeat","background-position":"center center","background-size":"auto","background-attachment":"scroll","background-type":"","background-media":"","overlay-type":"","overlay-color":"","overlay-opacity":"","overlay-gradient":""},"tablet":{"background-color":"","background-image":"","background-repeat":"repeat","background-position":"center center","background-size":"auto","background-attachment":"scroll","background-type":"","background-media":"","overlay-type":"","overlay-color":"","overlay-opacity":"","overlay-gradient":""},"mobile":{"background-color":"","background-image":"","background-repeat":"repeat","background-position":"center center","background-size":"auto","background-attachment":"scroll","background-type":"","background-media":"","overlay-type":"","overlay-color":"","overlay-opacity":"","overlay-gradient":""}},"ast-content-background-meta":{"desktop":{"background-color":"var(--ast-global-color-5)","background-image":"","background-repeat":"repeat","background-position":"center center","background-size":"auto","background-attachment":"scroll","background-type":"","background-media":"","overlay-type":"","overlay-color":"","overlay-opacity":"","overlay-gradient":""},"tablet":{"background-color":"var(--ast-global-color-5)","background-image":"","background-repeat":"repeat","background-position":"center center","background-size":"auto","background-attachment":"scroll","background-type":"","background-media":"","overlay-type":"","overlay-color":"","overlay-opacity":"","overlay-gradient":""},"mobile":{"background-color":"var(--ast-global-color-5)","background-image":"","background-repeat":"repeat","background-position":"center center","background-size":"auto","background-attachment":"scroll","background-type":"","background-media":"","overlay-type":"","overlay-color":"","overlay-opacity":"","overlay-gradient":""}}},"product_cat":[48],"product_tag":[],"class_list":["post-13243","product","type-product","status-publish","has-post-thumbnail","hentry","product_cat-sunkaraoke-dalok","desktop-align-left","tablet-align-left","mobile-align-left"],"_links":{"self":[{"href":"https:\/\/www.sunkaraoke.hu\/index.php\/wp-json\/wp\/v2\/product\/13243","targetHints":{"allow":["GET"]}}],"collection":[{"href":"https:\/\/www.sunkaraoke.hu\/index.php\/wp-json\/wp\/v2\/product"}],"about":[{"href":"https:\/\/www.sunkaraoke.hu\/index.php\/wp-json\/wp\/v2\/types\/product"}],"wp:featuredmedia":[{"embeddable":true,"href":"https:\/\/www.sunkaraoke.hu\/index.php\/wp-json\/wp\/v2\/media\/13248"}],"wp:attachment":[{"href":"https:\/\/www.sunkaraoke.hu\/index.php\/wp-json\/wp\/v2\/media?parent=13243"}],"wp:term":[{"taxonomy":"product_cat","embeddable":true,"href":"https:\/\/www.sunkaraoke.hu\/index.php\/wp-json\/wp\/v2\/product_cat?post=13243"},{"taxonomy":"product_tag","embeddable":true,"href":"https:\/\/www.sunkaraoke.hu\/index.php\/wp-json\/wp\/v2\/product_tag?post=13243"}],"curies":[{"name":"wp","href":"https:\/\/api.w.org\/{rel}","templated":true}]}}