{"id":13197,"date":"2024-05-29T05:23:56","date_gmt":"2024-05-29T05:23:56","guid":{"rendered":"https:\/\/www.sunkaraoke.hu\/?post_type=product&#038;p=13197"},"modified":"2025-10-13T16:28:05","modified_gmt":"2025-10-13T14:28:05","slug":"piros-bela-tul-sok-maradt-2024-cover","status":"publish","type":"product","link":"https:\/\/www.sunkaraoke.hu\/index.php\/termek\/piros-bela-tul-sok-maradt-2024-cover\/","title":{"rendered":"<div class=\"wcmp-player-container product-13197\"><audio controlslist=\"nodownload\" data-product=\"13197\"  volume=\"1\"  preload=\"none\" data-lazyloading=\"none\" class=\"wcmp-player track mejs-classic\" data-duration=\"0:32\" data-estimated_duration=\"4\"><source src=\"https:\/\/www.sunkaraoke.hu\/wp-content\/uploads\/2024\/05\/Tul-sok-maradt-2024.-Cover-PB_demo.mp3\" type=\"audio\/mp3\" \/><\/audio><\/div>Piros B\u00e9la &#8211; T\u00fal sok maradt 2024. Cover"},"content":{"rendered":"<p><b>03:37<\/b>| <strong><img loading=\"lazy\" decoding=\"async\" class=\"alignnone size-full wp-image-467\" src=\"https:\/\/www.sunkaraoke.hu\/wp-content\/uploads\/2022\/07\/choir_2-copy.webp\" alt=\"\" width=\"30\" height=\"30\" \/> <\/strong><\/p>\n","protected":false},"excerpt":{"rendered":"<h6><strong>Bits\u0171r\u0171s\u00e9g: 320kb\/s<\/strong><br \/>\n<strong>Hossz:03:37<\/strong><br \/>\n<strong>Vok\u00e1lt tartalmaz: Nem <img loading=\"lazy\" decoding=\"async\" class=\"alignnone size-full wp-image-467\" src=\"http:\/\/www.sunkaraoke.hu\/wp-content\/uploads\/2022\/07\/choir_2-copy.png\" alt=\"\" width=\"30\" height=\"30\" \/><\/strong><strong style=\"font-size: 16px;\"><br \/>\n<\/strong><\/h6>\n<p>Sunkaraoke mp3 st\u00fadi\u00f3 \/ www.sunkaraoke.hu \/ Inf: Tel: 06 20 4275001<\/p>\n<p>&#8212;Intr\u00f3&#8212;<br \/>\nMa \u00e9jjel halkan titkot sz\u0151tt\u00e9l, j\u00f3l megtagadt\u00e1l,<br \/>\nfel sem fogtam nem t\u00f6bb ennyi volt, mondd mi\u00e9rt is hazudt\u00e1l.<br \/>\nA ny\u00e1r a t\u00f3, a nappal \u00e9jjel, minden olyan m\u00e1s,<br \/>\nn\u00e9lk\u00fcled \u00fcres a lelkem, \u00e9hes a testem, m\u00e9rt nem maradt\u00e1l.<br \/>\nNem \u00e9s nem hiszem, hogy v\u00e9get \u00e9rhet,<br \/>\ngondold \u00fajb\u00f3l \u00e1t,<br \/>\naz ezer \u00e9des \u00e9g\u0151 \u00e9jszak\u00e1t.<br \/>\nT\u00fal sok maradt,t\u00fal sok maradt mi f\u00e1j,<br \/>\nt\u00fal sok maradt eml\u00e9k m\u00e1r,<br \/>\nt\u00fal sok maradt, \u00e9rted mindig \u00e9get a v\u00e1gy.<br \/>\nT\u00fal sok maradt, t\u00fal sok maradt mi f\u00e1j,<br \/>\nt\u00fal sok maradt, eml\u00e9k csup\u00e1n,<br \/>\nt\u00fal sok maradt,\u00e9rted mindig \u00e9get a v\u00e1gy.<br \/>\n&#8212;Sz\u00f3l\u00f3&#8212;<br \/>\nMa \u00e9jjel halkan titkot sz\u0151tt\u00e9l, j\u00f3l megtagadt\u00e1l,<br \/>\nfel sem fogtam nem t\u00f6bb ennyi volt, mondd mi\u00e9rt is hazudt\u00e1l.<br \/>\nA ny\u00e1r a t\u00f3,a nappal \u00e9jjel, minden olyan m\u00e1s,<br \/>\nn\u00e9lk\u00fcled \u00fcres a lelkem \u00e9hes a testem, m\u00e9rt nem maradt\u00e1l.<br \/>\nNem \u00e9s nem hiszem hogy v\u00e9get \u00e9rhet, gondold \u00fajb\u00f3l \u00e1t,<br \/>\naz ezer \u00e9des \u00e9g\u0151 \u00e9jszak\u00e1t.<br \/>\nT\u00fal sok maradt,t\u00fal sok maradt mi f\u00e1j,<br \/>\nt\u00fal sok maradt eml\u00e9k m\u00e1r,<br \/>\nt\u00fal sok maradt, \u00e9rted mindig \u00e9get a v\u00e1gy.<br \/>\nT\u00fal sok maradt, t\u00fal sok maradt mi f\u00e1j,<br \/>\nt\u00fal sok maradt, eml\u00e9k csup\u00e1n,<br \/>\nt\u00fal sok maradt,\u00e9rted mindig \u00e9get a v\u00e1gy.<br \/>\n&#8212;Sz\u00f3l\u00f3&#8212;<br \/>\nNem \u00e9s nem hiszem hogy v\u00e9get \u00e9rhet, gondold \u00fajb\u00f3l \u00e1t,<br \/>\naz ezer \u00e9des \u00e9g\u0151 \u00e9jszak\u00e1t.<br \/>\nT\u00fal sok maradt,t\u00fal sok maradt mi f\u00e1j,<br \/>\nt\u00fal sok maradt eml\u00e9k m\u00e1r,<br \/>\nt\u00fal sok maradt, \u00e9rted mindig \u00e9get a v\u00e1gy.<br \/>\nT\u00fal sok maradt, t\u00fal sok maradt mi f\u00e1j,<br \/>\nt\u00fal sok maradt, eml\u00e9k csup\u00e1n,<br \/>\nt\u00fal sok maradt,\u00e9rted mindig \u00e9get a v\u00e1gy.<br \/>\n&#8212;V\u00e9ge&#8230;<\/p>\n","protected":false},"featured_media":12989,"template":"","meta":{"site-sidebar-layout":"default","site-content-layout":"default","ast-site-content-layout":"","site-content-style":"default","site-sidebar-style":"default","ast-global-header-display":"","ast-banner-title-visibility":"","ast-main-header-display":"","ast-hfb-above-header-display":"","ast-hfb-below-header-display":"","ast-hfb-mobile-header-display":"","site-post-title":"","ast-breadcrumbs-content":"","ast-featured-img":"","footer-sml-layout":"","theme-transparent-header-meta":"default","adv-header-id-meta":"","stick-header-meta":"","header-above-stick-meta":"","header-main-stick-meta":"","header-below-stick-meta":"","astra-migrate-meta-layouts":"default","ast-page-background-enabled":"default","ast-page-background-meta":{"desktop":{"background-color":"var(--ast-global-color-4)","background-image":"","background-repeat":"repeat","background-position":"center center","background-size":"auto","background-attachment":"scroll","background-type":"","background-media":"","overlay-type":"","overlay-color":"","overlay-opacity":"","overlay-gradient":""},"tablet":{"background-color":"","background-image":"","background-repeat":"repeat","background-position":"center center","background-size":"auto","background-attachment":"scroll","background-type":"","background-media":"","overlay-type":"","overlay-color":"","overlay-opacity":"","overlay-gradient":""},"mobile":{"background-color":"","background-image":"","background-repeat":"repeat","background-position":"center center","background-size":"auto","background-attachment":"scroll","background-type":"","background-media":"","overlay-type":"","overlay-color":"","overlay-opacity":"","overlay-gradient":""}},"ast-content-background-meta":{"desktop":{"background-color":"var(--ast-global-color-5)","background-image":"","background-repeat":"repeat","background-position":"center center","background-size":"auto","background-attachment":"scroll","background-type":"","background-media":"","overlay-type":"","overlay-color":"","overlay-opacity":"","overlay-gradient":""},"tablet":{"background-color":"var(--ast-global-color-5)","background-image":"","background-repeat":"repeat","background-position":"center center","background-size":"auto","background-attachment":"scroll","background-type":"","background-media":"","overlay-type":"","overlay-color":"","overlay-opacity":"","overlay-gradient":""},"mobile":{"background-color":"var(--ast-global-color-5)","background-image":"","background-repeat":"repeat","background-position":"center center","background-size":"auto","background-attachment":"scroll","background-type":"","background-media":"","overlay-type":"","overlay-color":"","overlay-opacity":"","overlay-gradient":""}}},"product_cat":[48],"product_tag":[],"class_list":["post-13197","product","type-product","status-publish","has-post-thumbnail","hentry","product_cat-sunkaraoke-dalok","desktop-align-left","tablet-align-left","mobile-align-left"],"_links":{"self":[{"href":"https:\/\/www.sunkaraoke.hu\/index.php\/wp-json\/wp\/v2\/product\/13197","targetHints":{"allow":["GET"]}}],"collection":[{"href":"https:\/\/www.sunkaraoke.hu\/index.php\/wp-json\/wp\/v2\/product"}],"about":[{"href":"https:\/\/www.sunkaraoke.hu\/index.php\/wp-json\/wp\/v2\/types\/product"}],"wp:featuredmedia":[{"embeddable":true,"href":"https:\/\/www.sunkaraoke.hu\/index.php\/wp-json\/wp\/v2\/media\/12989"}],"wp:attachment":[{"href":"https:\/\/www.sunkaraoke.hu\/index.php\/wp-json\/wp\/v2\/media?parent=13197"}],"wp:term":[{"taxonomy":"product_cat","embeddable":true,"href":"https:\/\/www.sunkaraoke.hu\/index.php\/wp-json\/wp\/v2\/product_cat?post=13197"},{"taxonomy":"product_tag","embeddable":true,"href":"https:\/\/www.sunkaraoke.hu\/index.php\/wp-json\/wp\/v2\/product_tag?post=13197"}],"curies":[{"name":"wp","href":"https:\/\/api.w.org\/{rel}","templated":true}]}}