{"id":13181,"date":"2024-05-27T14:26:32","date_gmt":"2024-05-27T14:26:32","guid":{"rendered":"https:\/\/www.sunkaraoke.hu\/?post_type=product&#038;p=13181"},"modified":"2025-04-07T15:28:40","modified_gmt":"2025-04-07T15:28:40","slug":"piros-bela-piros-mulatos-mix-83-bulizos-mix-02","status":"publish","type":"product","link":"https:\/\/www.sunkaraoke.hu\/index.php\/termek\/piros-bela-piros-mulatos-mix-83-bulizos-mix-02\/","title":{"rendered":"<div class=\"wcmp-player-container product-13181\"><audio controlslist=\"nodownload\" data-product=\"13181\"  volume=\"1\"  preload=\"none\" data-lazyloading=\"none\" class=\"wcmp-player track mejs-classic\" data-duration=\"0:35\" data-estimated_duration=\"4\"><source src=\"https:\/\/www.sunkaraoke.hu\/wp-content\/uploads\/2024\/05\/Piros-mulatos-mix-83-Bulizos-Mix-02._demo.mp3\" type=\"audio\/mp3\" \/><\/audio><\/div>Piros B\u00e9la &#8211; Piros Mulat\u00f3s mix 83.\/ BuliMix\/ (Original)"},"content":{"rendered":"<p><b>11:10<\/b>| <strong><img loading=\"lazy\" decoding=\"async\" class=\"alignnone size-full wp-image-467\" src=\"https:\/\/www.sunkaraoke.hu\/wp-content\/uploads\/2022\/07\/choir_2-copy.webp\" alt=\"\" width=\"30\" height=\"30\" \/> <\/strong><\/p>\n","protected":false},"excerpt":{"rendered":"<h6><strong>Bits\u0171r\u0171s\u00e9g: 320kb\/s<\/strong><br \/>\n<strong>Hossz:11:10<\/strong><br \/>\n<strong>Vok\u00e1lt tartalmaz: Nem <img loading=\"lazy\" decoding=\"async\" class=\"alignnone size-full wp-image-467\" src=\"http:\/\/www.sunkaraoke.hu\/wp-content\/uploads\/2022\/07\/choir_2-copy.png\" alt=\"\" width=\"30\" height=\"30\" \/><\/strong><strong style=\"font-size: 16px;\"><br \/>\n<\/strong><\/h6>\n<p>Sunkaraoke mp3 st\u00fadi\u00f3 \/ www.sunkaraoke.hu \/ Inf: Tel: 06 20 4275001<\/p>\n<p>&#8212;Intr\u00f3&#8212;\/\/00:39\/\/<br \/>\nMondd, ugye \u00e1lom volt csak az eg\u00e9sz,<br \/>\nmondd, mit\u0151l sz\u00e9d\u00fclt meg a j\u00f3zan \u00e9sz,<br \/>\nmondd, ugye mindig egy\u00fctt \u00e1lmodunk,<br \/>\nmondd, hogyha elv\u00e1lunk se v\u00e1dolunk,<br \/>\nmondd, hogyan folytassuk az \u00e9letet?<br \/>\nSzomor\u00fa lenne m\u00e1r n\u00e9lk\u00fcled.<br \/>\nMondd, ugye \u00e1lom volt csak az eg\u00e9sz,<br \/>\nmondd, mit\u0151l sz\u00e9d\u00fclt meg a j\u00f3zan \u00e9sz,<br \/>\nmondd, ugye mindig egy\u00fctt \u00e1lmodunk,<br \/>\nmondd, hogyha elv\u00e1lunk se v\u00e1dolunk,<br \/>\nmondd, hogyan folytassuk az \u00e9letet?<br \/>\nSzomor\u00fa lenne m\u00e1r n\u00e9lk\u00fcled.<br \/>\n&#8212;Sz\u00f3l\u00f3&#8212;\/\/02:10\/\/<br \/>\nVihark\u00e9nt tombol m\u00e1r a messzi t\u00e1vol.<br \/>\nFelgy\u00falt a r\u00e9gi t\u0171z, s a sz\u00edvem l\u00e1ngol.<br \/>\nEszembe jutnak mind a meghitt \u00f3r\u00e1k.<br \/>\nEgy ablak \u00e9s a te kis szob\u00e1d.<br \/>\nBel\u00e1ttam \u00e9n m\u00e1r r\u00e9g a t\u00e9ved\u00e9sem.<br \/>\nAzt hittem, szalmal\u00e1ng s ellobban sz\u00e9pen.<br \/>\nSz\u00edvembe markol sz\u00e1z \u00e9s sz\u00e1z kis eml\u00e9k,<br \/>\nmeg\u00f6l a messzes\u00e9g.<br \/>\n&#8212;Sz\u00f3l\u00f3&#8212;\/\/03:12\/\/<br \/>\nElm\u00falt egy hossz\u00fa \u00e9v a b\u00facs\u00fa \u00f3ta.<br \/>\nAz\u00f3ta v\u00e1rok \u00e9n egy h\u00edv\u00f3 sz\u00f3ra.<br \/>\nF\u00e9lek, hogy r\u00e9ges-r\u00e9g m\u00e1r elfeledt\u00e9l,<br \/>\n\u00fagy k\u00ednoz, k\u00ednoz a t\u00e1voll\u00e9t.<br \/>\nBel\u00e1ttam \u00e9n m\u00e1r r\u00e9g a t\u00e9ved\u00e9sem.<br \/>\nAzt hittem, szalmal\u00e1ng s ellobban sz\u00e9pen.<br \/>\nSz\u00edvembe markol sz\u00e1z \u00e9s sz\u00e1z kis eml\u00e9k,<br \/>\nmeg\u00f6l a messzes\u00e9g.<br \/>\n&#8212;Sz\u00f3l\u00f3&#8212;\/\/04:14\/\/<br \/>\nMinden asszony \u00e9let\u00e9ben, j\u00f6n egy pillanat,<br \/>\n\u00e9s \u00fagy szeretne olyat tenni, amit nem szabad.<br \/>\nA f\u00e9rj\u00e9ben minden\u00e1ron, csak hib\u00e1t keres,<br \/>\nha j\u00f6n egy m\u00e1sik, aki szebben s\u00fagja, hogy szeress!<br \/>\nIsmeretlen v\u00e1gyak f\u00e9nye, t\u00e1ncol a szem\u00e9n,<br \/>\ns a lelk\u00e9ben harcot v\u00edv, a b\u0171n \u00e9s az er\u00e9ny.<br \/>\nMinden asszony \u00e9let\u00e9ben, j\u00f6n egy pillanat,<br \/>\nde boldog \u0151 csak akkor lesz, ha m\u00e9gis h\u0171 marad!<br \/>\nIsmeretlen v\u00e1gyak f\u00e9nye, t\u00e1ncol a szem\u00e9n,<br \/>\ns a lelk\u00e9ben harcot v\u00edv, a b\u0171n \u00e9s az er\u00e9ny.<br \/>\nMinden asszony \u00e9let\u00e9ben, j\u00f6n egy pillanat,<br \/>\nde boldog \u0151 csak akkor lesz, ha m\u00e9gis h\u0171 marad!<br \/>\n&#8212;Sz\u00f3l\u00f3&#8212;\/\/05:47\/\/<br \/>\nAzt k\u00e9rdezte t\u0151lem egy kisl\u00e1ny, hogy h\u00e1ny \u00e9ves vagyok,<br \/>\n\u00e9s akarok-e \u00e9n is megn\u0151s\u00fclni, vagy aggleg\u00e9ny maradok?<br \/>\nJ\u00e1rtam-e n\u00e9ha az iskola mell\u00e9, mert \u0151 bizony szokott.<br \/>\nV\u00e1laszoltam volna tal\u00e1n, de a l\u00e1ny m\u00e1r tov\u00e1bb faggatott.<br \/>\nAzt is k\u00e9rdezte t\u0151lem a kisl\u00e1ny, hogy milyen az \u00e9letem,<br \/>\nszoktam-e s\u00edrni, ha b\u00e1ntanak engem, \u00e9s szomor\u00fa-e a sz\u00edvem?<br \/>\nKaptam-e tort\u00e1t a sz\u00fclinapomra, mert \u0151 h\u00e1rmat is kapott.<br \/>\nV\u00e1laszoltam volna tal\u00e1n, de a l\u00e1ny m\u00e1r tov\u00e1bb faggatott.<br \/>\n\u00c1llj meg kisl\u00e1ny \u00e9s mondom a v\u00e1laszt, csak adj id\u0151t nekem.<br \/>\n\u00c1llj meg kisl\u00e1ny \u00e9s elmes\u00e9lem, hogy milyen, milyen az \u00e9letem!<br \/>\n\u00c1llj meg kisl\u00e1ny \u00e9s mondom a v\u00e1laszt, csak adj id\u0151t nekem.<br \/>\n\u00c1llj meg kisl\u00e1ny \u00e9s elmes\u00e9lem, hogy milyen, milyen az \u00e9letem!<br \/>\nAzt is k\u00e9rdezte ,t\u0151lem a kisl\u00e1ny, hogy mennyit keresek \u00e9n,<br \/>\n\u00e9s van-e m\u00e1r aut\u00f3m, van-e lak\u00e1som, a R\u00f3zsadomb tetej\u00e9n?<br \/>\nV\u00e1laszoltam volna ,de \u0151 m\u00e1r nem figyelt re\u00e1m,<br \/>\nelfutott, mert v\u00e1rta \u0151t egy sr\u00e1c, az utca m\u00e1sik oldal\u00e1n.<br \/>\n\u00c1llj meg kisl\u00e1ny \u00e9s mondom a v\u00e1laszt, csak adj id\u0151t nekem.<br \/>\n\u00c1llj meg kisl\u00e1ny \u00e9s elmes\u00e9lem, hogy milyen, milyen az \u00e9letem!<br \/>\n\u00c1llj meg kisl\u00e1ny, \u00e9s mondom a v\u00e1laszt, csak adj id\u0151t nekem.<br \/>\n\u00c1llj meg kisl\u00e1ny \u00e9s elmes\u00e9lem, hogy milyen, milyen az \u00e9letem.<br \/>\n&#8212;Sz\u00f3l\u00f3&#8212;\/\/08:46\/\/<br \/>\nAmikor \u00e9rkezel estefel\u00e9, leslek az ablakon \u00e1t,<br \/>\nnyitom az ajt\u00f3t \u00e9s egyszeriben, mosolyog r\u00e1m a vil\u00e1g!<br \/>\nSzinesnek l\u00e1tom a sz\u00fcrk\u00fcletet, mik\u00f6zben b\u00e1mulok r\u00e1d,<br \/>\ncsoda finom vagy esti boldogs\u00e1g.<br \/>\nH\u00e9j,h\u00e9j, h\u00e9j, tal\u00e1ld ki gyorsan a gondolatom,<br \/>\nmi az amit szeretn\u00e9k?<br \/>\nTal\u00e1ld el gyorsan a hangulatom, h\u00fazd ki a sz\u00edved antenn\u00e1j\u00e1t!<br \/>\nTal\u00e1ld ki gyorsan a gondolatom, nagyon okos lehetn\u00e9l.<br \/>\nTudod te j\u00f3l, na \u00e9s \u00e9n is tudom, szeretn\u00e9m, ha szeretn\u00e9l!<br \/>\nForr\u00f3 a k\u00e1v\u00e9 az asztalon \u00e1ll, t\u00e1lc\u00e1n a s\u00f3s s\u00fctem\u00e9ny,<br \/>\nott az ital, na \u00e9s ott a poh\u00e1r, mindenre gondolok \u00e9n.<br \/>\nRemek a k\u00e1v\u00e9, a s\u00f3s s\u00fctem\u00e9ny, igazi f\u0151nyerem\u00e9ny,<br \/>\nvalahogy m\u00e9gis, m\u00e1st k\u00edv\u00e1nok \u00e9n.<br \/>\nH\u00e9j,h\u00e9j, h\u00e9j, tal\u00e1ld ki gyorsan a gondolatom,<br \/>\nvalamit \u00fagy szeretn\u00e9k.<br \/>\nTal\u00e1ld el gyorsan a hangulatom, \u00edg\u00e9rem \u00e9n, hogy nem j\u00e1rsz rosszul.<br \/>\nTal\u00e1ld ki gyorsan a gondolatom, nagyon okos lehetn\u00e9l,<br \/>\ntudod te j\u00f3l, na \u00e9s \u00e9n is tudom, szeretn\u00e9m, ha szeretn\u00e9l.<br \/>\nH\u00e9j,h\u00e9j, h\u00e9j, tal\u00e1ld ki gyorsan a gondolatom,<br \/>\nvalamit \u00fagy szeretn\u00e9k.<br \/>\nTal\u00e1ld el gyorsan a hangulatom, \u00edg\u00e9rem \u00e9n, hogy nem j\u00e1rsz rosszul.<br \/>\nTal\u00e1ld ki gyorsan a gondolatom, nagyon okos lehetn\u00e9l,<br \/>\ntudod te j\u00f3l, na \u00e9s \u00e9n is tudom, szeretn\u00e9m, ha szeretn\u00e9l.<br \/>\nSzeretn\u00e9m ha szeretn\u00e9l.<br \/>\n&#8212;V\u00e9ge&#8212;<\/p>\n","protected":false},"featured_media":12989,"template":"","meta":{"site-sidebar-layout":"default","site-content-layout":"default","ast-site-content-layout":"default","site-content-style":"default","site-sidebar-style":"default","ast-global-header-display":"","ast-banner-title-visibility":"","ast-main-header-display":"","ast-hfb-above-header-display":"","ast-hfb-below-header-display":"","ast-hfb-mobile-header-display":"","site-post-title":"","ast-breadcrumbs-content":"","ast-featured-img":"","footer-sml-layout":"","theme-transparent-header-meta":"default","adv-header-id-meta":"","stick-header-meta":"","header-above-stick-meta":"","header-main-stick-meta":"","header-below-stick-meta":"","astra-migrate-meta-layouts":"set","ast-page-background-enabled":"default","ast-page-background-meta":{"desktop":{"background-color":"var(--ast-global-color-4)","background-image":"","background-repeat":"repeat","background-position":"center center","background-size":"auto","background-attachment":"scroll","background-type":"","background-media":"","overlay-type":"","overlay-color":"","overlay-opacity":"","overlay-gradient":""},"tablet":{"background-color":"","background-image":"","background-repeat":"repeat","background-position":"center center","background-size":"auto","background-attachment":"scroll","background-type":"","background-media":"","overlay-type":"","overlay-color":"","overlay-opacity":"","overlay-gradient":""},"mobile":{"background-color":"","background-image":"","background-repeat":"repeat","background-position":"center center","background-size":"auto","background-attachment":"scroll","background-type":"","background-media":"","overlay-type":"","overlay-color":"","overlay-opacity":"","overlay-gradient":""}},"ast-content-background-meta":{"desktop":{"background-color":"var(--ast-global-color-5)","background-image":"","background-repeat":"repeat","background-position":"center center","background-size":"auto","background-attachment":"scroll","background-type":"","background-media":"","overlay-type":"","overlay-color":"","overlay-opacity":"","overlay-gradient":""},"tablet":{"background-color":"var(--ast-global-color-5)","background-image":"","background-repeat":"repeat","background-position":"center center","background-size":"auto","background-attachment":"scroll","background-type":"","background-media":"","overlay-type":"","overlay-color":"","overlay-opacity":"","overlay-gradient":""},"mobile":{"background-color":"var(--ast-global-color-5)","background-image":"","background-repeat":"repeat","background-position":"center center","background-size":"auto","background-attachment":"scroll","background-type":"","background-media":"","overlay-type":"","overlay-color":"","overlay-opacity":"","overlay-gradient":""}}},"product_cat":[48],"product_tag":[],"class_list":["post-13181","product","type-product","status-publish","has-post-thumbnail","hentry","product_cat-sunkaraoke-dalok","desktop-align-left","tablet-align-left","mobile-align-left"],"_links":{"self":[{"href":"https:\/\/www.sunkaraoke.hu\/index.php\/wp-json\/wp\/v2\/product\/13181","targetHints":{"allow":["GET"]}}],"collection":[{"href":"https:\/\/www.sunkaraoke.hu\/index.php\/wp-json\/wp\/v2\/product"}],"about":[{"href":"https:\/\/www.sunkaraoke.hu\/index.php\/wp-json\/wp\/v2\/types\/product"}],"wp:featuredmedia":[{"embeddable":true,"href":"https:\/\/www.sunkaraoke.hu\/index.php\/wp-json\/wp\/v2\/media\/12989"}],"wp:attachment":[{"href":"https:\/\/www.sunkaraoke.hu\/index.php\/wp-json\/wp\/v2\/media?parent=13181"}],"wp:term":[{"taxonomy":"product_cat","embeddable":true,"href":"https:\/\/www.sunkaraoke.hu\/index.php\/wp-json\/wp\/v2\/product_cat?post=13181"},{"taxonomy":"product_tag","embeddable":true,"href":"https:\/\/www.sunkaraoke.hu\/index.php\/wp-json\/wp\/v2\/product_tag?post=13181"}],"curies":[{"name":"wp","href":"https:\/\/api.w.org\/{rel}","templated":true}]}}