{"id":13163,"date":"2024-05-22T17:16:35","date_gmt":"2024-05-22T17:16:35","guid":{"rendered":"https:\/\/www.sunkaraoke.hu\/?post_type=product&#038;p=13163"},"modified":"2024-05-23T11:06:33","modified_gmt":"2024-05-23T11:06:33","slug":"4s-street-tiz-even-at-2024-cover","status":"publish","type":"product","link":"https:\/\/www.sunkaraoke.hu\/index.php\/termek\/4s-street-tiz-even-at-2024-cover\/","title":{"rendered":"<div class=\"wcmp-player-container product-13163\"><audio controlslist=\"nodownload\" data-product=\"13163\"  volume=\"1\"  preload=\"none\" data-lazyloading=\"none\" class=\"wcmp-player track mejs-classic\" data-duration=\"0:32\" data-estimated_duration=\"4\"><source src=\"https:\/\/www.sunkaraoke.hu\/wp-content\/uploads\/2024\/05\/Tiz-even-at_demo.mp3\" type=\"audio\/mp3\" \/><\/audio><\/div>4S Street- T\u00edz \u00e9ven \u00e1t 2024. Cover."},"content":{"rendered":"<p><strong>03:09<\/strong>| <strong><img loading=\"lazy\" decoding=\"async\" class=\"alignnone size-full wp-image-467\" src=\"https:\/\/www.sunkaraoke.hu\/wp-content\/uploads\/2022\/07\/choir_2-copy.webp\" alt=\"\" width=\"30\" height=\"30\" \/> <\/strong><\/p>\n","protected":false},"excerpt":{"rendered":"<p><strong>Bits\u0171r\u0171s\u00e9g: 320kb\/s<\/strong><br \/>\n<strong>Hossz: 03:09<\/strong><br \/>\n<strong>Vok\u00e1lt tartalmaz: Nem <img loading=\"lazy\" decoding=\"async\" class=\"alignnone size-full wp-image-467\" src=\"http:\/\/www.sunkaraoke.hu\/wp-content\/uploads\/2022\/07\/choir_2-copy.png\" alt=\"\" width=\"30\" height=\"30\" \/><\/strong><\/p>\n<p>Sunkaraoke mp3 st\u00fadi\u00f3 \/ www.sunkaraoke.hu \/ Inf: Tel: 06 20 4275001<\/p>\n<p>&#8212;Intr\u00f3&#8212;<br \/>\nNem akarok v\u00e1rni t\u00f6bbet, majd sz\u00f3lj, ha itt leszel,<br \/>\nha sz\u00e9llel szemben szaladok, \u00e9n akkor is az utamat k\u00f6vetem.<br \/>\nHa lenne m\u00e9g egy es\u00e9ly, hogy r\u00e1m tal\u00e1ljanak,<br \/>\nmaradok, hisz oda\u00e1t az id\u0151 meg\u00e1llt, nincsen m\u00e1r tov\u00e1bb.<br \/>\nSokan el\u00edt\u00e9lnek, azt sem tudj\u00e1k ki vagyok,<br \/>\nfel sem tudj\u00e1k fogni azt, hogy \u00e9n nekik egy g\u00f6rbe t\u00fckr\u00f6t mutatok.<br \/>\nKeresem a zajt, egy \u00e9lm\u00e9nyt, mi megmarad,<br \/>\nf\u00f6lrakom az \u00e9letem pirosra, sebaj, ha feket\u00e9n ragad.<br \/>\nT\u00edz \u00e9ven \u00e1t csak h\u00faztam-ny\u00faztam,v\u00e1rtam a legnagyobb csod\u00e1t.<br \/>\nT\u00edz \u00e9ven \u00e1t meguntam v\u00e1rni,ma v\u00e9gre indulok tov\u00e1bb.<br \/>\nT\u00edz \u00e9ven \u00e1t csak h\u00faztam-ny\u00faztam,v\u00e1rtam a legnagyobb csod\u00e1t.<br \/>\nT\u00edz \u00e9ven \u00e1t meguntam v\u00e1rni,ma v\u00e9gre indulok tov\u00e1bb.<br \/>\n&#8212;Sz\u00f3l\u00f3&#8212;<br \/>\nM\u00e1r nem tudom, hogy mi van, azt sem hogy ki vagyok,<br \/>\nutamat j\u00e1rom folyton, vezetnek a csillagok.<br \/>\nHa tudn\u00e1m hogy te merre j\u00e1rsz, vagy \u00e9pp most hol lehetsz,<br \/>\na nyomodba eredn\u00e9k r\u00f6gt\u00f6n, nem engedn\u00e9m, hogy elfeledj.<br \/>\nAz \u00e9let birtokol de szembesz\u00e1llni vele,<br \/>\n\u00e9lvezet s ha egyszer od\u00e9bb\u00e1lln\u00e1l, hadd rep\u00edtsen el a k\u00e9pzelet.<br \/>\n\u00c9s majd ha t\u00e9ved\u00e9sb\u0151l tal\u00e1ln\u00e1l jobb utat,<br \/>\nne n\u00e9zz soha vissza h\u00e1tra hagyd magad m\u00f6g\u00f6tt a gondokat.<br \/>\nT\u00edz \u00e9ven \u00e1t csak h\u00faztam-ny\u00faztam,v\u00e1rtam a legnagyobb csod\u00e1t.<br \/>\nT\u00edz \u00e9ven \u00e1t meguntam v\u00e1rni,ma v\u00e9gre indulok tov\u00e1bb.<br \/>\nT\u00edz \u00e9ven \u00e1t csak h\u00faztam-ny\u00faztam,v\u00e1rtam a legnagyobb csod\u00e1t.<br \/>\nT\u00edz \u00e9ven \u00e1t meguntam v\u00e1rni,ma v\u00e9gre indulok tov\u00e1bb.<br \/>\n&#8212;Sz\u00f3l\u00f3&#8212;<br \/>\nT\u00edz \u00e9ven \u00e1t csak h\u00faztam-ny\u00faztam,v\u00e1rtam a legnagyobb csod\u00e1t.<br \/>\nT\u00edz \u00e9ven \u00e1t meguntam v\u00e1rni,ma v\u00e9gre indulok tov\u00e1bb.<br \/>\nT\u00edz \u00e9ven \u00e1t csak h\u00faztam-ny\u00faztam,v\u00e1rtam a legnagyobb csod\u00e1t.<br \/>\nT\u00edz \u00e9ven \u00e1t meguntam v\u00e1rni,ma v\u00e9gre indulok tov\u00e1bb.<br \/>\n&#8212;V\u00e9ge&#8212;<\/p>\n","protected":false},"featured_media":10705,"template":"","meta":{"site-sidebar-layout":"default","site-content-layout":"default","ast-site-content-layout":"","site-content-style":"default","site-sidebar-style":"default","ast-global-header-display":"","ast-banner-title-visibility":"","ast-main-header-display":"","ast-hfb-above-header-display":"","ast-hfb-below-header-display":"","ast-hfb-mobile-header-display":"","site-post-title":"","ast-breadcrumbs-content":"","ast-featured-img":"","footer-sml-layout":"","theme-transparent-header-meta":"default","adv-header-id-meta":"","stick-header-meta":"","header-above-stick-meta":"","header-main-stick-meta":"","header-below-stick-meta":"","astra-migrate-meta-layouts":"default","ast-page-background-enabled":"default","ast-page-background-meta":{"desktop":{"background-color":"var(--ast-global-color-4)","background-image":"","background-repeat":"repeat","background-position":"center center","background-size":"auto","background-attachment":"scroll","background-type":"","background-media":"","overlay-type":"","overlay-color":"","overlay-opacity":"","overlay-gradient":""},"tablet":{"background-color":"","background-image":"","background-repeat":"repeat","background-position":"center center","background-size":"auto","background-attachment":"scroll","background-type":"","background-media":"","overlay-type":"","overlay-color":"","overlay-opacity":"","overlay-gradient":""},"mobile":{"background-color":"","background-image":"","background-repeat":"repeat","background-position":"center center","background-size":"auto","background-attachment":"scroll","background-type":"","background-media":"","overlay-type":"","overlay-color":"","overlay-opacity":"","overlay-gradient":""}},"ast-content-background-meta":{"desktop":{"background-color":"var(--ast-global-color-5)","background-image":"","background-repeat":"repeat","background-position":"center center","background-size":"auto","background-attachment":"scroll","background-type":"","background-media":"","overlay-type":"","overlay-color":"","overlay-opacity":"","overlay-gradient":""},"tablet":{"background-color":"var(--ast-global-color-5)","background-image":"","background-repeat":"repeat","background-position":"center center","background-size":"auto","background-attachment":"scroll","background-type":"","background-media":"","overlay-type":"","overlay-color":"","overlay-opacity":"","overlay-gradient":""},"mobile":{"background-color":"var(--ast-global-color-5)","background-image":"","background-repeat":"repeat","background-position":"center center","background-size":"auto","background-attachment":"scroll","background-type":"","background-media":"","overlay-type":"","overlay-color":"","overlay-opacity":"","overlay-gradient":""}}},"product_cat":[48],"product_tag":[],"class_list":["post-13163","product","type-product","status-publish","has-post-thumbnail","hentry","product_cat-sunkaraoke-dalok","desktop-align-left","tablet-align-left","mobile-align-left"],"_links":{"self":[{"href":"https:\/\/www.sunkaraoke.hu\/index.php\/wp-json\/wp\/v2\/product\/13163","targetHints":{"allow":["GET"]}}],"collection":[{"href":"https:\/\/www.sunkaraoke.hu\/index.php\/wp-json\/wp\/v2\/product"}],"about":[{"href":"https:\/\/www.sunkaraoke.hu\/index.php\/wp-json\/wp\/v2\/types\/product"}],"wp:featuredmedia":[{"embeddable":true,"href":"https:\/\/www.sunkaraoke.hu\/index.php\/wp-json\/wp\/v2\/media\/10705"}],"wp:attachment":[{"href":"https:\/\/www.sunkaraoke.hu\/index.php\/wp-json\/wp\/v2\/media?parent=13163"}],"wp:term":[{"taxonomy":"product_cat","embeddable":true,"href":"https:\/\/www.sunkaraoke.hu\/index.php\/wp-json\/wp\/v2\/product_cat?post=13163"},{"taxonomy":"product_tag","embeddable":true,"href":"https:\/\/www.sunkaraoke.hu\/index.php\/wp-json\/wp\/v2\/product_tag?post=13163"}],"curies":[{"name":"wp","href":"https:\/\/api.w.org\/{rel}","templated":true}]}}