{"id":13159,"date":"2024-05-22T17:14:27","date_gmt":"2024-05-22T17:14:27","guid":{"rendered":"https:\/\/www.sunkaraoke.hu\/?post_type=product&#038;p=13159"},"modified":"2024-05-22T17:15:54","modified_gmt":"2024-05-22T17:15:54","slug":"piros-bela-lehet-mindig-terad-vartam-2024","status":"publish","type":"product","link":"https:\/\/www.sunkaraoke.hu\/index.php\/termek\/piros-bela-lehet-mindig-terad-vartam-2024\/","title":{"rendered":"<div class=\"wcmp-player-container product-13159\"><audio controlslist=\"nodownload\" data-product=\"13159\"  volume=\"1\"  preload=\"none\" data-lazyloading=\"none\" class=\"wcmp-player track mejs-classic\" data-duration=\"0:32\" data-estimated_duration=\"4\"><source src=\"https:\/\/www.sunkaraoke.hu\/wp-content\/uploads\/2024\/05\/Lehet-mindig-2024._demo.mp3\" type=\"audio\/mp3\" \/><\/audio><\/div>Piros B\u00e9la &#8211; Lehet mindig ter\u00e1d v\u00e1rtam 2024."},"content":{"rendered":"<p><b>03:07<\/b>| <strong><img loading=\"lazy\" decoding=\"async\" class=\"alignnone size-full wp-image-467\" src=\"https:\/\/www.sunkaraoke.hu\/wp-content\/uploads\/2022\/07\/choir_2-copy.webp\" alt=\"\" width=\"30\" height=\"30\" \/> <\/strong><\/p>\n","protected":false},"excerpt":{"rendered":"<h6><strong>Bits\u0171r\u0171s\u00e9g: 320kb\/s<\/strong><br \/>\n<strong>Hossz: 03:07<\/strong><br \/>\n<strong>Vok\u00e1lt tartalmaz: Nem <img loading=\"lazy\" decoding=\"async\" class=\"alignnone size-full wp-image-467\" src=\"http:\/\/www.sunkaraoke.hu\/wp-content\/uploads\/2022\/07\/choir_2-copy.png\" alt=\"\" width=\"30\" height=\"30\" \/><\/strong><strong style=\"font-size: 16px;\"><br \/>\n<\/strong><\/h6>\n<p>Sunkaraoke mp3 st\u00fadi\u00f3 \/ www.sunkaraoke.hu \/ Inf: Tel: 06 20 4275001<\/p>\n<p>&#8212;Intr\u00f3&#8212;<br \/>\nAmikor megl\u00e1ttam, nem tudtam m\u00e9g,<br \/>\nhogy \u00c1mor ny\u00edl\u00e1val, most c\u00e9lba \u00e9rt,<br \/>\nk\u00e9t szem\u00e9t n\u00e9ztem csak, oly csod\u00e1s volt,<br \/>\n\u00e9reztem a pillanat, engem elrabolt.<br \/>\nLehet mindig ter\u00e1d v\u00e1rtam,<br \/>\nm\u00e1mor\u00edt-e csod\u00e1s \u00e9rzelem,<br \/>\naz els\u0151 perct\u0151l tudtam, te lehetsz az \u00e9n v\u00e9gzetem.<br \/>\nLehet mindig ter\u00e1d v\u00e1rtam, ezen a hossz\u00fa \u00e9leten,<br \/>\nde te nem vett\u00e9l m\u00e9g \u00e9szre,<br \/>\nilyen ez a bolond szerelem.<br \/>\n&#8212;Sz\u00f3l\u00f3&#8212;<br \/>\nMinden nap l\u00e1tom \u00e9n, sz\u00edven tal\u00e1l,<br \/>\nahogy csendben n\u00e9zem \u0151t, a facebook oldal\u00e1n,<br \/>\ntal\u00e1n ha meg\u00edrn\u00e1m, mit jelent nekem,<br \/>\nl\u00e1ngra is lobbana, e k\u00e9pzelt szerelem.<br \/>\nLehet mindig ter\u00e1d v\u00e1rtam,<br \/>\nm\u00e1mor\u00edt-e csod\u00e1s \u00e9rzelem,<br \/>\naz els\u0151 perct\u0151l tudtam, te lehetsz az \u00e9n v\u00e9gzetem.<br \/>\nLehet mindig ter\u00e1d v\u00e1rtam, ezen a hossz\u00fa \u00e9leten,<br \/>\nde te nem vett\u00e9l m\u00e9g \u00e9szre,<br \/>\nilyen ez a bolond szerelem.<br \/>\n&#8212;Sz\u00f3l\u00f3&#8212;<br \/>\nLehet mindig ter\u00e1d v\u00e1rtam,<br \/>\nm\u00e1mor\u00edt-e csod\u00e1s \u00e9rzelem,<br \/>\naz els\u0151 perct\u0151l tudtam, te lehetsz az \u00e9n v\u00e9gzetem.<br \/>\nLehet mindig ter\u00e1d v\u00e1rtam, ezen a hossz\u00fa \u00e9leten,<br \/>\nde lehet sosem tudod majd meg,<br \/>\nmilyen ez a bolond szerelem.<br \/>\n&#8212;V\u00e9ge&#8212;<\/p>\n","protected":false},"featured_media":12989,"template":"","meta":{"site-sidebar-layout":"default","site-content-layout":"default","ast-site-content-layout":"","site-content-style":"default","site-sidebar-style":"default","ast-global-header-display":"","ast-banner-title-visibility":"","ast-main-header-display":"","ast-hfb-above-header-display":"","ast-hfb-below-header-display":"","ast-hfb-mobile-header-display":"","site-post-title":"","ast-breadcrumbs-content":"","ast-featured-img":"","footer-sml-layout":"","theme-transparent-header-meta":"default","adv-header-id-meta":"","stick-header-meta":"","header-above-stick-meta":"","header-main-stick-meta":"","header-below-stick-meta":"","astra-migrate-meta-layouts":"default","ast-page-background-enabled":"default","ast-page-background-meta":{"desktop":{"background-color":"var(--ast-global-color-4)","background-image":"","background-repeat":"repeat","background-position":"center center","background-size":"auto","background-attachment":"scroll","background-type":"","background-media":"","overlay-type":"","overlay-color":"","overlay-opacity":"","overlay-gradient":""},"tablet":{"background-color":"","background-image":"","background-repeat":"repeat","background-position":"center center","background-size":"auto","background-attachment":"scroll","background-type":"","background-media":"","overlay-type":"","overlay-color":"","overlay-opacity":"","overlay-gradient":""},"mobile":{"background-color":"","background-image":"","background-repeat":"repeat","background-position":"center center","background-size":"auto","background-attachment":"scroll","background-type":"","background-media":"","overlay-type":"","overlay-color":"","overlay-opacity":"","overlay-gradient":""}},"ast-content-background-meta":{"desktop":{"background-color":"var(--ast-global-color-5)","background-image":"","background-repeat":"repeat","background-position":"center center","background-size":"auto","background-attachment":"scroll","background-type":"","background-media":"","overlay-type":"","overlay-color":"","overlay-opacity":"","overlay-gradient":""},"tablet":{"background-color":"var(--ast-global-color-5)","background-image":"","background-repeat":"repeat","background-position":"center center","background-size":"auto","background-attachment":"scroll","background-type":"","background-media":"","overlay-type":"","overlay-color":"","overlay-opacity":"","overlay-gradient":""},"mobile":{"background-color":"var(--ast-global-color-5)","background-image":"","background-repeat":"repeat","background-position":"center center","background-size":"auto","background-attachment":"scroll","background-type":"","background-media":"","overlay-type":"","overlay-color":"","overlay-opacity":"","overlay-gradient":""}}},"product_cat":[48],"product_tag":[],"class_list":["post-13159","product","type-product","status-publish","has-post-thumbnail","hentry","product_cat-sunkaraoke-dalok","desktop-align-left","tablet-align-left","mobile-align-left"],"_links":{"self":[{"href":"https:\/\/www.sunkaraoke.hu\/index.php\/wp-json\/wp\/v2\/product\/13159","targetHints":{"allow":["GET"]}}],"collection":[{"href":"https:\/\/www.sunkaraoke.hu\/index.php\/wp-json\/wp\/v2\/product"}],"about":[{"href":"https:\/\/www.sunkaraoke.hu\/index.php\/wp-json\/wp\/v2\/types\/product"}],"wp:featuredmedia":[{"embeddable":true,"href":"https:\/\/www.sunkaraoke.hu\/index.php\/wp-json\/wp\/v2\/media\/12989"}],"wp:attachment":[{"href":"https:\/\/www.sunkaraoke.hu\/index.php\/wp-json\/wp\/v2\/media?parent=13159"}],"wp:term":[{"taxonomy":"product_cat","embeddable":true,"href":"https:\/\/www.sunkaraoke.hu\/index.php\/wp-json\/wp\/v2\/product_cat?post=13159"},{"taxonomy":"product_tag","embeddable":true,"href":"https:\/\/www.sunkaraoke.hu\/index.php\/wp-json\/wp\/v2\/product_tag?post=13159"}],"curies":[{"name":"wp","href":"https:\/\/api.w.org\/{rel}","templated":true}]}}