{"id":13155,"date":"2024-05-22T17:11:29","date_gmt":"2024-05-22T17:11:29","guid":{"rendered":"https:\/\/www.sunkaraoke.hu\/?post_type=product&#038;p=13155"},"modified":"2024-05-22T17:13:48","modified_gmt":"2024-05-22T17:13:48","slug":"piros-bela-jo-lenne-ujra-2024","status":"publish","type":"product","link":"https:\/\/www.sunkaraoke.hu\/index.php\/termek\/piros-bela-jo-lenne-ujra-2024\/","title":{"rendered":"<div class=\"wcmp-player-container product-13155\"><audio controlslist=\"nodownload\" data-product=\"13155\"  volume=\"1\"  preload=\"none\" data-lazyloading=\"none\" class=\"wcmp-player track mejs-classic\" data-duration=\"0:32\" data-estimated_duration=\"4\"><source src=\"https:\/\/www.sunkaraoke.hu\/wp-content\/uploads\/2024\/05\/Jo-lenne-ujra-2024_demo.mp3\" type=\"audio\/mp3\" \/><\/audio><\/div>Piros B\u00e9la &#8211; J\u00f3 lenne \u00fajra 2024."},"content":{"rendered":"<p><b>03:40<\/b>| <strong><img loading=\"lazy\" decoding=\"async\" class=\"alignnone size-full wp-image-467\" src=\"https:\/\/www.sunkaraoke.hu\/wp-content\/uploads\/2022\/07\/choir_2-copy.webp\" alt=\"\" width=\"30\" height=\"30\" \/> <\/strong><\/p>\n","protected":false},"excerpt":{"rendered":"<h6><strong>Bits\u0171r\u0171s\u00e9g: 320kb\/s<\/strong><br \/>\n<strong>Hossz: 03:40<\/strong><br \/>\n<strong>Vok\u00e1lt tartalmaz: Nem <img loading=\"lazy\" decoding=\"async\" class=\"alignnone size-full wp-image-467\" src=\"http:\/\/www.sunkaraoke.hu\/wp-content\/uploads\/2022\/07\/choir_2-copy.png\" alt=\"\" width=\"30\" height=\"30\" \/><\/strong><strong style=\"font-size: 16px;\"><br \/>\n<\/strong><\/h6>\n<p>Sunkaraoke mp3 st\u00fadi\u00f3 \/ www.sunkaraoke.hu \/ Inf: Tel: 06 20 4275001<\/p>\n<p>&#8212;Intr\u00f3&#8212;<br \/>\nS\u00f6t\u00e9t utc\u00e1n ballagok, elk\u00eds\u00e9rnek a csillagok,<br \/>\nn\u00e9h\u00e1ny lev\u00e9l zizeg a f\u00e1n, mi a sz\u00e9lben t\u00e1ncot j\u00e1r.<br \/>\nEzer eml\u00e9k vissza j\u00e1r, a sz\u00edvemre r\u00e1tal\u00e1l,<br \/>\nma sem \u00e9rtem hov\u00e1 t\u00fcnt, az az \u0151r\u00fclt \u00e9gi var\u00e1zs.<br \/>\nJ\u00f3 lenne \u00fajra, \u00e1lmodozni,<br \/>\n\u00fajra, \u00fagy szeretni,<br \/>\n\u00fajra, rabja lenni a k\u00e9t szemednek m\u00e9g.<br \/>\nJ\u00f3 lenne \u00fajra, \u00e1t\u00f6lelni,<br \/>\n\u00fajra, veled lenni,<br \/>\n\u00fajra, \u00e9rezni hogy a sz\u00edved csak az eny\u00e9m.<br \/>\n&#8212;Sz\u00f3l\u00f3&#8212;<br \/>\nSzob\u00e1m f\u00e9lhom\u00e1ly\u00e1n t\u00fal, hi\u00e1nyod gy\u00f6t\u00f6r vad\u00fal,<br \/>\ncsak egy apr\u00f3 gyertyal\u00e1ng, t\u00e1ncol a holdf\u00e9ny terasz\u00e1n.<br \/>\nVeled minden m\u00e1s volt r\u00e9g, te adt\u00e1l ezer \u00faj es\u00e9lyt,<br \/>\n\u00e9s most egyed\u00fcl \u00e9bredek, elrabolt t\u0151lem a k\u00e9pzelet.<br \/>\nJ\u00f3 lenne \u00fajra, \u00e1lmodozni,<br \/>\n\u00fajra, \u00fagy szeretni,<br \/>\n\u00fajra, rabja lenni a k\u00e9t szemednek m\u00e9g.<br \/>\nJ\u00f3 lenne \u00fajra, \u00e1t\u00f6lelni,<br \/>\n\u00fajra, veled lenni,<br \/>\n\u00fajra, \u00e9rezni hogy a sz\u00edved csak az eny\u00e9m.<br \/>\n&#8212;Sz\u00f3l\u00f3&#8212;<br \/>\nJ\u00f3 lenne \u00fajra, \u00e1lmodozni,<br \/>\n\u00fajra, \u00fagy szeretni,<br \/>\n\u00fajra, rabja lenni a k\u00e9t szemednek m\u00e9g.<br \/>\nJ\u00f3 lenne \u00fajra, \u00e1t\u00f6lelni,<br \/>\n\u00fajra, veled lenni,<br \/>\n\u00fajra, \u00e9rezni hogy a sz\u00edved csak az eny\u00e9m.<br \/>\n&#8212;V\u00e9ge&#8212;<\/p>\n","protected":false},"featured_media":12989,"template":"","meta":{"site-sidebar-layout":"default","site-content-layout":"default","ast-site-content-layout":"","site-content-style":"default","site-sidebar-style":"default","ast-global-header-display":"","ast-banner-title-visibility":"","ast-main-header-display":"","ast-hfb-above-header-display":"","ast-hfb-below-header-display":"","ast-hfb-mobile-header-display":"","site-post-title":"","ast-breadcrumbs-content":"","ast-featured-img":"","footer-sml-layout":"","theme-transparent-header-meta":"default","adv-header-id-meta":"","stick-header-meta":"","header-above-stick-meta":"","header-main-stick-meta":"","header-below-stick-meta":"","astra-migrate-meta-layouts":"default","ast-page-background-enabled":"default","ast-page-background-meta":{"desktop":{"background-color":"var(--ast-global-color-4)","background-image":"","background-repeat":"repeat","background-position":"center center","background-size":"auto","background-attachment":"scroll","background-type":"","background-media":"","overlay-type":"","overlay-color":"","overlay-opacity":"","overlay-gradient":""},"tablet":{"background-color":"","background-image":"","background-repeat":"repeat","background-position":"center center","background-size":"auto","background-attachment":"scroll","background-type":"","background-media":"","overlay-type":"","overlay-color":"","overlay-opacity":"","overlay-gradient":""},"mobile":{"background-color":"","background-image":"","background-repeat":"repeat","background-position":"center center","background-size":"auto","background-attachment":"scroll","background-type":"","background-media":"","overlay-type":"","overlay-color":"","overlay-opacity":"","overlay-gradient":""}},"ast-content-background-meta":{"desktop":{"background-color":"var(--ast-global-color-5)","background-image":"","background-repeat":"repeat","background-position":"center center","background-size":"auto","background-attachment":"scroll","background-type":"","background-media":"","overlay-type":"","overlay-color":"","overlay-opacity":"","overlay-gradient":""},"tablet":{"background-color":"var(--ast-global-color-5)","background-image":"","background-repeat":"repeat","background-position":"center center","background-size":"auto","background-attachment":"scroll","background-type":"","background-media":"","overlay-type":"","overlay-color":"","overlay-opacity":"","overlay-gradient":""},"mobile":{"background-color":"var(--ast-global-color-5)","background-image":"","background-repeat":"repeat","background-position":"center center","background-size":"auto","background-attachment":"scroll","background-type":"","background-media":"","overlay-type":"","overlay-color":"","overlay-opacity":"","overlay-gradient":""}}},"product_cat":[48],"product_tag":[],"class_list":["post-13155","product","type-product","status-publish","has-post-thumbnail","hentry","product_cat-sunkaraoke-dalok","desktop-align-left","tablet-align-left","mobile-align-left"],"_links":{"self":[{"href":"https:\/\/www.sunkaraoke.hu\/index.php\/wp-json\/wp\/v2\/product\/13155","targetHints":{"allow":["GET"]}}],"collection":[{"href":"https:\/\/www.sunkaraoke.hu\/index.php\/wp-json\/wp\/v2\/product"}],"about":[{"href":"https:\/\/www.sunkaraoke.hu\/index.php\/wp-json\/wp\/v2\/types\/product"}],"wp:featuredmedia":[{"embeddable":true,"href":"https:\/\/www.sunkaraoke.hu\/index.php\/wp-json\/wp\/v2\/media\/12989"}],"wp:attachment":[{"href":"https:\/\/www.sunkaraoke.hu\/index.php\/wp-json\/wp\/v2\/media?parent=13155"}],"wp:term":[{"taxonomy":"product_cat","embeddable":true,"href":"https:\/\/www.sunkaraoke.hu\/index.php\/wp-json\/wp\/v2\/product_cat?post=13155"},{"taxonomy":"product_tag","embeddable":true,"href":"https:\/\/www.sunkaraoke.hu\/index.php\/wp-json\/wp\/v2\/product_tag?post=13155"}],"curies":[{"name":"wp","href":"https:\/\/api.w.org\/{rel}","templated":true}]}}