{"id":13106,"date":"2024-05-14T14:19:25","date_gmt":"2024-05-14T14:19:25","guid":{"rendered":"https:\/\/www.sunkaraoke.hu\/?post_type=product&#038;p=13106"},"modified":"2026-03-27T07:06:39","modified_gmt":"2026-03-27T05:06:39","slug":"csore-bela-nekem-nem-kell-soha-regi-szerelem-2024","status":"publish","type":"product","link":"https:\/\/www.sunkaraoke.hu\/index.php\/termek\/csore-bela-nekem-nem-kell-soha-regi-szerelem-2024\/","title":{"rendered":"<div class=\"wcmp-player-container product-13106\"><audio controlslist=\"nodownload\" data-product=\"13106\"  volume=\"1\"  preload=\"none\" data-lazyloading=\"none\" class=\"wcmp-player track mejs-classic\" data-duration=\"0:33\" data-estimated_duration=\"4\"><source src=\"https:\/\/www.sunkaraoke.hu\/wp-content\/uploads\/2024\/05\/Nekem-nem-kell-soha_demo.mp3\" type=\"audio\/mp3\" \/><\/audio><\/div>Cs\u00f3r\u00e9 B\u00e9la &#8211; Nekem nem kell soha r\u00e9gi szerelem 2024."},"content":{"rendered":"<p><strong>02:51<\/strong>\u00a0| <strong><img loading=\"lazy\" decoding=\"async\" class=\"alignnone size-full wp-image-467\" src=\"https:\/\/www.sunkaraoke.hu\/wp-content\/uploads\/2022\/07\/choir_2-copy.webp\" alt=\"\" width=\"30\" height=\"30\" \/> <\/strong><\/p>\n","protected":false},"excerpt":{"rendered":"<h6><strong>Bits\u0171r\u0171s\u00e9g: 320<\/strong>kb\/s<strong><br \/>\n<\/strong><strong>Hossz: 02:51<\/strong><strong><br \/>\n<\/strong><strong style=\"font-size: 16px;\">Vok\u00e1lt tartalmaz: <\/strong>Nem <img loading=\"lazy\" decoding=\"async\" class=\"alignnone size-full wp-image-467\" src=\"http:\/\/www.sunkaraoke.hu\/wp-content\/uploads\/2022\/07\/choir_2-copy.png\" alt=\"\" width=\"30\" height=\"30\" \/><\/h6>\n<p>Sunkaraoke mp3 st\u00fadi\u00f3 \/ www.sunkaraoke.hu \/ Inf: Tel: 06 20 4275001<\/p>\n<p>&#8212;Intr\u00f3&#8212;<br \/>\nNekem nem kell soha r\u00e9gi szerelem,<br \/>\nbenned mindig csak a r\u00e9git keresem.<br \/>\nNekem a boldogtalans\u00e1gra,<br \/>\nmost nincs id\u0151m,<br \/>\nelmegyek, jobb lesz majd n\u00e9lk\u00fcled.<br \/>\nTudod ha ny\u00edlnak, egyszer majd az orgon\u00e1k,<br \/>\na sz\u00edvem megint, mindig \u00fajra,<br \/>\ncsak r\u00e1d tal\u00e1l.<br \/>\nNekem a boldogtalans\u00e1gra,<br \/>\nmost nincs id\u0151m,<br \/>\nelmegyek, jobb lesz majd n\u00e9lk\u00fcled.<br \/>\n&#8212;Sz\u00f3l\u00f3&#8212;<br \/>\nNekem nem kell soha r\u00e9gi szerelem,<br \/>\nbenned mindig, csak a r\u00e9git keresem.<br \/>\nNekem a boldogtalans\u00e1gra,<br \/>\nmost nincs id\u0151m,<br \/>\nelmegyek jobb lesz majd n\u00e9lk\u00fcled.<br \/>\nTudod ha ny\u00edlnak, egyszer majd az orgon\u00e1k,<br \/>\na sz\u00edvem megint, mindig \u00fajra,<br \/>\ncsak r\u00e1d tal\u00e1l.<br \/>\nNekem a boldogtalans\u00e1gra,<br \/>\nmost nincs id\u0151m,<br \/>\nelmegyek jobb lesz majd n\u00e9lk\u00fcled.<br \/>\nNekem nem kell, soha r\u00e9gi szerelem,<br \/>\nbenned mindig, csak a r\u00e9git keresem.<br \/>\nNekem a boldogtalans\u00e1gra,<br \/>\nmost nincs id\u0151m,<br \/>\nelmegyek jobb lesz majd n\u00e9lk\u00fcled.<br \/>\n&#8212;V\u00e9ge&#8212;<\/p>\n","protected":false},"featured_media":8991,"template":"","meta":{"site-sidebar-layout":"default","site-content-layout":"default","ast-site-content-layout":"default","site-content-style":"default","site-sidebar-style":"default","ast-global-header-display":"","ast-banner-title-visibility":"","ast-main-header-display":"","ast-hfb-above-header-display":"","ast-hfb-below-header-display":"","ast-hfb-mobile-header-display":"","site-post-title":"","ast-breadcrumbs-content":"","ast-featured-img":"","footer-sml-layout":"","theme-transparent-header-meta":"default","adv-header-id-meta":"","stick-header-meta":"","header-above-stick-meta":"","header-main-stick-meta":"","header-below-stick-meta":"","astra-migrate-meta-layouts":"set","ast-page-background-enabled":"default","ast-page-background-meta":{"desktop":{"background-color":"var(--ast-global-color-4)","background-image":"","background-repeat":"repeat","background-position":"center center","background-size":"auto","background-attachment":"scroll","background-type":"","background-media":"","overlay-type":"","overlay-color":"","overlay-opacity":"","overlay-gradient":""},"tablet":{"background-color":"","background-image":"","background-repeat":"repeat","background-position":"center center","background-size":"auto","background-attachment":"scroll","background-type":"","background-media":"","overlay-type":"","overlay-color":"","overlay-opacity":"","overlay-gradient":""},"mobile":{"background-color":"","background-image":"","background-repeat":"repeat","background-position":"center center","background-size":"auto","background-attachment":"scroll","background-type":"","background-media":"","overlay-type":"","overlay-color":"","overlay-opacity":"","overlay-gradient":""}},"ast-content-background-meta":{"desktop":{"background-color":"var(--ast-global-color-5)","background-image":"","background-repeat":"repeat","background-position":"center center","background-size":"auto","background-attachment":"scroll","background-type":"","background-media":"","overlay-type":"","overlay-color":"","overlay-opacity":"","overlay-gradient":""},"tablet":{"background-color":"var(--ast-global-color-5)","background-image":"","background-repeat":"repeat","background-position":"center center","background-size":"auto","background-attachment":"scroll","background-type":"","background-media":"","overlay-type":"","overlay-color":"","overlay-opacity":"","overlay-gradient":""},"mobile":{"background-color":"var(--ast-global-color-5)","background-image":"","background-repeat":"repeat","background-position":"center center","background-size":"auto","background-attachment":"scroll","background-type":"","background-media":"","overlay-type":"","overlay-color":"","overlay-opacity":"","overlay-gradient":""}}},"product_cat":[48],"product_tag":[],"class_list":["post-13106","product","type-product","status-publish","has-post-thumbnail","hentry","product_cat-sunkaraoke-dalok","desktop-align-left","tablet-align-left","mobile-align-left"],"_links":{"self":[{"href":"https:\/\/www.sunkaraoke.hu\/index.php\/wp-json\/wp\/v2\/product\/13106","targetHints":{"allow":["GET"]}}],"collection":[{"href":"https:\/\/www.sunkaraoke.hu\/index.php\/wp-json\/wp\/v2\/product"}],"about":[{"href":"https:\/\/www.sunkaraoke.hu\/index.php\/wp-json\/wp\/v2\/types\/product"}],"wp:featuredmedia":[{"embeddable":true,"href":"https:\/\/www.sunkaraoke.hu\/index.php\/wp-json\/wp\/v2\/media\/8991"}],"wp:attachment":[{"href":"https:\/\/www.sunkaraoke.hu\/index.php\/wp-json\/wp\/v2\/media?parent=13106"}],"wp:term":[{"taxonomy":"product_cat","embeddable":true,"href":"https:\/\/www.sunkaraoke.hu\/index.php\/wp-json\/wp\/v2\/product_cat?post=13106"},{"taxonomy":"product_tag","embeddable":true,"href":"https:\/\/www.sunkaraoke.hu\/index.php\/wp-json\/wp\/v2\/product_tag?post=13106"}],"curies":[{"name":"wp","href":"https:\/\/api.w.org\/{rel}","templated":true}]}}