{"id":13099,"date":"2024-05-13T12:17:41","date_gmt":"2024-05-13T12:17:41","guid":{"rendered":"https:\/\/www.sunkaraoke.hu\/?post_type=product&#038;p=13099"},"modified":"2024-05-13T14:09:57","modified_gmt":"2024-05-13T14:09:57","slug":"piros-bela-bulizos-mix-2024","status":"publish","type":"product","link":"https:\/\/www.sunkaraoke.hu\/index.php\/termek\/piros-bela-bulizos-mix-2024\/","title":{"rendered":"<div class=\"wcmp-player-container product-13099\"><audio controlslist=\"nodownload\" data-product=\"13099\"  volume=\"1\"  preload=\"none\" data-lazyloading=\"none\" class=\"wcmp-player track mejs-classic\" data-duration=\"0:32\" data-estimated_duration=\"4\"><source src=\"https:\/\/www.sunkaraoke.hu\/wp-content\/uploads\/2024\/05\/Bulizos-mix-2024.-demo.mp3\" type=\"audio\/mp3\" \/><\/audio><\/div>Piros B\u00e9la &#8211; Buliz\u00f3s mix 2024."},"content":{"rendered":"<p><b>11:48<\/b>| <strong><img loading=\"lazy\" decoding=\"async\" class=\"alignnone size-full wp-image-467\" src=\"https:\/\/www.sunkaraoke.hu\/wp-content\/uploads\/2022\/07\/choir_2-copy.webp\" alt=\"\" width=\"30\" height=\"30\" \/> <\/strong><\/p>\n","protected":false},"excerpt":{"rendered":"<h6><strong>Bits\u0171r\u0171s\u00e9g: 320kb\/s<\/strong><br \/>\n<strong>Hossz:11:48<\/strong><br \/>\n<strong>Vok\u00e1lt tartalmaz: Nem <img loading=\"lazy\" decoding=\"async\" class=\"alignnone size-full wp-image-467\" src=\"http:\/\/www.sunkaraoke.hu\/wp-content\/uploads\/2022\/07\/choir_2-copy.png\" alt=\"\" width=\"30\" height=\"30\" \/><\/strong><strong style=\"font-size: 16px;\"><br \/>\n<\/strong><\/h6>\n<p>Sunkaraoke mp3 st\u00fadi\u00f3 \/ www.sunkaraoke.hu \/ Inf: Tel: 06 20 4275001<\/p>\n<p>&#8212;Intr\u00f3&#8212;\/\/00:16\/\/<br \/>\nNincs szerencs\u00e9m, a szerelemben nincs szerencs\u00e9m,<br \/>\nmert soha-soha nem szerettem, csak olyat, aki t\u00f6nkretett.<br \/>\nMenj, ne sajn\u00e1lj,az \u00e9n bajom, ha m\u00e1r megunt\u00e1l,<br \/>\ns a te bajod, ha majd ut\u00f3lag,az ide\u00e1lod \u00e9n leszek.<br \/>\nN\u00e9zzetek meg jobban,mi van furcsa rajtam,<br \/>\nmondj\u00e1tok meg, mi lesz m\u00e9g velem!<br \/>\nNincs szerencs\u00e9m, a szerelemben nincs szerencs\u00e9m,<br \/>\nmert soha-soha nem tal\u00e1ltam, csak olyat, aki r\u00e1szedett.<br \/>\n&#8212;Sz\u00f3l\u00f3&#8212;\/\/01:22\/\/<br \/>\nNincs szerencs\u00e9m, a szerelemben nincs szerencs\u00e9m,<br \/>\nmert soha-soha nem szerettem, csak olyat, aki t\u00f6nkretett.<br \/>\nMajd meg\u00e9rem, vagy legal\u00e1bb is \u00fagy rem\u00e9lem,<br \/>\nhogy el\u0151bb-ut\u00f3bb elj\u00f6n \u00e9rtem,majd az is aki megszeret.<br \/>\nN\u00e9zzetek meg jobban,mi van furcsa rajtam,<br \/>\nmondj\u00e1tok meg, mi lesz m\u00e9g velem!<br \/>\nNincs szerencs\u00e9m, a szerelemben nincs szerencs\u00e9m,<br \/>\nmert soha-soha nem tal\u00e1ltam, csak olyat, aki r\u00e1szedett.<br \/>\n&#8212;Sz\u00f3l\u00f3&#8212;\/602:41\/\/<br \/>\nSzemedben k\u00f6nnyek,haragszol r\u00e1m.<br \/>\nHogy el kell menjek,nem az \u00e9n hib\u00e1m.<br \/>\nKell hogy v\u00e1rj, v\u00e1rj is meg,ne f\u00e9lj, \u00fajra visszaj\u00f6v\u00f6k.<br \/>\nDe addig \u00edrj, gyakran \u00edrj,\u00edgy szerezz egy kis \u00f6r\u00f6m\u00f6t nekem.<br \/>\nKisz\u00e1radt torkom \u00e9s \u00e9g a sz\u00e1m,utols\u00f3 cs\u00f3kunk, gondolj majd r\u00e1m.<br \/>\nKell hogy v\u00e1rj, v\u00e1rj is meg,ne f\u00e9lj, \u00fajra visszaj\u00f6v\u00f6k.<br \/>\nDe addig \u00edrj, gyakran \u00edrj,\u00edgy szerezz egy kis \u00f6r\u00f6m\u00f6t nekem.<br \/>\nNevess, hisz \u00edgy szeretlek,vid\u00e1mnak \u00e9s kedvesnek,<br \/>\nl\u00e1ssalak, ha nem leszel velem.<br \/>\nNeh\u00e9z most messze menni,de k\u00f6nnyebb elviselni,ha r\u00e1d majd \u00edgy eml\u00e9kezem.<br \/>\nTitokban s\u00edrhatsz egy kicsit m\u00e9g,na j\u00f3l van most m\u00e1r, ennyi el\u00e9g.<br \/>\nKell hogy v\u00e1rj, v\u00e1rj is meg,ne f\u00e9lj, \u00fajra visszaj\u00f6v\u00f6k.<br \/>\nDe addig \u00edrj, gyakran \u00edrj,\u00edgy szerezz egy kis \u00f6r\u00f6m\u00f6t.<br \/>\nKell hogy v\u00e1rj, v\u00e1rj is meg,ne f\u00e9lj, \u00fajra visszaj\u00f6v\u00f6k.<br \/>\nDe addig \u00edrj, gyakran \u00edrj,\u00edgy szerezz egy kis \u00f6r\u00f6m\u00f6t.<br \/>\n&#8212;Sz\u00f3l\u00f3&#8212;\/\/04:55\/\/<br \/>\nDe szomor\u00fa, ha ny\u00e1r ut\u00e1n,s\u00e1rga lev\u00e9l zizeg a f\u00e1n.<br \/>\nA f\u00fclemben az \u0151szi sz\u00e9l,\u00e9des eml\u00e9kekr\u0151l mes\u00e9l.<br \/>\nKis szob\u00e1mban, minden olyan,kihalt , \u00fcres.<br \/>\nTal\u00e1lok bent, egy b\u00fas sz\u00edvet?Felnyitom a v\u00e9n zongor\u00e1t,elj\u00e1tszom b\u00fas sz\u00edvem dal\u00e1t.<br \/>\nHalv\u00e1ny \u0151szi r\u00f3zsa,mondd el, hogy im\u00e1dom \u0151t.<br \/>\nHalv\u00e1ny \u0151szi r\u00f3zsa,m\u00e9rt nem j\u00f6n sosem fel\u00e9m?<br \/>\nMondd el, hogy rab vagyok,azt is, hogy meghalok,ha m\u00e1st szeret.<br \/>\nHalv\u00e1ny \u0151szi r\u00f3zsa,gy\u00f3gy\u00edtsd meg a sz\u00edvemet.<br \/>\nMondd el, hogy rab vagyok,azt is, hogy meghalok,ha m\u00e1st szeret.<br \/>\nHalv\u00e1ny \u0151szi r\u00f3zsa,gy\u00f3gy\u00edtsd meg a sz\u00edvemet.<br \/>\nMajd, ha \u00fajra elj\u00f6n a ny\u00e1r,a boldogs\u00e1g re\u00e1nk tal\u00e1l.<br \/>\nVisszahozza egy perc alatt,mindazt, ami \u00fagy elszaladt.<br \/>\nVir\u00e1g ny\u00edlik, kis szob\u00e1mnak,kis ablak\u00e1n,elj\u00f6n hozz\u00e1m, az \u00e9n bab\u00e1m.<br \/>\nVir\u00e1g lesz majd a f\u00e1jdalom,vir\u00e1g lesz majd a buzgalom.<br \/>\nHalv\u00e1ny \u0151szi r\u00f3zsa,mondd el, hogy im\u00e1dom \u0151t.<br \/>\nHalv\u00e1ny \u0151szi r\u00f3zsa,m\u00e9rt nem j\u00f6n sosem fel\u00e9m?<br \/>\nMondd el, hogy rab vagyok,azt is, hogy meghalok,ha m\u00e1st szeret.<br \/>\nHalv\u00e1ny \u0151szi r\u00f3zsa,gy\u00f3gy\u00edtsd meg a sz\u00edvemet.<br \/>\nMondd el, hogy rab vagyok,azt is, hogy meghalok,ha m\u00e1st szeret.<br \/>\nHalv\u00e1ny \u0151szi r\u00f3zsa,gy\u00f3gy\u00edtsd meg a sz\u00edvemet.<br \/>\n&#8212;Sz\u00f3l\u00f3&#8212;\/\/07:19\/\/<br \/>\nKis cs\u00f3nakom leng a Duna viz\u00e9n,barna kisl\u00e1ny \u00e1ll a t\u00fals\u00f3 sz\u00e9l\u00e9n.<br \/>\nSelyemkend\u00f6t lobogtat kez\u00e9ben,integet, hogy evezzek fel\u00e9je.<br \/>\nSelyemkend\u00f6t lobogtat kez\u00e9ben,integet, hogy evezzek fel\u00e9je.<br \/>\nEvezn\u00e9k, de nem b\u00edrja a karom,elt\u00f6r\u00f6tt az evez\u00f6 lap\u00e1tom.<br \/>\nKis cs\u00f3nakom nem halad el\u00f6re,Isten veled kedvesem \u00f6r\u00f6kre.<br \/>\nKis cs\u00f3nakom nem halad el\u00f6re,Isten veled kedvesem \u00f6r\u00f6kre.<br \/>\n&#8212;Sz\u00f3l\u00f3&#8212;\/\/08:07\/\/<br \/>\nS\u00e1rgul m\u00e1r a kukoricasz\u00e1r,vadvir\u00e1gos, mad\u00e1rdalos a hat\u00e1r.<br \/>\nSz\u00e9p galambom, kicsi tubic\u00e1m,patyolatos jegykend\u0151vel v\u00e1rj \u00e9nr\u00e1m.<br \/>\nPatyolatos jegykend\u0151vel, kicsi sz\u00edved szerelm\u00e9vel,l\u00e9gy az eny\u00e9m kisbab\u00e1m!<br \/>\nS\u00e1rgul m\u00e1r a kukoricasz\u00e1r,az \u00e9n sz\u00edvem kis galambom t\u00e9ged v\u00e1r.<br \/>\nPatyolatos jegykend\u0151vel, kicsi sz\u00edved szerelm\u00e9vel,l\u00e9gy az eny\u00e9m kisbab\u00e1m!<br \/>\nS\u00e1rgul m\u00e1r a kukoricasz\u00e1r,az \u00e9n sz\u00edvem kis galambom t\u00e9ged v\u00e1r.<br \/>\nS\u00e1rgul m\u00e1r a kukoricasz\u00e1r,p\u00e1ros\u00e1val k\u00f6lt\u00f6zik a kismad\u00e1r.<br \/>\n\u00c1rva f\u00e9szek a h\u00e1z eresz\u00e9n,h\u00e9t falunak legszebb l\u00e1nya az eny\u00e9m.<br \/>\nH\u00e9t falunak legszebb l\u00e1nya,lelkem dalos csalog\u00e1nya,f\u00e9szket rakn\u00e9k v\u00e9led \u00e9n.<br \/>\nS\u00e1rgul m\u00e1r a kukoricasz\u00e1r,ugye bab\u00e1m mi egym\u00e1s\u00e9 lesz\u00fcnk m\u00e1r.<br \/>\nH\u00e9t falunak legszebb l\u00e1nya,lelkem dalos csalog\u00e1nya,f\u00e9szket rakn\u00e9k v\u00e9led \u00e9n.<br \/>\nS\u00e1rgul m\u00e1r a kukoricasz\u00e1r,ugye bab\u00e1m mi egym\u00e1s\u00e9 lesz\u00fcnk m\u00e1r.<br \/>\n&#8212;Sz\u00f3l\u00f3&#8212;\/\/09:43\/\/<br \/>\nMicsoda \u00e9jjel, \u00e9s micsoda \u00e9rz\u00e9s,<br \/>\nazt hittem, nem m\u00e1s, csak fut\u00f3 kaland.<br \/>\nV\u00e1rom, hogy csengess, v\u00e1rom, hogy felh\u00edvsz,<br \/>\nde szeretn\u00e9m hinni, hogy velem maradsz.<br \/>\nNevetve \u00e9lek, de akarom \u0151t, keresem \u0151t, szeretem \u0151t,\u00e9s mint egy k\u00e1rtyaj\u00e1t\u00e9kos,<br \/>\nmindent egy lapra tettem fel \u00e9n.<br \/>\nSe veled, se n\u00e9lk\u00fcled \u00e9lni nem tudok,de neh\u00e9z eld\u00f6ntenem, csiki-csuki \u00e1llapot!<br \/>\nSe veled, se n\u00e9lk\u00fcled \u00e9lni nem tudok,szabadulni t\u0151led \u00e9n t\u00f6bb\u00e9 nem fogok.<br \/>\nHa mell\u00e9m b\u00fajsz v\u00e9gre, \u00e9s egy\u00fctt van minden,\u00fagy \u00e9rzem, jobb m\u00e1r nem is lehet.<br \/>\nDe elj\u00f6n a reggel, s vele egy \u00faj nap,tal\u00e1n m\u00e1r m\u00e1s kell, \u00edgy nem mehet!<br \/>\nNevetve \u00e9lek, de akarom \u0151t,keresem \u0151t, szeretem \u0151t,<br \/>\n\u00e9s mint egy k\u00e1rtyaj\u00e1t\u00e9kos,mindent egy lapra tettem fel \u00e9n.<br \/>\nSe veled, se n\u00e9lk\u00fcled \u00e9lni nem tudok,de neh\u00e9z eld\u00f6ntenem, csiki-csuki \u00e1llapot!<br \/>\nSe veled, se n\u00e9lk\u00fcled \u00e9lni nem tudok,szabadulni t\u0151led \u00e9n t\u00f6bb\u00e9 nem fogok.<br \/>\n&#8212;V\u00e9ge&#8212;<\/p>\n","protected":false},"featured_media":12989,"template":"","meta":{"site-sidebar-layout":"default","site-content-layout":"default","ast-site-content-layout":"","site-content-style":"default","site-sidebar-style":"default","ast-global-header-display":"","ast-banner-title-visibility":"","ast-main-header-display":"","ast-hfb-above-header-display":"","ast-hfb-below-header-display":"","ast-hfb-mobile-header-display":"","site-post-title":"","ast-breadcrumbs-content":"","ast-featured-img":"","footer-sml-layout":"","theme-transparent-header-meta":"default","adv-header-id-meta":"","stick-header-meta":"","header-above-stick-meta":"","header-main-stick-meta":"","header-below-stick-meta":"","astra-migrate-meta-layouts":"default","ast-page-background-enabled":"default","ast-page-background-meta":{"desktop":{"background-color":"var(--ast-global-color-4)","background-image":"","background-repeat":"repeat","background-position":"center center","background-size":"auto","background-attachment":"scroll","background-type":"","background-media":"","overlay-type":"","overlay-color":"","overlay-opacity":"","overlay-gradient":""},"tablet":{"background-color":"","background-image":"","background-repeat":"repeat","background-position":"center center","background-size":"auto","background-attachment":"scroll","background-type":"","background-media":"","overlay-type":"","overlay-color":"","overlay-opacity":"","overlay-gradient":""},"mobile":{"background-color":"","background-image":"","background-repeat":"repeat","background-position":"center center","background-size":"auto","background-attachment":"scroll","background-type":"","background-media":"","overlay-type":"","overlay-color":"","overlay-opacity":"","overlay-gradient":""}},"ast-content-background-meta":{"desktop":{"background-color":"var(--ast-global-color-5)","background-image":"","background-repeat":"repeat","background-position":"center center","background-size":"auto","background-attachment":"scroll","background-type":"","background-media":"","overlay-type":"","overlay-color":"","overlay-opacity":"","overlay-gradient":""},"tablet":{"background-color":"var(--ast-global-color-5)","background-image":"","background-repeat":"repeat","background-position":"center center","background-size":"auto","background-attachment":"scroll","background-type":"","background-media":"","overlay-type":"","overlay-color":"","overlay-opacity":"","overlay-gradient":""},"mobile":{"background-color":"var(--ast-global-color-5)","background-image":"","background-repeat":"repeat","background-position":"center center","background-size":"auto","background-attachment":"scroll","background-type":"","background-media":"","overlay-type":"","overlay-color":"","overlay-opacity":"","overlay-gradient":""}}},"product_cat":[48],"product_tag":[],"class_list":["post-13099","product","type-product","status-publish","has-post-thumbnail","hentry","product_cat-sunkaraoke-dalok","desktop-align-left","tablet-align-left","mobile-align-left"],"_links":{"self":[{"href":"https:\/\/www.sunkaraoke.hu\/index.php\/wp-json\/wp\/v2\/product\/13099","targetHints":{"allow":["GET"]}}],"collection":[{"href":"https:\/\/www.sunkaraoke.hu\/index.php\/wp-json\/wp\/v2\/product"}],"about":[{"href":"https:\/\/www.sunkaraoke.hu\/index.php\/wp-json\/wp\/v2\/types\/product"}],"wp:featuredmedia":[{"embeddable":true,"href":"https:\/\/www.sunkaraoke.hu\/index.php\/wp-json\/wp\/v2\/media\/12989"}],"wp:attachment":[{"href":"https:\/\/www.sunkaraoke.hu\/index.php\/wp-json\/wp\/v2\/media?parent=13099"}],"wp:term":[{"taxonomy":"product_cat","embeddable":true,"href":"https:\/\/www.sunkaraoke.hu\/index.php\/wp-json\/wp\/v2\/product_cat?post=13099"},{"taxonomy":"product_tag","embeddable":true,"href":"https:\/\/www.sunkaraoke.hu\/index.php\/wp-json\/wp\/v2\/product_tag?post=13099"}],"curies":[{"name":"wp","href":"https:\/\/api.w.org\/{rel}","templated":true}]}}