{"id":13057,"date":"2024-05-02T12:16:20","date_gmt":"2024-05-02T12:16:20","guid":{"rendered":"https:\/\/www.sunkaraoke.hu\/?post_type=product&#038;p=13057"},"modified":"2026-03-27T07:06:39","modified_gmt":"2026-03-27T05:06:39","slug":"csore-bela-csore-bela-live-mix-2024","status":"publish","type":"product","link":"https:\/\/www.sunkaraoke.hu\/index.php\/termek\/csore-bela-csore-bela-live-mix-2024\/","title":{"rendered":"<div class=\"wcmp-player-container product-13057\"><audio controlslist=\"nodownload\" data-product=\"13057\"  volume=\"1\"  preload=\"none\" data-lazyloading=\"none\" class=\"wcmp-player track mejs-classic\" data-duration=\"0:36\" data-estimated_duration=\"4\"><source src=\"https:\/\/www.sunkaraoke.hu\/wp-content\/uploads\/wcmp\/7dc8cabf854818c7418f07210328608a.mp3\" type=\"audio\/mp3\" \/><\/audio><\/div>Cs\u00f3r\u00e9 B\u00e9la: Cs\u00f3r\u00e9 B\u00e9la Live Mix 2024."},"content":{"rendered":"<p><strong>10:51<\/strong>\u00a0| <strong><img loading=\"lazy\" decoding=\"async\" class=\"alignnone size-full wp-image-467\" src=\"https:\/\/www.sunkaraoke.hu\/wp-content\/uploads\/2022\/07\/choir_2-copy.webp\" alt=\"\" width=\"30\" height=\"30\" \/> <\/strong><\/p>\n","protected":false},"excerpt":{"rendered":"<h6><strong>Bits\u0171r\u0171s\u00e9g: 320kb\/s<\/strong><\/h6>\n<h6><strong>Hossz: 10:51<\/strong><\/h6>\n<h6><strong>Vok\u00e1l: Nem <img loading=\"lazy\" decoding=\"async\" class=\"alignnone size-full wp-image-467\" src=\"http:\/\/www.sunkaraoke.hu\/wp-content\/uploads\/2022\/07\/choir_2-copy.png\" alt=\"\" width=\"30\" height=\"30\" \/><\/strong><\/h6>\n<p>Sunkaraoke mp3 st\u00fadi\u00f3 \/ www.sunkaraoke.hu \/ Inf: Tel: 06 20 4275001<\/p>\n<p>&#8212;Intr\u00f3&#8212;\/\/00:26\/\/<br \/>\nLent a parkban l\u00e1ttalak meg t\u00e9ged,<br \/>\negy vend\u00e9gl\u0151nek zs\u00fafolt terasz\u00e1n.<br \/>\nTe t\u00e1ncolt\u00e1l a szeszt\u0151l kipirulva,<br \/>\n\u00e9s rep\u00fclt\u00e9l a t\u00e1ncba k\u00f6nnyed\u00e9n.<br \/>\nTe azt gondoltad neked ny\u00edlik, minden sz\u00e1l vir\u00e1g,<br \/>\nte azt gondoltad, hogy ti\u00e9d lesz a nagy vil\u00e1g.<br \/>\nCsak k\u00e9s\u0151bb tudtam meg, hogy te becsapt\u00e1l,<br \/>\n\u00e9s m\u00e1snak adtad nagy szerelmedet.<br \/>\nTe azt gondoltad neked ny\u00edlik, minden sz\u00e1l vir\u00e1g,<br \/>\nte azt gondoltad, hogy ti\u00e9d lesz a nagy vil\u00e1g.<br \/>\nCsak k\u00e9s\u0151bb tudtam meg, hogy te becsapt\u00e1l,<br \/>\n\u00e9s m\u00e1snak adtad nagy szerelmedet.<br \/>\nMost b\u00e1natomat t\u00f6lt\u00f6m egy poh\u00e1rba,<br \/>\naz\u00f3ta is ezt dalolom \u00e9n.<br \/>\nMost b\u00e1natomat t\u00f6lt\u00f6m egy poh\u00e1rba,<br \/>\naz\u00f3ta is ezt d\u00fadolom \u00e9n.<br \/>\nEgy asszony aki elrontotta ifj\u00fa \u00e9letem,<br \/>\nki azt sem tudja, hogy mi a cs\u00f3k \u00e9s mi a szerelem.<br \/>\nH\u00e1t \u00e9n az\u00f3ta lettem ilyen \u00e1rva,<br \/>\nelrontottam az \u00e9n \u00e9letem.<br \/>\nEgy asszony aki elrontotta ifj\u00fa \u00e9letem,<br \/>\nki azt sem tudja, hogy mi a cs\u00f3k \u00e9s mi a szerelem.<br \/>\nH\u00e1t \u00e9n az\u00f3ta lettem ilyen \u00e1rva,<br \/>\nelrontottam az \u00e9n \u00e9letem.<br \/>\n&#8212;Sz\u00f3l\u00f3&#8212;\/\/04:09\/\/<br \/>\nLent a parkban l\u00e1ttalak meg t\u00e9ged,<br \/>\negy vend\u00e9gl\u0151nek zs\u00fafolt terasz\u00e1n.<br \/>\nTe t\u00e1ncolt\u00e1l a szeszt\u0151l kipirulva,<br \/>\n\u00e9s rep\u00fclt\u00e9l a t\u00e1ncba k\u00f6nnyed\u00e9n.<br \/>\nTe azt gondoltad neked ny\u00edlik, minden sz\u00e1l vir\u00e1g,<br \/>\nte azt gondoltad, hogy ti\u00e9d lesz a nagy vil\u00e1g.<br \/>\nCsak k\u00e9s\u0151bb tudtam meg, hogy te becsapt\u00e1l,<br \/>\n\u00e9s m\u00e1snak adtad nagy szerelmedet.<br \/>\nTe azt gondoltad neked ny\u00edlik, minden sz\u00e1l vir\u00e1g,<br \/>\nte azt gondoltad, hogy ti\u00e9d lesz a nagy vil\u00e1g.<br \/>\nCsak k\u00e9s\u0151bb tudtam meg, hogy te becsapt\u00e1l,<br \/>\n\u00e9s m\u00e1snak adtad nagy szerelmedet.<br \/>\n&#8212;Sz\u00f3l\u00f3&#8212;\/\/05:22\/\/<br \/>\nEgy \u00fcveg pezsg\u0151, kellene most n\u00e9kem,<br \/>\nszabad vagyok, \u00e9lni akarok,<br \/>\nne mondja senki, hogy fek\u00fcdj le \u00e9s \u00e1llj fel,<br \/>\nne mondja senki azt hogy alaki.<br \/>\nMert \u00e9nn\u00e9kem m\u00e1r m\u00e1s a hivat\u00e1som,<br \/>\ncivil vagyok , \u00e9lni akarok.<br \/>\nV\u00e1rnak a l\u00e1nyok, v\u00e1r a szex a parton,<br \/>\na sok sok sz\u00e9ps\u00e9g, mind mind az eny\u00e9m,<br \/>\nde m\u00e1r most rajtam nincsen egyenruha,<br \/>\ncivil vagyok , \u00e9lni akarok.<br \/>\nMert \u00e9nn\u00e9kem m\u00e1r, m\u00e1s a hivat\u00e1som,<br \/>\ncivil vagyok , \u00e9lni akarok.<br \/>\n&#8212;Sz\u00f3l\u00f3&#8212;\/\/07:26\/\/<br \/>\nMi\u00e9rt kellet most tal\u00e1lkoznom v\u00e9led,<br \/>\nmi\u00e9rt sodort a v\u00e9letlen fel\u00e9d.<br \/>\nMi\u00e9rt kellet a sz\u00e9p szemedbe n\u00e9znem,<br \/>\nm\u00e1snap este mi\u00e9rt j\u00f6tt\u00e9l el\u00e9m.<br \/>\nMi\u00e9rt hittem el mindazt amit mondt\u00e1l,<br \/>\nmi volt az a h\u00f3dit\u00f3 var\u00e1zs.<br \/>\nMi\u00e9rt kellet a sz\u00e9p szemedbe n\u00e9znem,<br \/>\nm\u00e1snap este mi\u00e9rt v\u00e1rt\u00e1l re\u00e1m.<br \/>\nFelelted elkeser\u00edt engem,<br \/>\nnem gondolok n\u00e9ha sem ter\u00e1d,<br \/>\ntudom hogy majd k\u00e1rp\u00f3tol az \u00e9let,<br \/>\namit velem tett\u00e9l, nem feledem.<br \/>\nNem \u00e1tkozlak \u00e1ljdon meg az isten,<br \/>\nlegy\u00e9l boldog eg\u00e9sz \u00e9letedben.<br \/>\nAz eml\u00e9keimb\u0151l ne maradjon semmi,<br \/>\npr\u00f3b\u00e1ljuk h\u00e1t egym\u00e1st elfeledeni.<br \/>\n&#8212;Sz\u00f3l\u00f3&#8212;\/\/09:15\/\/<br \/>\nOtt \u00e1ll, ott \u00e1ll a l\u00e1ny, a buszmeg\u00e1ll\u00f3ban v\u00e1r,<br \/>\nm\u00e9gis ott \u00e1ll, csak egyre v\u00e1r a haj\u00e1t f\u00fajja a sz\u00e9l.<br \/>\nOda menn\u00e9k hozz\u00e1, de nem merek,<br \/>\ndobog a sz\u00edvem,de m\u00e9gsem indulok el,<br \/>\npedig csak \u00e9n r\u00e1m v\u00e1r, ez a l\u00e1ny,<br \/>\nsz\u00f3tlanul \u00e1ll, a busz is elment m\u00e1r,<br \/>\nm\u00e9gis ott \u00e1ll egyre csak v\u00e1r, a szeme h\u00edvogat engem!<br \/>\nOda menn\u00e9k hozz\u00e1 de nem merek,<br \/>\ndobog a sz\u00edvem de m\u00e9gsem indulok el,<br \/>\npedig csak \u00e9n r\u00e1m v\u00e1r, ez a l\u00e1ny,<br \/>\nsz\u00f3tlanul \u00e1ll, a,a busz is elment m\u00e1r,<br \/>\nm\u00e9gis ott \u00e1ll, csak egyre v\u00e1r a haj\u00e1t f\u00fajja a sz\u00e9l.<br \/>\nOda menn\u00e9k hozz\u00e1, de nem merek,<br \/>\ndobog a sz\u00edvem,de m\u00e9gsem indulok el,<br \/>\npedig csak \u00e9n r\u00e1m v\u00e1r, ez a l\u00e1ny.<br \/>\n&#8212;V\u00e9ge&#8212;<\/p>\n","protected":false},"featured_media":8991,"template":"","meta":{"site-sidebar-layout":"default","site-content-layout":"default","ast-site-content-layout":"","site-content-style":"default","site-sidebar-style":"default","ast-global-header-display":"","ast-banner-title-visibility":"","ast-main-header-display":"","ast-hfb-above-header-display":"","ast-hfb-below-header-display":"","ast-hfb-mobile-header-display":"","site-post-title":"","ast-breadcrumbs-content":"","ast-featured-img":"","footer-sml-layout":"","theme-transparent-header-meta":"default","adv-header-id-meta":"","stick-header-meta":"","header-above-stick-meta":"","header-main-stick-meta":"","header-below-stick-meta":"","astra-migrate-meta-layouts":"default","ast-page-background-enabled":"default","ast-page-background-meta":{"desktop":{"background-color":"var(--ast-global-color-4)","background-image":"","background-repeat":"repeat","background-position":"center center","background-size":"auto","background-attachment":"scroll","background-type":"","background-media":"","overlay-type":"","overlay-color":"","overlay-opacity":"","overlay-gradient":""},"tablet":{"background-color":"","background-image":"","background-repeat":"repeat","background-position":"center center","background-size":"auto","background-attachment":"scroll","background-type":"","background-media":"","overlay-type":"","overlay-color":"","overlay-opacity":"","overlay-gradient":""},"mobile":{"background-color":"","background-image":"","background-repeat":"repeat","background-position":"center center","background-size":"auto","background-attachment":"scroll","background-type":"","background-media":"","overlay-type":"","overlay-color":"","overlay-opacity":"","overlay-gradient":""}},"ast-content-background-meta":{"desktop":{"background-color":"var(--ast-global-color-5)","background-image":"","background-repeat":"repeat","background-position":"center center","background-size":"auto","background-attachment":"scroll","background-type":"","background-media":"","overlay-type":"","overlay-color":"","overlay-opacity":"","overlay-gradient":""},"tablet":{"background-color":"var(--ast-global-color-5)","background-image":"","background-repeat":"repeat","background-position":"center center","background-size":"auto","background-attachment":"scroll","background-type":"","background-media":"","overlay-type":"","overlay-color":"","overlay-opacity":"","overlay-gradient":""},"mobile":{"background-color":"var(--ast-global-color-5)","background-image":"","background-repeat":"repeat","background-position":"center center","background-size":"auto","background-attachment":"scroll","background-type":"","background-media":"","overlay-type":"","overlay-color":"","overlay-opacity":"","overlay-gradient":""}}},"product_cat":[48],"product_tag":[],"class_list":["post-13057","product","type-product","status-publish","has-post-thumbnail","hentry","product_cat-sunkaraoke-dalok","desktop-align-left","tablet-align-left","mobile-align-left"],"_links":{"self":[{"href":"https:\/\/www.sunkaraoke.hu\/index.php\/wp-json\/wp\/v2\/product\/13057","targetHints":{"allow":["GET"]}}],"collection":[{"href":"https:\/\/www.sunkaraoke.hu\/index.php\/wp-json\/wp\/v2\/product"}],"about":[{"href":"https:\/\/www.sunkaraoke.hu\/index.php\/wp-json\/wp\/v2\/types\/product"}],"wp:featuredmedia":[{"embeddable":true,"href":"https:\/\/www.sunkaraoke.hu\/index.php\/wp-json\/wp\/v2\/media\/8991"}],"wp:attachment":[{"href":"https:\/\/www.sunkaraoke.hu\/index.php\/wp-json\/wp\/v2\/media?parent=13057"}],"wp:term":[{"taxonomy":"product_cat","embeddable":true,"href":"https:\/\/www.sunkaraoke.hu\/index.php\/wp-json\/wp\/v2\/product_cat?post=13057"},{"taxonomy":"product_tag","embeddable":true,"href":"https:\/\/www.sunkaraoke.hu\/index.php\/wp-json\/wp\/v2\/product_tag?post=13057"}],"curies":[{"name":"wp","href":"https:\/\/api.w.org\/{rel}","templated":true}]}}