{"id":12985,"date":"2024-04-16T11:55:41","date_gmt":"2024-04-16T11:55:41","guid":{"rendered":"https:\/\/www.sunkaraoke.hu\/?post_type=product&#038;p=12985"},"modified":"2025-04-07T15:27:41","modified_gmt":"2025-04-07T15:27:41","slug":"piros-bela-piros-mulatos-81-mix","status":"publish","type":"product","link":"https:\/\/www.sunkaraoke.hu\/index.php\/termek\/piros-bela-piros-mulatos-81-mix\/","title":{"rendered":"<div class=\"wcmp-player-container product-12985\"><audio controlslist=\"nodownload\" data-product=\"12985\"  volume=\"1\"  preload=\"none\" data-lazyloading=\"none\" class=\"wcmp-player track mejs-classic\" data-duration=\"0:31\" data-estimated_duration=\"4\"><source src=\"https:\/\/www.sunkaraoke.hu\/wp-content\/uploads\/2024\/04\/Piros-mulatos-mix-81demo.mp3\" type=\"audio\/mp3\" \/><\/audio><\/div>Piros B\u00e9la -Piros Mulat\u00f3s 81. MIX. (Original)"},"content":{"rendered":"<p><b>14:48<\/b>| <strong><img loading=\"lazy\" decoding=\"async\" class=\"alignnone size-full wp-image-467\" src=\"https:\/\/www.sunkaraoke.hu\/wp-content\/uploads\/2022\/07\/choir_2-copy.webp\" alt=\"\" width=\"30\" height=\"30\" \/> <\/strong><\/p>\n","protected":false},"excerpt":{"rendered":"<h6><strong>Bits\u0171r\u0171s\u00e9g: 320kb\/s<\/strong><br \/>\n<strong>Hossz:14:48<\/strong><br \/>\n<strong>Vok\u00e1lt tartalmaz: Nem <img loading=\"lazy\" decoding=\"async\" class=\"alignnone size-full wp-image-467\" src=\"http:\/\/www.sunkaraoke.hu\/wp-content\/uploads\/2022\/07\/choir_2-copy.png\" alt=\"\" width=\"30\" height=\"30\" \/><\/strong><strong style=\"font-size: 16px;\"><br \/>\n<\/strong><\/h6>\n<p>Sunkaraoke mp3 st\u00fadi\u00f3 \/ www.sunkaraoke.hu \/ Inf: Tel: 06 20 4275001<\/p>\n<p>&#8212;Intr\u00f3&#8212;\/\/00:17\/\/<br \/>\nOkt\u00f3bernek elsej\u00e9vel el kell mas\u00edrozni,<br \/>\nokt\u00f3bernek elsej\u00e9vel el kell mas\u00edrozni.<br \/>\nDe semmi, bab\u00e1m, semmi, \u00edgy kell ennek lenni,<br \/>\nmindenf\u00e9le szerelemnek v\u00e9ge szokott lenni.<br \/>\nDe semmi, bab\u00e1m, semmi,\u00edgy kell ennek lenni,<br \/>\nmindenf\u00e9le szerelemnek v\u00e9ge szokott lenni.<br \/>\n&#8212;Sz\u00f3l\u00f3&#8212;\/\/01:41\/\/<br \/>\nOkt\u00f3bernek elsej\u00e9vel el kell mas\u00edrozni,<br \/>\nokt\u00f3bernek elsej\u00e9vel itt kell t\u00e9ged hagyni.<br \/>\nDe semmi, bab\u00e1m, semmi,\u00edgy kell ennek lenni,<br \/>\nmindenf\u00e9le szerelemnek v\u00e9ge szokott lenni.<br \/>\nDe semmi, bab\u00e1m, semmi,\u00edgy kell ennek lenni,<br \/>\nmindenf\u00e9le szerelemnek v\u00e9ge szokott lenni.<br \/>\n&#8212;Sz\u00f3l\u00f3&#8212;\/\/03:06\/\/<br \/>\nA laktanya udvar\u00e1n, a sz\u00e1zad m\u00e1r k\u00e9szen \u00e1ll,<br \/>\nny\u00edlik a piros r\u00f3zsa.<br \/>\nA kapuba s\u00edrdog\u00e1l, a sok csinos barna l\u00e1ny,<br \/>\nb\u00facs\u00fazik utolj\u00e1ra.<br \/>\nNem tudom, hogy l\u00e1tlak-e m\u00e9g vir\u00e1gom,<br \/>\nde az\u00e9rt a legjobbakat k\u00edv\u00e1nom.<br \/>\nSisakomon cserfa\u00e1g, sz\u00edvemben egy sz\u00e1lvir\u00e1g,<br \/>\nez lesz az \u00fatit\u00e1rsam.<br \/>\nNem tudom, hogy l\u00e1tlak-e m\u00e9g vir\u00e1gom,<br \/>\nde az\u00e9rt a legjobbakat k\u00edv\u00e1nom.<br \/>\nSisakomon cserfa\u00e1g, sz\u00edvemben egy sz\u00e1lvir\u00e1g,<br \/>\nez lesz az \u00fatit\u00e1rsam.<br \/>\nVan egy \u00e9des barna l\u00e1ny, a kapuban v\u00e1r re\u00e1m,<br \/>\n\u00fcnnepi feh\u00e9r ruh\u00e1ban.<br \/>\nMegk\u00e9rem a sz\u00e1zadost, aki szabads\u00e1got ad,<br \/>\negy napot adjon r\u00e1ja.<br \/>\nMikor a pap szerelm\u00fcnket meg\u00e1ldja,<br \/>\nzubbonyomat civil ruha lev\u00e1ltja.<br \/>\nB\u00fcszke lehet kis bab\u00e1m, meg a j\u00f3 \u00e9desany\u00e1m,<br \/>\nhogyha a fi\u00e1t civilen l\u00e1tja.<br \/>\nMikor a pap szerelm\u00fcnket meg\u00e1ldja,<br \/>\nzubbonyomat civil ruha lev\u00e1ltja.<br \/>\nB\u00fcszke lehet kis bab\u00e1m, meg a j\u00f3 \u00e9desany\u00e1m,<br \/>\nhogyha a fi\u00e1t civilen l\u00e1tja.<br \/>\n&#8212;Sz\u00f3l\u00f3&#8212;\/\/05:15\/\/<br \/>\nKik\u00f6t\u00f6m a kis pej lovam a cs\u00e1rda el\u00e9be,<br \/>\nlehajtom a fejem a barna bab\u00e1m \u00f6l\u00e9be.<br \/>\nLehajtom a fejem a barna bab\u00e1m \u00f6l\u00e9be,<br \/>\nhullajtom a k\u00f6nnyeim a hacac\u00e1r\u00e9s k\u00f6t\u0151j\u00e9be.<br \/>\nLehajtom a fejem a barna bab\u00e1m \u00f6l\u00e9be,<br \/>\nhullajtom a k\u00f6nnyeim a hacac\u00e1r\u00e9s k\u00f6t\u0151j\u00e9be.<br \/>\nEzt a cs\u00e1rd\u00e1s kis kalapot a j\u00f3 any\u00e1m vette,<br \/>\nmell\u00e9 az iboly\u00e1t a szeret\u0151m anyja tette.<br \/>\nS\u00edr az \u00e9desany\u00e1m, a szeret\u0151m anyja gy\u00e1szol,<br \/>\nellens\u00e9ges \u00e1gy\u00fagoly\u00f3 v\u00e1laszt el egym\u00e1st\u00f3l.<br \/>\nS\u00edr az \u00e9desany\u00e1m, a szeret\u0151m anyja gy\u00e1szol,<br \/>\nellens\u00e9ges \u00e1gy\u00fagoly\u00f3 v\u00e1laszt el egym\u00e1st\u00f3l.<br \/>\n&#8212;Sz\u00f3l\u00f3&#8212;\/\/06:46\/\/<br \/>\nEz a csinos barna kisl\u00e1ny kimegy az erd\u0151be,<br \/>\nszedi az iboly\u00e1t, s\u0171r\u0171n fel tekint az \u00e9gre.<br \/>\nSzedi az iboly\u00e1t, s\u0171r\u0171n fel tekint az \u00e9gre,<br \/>\njaj istenem a szeret\u0151m most viszik a harct\u00e9rre.<br \/>\nSzedi az iboly\u00e1t, s\u0171r\u0171n fel tekint az \u00e9gre,<br \/>\njaj istenem a szeret\u0151m most viszik a harct\u00e9rre.<br \/>\nCsak m\u00e9g egyszer z\u00f6rgesd meg a kasz\u00e1rnya ajtaj\u00e1t,<br \/>\nhadd \u00f6leljem \u00e1ltal a v\u00e9kony karcs\u00fa derekadat.<br \/>\nMagam\u00e9v\u00e1 teszlek r\u00f3zs\u00e1m, meg is halok \u00e9rted,<br \/>\nm\u00e9g a piros v\u00e9remet is fel\u00e1ldozom \u00e9rted.<br \/>\nMagam\u00e9v\u00e1 teszlek r\u00f3zs\u00e1m, meg is halok \u00e9rted,<br \/>\nm\u00e9g a piros v\u00e9remet is fel\u00e1ldozom \u00e9rted.<br \/>\n&#8212;Sz\u00f3l\u00f3&#8212;\/\/08:07\/\/<br \/>\nMikor kezdtem kufferomba pakolni,<br \/>\n\u00e9desany\u00e1m akkor kezdett siratni.<br \/>\n\u00c9desany\u00e1m ne sirass, k\u00f6sz\u00f6n\u00f6m a nevel\u00e9st,<br \/>\nlehajolok, megcs\u00f3kolom a kez\u00e9t!<br \/>\n\u00c9desany\u00e1m ne sirass, k\u00f6sz\u00f6n\u00f6m a nevel\u00e9st,<br \/>\nlehajolok, megcs\u00f3kolom a kez\u00e9t!<br \/>\nNem messze van az \u00e9n bab\u00e1m tany\u00e1ja,<br \/>\nide l\u00e1tszik sud\u00e1r jegenyef\u00e1ja.<br \/>\nF\u00fajja a sz\u00e9l, lengeti, katon\u00e1nak kell menni,<br \/>\nsajn\u00e1lom a szeret\u0151met itthagyni.<br \/>\nF\u00fajja a sz\u00e9l, lengeti, katon\u00e1nak kell menni,<br \/>\nsajn\u00e1lom a szeret\u0151met itthagyni.<br \/>\n&#8212;Sz\u00f3l\u00f3&#8212;\/\/09:08\/\/<br \/>\nKaton\u00e1nak kell menni a leg\u00e9nynek,<br \/>\na gazdagnak csak\u00fagy, mint a szeg\u00e9nynek.<br \/>\nDe a gazdag kiv\u00e1ltja hath\u00f3napos kor\u00e1ba&#8217;,<br \/>\na szeg\u00e9ny meg h\u00e1rom \u00e9vig szolg\u00e1lja.<br \/>\nDe a gazdag kiv\u00e1ltja hath\u00f3napos kor\u00e1ba&#8217;,<br \/>\na szeg\u00e9ny meg h\u00e1rom \u00e9vig szolg\u00e1lja.<br \/>\nMeg\u00fczentem a szeret\u0151m anyj\u00e1nak,<br \/>\nm\u00e1s szeret\u0151t keressen a l\u00e1ny\u00e1nak.<br \/>\nMert \u00e9n innen, sejehaj, nemsok\u00e1ra elmegyek,<br \/>\na l\u00e1ny\u00e1nak szeret\u0151je nem leszek.<br \/>\nMert \u00e9n innen, sejehaj, nemsok\u00e1ra elmegyek,<br \/>\na l\u00e1ny\u00e1nak szeret\u0151je nem leszek.<br \/>\n&#8212;Sz\u00f3l\u00f3&#8212;\/\/10:18\/\/<br \/>\nNyitva van a sz\u00e1zados \u00far ablaka,<br \/>\nbarna kisl\u00e1ny s\u00edrva s\u00e9t\u00e1l alatta.<br \/>\n\u00c1llj meg, kisl\u00e1ny, barna kisl\u00e1ny egy sz\u00f3ra,<br \/>\n\u00e9n leszek a sz\u00edved vigasztal\u00f3ja.<br \/>\n\u00c1llj meg, kisl\u00e1ny, barna kisl\u00e1ny egy sz\u00f3ra,<br \/>\n\u00e9n leszek a sz\u00edved vigasztal\u00f3ja.<br \/>\nNem \u00e1llok meg a sz\u00e1zados \u00far szav\u00e1ra,<br \/>\nnem leszek a sz\u00e1zados \u00far bab\u00e1ja.<br \/>\nVan m\u00e1r n\u00e9kem a sz\u00e1zadj\u00e1ban egy k\u00f6zleg\u00e9ny,<br \/>\nkit nem adn\u00e9k sz\u00e1zados \u00far mag\u00e1\u00e9rt.<br \/>\nVan m\u00e1r n\u00e9kem a sz\u00e1zadj\u00e1ban egy k\u00f6zleg\u00e9ny,<br \/>\nkit nem adn\u00e9k sz\u00e1zados \u00far mag\u00e1\u00e9rt.<br \/>\n&#8212;Sz\u00f3l\u00f3&#8212;\/\/11:45\/\/<br \/>\nA k\u00f6zleg\u00e9ny elesik a csat\u00e1ban,<br \/>\nki borul a barna kisl\u00e1ny v\u00e1ll\u00e1ra<br \/>\nHa elesik, sz\u00e1lljon \u00e1ld\u00e1s a por\u00e1ra,<br \/>\nm\u00e9gse leszek a sz\u00e1zados \u00far bab\u00e1ja.<br \/>\nHa elesik, sz\u00e1lljon \u00e1ld\u00e1s a por\u00e1ra,<br \/>\nm\u00e9gse leszek a sz\u00e1zados \u00far bab\u00e1ja.<br \/>\n&#8212;Sz\u00f3l\u00f3&#8212;\/\/12:43\/\/<br \/>\nHadnagy elvt\u00e1rs,h\u00edvat az irod\u00e1ba,<br \/>\nmaradj\u00e1l bent \u00e9des fiam, tov\u00e1bbra.<br \/>\nH\u00e1rom csillag lesz a v\u00e1lladra varrva, r\u00e1varrva,<br \/>\neg\u00e9sz sz\u00e1zad hallgat majd a szavadra.<br \/>\nH\u00e1rom csillag lesz a v\u00e1lladra varrva, r\u00e1varrva,<br \/>\neg\u00e9sz sz\u00e1zad hallgat majd a szvadra.<br \/>\nHadnagy elvt\u00e1rs, k\u00f6sz\u00f6n\u00f6m a j\u00f3s\u00e1g\u00e1t,<br \/>\nadja m\u00e1snak azt a h\u00e1rom csillag\u00e1t.<br \/>\nVan m\u00e1r n\u00e9kem k\u00f6k\u00e9nyszem\u0171 galambom,<br \/>\nannak a k\u00e9t szeme az \u00e9n csillagom.<br \/>\nVan m\u00e1r n\u00e9kem k\u00f6k\u00e9nyszem\u0171 galambom,<br \/>\nannak a k\u00e9t szeme az \u00e9n csillagom.<br \/>\n&#8212;Sz\u00f3l\u00f3&#8212;\/\/14:03\/\/<br \/>\nHadnagy elvt\u00e1rs \u00e1lljon ki a jobb sz\u00e1rnyra,<br \/>\nk\u00eds\u00e9rjen ki engem az \u00e1llom\u00e1sra.<br \/>\nMost m\u00e1r n\u00e9kem j\u00f6n a vonat sebesen, sebesen,<br \/>\nti meg l\u00e1nyok s\u00edrjatok keservesen.<br \/>\nMost m\u00e1r n\u00e9kem j\u00f6n a vonat sebesen, sebesen,<br \/>\nti meg l\u00e1nyok s\u00edrjatok keservesen.<br \/>\n&#8212;V\u00e9ge&#8212;<\/p>\n","protected":false},"featured_media":12989,"template":"","meta":{"site-sidebar-layout":"default","site-content-layout":"default","ast-site-content-layout":"default","site-content-style":"default","site-sidebar-style":"default","ast-global-header-display":"","ast-banner-title-visibility":"","ast-main-header-display":"","ast-hfb-above-header-display":"","ast-hfb-below-header-display":"","ast-hfb-mobile-header-display":"","site-post-title":"","ast-breadcrumbs-content":"","ast-featured-img":"","footer-sml-layout":"","theme-transparent-header-meta":"default","adv-header-id-meta":"","stick-header-meta":"","header-above-stick-meta":"","header-main-stick-meta":"","header-below-stick-meta":"","astra-migrate-meta-layouts":"set","ast-page-background-enabled":"default","ast-page-background-meta":{"desktop":{"background-color":"var(--ast-global-color-4)","background-image":"","background-repeat":"repeat","background-position":"center center","background-size":"auto","background-attachment":"scroll","background-type":"","background-media":"","overlay-type":"","overlay-color":"","overlay-opacity":"","overlay-gradient":""},"tablet":{"background-color":"","background-image":"","background-repeat":"repeat","background-position":"center center","background-size":"auto","background-attachment":"scroll","background-type":"","background-media":"","overlay-type":"","overlay-color":"","overlay-opacity":"","overlay-gradient":""},"mobile":{"background-color":"","background-image":"","background-repeat":"repeat","background-position":"center center","background-size":"auto","background-attachment":"scroll","background-type":"","background-media":"","overlay-type":"","overlay-color":"","overlay-opacity":"","overlay-gradient":""}},"ast-content-background-meta":{"desktop":{"background-color":"var(--ast-global-color-5)","background-image":"","background-repeat":"repeat","background-position":"center center","background-size":"auto","background-attachment":"scroll","background-type":"","background-media":"","overlay-type":"","overlay-color":"","overlay-opacity":"","overlay-gradient":""},"tablet":{"background-color":"var(--ast-global-color-5)","background-image":"","background-repeat":"repeat","background-position":"center center","background-size":"auto","background-attachment":"scroll","background-type":"","background-media":"","overlay-type":"","overlay-color":"","overlay-opacity":"","overlay-gradient":""},"mobile":{"background-color":"var(--ast-global-color-5)","background-image":"","background-repeat":"repeat","background-position":"center center","background-size":"auto","background-attachment":"scroll","background-type":"","background-media":"","overlay-type":"","overlay-color":"","overlay-opacity":"","overlay-gradient":""}}},"product_cat":[48],"product_tag":[],"class_list":["post-12985","product","type-product","status-publish","has-post-thumbnail","hentry","product_cat-sunkaraoke-dalok","desktop-align-left","tablet-align-left","mobile-align-left"],"_links":{"self":[{"href":"https:\/\/www.sunkaraoke.hu\/index.php\/wp-json\/wp\/v2\/product\/12985","targetHints":{"allow":["GET"]}}],"collection":[{"href":"https:\/\/www.sunkaraoke.hu\/index.php\/wp-json\/wp\/v2\/product"}],"about":[{"href":"https:\/\/www.sunkaraoke.hu\/index.php\/wp-json\/wp\/v2\/types\/product"}],"wp:featuredmedia":[{"embeddable":true,"href":"https:\/\/www.sunkaraoke.hu\/index.php\/wp-json\/wp\/v2\/media\/12989"}],"wp:attachment":[{"href":"https:\/\/www.sunkaraoke.hu\/index.php\/wp-json\/wp\/v2\/media?parent=12985"}],"wp:term":[{"taxonomy":"product_cat","embeddable":true,"href":"https:\/\/www.sunkaraoke.hu\/index.php\/wp-json\/wp\/v2\/product_cat?post=12985"},{"taxonomy":"product_tag","embeddable":true,"href":"https:\/\/www.sunkaraoke.hu\/index.php\/wp-json\/wp\/v2\/product_tag?post=12985"}],"curies":[{"name":"wp","href":"https:\/\/api.w.org\/{rel}","templated":true}]}}