{"id":12980,"date":"2024-04-16T11:51:57","date_gmt":"2024-04-16T11:51:57","guid":{"rendered":"https:\/\/www.sunkaraoke.hu\/?post_type=product&#038;p=12980"},"modified":"2025-04-07T15:27:20","modified_gmt":"2025-04-07T15:27:20","slug":"piros-bela-piros-mulatos-80-mix","status":"publish","type":"product","link":"https:\/\/www.sunkaraoke.hu\/index.php\/termek\/piros-bela-piros-mulatos-80-mix\/","title":{"rendered":"<div class=\"wcmp-player-container product-12980\"><audio controlslist=\"nodownload\" data-product=\"12980\"  volume=\"1\"  preload=\"none\" data-lazyloading=\"none\" class=\"wcmp-player track mejs-classic\" data-duration=\"0:34\" data-estimated_duration=\"4\"><source src=\"https:\/\/www.sunkaraoke.hu\/wp-content\/uploads\/2024\/04\/Piros-mulatos-mix-80_demo.mp3\" type=\"audio\/mp3\" \/><\/audio><\/div>Piros B\u00e9la -Piros Mulat\u00f3s 80. MIX. (Original)"},"content":{"rendered":"<p><b>15:07<\/b>| <strong><img loading=\"lazy\" decoding=\"async\" class=\"alignnone size-full wp-image-467\" src=\"https:\/\/www.sunkaraoke.hu\/wp-content\/uploads\/2022\/07\/choir_2-copy.webp\" alt=\"\" width=\"30\" height=\"30\" \/> <\/strong><\/p>\n","protected":false},"excerpt":{"rendered":"<h6><strong>Bits\u0171r\u0171s\u00e9g: 320kb\/s<\/strong><br \/>\n<strong>Hossz:15:07<\/strong><br \/>\n<strong>Vok\u00e1lt tartalmaz: Nem <img loading=\"lazy\" decoding=\"async\" class=\"alignnone size-full wp-image-467\" src=\"http:\/\/www.sunkaraoke.hu\/wp-content\/uploads\/2022\/07\/choir_2-copy.png\" alt=\"\" width=\"30\" height=\"30\" \/><\/strong><strong style=\"font-size: 16px;\"><br \/>\n<\/strong><\/h6>\n<p>Sunkaraoke mp3 st\u00fadi\u00f3 \/ www.sunkaraoke.hu \/ Inf: Tel: 06 20 4275001<\/p>\n<p>&#8212;Intr\u00f3&#8211;\/\/00:34\/\/<br \/>\nMeg\u00e9rett a piros alma,sej haj, le kellene szedni,<br \/>\nezt a csinos barna kisl\u00e1nyt, el kellene venni.<br \/>\nMeg\u00e9red m\u00e9g kisangyalom,sej haj, te leszel a p\u00e1rom,<br \/>\nhogy \u00e9n t\u00e9ged \u00f6leljelek,\u00e9n m\u00e1r alig-alig v\u00e1rom.<br \/>\nMeg\u00e9red m\u00e9g kisangyalom,sej haj, te leszel a p\u00e1rom,<br \/>\nhogy \u00e9n t\u00e9ged \u00f6leljelek,\u00e9n m\u00e1r alig-alig v\u00e1rom.<br \/>\nMeg\u00e9rett a piros alma,sej haj, le kellene szedni,<br \/>\nezt a csinos barna kisl\u00e1nyt, el kellene venni.<br \/>\nMeg\u00e9red m\u00e9g kisangyalom,sej haj, te leszel a p\u00e1rom,<br \/>\nhogy \u00e9n t\u00e9ged \u00f6leljelek,\u00e9n m\u00e1r alig-alig v\u00e1rom.<br \/>\nMeg\u00e9red m\u00e9g kisangyalom,sej haj, te leszel a p\u00e1rom,<br \/>\nhogy \u00e9n t\u00e9ged \u00f6leljelek,\u00e9n m\u00e1r alig-alig v\u00e1rom.<br \/>\n&#8212;Sz\u00f3l\u00f3&#8212;\/\/02:12\/\/<br \/>\nMeg\u00e9rett a piros alma,sej haj, le kellene szedni,<br \/>\nezt a csinos barna kisl\u00e1nyt, el kellene venni.<br \/>\nMeg\u00e9red m\u00e9g kisangyalom,sej haj, te leszel a p\u00e1rom,<br \/>\nhogy \u00e9n t\u00e9ged \u00f6leljelek,\u00e9n m\u00e1r alig-alig v\u00e1rom.<br \/>\nMeg\u00e9red m\u00e9g kisangyalom,sej haj, te leszel a p\u00e1rom,<br \/>\nhogy \u00e9n t\u00e9ged \u00f6leljelek,\u00e9n m\u00e1r alig-alig v\u00e1rom.<br \/>\nMeg\u00e9rett a piros alma,sej haj, le kellene szedni,<br \/>\nezt a csinos barna kisl\u00e1nyt, el kellene venni.<br \/>\nMeg\u00e9red m\u00e9g kisangyalom,sej haj, te leszel a p\u00e1rom,<br \/>\nhogy \u00e9n t\u00e9ged \u00f6leljelek,\u00e9n m\u00e1r alig-alig v\u00e1rom.<br \/>\nMeg\u00e9red m\u00e9g kisangyalom,sej haj, te leszel a p\u00e1rom,<br \/>\nhogy \u00e9n t\u00e9ged \u00f6leljelek,\u00e9n m\u00e1r alig-alig v\u00e1rom.<br \/>\n&#8212;Sz\u00f3l\u00f3&#8212;\/\/03:36\/\/<br \/>\nLenn a d\u00e9lib\u00e1bos Hortob\u00e1gyon,<br \/>\nmegakadt a szemem egy kisl\u00e1nyon.<br \/>\nHull\u00e1mzott a g\u00f6nd\u00f6r haja a s\u00f6t\u00e9tbe&#8217;,<br \/>\nmikor belen\u00e9ztem a szem\u00e9be.<br \/>\nHull\u00e1mzott a g\u00f6nd\u00f6r haja a s\u00f6t\u00e9tbe&#8217;,<br \/>\nmikor belen\u00e9ztem a szem\u00e9be.<br \/>\nEl is mentem hozz\u00e1, meg is k\u00e9rtem,<br \/>\nlegyen az \u00e9n dr\u00e1ga feles\u00e9gem.<br \/>\nBoldogs\u00e1gom tudom n\u00e1la megtal\u00e1lom,<br \/>\nlenn a d\u00e9lib\u00e1bos Hortob\u00e1gyon.<br \/>\nBoldogs\u00e1gom tudom n\u00e1la megtal\u00e1lom,<br \/>\nlenn a d\u00e9lib\u00e1bos Hortob\u00e1gyon.<br \/>\nBadacsonyba van egy boros pince,<br \/>\nt\u00f6bbet \u00e9r az mint a vil\u00e1g kincse!<br \/>\nNem kell n\u00e9kem sem a Marcsa, sem a Julcsa,<br \/>\ncsak a boros pinc\u00e9nek a kulcsa.<br \/>\nNem kell n\u00e9kem sem a Marcsa, sem a Julcsa,<br \/>\ncsak a boros pinc\u00e9nek a kulcsa.<br \/>\n&#8212;Sz\u00f3l\u00f3&#8212;\/\/05:16\/\/<br \/>\nHaragszik az \u00e9desany\u00e1m, hogy \u00e9n megh\u00e1zasodtam,<br \/>\nhogy \u00e9n az \u0151 hajl\u00e9k\u00e1ba, ilyen szeg\u00e9ny l\u00e1nyt hoztam.<br \/>\nSzeg\u00e9ny a l\u00e1ny, \u00e9desany\u00e1m, de gazdag a szerelme.<br \/>\nSz\u00e1z hold f\u00f6ldn\u00e9l is t\u00f6bbet \u00e9r, a ragyog\u00f3, fekete szeme.<br \/>\nSzeg\u00e9ny a l\u00e1ny, \u00e9desany\u00e1m, de gazdag a szerelme.<br \/>\nSz\u00e1z hold f\u00f6ldn\u00e9l is t\u00f6bbet \u00e9r, a ragyog\u00f3, fekete szeme.<br \/>\n\u00d6r\u00fcl m\u00e1r az \u00e9desany\u00e1m, hogy \u00e9n megh\u00e1zasodtam,<br \/>\nhogy \u00e9n az \u0151 hajl\u00e9k\u00e1ba ilyen gazdag l\u00e1nyt hoztam.<br \/>\nGazdag a l\u00e1ny \u00e9desany\u00e1m, de szeg\u00e9ny a szerelme,<br \/>\nh\u00e1ljon vele \u00e9desany\u00e1m, ha elvetette velem.<br \/>\nGazdag a l\u00e1ny \u00e9desany\u00e1m, de szeg\u00e9ny a szerelme,<br \/>\nh\u00e1ljon vele \u00e9desany\u00e1m, ha elvetette velem.<br \/>\nHa bemegyek a kocsm\u00e1ba, r\u00e1v\u00e1gok az asztalra.<br \/>\nAzt k\u00e9rdi a kocsm\u00e1rosn\u00e9: S\u00f6r k\u00e9ne,vagy p\u00e1linka?<br \/>\nS\u00f6r el\u0151ttem, bor el\u0151ttem, karjaimban fekete bab\u00e1m.<br \/>\nH\u00e1tam m\u00f6g\u00f6tt a cig\u00e1nybanda, jaj de sz\u00e9pen muzsik\u00e1l.<br \/>\nS\u00f6r el\u0151ttem, bor el\u0151ttem, karjaimban fekete bab\u00e1m.<br \/>\nH\u00e1tam m\u00f6g\u00f6tt a cig\u00e1nybanda, jaj de sz\u00e9pen muzsik\u00e1l.<br \/>\nCsak titokban, csak titokban, akartalak szeretni,<br \/>\nde m\u00e1r l\u00e1tom, de m\u00e1r l\u00e1tom, \u00edgy kell ennek v\u00e9gz\u0151dni.<br \/>\nMit is \u00e9rne a mi szerelm\u00fcnk, te barna l\u00e1ny titokban,<br \/>\neredj haza hallgass\u00e1l az \u00e9desany\u00e1d szav\u00e1ra.<br \/>\nMit is \u00e9rne a mi szerelm\u00fcnk, te barna l\u00e1ny titokban,<br \/>\neredj haza hallgass\u00e1l az \u00e9desany\u00e1d szav\u00e1ra.<br \/>\n&#8212;Sz\u00f3l\u00f3&#8212;\/\/08:18\/\/<br \/>\n\u00daj a csizm\u00e1m, a sz\u00f6gre van felakasztva,<br \/>\nsarkanty\u00faj\u00e1t belepte a rozsda.<br \/>\n\u00d6sszeverem olyan bety\u00e1r m\u00f3dra,<br \/>\nmind egy sz\u00e1lig lepereg a rozsda r\u00f3la.<br \/>\n\u00d6sszeverem olyan bety\u00e1r m\u00f3dra,<br \/>\nmind egy sz\u00e1lig lepereg a rozsda r\u00f3la.<br \/>\n\u00daj a sz\u0171r\u00f6m a sz\u00f6gre van felakasztva,<br \/>\ngyere, bab\u00e1m, akaszd a nyakamba!<br \/>\n\u00cdgy is, \u00fagy is ott annak a helye,<br \/>\nm\u00e9g az \u00e9jjel betakarlak bab\u00e1m, vele.<br \/>\n\u00cdgy is, \u00fagy is ott annak a helye,<br \/>\nm\u00e9g az \u00e9jjel betakarlak bab\u00e1m, vele.<br \/>\nSzomsz\u00e9dunkban van egy magas jegenyefa,<br \/>\njaj, de sokat meg\u00e1ztam alatta.<br \/>\nMeg\u00e1zott a feh\u00e9r selyemkend\u0151m,<br \/>\nnem tagadom, barna leg\u00e9ny a szeret\u0151m.<br \/>\nMeg\u00e1zott a feh\u00e9r selyemkend\u0151m,<br \/>\nnem tagadom, barna leg\u00e9ny a szeret\u0151m.<br \/>\n\u00daj a csizm\u00e1m a gyarmati varga varrta,<br \/>\naz\u00e9rt varrta, hogy t\u00e1ncoljak rajta.<br \/>\n\u00d6sszeverem olyan bety\u00e1r m\u00f3dra,<br \/>\nmind egy sz\u00e1lig lepereg a rozsda r\u00f3la.<br \/>\n\u00d6sszeverem olyan bety\u00e1r m\u00f3dra,<br \/>\nmind egy sz\u00e1lig lepereg a rozsda r\u00f3la.<br \/>\n&#8212;Sz\u00f3l\u00f3&#8212;\/\/10:46\/\/<br \/>\nEnnek a l\u00e1nynak sz\u0151r\u00f6s a l\u00e1ba, nem mehet el a b\u00e1lba,<br \/>\nennek a l\u00e1nynak sz\u0151r\u00f6s a l\u00e1ba, nem mehet el a b\u00e1lba.<br \/>\nNe f\u00e9lj kisl\u00e1ny hiba nem lesz, n\u00e1lunk a g\u00f3lyamad\u00e1r fuvaros lesz.<br \/>\nEnnek a l\u00e1nynak sz\u0151r\u00f6s a l\u00e1ba, nem mehet el a b\u00e1lba.<br \/>\nNe f\u00e9lj kisl\u00e1ny hiba nem lesz, n\u00e1lunk a g\u00f3lyamad\u00e1r fuvaros lesz.<br \/>\nEnnek a l\u00e1nynak sz\u0151r\u00f6s a l\u00e1ba, nem mehet el a b\u00e1lba.<br \/>\nKilenc kis g\u00f3lya lesz\u00e1llt a t\u00f3ra, elhozta n\u00e9k\u00fcnk a ny\u00e1rt.<br \/>\nKilenc kis g\u00f3lya lesz\u00e1llt a t\u00f3ra, elhozta n\u00e9k\u00fcnk a ny\u00e1rt.<br \/>\nNe f\u00e9lj, kisl\u00e1ny, hiba nem lesz, n\u00e1lunk a g\u00f3lya fuvaros lesz.<br \/>\nKilenc kis g\u00f3lya lesz\u00e1llt a t\u00f3ra, elhozta n\u00e9k\u00fcnk a ny\u00e1rt.<br \/>\nNe f\u00e9lj, kisl\u00e1ny, hiba nem lesz, n\u00e1lunk a g\u00f3lya fuvaros lesz.<br \/>\nKilenc kis g\u00f3lya lesz\u00e1llt a t\u00f3ra, elhozta n\u00e9k\u00fcnk a ny\u00e1rt.<br \/>\nKilenc kis g\u00f3lya lesz\u00e1llt a t\u00f3ra, elhozta n\u00e9k\u00fcnk a ny\u00e1rt.<br \/>\nKilenc kis g\u00f3lya lesz\u00e1llt a t\u00f3ra, elhozta n\u00e9k\u00fcnk a ny\u00e1rt.<br \/>\nHa fi\u00fa lesz, traktoros lesz, ha kisl\u00e1ny lesz, fagylaltos lesz.<br \/>\nKilenc kis g\u00f3lya lesz\u00e1llt a t\u00f3ra, elhozta n\u00e9k\u00fcnk a ny\u00e1rt.<br \/>\nHa fi\u00fa lesz, traktoros lesz, ha kisl\u00e1ny lesz, fagylaltos lesz.<br \/>\nKilenc kis g\u00f3lya lesz\u00e1llt a t\u00f3ra, elhozta n\u00e9k\u00fcnk a ny\u00e1rt.<br \/>\nEnnek a l\u00e1nynak sz\u0151r\u00f6s a l\u00e1ba, nem mehet el a b\u00e1lba,<br \/>\nennek a l\u00e1nynak sz\u0151r\u00f6s a l\u00e1ba, nem mehet el a b\u00e1lba.<br \/>\nNe f\u00e9lj kisl\u00e1ny hiba nem lesz, n\u00e1lunk a g\u00f3lyamad\u00e1r fuvaros lesz.<br \/>\nEnnek a l\u00e1nynak sz\u0151r\u00f6s a l\u00e1ba, nem mehet el a b\u00e1lba.<br \/>\nNe f\u00e9lj kisl\u00e1ny hiba nem lesz, n\u00e1lunk a g\u00f3lyamad\u00e1r fuvaros lesz.<br \/>\nEnnek a l\u00e1nynak sz\u0151r\u00f6s a l\u00e1ba, nem mehet el a b\u00e1lba.<br \/>\n&#8212;Sz\u00f3l\u00f3&#8212;\/\/13:37\/\/<br \/>\nKicsi m\u00e9g a mi l\u00e1nyunk, ne j\u00e1rjon kend min\u00e1lunk,<br \/>\nkcsi m\u00e9g a mi l\u00e1nyunk, ne j\u00e1rjon kend min\u00e1lunk,<br \/>\nmajd ha megn\u0151 a mi l\u00e1nyunk, akkor,akkor,akkor j\u00f6jj\u00f6n min\u00e1lunk!<br \/>\nMajd ha megn\u0151 a mi l\u00e1nyunk, akkor,akkor,akkor j\u00f6jj\u00f6n min\u00e1lunk!<br \/>\nMegn\u0151tt m\u00e1r a mi l\u00e1nyunk,j\u00e1rhat m\u00e1r kend min\u00e1lunk,<br \/>\nmegn\u0151tt m\u00e1r mi l\u00e1nyunk , j\u00e1rhat m\u00e1r kend min\u00e1lunk.<br \/>\nSe nem kicsi se nem nagy, \u00e9ppen, \u00e9ppen, \u00e9ppen hozz\u00e1m val\u00f3 vagy.<br \/>\nSe nem kicsi se nem nagy, \u00e9ppen, \u00e9ppen, \u00e9ppen hozz\u00e1m val\u00f3 vagy.<br \/>\n&#8212;V\u00e9ge&#8212;<\/p>\n","protected":false},"featured_media":12989,"template":"","meta":{"site-sidebar-layout":"default","site-content-layout":"default","ast-site-content-layout":"default","site-content-style":"default","site-sidebar-style":"default","ast-global-header-display":"","ast-banner-title-visibility":"","ast-main-header-display":"","ast-hfb-above-header-display":"","ast-hfb-below-header-display":"","ast-hfb-mobile-header-display":"","site-post-title":"","ast-breadcrumbs-content":"","ast-featured-img":"","footer-sml-layout":"","theme-transparent-header-meta":"default","adv-header-id-meta":"","stick-header-meta":"","header-above-stick-meta":"","header-main-stick-meta":"","header-below-stick-meta":"","astra-migrate-meta-layouts":"set","ast-page-background-enabled":"default","ast-page-background-meta":{"desktop":{"background-color":"var(--ast-global-color-4)","background-image":"","background-repeat":"repeat","background-position":"center center","background-size":"auto","background-attachment":"scroll","background-type":"","background-media":"","overlay-type":"","overlay-color":"","overlay-opacity":"","overlay-gradient":""},"tablet":{"background-color":"","background-image":"","background-repeat":"repeat","background-position":"center center","background-size":"auto","background-attachment":"scroll","background-type":"","background-media":"","overlay-type":"","overlay-color":"","overlay-opacity":"","overlay-gradient":""},"mobile":{"background-color":"","background-image":"","background-repeat":"repeat","background-position":"center center","background-size":"auto","background-attachment":"scroll","background-type":"","background-media":"","overlay-type":"","overlay-color":"","overlay-opacity":"","overlay-gradient":""}},"ast-content-background-meta":{"desktop":{"background-color":"var(--ast-global-color-5)","background-image":"","background-repeat":"repeat","background-position":"center center","background-size":"auto","background-attachment":"scroll","background-type":"","background-media":"","overlay-type":"","overlay-color":"","overlay-opacity":"","overlay-gradient":""},"tablet":{"background-color":"var(--ast-global-color-5)","background-image":"","background-repeat":"repeat","background-position":"center center","background-size":"auto","background-attachment":"scroll","background-type":"","background-media":"","overlay-type":"","overlay-color":"","overlay-opacity":"","overlay-gradient":""},"mobile":{"background-color":"var(--ast-global-color-5)","background-image":"","background-repeat":"repeat","background-position":"center center","background-size":"auto","background-attachment":"scroll","background-type":"","background-media":"","overlay-type":"","overlay-color":"","overlay-opacity":"","overlay-gradient":""}}},"product_cat":[48],"product_tag":[],"class_list":["post-12980","product","type-product","status-publish","has-post-thumbnail","hentry","product_cat-sunkaraoke-dalok","desktop-align-left","tablet-align-left","mobile-align-left"],"_links":{"self":[{"href":"https:\/\/www.sunkaraoke.hu\/index.php\/wp-json\/wp\/v2\/product\/12980","targetHints":{"allow":["GET"]}}],"collection":[{"href":"https:\/\/www.sunkaraoke.hu\/index.php\/wp-json\/wp\/v2\/product"}],"about":[{"href":"https:\/\/www.sunkaraoke.hu\/index.php\/wp-json\/wp\/v2\/types\/product"}],"wp:featuredmedia":[{"embeddable":true,"href":"https:\/\/www.sunkaraoke.hu\/index.php\/wp-json\/wp\/v2\/media\/12989"}],"wp:attachment":[{"href":"https:\/\/www.sunkaraoke.hu\/index.php\/wp-json\/wp\/v2\/media?parent=12980"}],"wp:term":[{"taxonomy":"product_cat","embeddable":true,"href":"https:\/\/www.sunkaraoke.hu\/index.php\/wp-json\/wp\/v2\/product_cat?post=12980"},{"taxonomy":"product_tag","embeddable":true,"href":"https:\/\/www.sunkaraoke.hu\/index.php\/wp-json\/wp\/v2\/product_tag?post=12980"}],"curies":[{"name":"wp","href":"https:\/\/api.w.org\/{rel}","templated":true}]}}