{"id":12912,"date":"2024-04-03T13:58:30","date_gmt":"2024-04-03T13:58:30","guid":{"rendered":"https:\/\/www.sunkaraoke.hu\/?post_type=product&#038;p=12912"},"modified":"2024-04-03T14:02:52","modified_gmt":"2024-04-03T14:02:52","slug":"bitto-duo-szep-rozsaszal-2024","status":"publish","type":"product","link":"https:\/\/www.sunkaraoke.hu\/index.php\/termek\/bitto-duo-szep-rozsaszal-2024\/","title":{"rendered":"<div class=\"wcmp-player-container product-12912\"><audio controlslist=\"nodownload\" data-product=\"12912\"  volume=\"1\"  preload=\"none\" data-lazyloading=\"none\" class=\"wcmp-player track mejs-classic\" data-duration=\"0:31\" data-estimated_duration=\"4\"><source src=\"https:\/\/www.sunkaraoke.hu\/wp-content\/uploads\/2024\/04\/Szep-rozsaszal-2024.-Bitto_demo.mp3\" type=\"audio\/mp3\" \/><\/audio><\/div>Bitt\u00f3 Du\u00f3 &#8211; Sz\u00e9p r\u00f3zsasz\u00e1l 2024."},"content":{"rendered":"<p><strong>04:08<\/strong>\u00a0| <strong><img loading=\"lazy\" decoding=\"async\" class=\"alignnone size-full wp-image-467\" src=\"https:\/\/www.sunkaraoke.hu\/wp-content\/uploads\/2022\/07\/choir_2-copy.webp\" alt=\"\" width=\"30\" height=\"30\" \/> <\/strong><\/p>\n","protected":false},"excerpt":{"rendered":"<h6><strong>Bits\u0171r\u0171s\u00e9g: 320kb\/s<\/strong><\/h6>\n<h6><strong>Hossz: 04:08<\/strong><\/h6>\n<h6><strong>Vok\u00e1l: Nem <img loading=\"lazy\" decoding=\"async\" class=\"alignnone size-full wp-image-467\" src=\"http:\/\/www.sunkaraoke.hu\/wp-content\/uploads\/2022\/07\/choir_2-copy.png\" alt=\"\" width=\"30\" height=\"30\" \/><\/strong><\/h6>\n<p>Sunkaraoke mp3 st\u00fadi\u00f3 \/ www.sunkaraoke.hu \/ Inf: Tel: 06 20 4275001<\/p>\n<p>&#8212;Intr\u00f3&#8212;<br \/>\nNem nem engedem, el a k\u00e9t kezed,<br \/>\nmert \u00e9n t\u00e9ged nagyon nagyon szeretlek.<br \/>\n\u00d3h, add a kezed, n\u00e9zz a szemembe,<br \/>\nazok szavak n\u00e9lk\u00fcl mes\u00e9lnek.<br \/>\nSz\u00e9p r\u00f3zsasz\u00e1l, gy\u00f6nge viol\u00e1m,<br \/>\ncsillag szem\u0171, dr\u00e1ga sz\u00e9p bab\u00e1m.<br \/>\nSz\u00e9p r\u00f3zsasz\u00e1l, gy\u00f6nge viol\u00e1m,<br \/>\ncsillag szem\u0171, dr\u00e1ga sz\u00e9p bab\u00e1m.<br \/>\n\u00cdg\u00e9rem neked, dr\u00e1ga kedvesem,<br \/>\nhogy a ny\u00e1ron Dubajba viszlek.<br \/>\nAz \u00e1lmok tenger\u00e9n, a szerelem sziget\u00e9n,<br \/>\nahol csakis ketten is te meg \u00e9n.<br \/>\nSz\u00e9p r\u00f3zsasz\u00e1l, gy\u00f6nge viol\u00e1m,<br \/>\ncsillag szem\u0171, dr\u00e1ga sz\u00e9p bab\u00e1m.<br \/>\nSz\u00e9p r\u00f3zsasz\u00e1l, gy\u00f6nge viol\u00e1m,<br \/>\ncsillag szem\u0171, dr\u00e1ga sz\u00e9p bab\u00e1m.<br \/>\n&#8212;Sz\u00f3l\u00f3&#8212;<br \/>\nHomokba \u00edrt szerelem, lakatlan szigeten,<br \/>\naminek a kulcs\u00e1t n\u00e1lad rejtettem el.<br \/>\nK\u00e9rlek vigy\u00e1zz r\u00e1m, soha ne kamuzz\u00e1l,<br \/>\nmert az \u00e1ld\u00e1s \u00edgy fog sz\u00e1llni r\u00e1m.<br \/>\nSz\u00e9p r\u00f3zsasz\u00e1l, gy\u00f6nge viol\u00e1m,<br \/>\ncsillag szem\u0171, dr\u00e1ga sz\u00e9p bab\u00e1m.<br \/>\nSz\u00e9p r\u00f3zsasz\u00e1l, gy\u00f6nge viol\u00e1m,<br \/>\ncsillag szem\u0171, dr\u00e1ga sz\u00e9p bab\u00e1m.<br \/>\nTedd a kezed, a te sz\u00edvedre,<br \/>\n\u00edg\u00e9rd meg hogy csak engem szeretsz.<br \/>\nK\u00e9rlek ne s\u00edrj\u00e1l, csak mosolyogj\u00e1l,<br \/>\nmert az \u00e9let csak is el\u00f6t\u00fcnk \u00e1ll.<br \/>\nSz\u00e9p r\u00f3zsasz\u00e1l,gy\u00f6nge viol\u00e1m,<br \/>\ncsillag szem\u0171, dr\u00e1ga sz\u00e9p bab\u00e1m.<br \/>\nSz\u00e9p r\u00f3zsasz\u00e1l,gy\u00f6nge viol\u00e1m,<br \/>\ncsillag szem\u0171, dr\u00e1ga sz\u00e9p bab\u00e1m.<br \/>\nSz\u00e9p r\u00f3zsasz\u00e1l,gy\u00f6nge viol\u00e1m,<br \/>\ncsillag szem\u0171, dr\u00e1ga sz\u00e9p bab\u00e1m.<br \/>\nSz\u00e9p r\u00f3zsasz\u00e1l,gy\u00f6nge viol\u00e1m,<br \/>\ncsillag szem\u0171, dr\u00e1ga sz\u00e9p bab\u00e1m.<br \/>\n&#8212;V\u00e9ge&#8212;<\/p>\n","protected":false},"featured_media":11406,"template":"","meta":{"site-sidebar-layout":"default","site-content-layout":"default","ast-site-content-layout":"","site-content-style":"default","site-sidebar-style":"default","ast-global-header-display":"","ast-banner-title-visibility":"","ast-main-header-display":"","ast-hfb-above-header-display":"","ast-hfb-below-header-display":"","ast-hfb-mobile-header-display":"","site-post-title":"","ast-breadcrumbs-content":"","ast-featured-img":"","footer-sml-layout":"","theme-transparent-header-meta":"default","adv-header-id-meta":"","stick-header-meta":"","header-above-stick-meta":"","header-main-stick-meta":"","header-below-stick-meta":"","astra-migrate-meta-layouts":"default","ast-page-background-enabled":"default","ast-page-background-meta":{"desktop":{"background-color":"var(--ast-global-color-4)","background-image":"","background-repeat":"repeat","background-position":"center center","background-size":"auto","background-attachment":"scroll","background-type":"","background-media":"","overlay-type":"","overlay-color":"","overlay-opacity":"","overlay-gradient":""},"tablet":{"background-color":"","background-image":"","background-repeat":"repeat","background-position":"center center","background-size":"auto","background-attachment":"scroll","background-type":"","background-media":"","overlay-type":"","overlay-color":"","overlay-opacity":"","overlay-gradient":""},"mobile":{"background-color":"","background-image":"","background-repeat":"repeat","background-position":"center center","background-size":"auto","background-attachment":"scroll","background-type":"","background-media":"","overlay-type":"","overlay-color":"","overlay-opacity":"","overlay-gradient":""}},"ast-content-background-meta":{"desktop":{"background-color":"var(--ast-global-color-5)","background-image":"","background-repeat":"repeat","background-position":"center center","background-size":"auto","background-attachment":"scroll","background-type":"","background-media":"","overlay-type":"","overlay-color":"","overlay-opacity":"","overlay-gradient":""},"tablet":{"background-color":"var(--ast-global-color-5)","background-image":"","background-repeat":"repeat","background-position":"center center","background-size":"auto","background-attachment":"scroll","background-type":"","background-media":"","overlay-type":"","overlay-color":"","overlay-opacity":"","overlay-gradient":""},"mobile":{"background-color":"var(--ast-global-color-5)","background-image":"","background-repeat":"repeat","background-position":"center center","background-size":"auto","background-attachment":"scroll","background-type":"","background-media":"","overlay-type":"","overlay-color":"","overlay-opacity":"","overlay-gradient":""}}},"product_cat":[48],"product_tag":[],"class_list":["post-12912","product","type-product","status-publish","has-post-thumbnail","hentry","product_cat-sunkaraoke-dalok","desktop-align-left","tablet-align-left","mobile-align-left"],"_links":{"self":[{"href":"https:\/\/www.sunkaraoke.hu\/index.php\/wp-json\/wp\/v2\/product\/12912","targetHints":{"allow":["GET"]}}],"collection":[{"href":"https:\/\/www.sunkaraoke.hu\/index.php\/wp-json\/wp\/v2\/product"}],"about":[{"href":"https:\/\/www.sunkaraoke.hu\/index.php\/wp-json\/wp\/v2\/types\/product"}],"wp:featuredmedia":[{"embeddable":true,"href":"https:\/\/www.sunkaraoke.hu\/index.php\/wp-json\/wp\/v2\/media\/11406"}],"wp:attachment":[{"href":"https:\/\/www.sunkaraoke.hu\/index.php\/wp-json\/wp\/v2\/media?parent=12912"}],"wp:term":[{"taxonomy":"product_cat","embeddable":true,"href":"https:\/\/www.sunkaraoke.hu\/index.php\/wp-json\/wp\/v2\/product_cat?post=12912"},{"taxonomy":"product_tag","embeddable":true,"href":"https:\/\/www.sunkaraoke.hu\/index.php\/wp-json\/wp\/v2\/product_tag?post=12912"}],"curies":[{"name":"wp","href":"https:\/\/api.w.org\/{rel}","templated":true}]}}