{"id":12868,"date":"2024-03-14T10:36:16","date_gmt":"2024-03-14T10:36:16","guid":{"rendered":"https:\/\/www.sunkaraoke.hu\/?post_type=product&#038;p=12868"},"modified":"2025-10-13T16:28:05","modified_gmt":"2025-10-13T14:28:05","slug":"tesok-attila-ha-nem-lesz-az-enyem","status":"publish","type":"product","link":"https:\/\/www.sunkaraoke.hu\/index.php\/termek\/tesok-attila-ha-nem-lesz-az-enyem\/","title":{"rendered":"<div class=\"wcmp-player-container product-12868\"><audio controlslist=\"nodownload\" data-product=\"12868\"  volume=\"1\"  preload=\"none\" data-lazyloading=\"none\" class=\"wcmp-player track mejs-classic\" data-duration=\"0:33\" data-estimated_duration=\"4\"><source src=\"https:\/\/www.sunkaraoke.hu\/wp-content\/uploads\/2024\/03\/Tesok-Ha-nem-leszel_demo.mp3\" type=\"audio\/mp3\" \/><\/audio><\/div>Tes\u00f3k Attila- Ha nem lesz az eny\u00e9m (Original)"},"content":{"rendered":"<p><strong>02:44<\/strong>\u00a0| <strong><img loading=\"lazy\" decoding=\"async\" class=\"alignnone size-full wp-image-467\" src=\"https:\/\/www.sunkaraoke.hu\/wp-content\/uploads\/2022\/07\/choir_2-copy.webp\" alt=\"\" width=\"30\" height=\"30\" \/> \u00a0<\/strong><\/p>\n","protected":false},"excerpt":{"rendered":"<h6><strong>Bits\u0171r\u0171s\u00e9g: 320kb\/s<\/strong><br \/>\n<strong>Hossz: 02:44<\/strong><\/h6>\n<h6><strong>Vok\u00e1lt tartalmaz: Nem <img loading=\"lazy\" decoding=\"async\" class=\"alignnone size-full wp-image-467\" src=\"http:\/\/www.sunkaraoke.hu\/wp-content\/uploads\/2022\/07\/choir_2-copy.png\" alt=\"\" width=\"30\" height=\"30\" \/><\/strong><\/h6>\n<p>Sunkaraoke mp3 st\u00fadi\u00f3 \/ www.sunkaraoke.hu \/ Inf: Tel: 06 20 4275001<\/p>\n<p>&#8212;Intr\u00f3&#8212;<br \/>\nMegl\u00e1ttam gy\u00f6ny\u00f6r\u0171 szem\u00e9t,megtudtam egyb\u0151l a nev\u00e9t,<br \/>\np\u00e1r cs\u00f3k volt \u00e9s a szerelem,\u00e1tfutott a sz\u00edvemen.<br \/>\nAzt\u00e1n j\u00f6tt vele is a gond, nem vette fel a telefont,<br \/>\nha r\u00e1\u00edrtam ler\u00e1zott hamar, nem tudom hogy mit akar.<br \/>\nHa nem lesz az eny\u00e9m belehalok, n\u00e9lk\u00fcle \u00e9lni nem akarok,<br \/>\nmindennap iszok, \u00fagy viselem, n\u00e9lk\u00fcle az \u00e9letem.<br \/>\nHa nem lesz az eny\u00e9m, belehalok, n\u00e9lk\u00fcle \u00e9lni nem akarok,<br \/>\nmindennap iszok, \u00fagy viselem, n\u00e9lk\u00fcle az \u00e9letem.<br \/>\n\u00dagy elment hogy nem is \u00fczent, nem l\u00e1ttam sosahem ilyet,<br \/>\nitt hagyta nekem a rem\u00e9nyt, benne keresem a f\u00e9nyt.<br \/>\nB\u00e1rmit k\u00e9r neki megadom, nem lesz \u00fagy hogy \u00e9n feladom,<br \/>\nsz\u00e9p sz\u00f3val meg szel\u00edd\u00edtem, egy \u00e9letre elviszem.<br \/>\nHa nem lesz az eny\u00e9m,\u00a0 belehalok, n\u00e9lk\u00fcle \u00e9lni nem akarok,<br \/>\nmindennap iszok, \u00fagy viselem, n\u00e9lk\u00fcle az \u00e9letem.<br \/>\nHa nem lesz az eny\u00e9m, belehalok, n\u00e9lk\u00fcle \u00e9lni\u00a0 nem akarok,<br \/>\nmindennap iszok, \u00fagy viselem ,n\u00e9lk\u00fcle az \u00e9letem.<br \/>\n&#8212;Sz\u00f3l\u00f3&#8212;<br \/>\nHa nem lesz az eny\u00e9m, belehalok, n\u00e9lk\u00fcle \u00e9lni nem akarok,<br \/>\nmindennap iszok, \u00fagy viselem, n\u00e9lk\u00fcle az \u00e9letem.<br \/>\nHa nem lesz az eny\u00e9m,\u00a0 belehalok, n\u00e9lk\u00fcle \u00e9lni nem akarok,<br \/>\nmindennap iszok, \u00fagy viselem, n\u00e9lk\u00fcle az \u00e9letem.<br \/>\nHa nem lesz az eny\u00e9m, belehalok, n\u00e9lk\u00fcle \u00e9lni nem akarok,<br \/>\nmindennap iszok, \u00fagy viselem, n\u00e9lk\u00fcle az \u00e9letem.<br \/>\n&#8212;V\u00e9ge&#8212;<\/p>\n","protected":false},"featured_media":8715,"template":"","meta":{"site-sidebar-layout":"default","site-content-layout":"default","ast-site-content-layout":"default","site-content-style":"default","site-sidebar-style":"default","ast-global-header-display":"","ast-banner-title-visibility":"","ast-main-header-display":"","ast-hfb-above-header-display":"","ast-hfb-below-header-display":"","ast-hfb-mobile-header-display":"","site-post-title":"","ast-breadcrumbs-content":"","ast-featured-img":"","footer-sml-layout":"","theme-transparent-header-meta":"default","adv-header-id-meta":"","stick-header-meta":"","header-above-stick-meta":"","header-main-stick-meta":"","header-below-stick-meta":"","astra-migrate-meta-layouts":"set","ast-page-background-enabled":"default","ast-page-background-meta":{"desktop":{"background-color":"var(--ast-global-color-4)","background-image":"","background-repeat":"repeat","background-position":"center center","background-size":"auto","background-attachment":"scroll","background-type":"","background-media":"","overlay-type":"","overlay-color":"","overlay-opacity":"","overlay-gradient":""},"tablet":{"background-color":"","background-image":"","background-repeat":"repeat","background-position":"center center","background-size":"auto","background-attachment":"scroll","background-type":"","background-media":"","overlay-type":"","overlay-color":"","overlay-opacity":"","overlay-gradient":""},"mobile":{"background-color":"","background-image":"","background-repeat":"repeat","background-position":"center center","background-size":"auto","background-attachment":"scroll","background-type":"","background-media":"","overlay-type":"","overlay-color":"","overlay-opacity":"","overlay-gradient":""}},"ast-content-background-meta":{"desktop":{"background-color":"var(--ast-global-color-5)","background-image":"","background-repeat":"repeat","background-position":"center center","background-size":"auto","background-attachment":"scroll","background-type":"","background-media":"","overlay-type":"","overlay-color":"","overlay-opacity":"","overlay-gradient":""},"tablet":{"background-color":"var(--ast-global-color-5)","background-image":"","background-repeat":"repeat","background-position":"center center","background-size":"auto","background-attachment":"scroll","background-type":"","background-media":"","overlay-type":"","overlay-color":"","overlay-opacity":"","overlay-gradient":""},"mobile":{"background-color":"var(--ast-global-color-5)","background-image":"","background-repeat":"repeat","background-position":"center center","background-size":"auto","background-attachment":"scroll","background-type":"","background-media":"","overlay-type":"","overlay-color":"","overlay-opacity":"","overlay-gradient":""}}},"product_cat":[48],"product_tag":[],"class_list":["post-12868","product","type-product","status-publish","has-post-thumbnail","hentry","product_cat-sunkaraoke-dalok","desktop-align-left","tablet-align-left","mobile-align-left"],"_links":{"self":[{"href":"https:\/\/www.sunkaraoke.hu\/index.php\/wp-json\/wp\/v2\/product\/12868","targetHints":{"allow":["GET"]}}],"collection":[{"href":"https:\/\/www.sunkaraoke.hu\/index.php\/wp-json\/wp\/v2\/product"}],"about":[{"href":"https:\/\/www.sunkaraoke.hu\/index.php\/wp-json\/wp\/v2\/types\/product"}],"wp:featuredmedia":[{"embeddable":true,"href":"https:\/\/www.sunkaraoke.hu\/index.php\/wp-json\/wp\/v2\/media\/8715"}],"wp:attachment":[{"href":"https:\/\/www.sunkaraoke.hu\/index.php\/wp-json\/wp\/v2\/media?parent=12868"}],"wp:term":[{"taxonomy":"product_cat","embeddable":true,"href":"https:\/\/www.sunkaraoke.hu\/index.php\/wp-json\/wp\/v2\/product_cat?post=12868"},{"taxonomy":"product_tag","embeddable":true,"href":"https:\/\/www.sunkaraoke.hu\/index.php\/wp-json\/wp\/v2\/product_tag?post=12868"}],"curies":[{"name":"wp","href":"https:\/\/api.w.org\/{rel}","templated":true}]}}