{"id":12835,"date":"2024-03-09T06:45:38","date_gmt":"2024-03-09T06:45:38","guid":{"rendered":"https:\/\/www.sunkaraoke.hu\/?post_type=product&#038;p=12835"},"modified":"2025-06-22T15:53:49","modified_gmt":"2025-06-22T13:53:49","slug":"t-danny-feat-byealex-ezer-nap","status":"publish","type":"product","link":"https:\/\/www.sunkaraoke.hu\/index.php\/termek\/t-danny-feat-byealex-ezer-nap\/","title":{"rendered":"<div class=\"wcmp-player-container product-12835\"><audio controlslist=\"nodownload\" data-product=\"12835\"  volume=\"1\"  preload=\"none\" data-lazyloading=\"none\" class=\"wcmp-player track mejs-classic\" data-duration=\"0:32\" data-estimated_duration=\"4\"><source src=\"https:\/\/www.sunkaraoke.hu\/wp-content\/uploads\/2024\/03\/T.-Danny-EZER-NAP_demo.mp3\" type=\"audio\/mp3\" \/><\/audio><\/div>T.Danny feat byeAlex &#8211; Ezer nap"},"content":{"rendered":"<h6><strong>03:25<\/strong>\u00a0\/ <strong><img loading=\"lazy\" decoding=\"async\" class=\"alignnone size-full wp-image-467\" src=\"https:\/\/www.sunkaraoke.hu\/wp-content\/uploads\/2022\/07\/choir_2-copy.webp\" alt=\"\" width=\"30\" height=\"30\" \/> \/\u00a0\u00a0<\/strong><\/h6>\n","protected":false},"excerpt":{"rendered":"<h5><strong>Bits\u0171r\u0171s\u00e9g: 320 kb\/s<\/strong><br \/>\n<strong>Hossz: 03:25<\/strong><br \/>\n<strong>Vok\u00e1lt tartalmaz: Nem <img loading=\"lazy\" decoding=\"async\" class=\"alignnone size-full wp-image-467\" src=\"http:\/\/www.sunkaraoke.hu\/wp-content\/uploads\/2022\/07\/choir_2-copy.png\" alt=\"\" width=\"30\" height=\"30\" \/><\/strong><\/h5>\n<p>Sunkaraoke mp3 st\u00fadi\u00f3 \/ www.sunkaraoke.hu \/ Inf: Tel: 06 20 4275001<\/p>\n<p>&#8212;Intr\u00f3&#8212;<br \/>\nAk\u00e1rmerre j\u00e1rok a vil\u00e1gban, te ott vagy, ahol \u00e9n,<br \/>\n\u00f3h, b\u00e1rcsak egyszer tudn\u00e1l te is szeretni, pont \u00fagy, ahogy \u00e9n.<br \/>\nMinden egyes reggel azt k\u00edv\u00e1nom, \u00fajra szeress bel\u00e9m,<br \/>\nha ezer napba is telik, megv\u00e1rom, hogy legy\u00e9l az eny\u00e9m.<br \/>\nTudom, nem akarod ma, hogy menn\u00e9k haza, hogyha,<br \/>\n\u00fagy visszab\u00fajn\u00e9k most a takar\u00f3dba.<br \/>\nMiattam szakad most a, sz\u00edved \u00e9pp darabokra,<br \/>\nlehelek egy \u00fajat az ablakodra.<br \/>\nNem veszed fel amikor, bar\u00e1tn\u0151kkel talizol,<br \/>\nelj\u00e1tszottuk annyiszor, haragszol r\u00e1m, ha iszol.<br \/>\nHa elm\u00e9sz, h\u00e1t legyen \u00fagy,amit, \u00e9rzek el nem m\u00falt,<br \/>\na sz\u00edvembe beleb\u00fajt a sz\u00edved.<br \/>\nOh, de h\u00e1ny, oh h\u00e1ny, hib\u00e1m f\u00e1jt neked m\u00e1r,<br \/>\ntudom, rossz voltam hozz\u00e1d.<br \/>\nOh, de l\u00e1ny, oh, de l\u00e1ny,<br \/>\nmost ne v\u00e1rj, most ne v\u00e1rj,<br \/>\nhogyha menned kell, viszl\u00e1t\u2026<br \/>\nAk\u00e1rmerre j\u00e1rok a vil\u00e1gban, te ott vagy, ahol \u00e9n,<br \/>\n\u00f3h, b\u00e1rcsak egyszer tudn\u00e1l te is szeretni, pont \u00fagy, ahogy \u00e9n.<br \/>\nMinden egyes reggel azt k\u00edv\u00e1nom, \u00fajra szeress bel\u00e9m,<br \/>\nha ezer napba is telik, megv\u00e1rom, hogy legy\u00e9l az eny\u00e9m.<br \/>\nAzt mondtam az elej\u00e9n, hogy szeretni nem tudok,<br \/>\nhogy fekete a sz\u00edvem meg rossz vagyok,<br \/>\nhogy mindenkit \u00fagyis ott hagyok.<br \/>\nMost meg itt vagyunk, te meg \u00e9n,\u00e9s velem minden rendben van,<br \/>\nez a darkside itt bent csendben van,de mi lesz ha elhagysz,benne van.<br \/>\nDe mi a szerelem,meddig tart,\u00e9s ki szeret jobban, te vagy \u00e9n,<br \/>\nmi van, ha holnap szar lesz, ami j\u00f3l indult m\u00e9g az elej\u00e9n?<br \/>\nNekem \u00fagy t\u0171nt akkor, hogy v\u00e1ltozni nem tudok,<br \/>\nmost mindig ott vagyok neked!<br \/>\nAk\u00e1rmerre j\u00e1rok a vil\u00e1gban, te ott vagy, ahol \u00e9n,<br \/>\n\u00f3h, b\u00e1rcsak egyszer tudn\u00e1l te is szeretni, pont \u00fagy, ahogy \u00e9n.<br \/>\nMinden egyes reggel azt k\u00edv\u00e1nom, \u00fajra szeress bel\u00e9m,<br \/>\nha ezer napba is telik, megv\u00e1rom, hogy legy\u00e9l az eny\u00e9m.<br \/>\nAk\u00e1rmerre j\u00e1rok a vil\u00e1gban, te ott vagy, ahol \u00e9n,<br \/>\n\u00f3h, b\u00e1rcsak egyszer tudn\u00e1l te is szeretni, pont \u00fagy, ahogy \u00e9n.<br \/>\nMinden egyes reggel azt k\u00edv\u00e1nom, \u00fajra szeress bel\u00e9m,<br \/>\nha ezer napba is telik, megv\u00e1rom, hogy legy\u00e9l az eny\u00e9m.<br \/>\n&#8212;V\u00e9ge&#8212;<\/p>\n","protected":false},"featured_media":12838,"template":"","meta":{"site-sidebar-layout":"default","site-content-layout":"default","ast-site-content-layout":"","site-content-style":"default","site-sidebar-style":"default","ast-global-header-display":"","ast-banner-title-visibility":"","ast-main-header-display":"","ast-hfb-above-header-display":"","ast-hfb-below-header-display":"","ast-hfb-mobile-header-display":"","site-post-title":"","ast-breadcrumbs-content":"","ast-featured-img":"","footer-sml-layout":"","theme-transparent-header-meta":"default","adv-header-id-meta":"","stick-header-meta":"","header-above-stick-meta":"","header-main-stick-meta":"","header-below-stick-meta":"","astra-migrate-meta-layouts":"default","ast-page-background-enabled":"default","ast-page-background-meta":{"desktop":{"background-color":"var(--ast-global-color-4)","background-image":"","background-repeat":"repeat","background-position":"center center","background-size":"auto","background-attachment":"scroll","background-type":"","background-media":"","overlay-type":"","overlay-color":"","overlay-opacity":"","overlay-gradient":""},"tablet":{"background-color":"","background-image":"","background-repeat":"repeat","background-position":"center center","background-size":"auto","background-attachment":"scroll","background-type":"","background-media":"","overlay-type":"","overlay-color":"","overlay-opacity":"","overlay-gradient":""},"mobile":{"background-color":"","background-image":"","background-repeat":"repeat","background-position":"center center","background-size":"auto","background-attachment":"scroll","background-type":"","background-media":"","overlay-type":"","overlay-color":"","overlay-opacity":"","overlay-gradient":""}},"ast-content-background-meta":{"desktop":{"background-color":"var(--ast-global-color-5)","background-image":"","background-repeat":"repeat","background-position":"center center","background-size":"auto","background-attachment":"scroll","background-type":"","background-media":"","overlay-type":"","overlay-color":"","overlay-opacity":"","overlay-gradient":""},"tablet":{"background-color":"var(--ast-global-color-5)","background-image":"","background-repeat":"repeat","background-position":"center center","background-size":"auto","background-attachment":"scroll","background-type":"","background-media":"","overlay-type":"","overlay-color":"","overlay-opacity":"","overlay-gradient":""},"mobile":{"background-color":"var(--ast-global-color-5)","background-image":"","background-repeat":"repeat","background-position":"center center","background-size":"auto","background-attachment":"scroll","background-type":"","background-media":"","overlay-type":"","overlay-color":"","overlay-opacity":"","overlay-gradient":""}}},"product_cat":[58],"product_tag":[110,109,93,108],"class_list":["post-12835","product","type-product","status-publish","has-post-thumbnail","hentry","product_cat-erdelyi-zoltan","product_tag-byealex-karaoke","product_tag-ezer-nap","product_tag-karaoke","product_tag-t-danny","desktop-align-left","tablet-align-left","mobile-align-left"],"_links":{"self":[{"href":"https:\/\/www.sunkaraoke.hu\/index.php\/wp-json\/wp\/v2\/product\/12835","targetHints":{"allow":["GET"]}}],"collection":[{"href":"https:\/\/www.sunkaraoke.hu\/index.php\/wp-json\/wp\/v2\/product"}],"about":[{"href":"https:\/\/www.sunkaraoke.hu\/index.php\/wp-json\/wp\/v2\/types\/product"}],"wp:featuredmedia":[{"embeddable":true,"href":"https:\/\/www.sunkaraoke.hu\/index.php\/wp-json\/wp\/v2\/media\/12838"}],"wp:attachment":[{"href":"https:\/\/www.sunkaraoke.hu\/index.php\/wp-json\/wp\/v2\/media?parent=12835"}],"wp:term":[{"taxonomy":"product_cat","embeddable":true,"href":"https:\/\/www.sunkaraoke.hu\/index.php\/wp-json\/wp\/v2\/product_cat?post=12835"},{"taxonomy":"product_tag","embeddable":true,"href":"https:\/\/www.sunkaraoke.hu\/index.php\/wp-json\/wp\/v2\/product_tag?post=12835"}],"curies":[{"name":"wp","href":"https:\/\/api.w.org\/{rel}","templated":true}]}}