{"id":12828,"date":"2024-03-07T12:07:35","date_gmt":"2024-03-07T12:07:35","guid":{"rendered":"https:\/\/www.sunkaraoke.hu\/?post_type=product&#038;p=12828"},"modified":"2025-04-07T15:26:51","modified_gmt":"2025-04-07T15:26:51","slug":"piros-bela-piros-mulatos-79-mix","status":"publish","type":"product","link":"https:\/\/www.sunkaraoke.hu\/index.php\/termek\/piros-bela-piros-mulatos-79-mix\/","title":{"rendered":"<div class=\"wcmp-player-container product-12828\"><audio controlslist=\"nodownload\" data-product=\"12828\"  volume=\"1\"  preload=\"none\" data-lazyloading=\"none\" class=\"wcmp-player track mejs-classic\" data-duration=\"0:35\" data-estimated_duration=\"4\"><source src=\"https:\/\/www.sunkaraoke.hu\/wp-content\/uploads\/2024\/03\/Piros-mulatos-mix-79_demo.mp3\" type=\"audio\/mp3\" \/><\/audio><\/div>Piros B\u00e9la -Piros Mulat\u00f3s 79. MIX. (Original)"},"content":{"rendered":"<p><b>12:56<\/b>| <strong><img loading=\"lazy\" decoding=\"async\" class=\"alignnone size-full wp-image-467\" src=\"https:\/\/www.sunkaraoke.hu\/wp-content\/uploads\/2022\/07\/choir_2-copy.webp\" alt=\"\" width=\"30\" height=\"30\" \/> <\/strong><\/p>\n","protected":false},"excerpt":{"rendered":"<h6><strong>Bits\u0171r\u0171s\u00e9g: 320kb\/s<\/strong><br \/>\n<strong>Hossz:12:56<\/strong><br \/>\n<strong>Vok\u00e1lt tartalmaz: Nem <img loading=\"lazy\" decoding=\"async\" class=\"alignnone size-full wp-image-467\" src=\"http:\/\/www.sunkaraoke.hu\/wp-content\/uploads\/2022\/07\/choir_2-copy.png\" alt=\"\" width=\"30\" height=\"30\" \/><\/strong><strong style=\"font-size: 16px;\"><br \/>\n<\/strong><\/h6>\n<p>Sunkaraoke mp3 st\u00fadi\u00f3 \/ www.sunkaraoke.hu \/ Inf: Tel: 06 20 4275001<\/p>\n<p>&#8212;Intr\u00f3&#8212;<br \/>\nAz a sz\u00e9p, az a sz\u00e9p, akinek a szeme k\u00e9k, akinek a szeme k\u00e9k.<br \/>\nAz a sz\u00e9p, az a sz\u00e9p, akinek a szeme k\u00e9k, akinek a szeme k\u00e9k.<br \/>\nL\u00e1m, az eny\u00e9m, l\u00e1m, az eny\u00e9m s\u00f6t\u00e9tk\u00e9k, m\u00e9gse vagyok a bab\u00e1mnak el\u00e9g sz\u00e9p.<br \/>\nAz a sz\u00e9p, az a sz\u00e9p, akinek a szeme k\u00e9k, akinek a szeme k\u00e9k.<br \/>\nL\u00e1m, az eny\u00e9m, l\u00e1m, az eny\u00e9m s\u00f6t\u00e9tk\u00e9k, m\u00e9gse vagyok a bab\u00e1mnak el\u00e9g sz\u00e9p.<br \/>\nAz a sz\u00e9p, az a sz\u00e9p, akinek a szeme k\u00e9k, akinek a szeme k\u00e9k.<br \/>\nAz a sz\u00e9p, az a sz\u00e9p, akinek a szeme k\u00e9k, akinek a szeme k\u00e9k.<br \/>\nAz a sz\u00e9p, az a sz\u00e9p, akinek a szeme k\u00e9k, akinek a szeme fekete.<br \/>\nL\u00e1m, az eny\u00e9m, l\u00e1m, az eny\u00e9m fekete, az\u00e9rt eszi a l\u00e1nyokat a fene.<br \/>\nAz a sz\u00e9p, az a sz\u00e9p, akinek a szeme k\u00e9k, akinek a szeme fekete.<br \/>\nL\u00e1m, az eny\u00e9m, l\u00e1m, az eny\u00e9m fekete, az\u00e9rt eszi a l\u00e1nyokat a fene.<br \/>\nAz a sz\u00e9p, az a sz\u00e9p, akinek a szeme k\u00e9k, akinek a szeme fekete.<br \/>\n&#8212;Sz\u00f3l\u00f3&#8212;<br \/>\nEz a vonat most van indul\u00f3ban, a belseje fel van vir\u00e1gozva.<br \/>\nA belseje s\u00e1rg\u00e1ra, leszerel\u0151 \u00f6reg bak\u00e1k sz\u00e1m\u00e1ra. Mennek haza v\u00e9gleg szabads\u00e1gra.<br \/>\nA belseje s\u00e1rg\u00e1ra, leszerel\u0151 \u00f6reg bak\u00e1k sz\u00e1m\u00e1ra. Mennek haza v\u00e9gleg szabads\u00e1gra.<br \/>\nBe van az \u00e9n zubbonyzsebem varrva. Barna kisl\u00e1ny, mit keresel rajta?<br \/>\nBenne van a zsoldk\u00f6nyvem, meg a leszerel\u0151 civillevelem,<br \/>\nm\u00e1r ezut\u00e1n barna kisl\u00e1ny a kedvesem.<br \/>\nBenne van a zsoldk\u00f6nyvem, meg a leszerel\u0151 civillevelem,<br \/>\nm\u00e1r ezut\u00e1n barna kisl\u00e1ny a kedvesem.<br \/>\nV\u00e9ge van az \u00f6sszes gyakorlatnak, \u00f6reg baka hazafel\u00e9 ballag.<br \/>\nZsebrev\u00e1gja a zsoldk\u00f6nyv\u00e9t, meg a leszerel\u0151 civillevel\u00e9t<br \/>\nElveszi a kopasz baka szeret\u0151j\u00e9t.<br \/>\nZsebrev\u00e1gja a zsoldk\u00f6nyv\u00e9t, meg a leszerel\u0151 civillevel\u00e9t<br \/>\nElveszi a kopasz baka szeret\u0151j\u00e9t.<br \/>\n&#8212;Sz\u00f3l\u00f3&#8212;<br \/>\nFekete a k\u00f6k\u00e9ny,feh\u00e9r a vir\u00e1ga,bort iszik a leg\u00e9ny,piros az orc\u00e1ja.<br \/>\nAzt hiszik a l\u00e1nyok,hogy p\u00fcnk\u00f6sdi r\u00f3zsa,pedig a szerelem l\u00e1ngja lobog rajta.<br \/>\nAzt hiszik a l\u00e1nyok,hogy p\u00fcnk\u00f6sdi r\u00f3zsa,pedig a szerelem l\u00e1ngja lobog rajta.<br \/>\nFekete faluban feh\u00e9r torony l\u00e1tszik, ott l\u00e1tom a bab\u00e1m, a m\u00e1s karj\u00e1ban j\u00e1tszik.<br \/>\nAzt mondom,nem b\u00e1nom,pedig csak sajn\u00e1lom,mikor a bab\u00e1mat a m\u00e1s karj\u00e1ban l\u00e1tom.<br \/>\nAzt mondom,nem b\u00e1nom,pedig csak sajn\u00e1lom,mikor a bab\u00e1mat a m\u00e1s karj\u00e1ban l\u00e1tom.<br \/>\n&#8212;Sz\u00f3l\u00f3&#8212;<br \/>\nA szekeresi vas\u00fat \u00e1llom\u00e1son, h\u00e1rom g\u0151z\u00f6s \u00e1ll a negyedik v\u00e1g\u00e1nyon,<br \/>\naz els\u0151nek jaj de f\u00fcst\u00f6l a k\u00e9m\u00e9nye, azon visznek le a hat\u00e1rsz\u00e9lre.<br \/>\nAz els\u0151nek jaj de f\u00fcst\u00f6l a k\u00e9m\u00e9nye, azon visznek le a hat\u00e1rsz\u00e9lre.<br \/>\nAz \u00e9n r\u00f3zs\u00e1m karjai, karjai, nem akar meghajlani levelet \u00edrni,<br \/>\nmeg kell annak hajlani levelet \u00edrni, ha meg akar \u00f6lelni cs\u00f3kolni.<br \/>\nMeg kell annak hajlani levelet \u00edrni, ha meg akar \u00f6lelni cs\u00f3kolni.<br \/>\n&#8212;Sz\u00f3l\u00f3&#8212;<br \/>\nV\u00e9kony h\u00e9ja, v\u00e9kony h\u00e9ja van a piros alm\u00e1nak,<br \/>\nsz\u00e9p szeret\u0151je, sz\u00e9p szeret\u0151je van a barna le\u00e1nynak.<br \/>\nSz\u00e9p szeret\u0151je, de v\u00e9kony karcs\u00fa a dereka, dereka,<br \/>\nJobb v\u00e1ll\u00e1r\u00f3l a bal v\u00e1ll\u00e1ra, bal v\u00e1ll\u00e1r\u00f3l a jobb v\u00e1ll\u00e1ra,<br \/>\nSej-haj, g\u00f6nd\u00f6r\u00f6dik a haja, de a haja.<br \/>\nSz\u00e9p szeret\u0151je, de v\u00e9kony karcs\u00fa a dereka, dereka,<br \/>\nJobb v\u00e1ll\u00e1r\u00f3l a bal v\u00e1ll\u00e1ra, bal v\u00e1ll\u00e1r\u00f3l a jobb v\u00e1ll\u00e1ra,<br \/>\nSej-haj, g\u00f6nd\u00f6r\u00f6dik a haja, de a haja.<br \/>\nV\u00e9kony h\u00e9ja, v\u00e9kony h\u00e9ja van a piros alm\u00e1nak,<br \/>\nsz\u00e9p szeret\u0151je, sz\u00e9p szeret\u0151je van a barna le\u00e1nynak.<br \/>\nSz\u00e9p szeret\u0151je, de v\u00e9kony karcs\u00fa a dereka, dereka,<br \/>\nJobb v\u00e1ll\u00e1r\u00f3l a bal v\u00e1ll\u00e1ra, bal v\u00e1ll\u00e1r\u00f3l a jobb v\u00e1ll\u00e1ra,<br \/>\nSej-haj, g\u00f6nd\u00f6r\u00f6dik a haja, de a haja.<br \/>\nSz\u00e9p szeret\u0151je, de v\u00e9kony karcs\u00fa a dereka, dereka,<br \/>\nJobb v\u00e1ll\u00e1r\u00f3l a bal v\u00e1ll\u00e1ra, bal v\u00e1ll\u00e1r\u00f3l a jobb v\u00e1ll\u00e1ra,<br \/>\nSej-haj, g\u00f6nd\u00f6r\u00f6dik a haja, de a haja.<br \/>\n&#8212;-Sz\u00f3l\u00f3&#8212;<br \/>\nM\u00e9g a b\u00faza ki se h\u00e1nyta a fej\u00e9t, p\u00e1ros galamb mind elhordta a szem\u00e9t.<br \/>\nMeg\u00e1llj, galamb, p\u00e1ros galamb! Majd lel\u0151lek a ny\u00e1ron.<br \/>\nVad\u00e1sz leszek a gyarmati hat\u00e1ron.<br \/>\nMeg\u00e1llj, galamb, p\u00e1ros galamb! Majd lel\u0151lek a ny\u00e1ron.<br \/>\nVad\u00e1sz leszek a gyarmati hat\u00e1ron.<br \/>\nNincsen csillag, mind lehullott a f\u00f6ldre, nincs szeret\u0151m, mind elhagyott \u00f6r\u00f6kre.<br \/>\nLehullott a, lehullott a rem\u00e9nys\u00e9gem csillaga,csillag n\u00e9lk\u00fcl de s\u00f6t\u00e9t az \u00e9jszaka!<br \/>\nLehullott a, lehullott a rem\u00e9nys\u00e9gem csillaga,csillag n\u00e9lk\u00fcl de s\u00f6t\u00e9t az \u00e9jszaka!<br \/>\n&#8212;Sz\u00f3l\u00f3&#8212;<br \/>\nNem messze van a juh\u00e1szok tany\u00e1ja, idel\u00e1tszik annak f\u00e9nye vil\u00e1ga.<br \/>\n\u00c9n is azt a, \u00e9n is azt a juh\u00e1sztany\u00e1t keresem. De a s\u0171r\u0171 rengetegben nem lelem.<br \/>\n\u00c9n is azt a, \u00e9n is azt a juh\u00e1sztany\u00e1t keresem. De a s\u0171r\u0171 rengetegben nem lelem.<br \/>\nNincsen csillag, mind lehullott a f\u00f6ldre, nincs szeret\u0151m, mind elhagyott \u00f6r\u00f6kre.<br \/>\nHa elhagyott, nem b\u00e1nom \u00e9n, majd lesz n\u00e9kem a ny\u00e1ron.<br \/>\nVad\u00e1sz leszek a gyarmati hat\u00e1ron.<br \/>\nHa elhagyott, nem b\u00e1nom \u00e9n, majd lesz n\u00e9kem a ny\u00e1ron.<br \/>\nVad\u00e1sz leszek a gyarmati hat\u00e1ron.<br \/>\n&#8212;V\u00e9ge&#8212;<\/p>\n","protected":false},"featured_media":12989,"template":"","meta":{"site-sidebar-layout":"default","site-content-layout":"default","ast-site-content-layout":"default","site-content-style":"default","site-sidebar-style":"default","ast-global-header-display":"","ast-banner-title-visibility":"","ast-main-header-display":"","ast-hfb-above-header-display":"","ast-hfb-below-header-display":"","ast-hfb-mobile-header-display":"","site-post-title":"","ast-breadcrumbs-content":"","ast-featured-img":"","footer-sml-layout":"","theme-transparent-header-meta":"default","adv-header-id-meta":"","stick-header-meta":"","header-above-stick-meta":"","header-main-stick-meta":"","header-below-stick-meta":"","astra-migrate-meta-layouts":"set","ast-page-background-enabled":"default","ast-page-background-meta":{"desktop":{"background-color":"var(--ast-global-color-4)","background-image":"","background-repeat":"repeat","background-position":"center center","background-size":"auto","background-attachment":"scroll","background-type":"","background-media":"","overlay-type":"","overlay-color":"","overlay-opacity":"","overlay-gradient":""},"tablet":{"background-color":"","background-image":"","background-repeat":"repeat","background-position":"center center","background-size":"auto","background-attachment":"scroll","background-type":"","background-media":"","overlay-type":"","overlay-color":"","overlay-opacity":"","overlay-gradient":""},"mobile":{"background-color":"","background-image":"","background-repeat":"repeat","background-position":"center center","background-size":"auto","background-attachment":"scroll","background-type":"","background-media":"","overlay-type":"","overlay-color":"","overlay-opacity":"","overlay-gradient":""}},"ast-content-background-meta":{"desktop":{"background-color":"var(--ast-global-color-5)","background-image":"","background-repeat":"repeat","background-position":"center center","background-size":"auto","background-attachment":"scroll","background-type":"","background-media":"","overlay-type":"","overlay-color":"","overlay-opacity":"","overlay-gradient":""},"tablet":{"background-color":"var(--ast-global-color-5)","background-image":"","background-repeat":"repeat","background-position":"center center","background-size":"auto","background-attachment":"scroll","background-type":"","background-media":"","overlay-type":"","overlay-color":"","overlay-opacity":"","overlay-gradient":""},"mobile":{"background-color":"var(--ast-global-color-5)","background-image":"","background-repeat":"repeat","background-position":"center center","background-size":"auto","background-attachment":"scroll","background-type":"","background-media":"","overlay-type":"","overlay-color":"","overlay-opacity":"","overlay-gradient":""}}},"product_cat":[48],"product_tag":[],"class_list":["post-12828","product","type-product","status-publish","has-post-thumbnail","hentry","product_cat-sunkaraoke-dalok","desktop-align-left","tablet-align-left","mobile-align-left"],"_links":{"self":[{"href":"https:\/\/www.sunkaraoke.hu\/index.php\/wp-json\/wp\/v2\/product\/12828","targetHints":{"allow":["GET"]}}],"collection":[{"href":"https:\/\/www.sunkaraoke.hu\/index.php\/wp-json\/wp\/v2\/product"}],"about":[{"href":"https:\/\/www.sunkaraoke.hu\/index.php\/wp-json\/wp\/v2\/types\/product"}],"wp:featuredmedia":[{"embeddable":true,"href":"https:\/\/www.sunkaraoke.hu\/index.php\/wp-json\/wp\/v2\/media\/12989"}],"wp:attachment":[{"href":"https:\/\/www.sunkaraoke.hu\/index.php\/wp-json\/wp\/v2\/media?parent=12828"}],"wp:term":[{"taxonomy":"product_cat","embeddable":true,"href":"https:\/\/www.sunkaraoke.hu\/index.php\/wp-json\/wp\/v2\/product_cat?post=12828"},{"taxonomy":"product_tag","embeddable":true,"href":"https:\/\/www.sunkaraoke.hu\/index.php\/wp-json\/wp\/v2\/product_tag?post=12828"}],"curies":[{"name":"wp","href":"https:\/\/api.w.org\/{rel}","templated":true}]}}