{"id":12711,"date":"2024-02-14T13:50:45","date_gmt":"2024-02-14T13:50:45","guid":{"rendered":"https:\/\/www.sunkaraoke.hu\/?post_type=product&#038;p=12711"},"modified":"2026-03-27T07:06:40","modified_gmt":"2026-03-27T05:06:40","slug":"bunyos-pityu-kisvirag","status":"publish","type":"product","link":"https:\/\/www.sunkaraoke.hu\/index.php\/termek\/bunyos-pityu-kisvirag\/","title":{"rendered":"<div class=\"wcmp-player-container product-12711\"><audio controlslist=\"nodownload\" data-product=\"12711\"  volume=\"1\"  preload=\"none\" data-lazyloading=\"none\" class=\"wcmp-player track mejs-classic\" data-duration=\"0:29\" data-estimated_duration=\"3\"><source src=\"https:\/\/www.sunkaraoke.hu\/wp-content\/uploads\/2024\/02\/Bunyos-Kisvirag_demo.mp3\" type=\"audio\/mp3\" \/><\/audio><\/div>Buny\u00f3s Pityu &#8211; Kisvir\u00e1g (Original Palika Edition)"},"content":{"rendered":"<p><b>03:26<\/b>| <strong><img loading=\"lazy\" decoding=\"async\" class=\"alignnone size-full wp-image-467\" src=\"https:\/\/www.sunkaraoke.hu\/wp-content\/uploads\/2022\/07\/choir_2-copy.webp\" alt=\"\" width=\"30\" height=\"30\" \/> <\/strong><\/p>\n","protected":false},"excerpt":{"rendered":"<h6><strong>Bits\u0171r\u0171s\u00e9g: 320kb\/s<\/strong><br \/>\n<strong>Hossz: 03:26<\/strong><br \/>\n<strong>Vok\u00e1lt tartalmaz: Nem <img loading=\"lazy\" decoding=\"async\" class=\"alignnone size-full wp-image-467\" src=\"http:\/\/www.sunkaraoke.hu\/wp-content\/uploads\/2022\/07\/choir_2-copy.png\" alt=\"\" width=\"30\" height=\"30\" \/><\/strong><strong style=\"font-size: 16px;\"><br \/>\n<\/strong><\/h6>\n<p>Sunkaraoke mp3 st\u00fadi\u00f3 \/ www.sunkaraoke.hu \/ Inf: Tel: 06 20 4275001<\/p>\n<p>&#8212;Intr\u00f3&#8212;<br \/>\nEgyszer nem is oly r\u00e9g,tal\u00e1n egy \u00e9ve,<br \/>\negy kis vir\u00e1got vettem a kezembe.<br \/>\nEgyszer csak megsz\u00f3lalt, s n\u00e9zett a szemembe,<br \/>\na k\u00e9t kez\u00e9t ide adta a kezembe.<br \/>\n\u00d3h te kisvir\u00e1g, te azt mondtad nekem,<br \/>\nitt leszel velem \u00e9s nem hagysz el sosem.<br \/>\n\u00d3h te kisvir\u00e1g, te azt mondtad nekem,<br \/>\nitt leszel velem \u00e9s nem hagysz el sosem.<br \/>\n&#8212;Sz\u00f3l\u00f3&#8212;<br \/>\nJ\u00f6tt egy \u00fajabb ny\u00e1r, virult minden vir\u00e1g,<br \/>\nmegcsod\u00e1lta \u0151ket az eg\u00e9sz vil\u00e1g.<br \/>\nF\u00fajt a k\u00f3sza sz\u00e9l, egy messzi v\u00e1rosb\u00f3l,<br \/>\na kis vir\u00e1g egy \u00fajabb szirmot sz\u00f3rt.<br \/>\nOlyan a szerelmed, mint egy kis vir\u00e1g,<br \/>\nszirma mindig lehull, de helyette n\u0151 majd m\u00e1s.<br \/>\nOlyan a szerelmed, mint egy kis vir\u00e1g,<br \/>\nszirma mindig lehull, de helyette n\u0151 majd m\u00e1s.<br \/>\nL\u00e1, l\u00e1, l\u00e1, l\u00e1&#8230;..<br \/>\nHa n\u00e9zem az ablakot, te jutsz az eszembe,<br \/>\nm\u00e1r csak a kis vir\u00e1g n\u00e9z r\u00e1m nevetve.<br \/>\nEgyszer egy reggelen, szomor\u00fa l\u00e1tom\u00e1s,<br \/>\nutols\u00f3 eml\u00e9k, meghalt a kis vir\u00e1g.<br \/>\n\u00d3h kis vir\u00e1g le hullt a f\u00f6ldre, \u00e9s nem n\u0151tt fel sose,<br \/>\nmert elhagyt\u00e1l \u00f6r\u00f6kre.<br \/>\n\u00d3h kis vir\u00e1g le hullt a f\u00f6ldre, \u00e9s nem n\u0151tt fel sose,<br \/>\nmert elhagyt\u00e1l \u00f6r\u00f6kre.<br \/>\n&#8212;V\u00e9ge&#8212;<\/p>\n","protected":false},"featured_media":9699,"template":"","meta":{"site-sidebar-layout":"default","site-content-layout":"default","ast-site-content-layout":"default","site-content-style":"default","site-sidebar-style":"default","ast-global-header-display":"","ast-banner-title-visibility":"","ast-main-header-display":"","ast-hfb-above-header-display":"","ast-hfb-below-header-display":"","ast-hfb-mobile-header-display":"","site-post-title":"","ast-breadcrumbs-content":"","ast-featured-img":"","footer-sml-layout":"","theme-transparent-header-meta":"default","adv-header-id-meta":"","stick-header-meta":"","header-above-stick-meta":"","header-main-stick-meta":"","header-below-stick-meta":"","astra-migrate-meta-layouts":"set","ast-page-background-enabled":"default","ast-page-background-meta":{"desktop":{"background-color":"var(--ast-global-color-4)","background-image":"","background-repeat":"repeat","background-position":"center center","background-size":"auto","background-attachment":"scroll","background-type":"","background-media":"","overlay-type":"","overlay-color":"","overlay-opacity":"","overlay-gradient":""},"tablet":{"background-color":"","background-image":"","background-repeat":"repeat","background-position":"center center","background-size":"auto","background-attachment":"scroll","background-type":"","background-media":"","overlay-type":"","overlay-color":"","overlay-opacity":"","overlay-gradient":""},"mobile":{"background-color":"","background-image":"","background-repeat":"repeat","background-position":"center center","background-size":"auto","background-attachment":"scroll","background-type":"","background-media":"","overlay-type":"","overlay-color":"","overlay-opacity":"","overlay-gradient":""}},"ast-content-background-meta":{"desktop":{"background-color":"var(--ast-global-color-5)","background-image":"","background-repeat":"repeat","background-position":"center center","background-size":"auto","background-attachment":"scroll","background-type":"","background-media":"","overlay-type":"","overlay-color":"","overlay-opacity":"","overlay-gradient":""},"tablet":{"background-color":"var(--ast-global-color-5)","background-image":"","background-repeat":"repeat","background-position":"center center","background-size":"auto","background-attachment":"scroll","background-type":"","background-media":"","overlay-type":"","overlay-color":"","overlay-opacity":"","overlay-gradient":""},"mobile":{"background-color":"var(--ast-global-color-5)","background-image":"","background-repeat":"repeat","background-position":"center center","background-size":"auto","background-attachment":"scroll","background-type":"","background-media":"","overlay-type":"","overlay-color":"","overlay-opacity":"","overlay-gradient":""}}},"product_cat":[48],"product_tag":[],"class_list":["post-12711","product","type-product","status-publish","has-post-thumbnail","hentry","product_cat-sunkaraoke-dalok","desktop-align-left","tablet-align-left","mobile-align-left"],"_links":{"self":[{"href":"https:\/\/www.sunkaraoke.hu\/index.php\/wp-json\/wp\/v2\/product\/12711","targetHints":{"allow":["GET"]}}],"collection":[{"href":"https:\/\/www.sunkaraoke.hu\/index.php\/wp-json\/wp\/v2\/product"}],"about":[{"href":"https:\/\/www.sunkaraoke.hu\/index.php\/wp-json\/wp\/v2\/types\/product"}],"wp:featuredmedia":[{"embeddable":true,"href":"https:\/\/www.sunkaraoke.hu\/index.php\/wp-json\/wp\/v2\/media\/9699"}],"wp:attachment":[{"href":"https:\/\/www.sunkaraoke.hu\/index.php\/wp-json\/wp\/v2\/media?parent=12711"}],"wp:term":[{"taxonomy":"product_cat","embeddable":true,"href":"https:\/\/www.sunkaraoke.hu\/index.php\/wp-json\/wp\/v2\/product_cat?post=12711"},{"taxonomy":"product_tag","embeddable":true,"href":"https:\/\/www.sunkaraoke.hu\/index.php\/wp-json\/wp\/v2\/product_tag?post=12711"}],"curies":[{"name":"wp","href":"https:\/\/api.w.org\/{rel}","templated":true}]}}