{"id":12691,"date":"2024-02-10T15:38:03","date_gmt":"2024-02-10T15:38:03","guid":{"rendered":"https:\/\/www.sunkaraoke.hu\/?post_type=product&#038;p=12691"},"modified":"2025-06-22T15:53:49","modified_gmt":"2025-06-22T13:53:49","slug":"soulwave-feat-marslako-david-valaki-mondta-2024-cover","status":"publish","type":"product","link":"https:\/\/www.sunkaraoke.hu\/index.php\/termek\/soulwave-feat-marslako-david-valaki-mondta-2024-cover\/","title":{"rendered":"<div class=\"wcmp-player-container product-12691\"><audio controlslist=\"nodownload\" data-product=\"12691\"  volume=\"1\"  preload=\"none\" data-lazyloading=\"none\" class=\"wcmp-player track mejs-classic\" data-duration=\"0:32\" data-estimated_duration=\"4\"><source src=\"https:\/\/www.sunkaraoke.hu\/wp-content\/uploads\/2024\/02\/Valaki-mondta-2024._demo.mp3\" type=\"audio\/mp3\" \/><\/audio><\/div>Soulwave feat Marslak\u00f3 D\u00e1vid: Valaki Mondta 2024. Cover"},"content":{"rendered":"<p><strong>04:13<\/strong>\u00a0| <strong><img loading=\"lazy\" decoding=\"async\" class=\"alignnone size-full wp-image-467\" src=\"https:\/\/www.sunkaraoke.hu\/wp-content\/uploads\/2022\/07\/choir_2-copy.webp\" alt=\"\" width=\"30\" height=\"30\" \/> |\u00a0<\/strong><\/p>\n","protected":false},"excerpt":{"rendered":"<h6><strong>Bits\u0171r\u0171s\u00e9g: 320 kb\/s<\/strong><br \/>\n<strong>Hossz: 04:13<\/strong><br \/>\n<strong>Vok\u00e1lt tartalmaz :Nem<\/strong><\/h6>\n<p>Sunkaraoke mp3 st\u00fadi\u00f3 \/ www.sunkaraoke.hu \/ Inf: Tel: 06 20 2542093<\/p>\n<p>&#8212;-Intr\u00f3&#8212;<br \/>\nTegnap mes\u00e9lt\u00e9k, hogy m\u00e1r m\u00e1st \u00f6lelsz,<br \/>\ngyorsan k\u00f6rbe\u00e9rt, tul kis v\u00e1ros ez,<br \/>\nbennem nincs harag, m\u00e1r csak n\u00e9ha l\u00e1tlak.<br \/>\nAhogyan szembej\u00f6ssz \u00e9s elk\u00e9pzelem,<br \/>\nhogy majd r\u00e1mk\u00f6sz\u00f6nsz \u00e9s te \u00e9pp nekem,<br \/>\nfutsz az es\u0151ben, ahol egy \u00e9ve v\u00e1rlak.<br \/>\nValaki mondta hogy boldognak l\u00e1tott,<br \/>\nhogy tov\u00e1bb is l\u00e9pt\u00e9l, \u00e9s mondt\u00e1k hogy l\u00e1tszott,<br \/>\nhogy beleszerett\u00e9l, \u00e9s m\u00e1sra se n\u00e9zel.<br \/>\nValaki mondta, hogy neked csak \u0151 van,<br \/>\n\u00e9n meg itt maradtam, alv\u00f3 \u00fczemm\u00f3dban,<br \/>\nde rem\u00e9lem egyszer majd veled is \u00edgy lesz,<br \/>\n\u00e9s ha szembej\u00f6sz egyszer, tal\u00e1n m\u00e9g megismersz.<br \/>\nMi\u00f3ta elment\u00e9l, nem \u00edrok senkivel,<br \/>\n\u00e1ltaltatom magam, tal\u00e1n megvisel,<br \/>\nt\u00e9ged minden perc, de m\u00e9gis r\u00e1tal\u00e1lt\u00e1l.<br \/>\nMost m\u00e1r j\u00f3l vagy \u00e9s meg van mindened,<br \/>\nm\u00e1snak mondtad, hogy k\u00f6nnyebb \u00edgy neked,<br \/>\nebb\u0151l a v\u00e1rosb\u00f3l ugyis csak messzebbre v\u00e1gyn\u00e1l.<br \/>\nValaki mondta hogy boldognak l\u00e1tott,<br \/>\nhogy tov\u00e1bb is l\u00e9pt\u00e9l, \u00e9s mondt\u00e1k hogy l\u00e1tszott,<br \/>\nhogy beleszerett\u00e9l, \u00e9s m\u00e1sra se n\u00e9zel.<br \/>\nValaki mondta, hogy neked csak \u0151 van,<br \/>\n\u00e9n meg itt maradtam, alv\u00f3 \u00fczemm\u00f3dban,<br \/>\nde rem\u00e9lem egyszer majd veled is \u00edgy lesz,<br \/>\n\u00e9s ha szembej\u00f6sz egyszer, tal\u00e1n m\u00e9g megismersz.<br \/>\n&#8212;Sz\u00f3l\u00f3&#8212;<br \/>\nValaki mondta hogy boldognak l\u00e1tott,<br \/>\nhogy tov\u00e1bb is l\u00e9pt\u00e9l, \u00e9s mondt\u00e1k hogy l\u00e1tszott,<br \/>\nhogy beleszerett\u00e9l, \u00e9s m\u00e1sra se n\u00e9zel.<br \/>\nValaki mondta, hogy neked csak \u0151 van,<br \/>\n\u00e9n meg itt maradtam, alv\u00f3 \u00fczemm\u00f3dban,<br \/>\nde rem\u00e9lem egyszer majd veled is \u00edgy lesz,<br \/>\n\u00e9s ha szembej\u00f6sz egyszer, tal\u00e1n m\u00e9g megismersz.<br \/>\nValaki mondta hogy boldognak l\u00e1tott,<br \/>\nhogy tov\u00e1bb is l\u00e9pt\u00e9l, \u00e9s mondt\u00e1k hogy l\u00e1tszott,<br \/>\nhogy beleszerett\u00e9l, \u00e9s m\u00e1sra se n\u00e9zel.<br \/>\nValaki mondta, hogy neked csak \u0151 van,<br \/>\n\u00e9n meg itt maradtam, alv\u00f3 \u00fczemm\u00f3dban,<br \/>\nde rem\u00e9lem egyszer majd veled is \u00edgy lesz,<br \/>\n\u00e9s ha szembej\u00f6sz egyszer, tal\u00e1n m\u00e9g megismersz.<br \/>\n&#8212;V\u00e9ge&#8212;<\/p>\n","protected":false},"featured_media":12694,"template":"","meta":{"site-sidebar-layout":"default","site-content-layout":"default","ast-site-content-layout":"","site-content-style":"default","site-sidebar-style":"default","ast-global-header-display":"","ast-banner-title-visibility":"","ast-main-header-display":"","ast-hfb-above-header-display":"","ast-hfb-below-header-display":"","ast-hfb-mobile-header-display":"","site-post-title":"","ast-breadcrumbs-content":"","ast-featured-img":"","footer-sml-layout":"","theme-transparent-header-meta":"default","adv-header-id-meta":"","stick-header-meta":"","header-above-stick-meta":"","header-main-stick-meta":"","header-below-stick-meta":"","astra-migrate-meta-layouts":"default","ast-page-background-enabled":"default","ast-page-background-meta":{"desktop":{"background-color":"var(--ast-global-color-4)","background-image":"","background-repeat":"repeat","background-position":"center center","background-size":"auto","background-attachment":"scroll","background-type":"","background-media":"","overlay-type":"","overlay-color":"","overlay-opacity":"","overlay-gradient":""},"tablet":{"background-color":"","background-image":"","background-repeat":"repeat","background-position":"center center","background-size":"auto","background-attachment":"scroll","background-type":"","background-media":"","overlay-type":"","overlay-color":"","overlay-opacity":"","overlay-gradient":""},"mobile":{"background-color":"","background-image":"","background-repeat":"repeat","background-position":"center center","background-size":"auto","background-attachment":"scroll","background-type":"","background-media":"","overlay-type":"","overlay-color":"","overlay-opacity":"","overlay-gradient":""}},"ast-content-background-meta":{"desktop":{"background-color":"var(--ast-global-color-5)","background-image":"","background-repeat":"repeat","background-position":"center center","background-size":"auto","background-attachment":"scroll","background-type":"","background-media":"","overlay-type":"","overlay-color":"","overlay-opacity":"","overlay-gradient":""},"tablet":{"background-color":"var(--ast-global-color-5)","background-image":"","background-repeat":"repeat","background-position":"center center","background-size":"auto","background-attachment":"scroll","background-type":"","background-media":"","overlay-type":"","overlay-color":"","overlay-opacity":"","overlay-gradient":""},"mobile":{"background-color":"var(--ast-global-color-5)","background-image":"","background-repeat":"repeat","background-position":"center center","background-size":"auto","background-attachment":"scroll","background-type":"","background-media":"","overlay-type":"","overlay-color":"","overlay-opacity":"","overlay-gradient":""}}},"product_cat":[48],"product_tag":[],"class_list":["post-12691","product","type-product","status-publish","has-post-thumbnail","hentry","product_cat-sunkaraoke-dalok","desktop-align-left","tablet-align-left","mobile-align-left"],"_links":{"self":[{"href":"https:\/\/www.sunkaraoke.hu\/index.php\/wp-json\/wp\/v2\/product\/12691","targetHints":{"allow":["GET"]}}],"collection":[{"href":"https:\/\/www.sunkaraoke.hu\/index.php\/wp-json\/wp\/v2\/product"}],"about":[{"href":"https:\/\/www.sunkaraoke.hu\/index.php\/wp-json\/wp\/v2\/types\/product"}],"wp:featuredmedia":[{"embeddable":true,"href":"https:\/\/www.sunkaraoke.hu\/index.php\/wp-json\/wp\/v2\/media\/12694"}],"wp:attachment":[{"href":"https:\/\/www.sunkaraoke.hu\/index.php\/wp-json\/wp\/v2\/media?parent=12691"}],"wp:term":[{"taxonomy":"product_cat","embeddable":true,"href":"https:\/\/www.sunkaraoke.hu\/index.php\/wp-json\/wp\/v2\/product_cat?post=12691"},{"taxonomy":"product_tag","embeddable":true,"href":"https:\/\/www.sunkaraoke.hu\/index.php\/wp-json\/wp\/v2\/product_tag?post=12691"}],"curies":[{"name":"wp","href":"https:\/\/api.w.org\/{rel}","templated":true}]}}