{"id":12686,"date":"2024-02-09T13:46:18","date_gmt":"2024-02-09T13:46:18","guid":{"rendered":"https:\/\/www.sunkaraoke.hu\/?post_type=product&#038;p=12686"},"modified":"2025-04-14T05:38:22","modified_gmt":"2025-04-14T05:38:22","slug":"kaczor-ferenc-piros-liliom-2024","status":"publish","type":"product","link":"https:\/\/www.sunkaraoke.hu\/index.php\/termek\/kaczor-ferenc-piros-liliom-2024\/","title":{"rendered":"<div class=\"wcmp-player-container product-12686\"><audio controlslist=\"nodownload\" data-product=\"12686\"  volume=\"1\"  preload=\"none\" data-lazyloading=\"none\" class=\"wcmp-player track mejs-classic\" data-duration=\"0:31\" data-estimated_duration=\"4\"><source src=\"https:\/\/www.sunkaraoke.hu\/wp-content\/uploads\/2024\/02\/Piros-liliom-2024.-Kaczor_demo.mp3\" type=\"audio\/mp3\" \/><\/audio><\/div>Kaczor Ferenc- Piros liliom 2024. (Original PB Edition)"},"content":{"rendered":"<p><strong>04:03<\/strong>\u00a0| <strong><img loading=\"lazy\" decoding=\"async\" class=\"alignnone size-full wp-image-467\" src=\"https:\/\/www.sunkaraoke.hu\/wp-content\/uploads\/2022\/07\/choir_2-copy.webp\" alt=\"\" width=\"30\" height=\"30\" \/> |\u00a0<\/strong><\/p>\n","protected":false},"excerpt":{"rendered":"<h6><strong>Bits\u0171r\u0171s\u00e9g: 320 kb\/s<\/strong><br \/>\n<strong>Hossz: 04:03<\/strong><br \/>\n<strong>Vok\u00e1lt tartalmaz :Nem<\/strong><\/h6>\n<p>Sunkaraoke mp3 st\u00fadi\u00f3 \/ www.sunkaraoke.hu \/ Inf: Tel: 06 20 2542093<\/p>\n<p>&#8212;Intr\u00f3&#8212;<br \/>\nMes\u00e9lj nekem piros liliom,<br \/>\nami elm\u00falt mi\u00e9rt siratom,<br \/>\nolyan gyorsan elrep\u00fcl a ny\u00e1r,<br \/>\nfelsz\u00e1rad a k\u00f6nny is ezut\u00e1n.<br \/>\nMegl\u00e1tod majd piros liliom,<br \/>\nlesz m\u00e9g egyszer boldog tavaszom,<br \/>\nha a harmat cseppje re\u00e1d sz\u00e1ll,<br \/>\na sz\u00edvem is egy \u00faj t\u00e1rsra tal\u00e1l.<br \/>\nTudom, nagyon szerettem,ahogy m\u00e9g senki m\u00e1s,<br \/>\ntudom, hogy elk\u00f6vettem,ezernyi kis hib\u00e1t.<br \/>\nEzernyi k\u00f6zt csak egy volt,amit meg nem bocs\u00e1jt,<br \/>\nki tudja, senki nem sz\u00f3lt,vigy\u00e1zz, ne j\u00e1tssz tov\u00e1bb.<br \/>\nMes\u00e9lj nekem piros liliom,<br \/>\nami elm\u00falt mi\u00e9rt siratom,<br \/>\nolyan gyorsan elrep\u00fcl a ny\u00e1r,<br \/>\nfelsz\u00e1rad a k\u00f6nny is ezut\u00e1n.<br \/>\nMegl\u00e1tod majd piros liliom,<br \/>\nlesz m\u00e9g egyszer boldog tavaszom,<br \/>\nha a harmat cseppje re\u00e1d sz\u00e1ll,<br \/>\na sz\u00edvem is egy \u00faj t\u00e1rsra tal\u00e1l.<br \/>\nNagyon neh\u00e9z a v\u00e1l\u00e1s,a vesztes \u00e9n vagyok,<br \/>\naz \u00e9let nem t\u00fal h\u00e1l\u00e1s,hogy engem elhagyott.<br \/>\nEgyetlen egyszer t\u00f6rt\u00e9nt,amit meg nem bocs\u00e1jt,<br \/>\nde \u0151 m\u00e1r hajthatatlan,megold\u00e1st nem tal\u00e1lt.<br \/>\nMes\u00e9lj nekem piros liliom,<br \/>\nami elm\u00falt mi\u00e9rt siratom,<br \/>\nolyan gyorsan elrep\u00fcl a ny\u00e1r,<br \/>\nfelsz\u00e1rad a k\u00f6nny is ezut\u00e1n.<br \/>\nMegl\u00e1tod majd piros liliom,<br \/>\nlesz m\u00e9g egyszer boldog tavaszom,<br \/>\nha a harmat cseppje re\u00e1d sz\u00e1ll,<br \/>\na sz\u00edvem is egy \u00faj t\u00e1rsra tal\u00e1l.<br \/>\nNagyon neh\u00e9z a v\u00e1l\u00e1s,a vesztes \u00e9n vagyok,<br \/>\naz \u00e9let nem t\u00fal h\u00e1l\u00e1s,hogy engem elhagyott.<br \/>\nEgyetlen egyszer t\u00f6rt\u00e9nt,amit meg nem bocs\u00e1jt,<br \/>\nde \u0151 m\u00e1r hajthatatlan,megold\u00e1st nem tal\u00e1lt.<br \/>\nNagyon neh\u00e9z a v\u00e1l\u00e1s,a vesztes \u00e9n vagyok,<br \/>\naz \u00e9let nem t\u00fal h\u00e1l\u00e1s,hogy engem elhagyott.<br \/>\nEgyetlen egyszer t\u00f6rt\u00e9nt,amit meg nem bocs\u00e1jt,<br \/>\nde \u0151 m\u00e1r hajthatatlan,megold\u00e1st nem tal\u00e1lt.<br \/>\n&#8212;V\u00e9ge&#8212;<\/p>\n","protected":false},"featured_media":8960,"template":"","meta":{"site-sidebar-layout":"default","site-content-layout":"default","ast-site-content-layout":"default","site-content-style":"default","site-sidebar-style":"default","ast-global-header-display":"","ast-banner-title-visibility":"","ast-main-header-display":"","ast-hfb-above-header-display":"","ast-hfb-below-header-display":"","ast-hfb-mobile-header-display":"","site-post-title":"","ast-breadcrumbs-content":"","ast-featured-img":"","footer-sml-layout":"","theme-transparent-header-meta":"default","adv-header-id-meta":"","stick-header-meta":"","header-above-stick-meta":"","header-main-stick-meta":"","header-below-stick-meta":"","astra-migrate-meta-layouts":"set","ast-page-background-enabled":"default","ast-page-background-meta":{"desktop":{"background-color":"var(--ast-global-color-4)","background-image":"","background-repeat":"repeat","background-position":"center center","background-size":"auto","background-attachment":"scroll","background-type":"","background-media":"","overlay-type":"","overlay-color":"","overlay-opacity":"","overlay-gradient":""},"tablet":{"background-color":"","background-image":"","background-repeat":"repeat","background-position":"center center","background-size":"auto","background-attachment":"scroll","background-type":"","background-media":"","overlay-type":"","overlay-color":"","overlay-opacity":"","overlay-gradient":""},"mobile":{"background-color":"","background-image":"","background-repeat":"repeat","background-position":"center center","background-size":"auto","background-attachment":"scroll","background-type":"","background-media":"","overlay-type":"","overlay-color":"","overlay-opacity":"","overlay-gradient":""}},"ast-content-background-meta":{"desktop":{"background-color":"var(--ast-global-color-5)","background-image":"","background-repeat":"repeat","background-position":"center center","background-size":"auto","background-attachment":"scroll","background-type":"","background-media":"","overlay-type":"","overlay-color":"","overlay-opacity":"","overlay-gradient":""},"tablet":{"background-color":"var(--ast-global-color-5)","background-image":"","background-repeat":"repeat","background-position":"center center","background-size":"auto","background-attachment":"scroll","background-type":"","background-media":"","overlay-type":"","overlay-color":"","overlay-opacity":"","overlay-gradient":""},"mobile":{"background-color":"var(--ast-global-color-5)","background-image":"","background-repeat":"repeat","background-position":"center center","background-size":"auto","background-attachment":"scroll","background-type":"","background-media":"","overlay-type":"","overlay-color":"","overlay-opacity":"","overlay-gradient":""}}},"product_cat":[48],"product_tag":[],"class_list":["post-12686","product","type-product","status-publish","has-post-thumbnail","hentry","product_cat-sunkaraoke-dalok","desktop-align-left","tablet-align-left","mobile-align-left"],"_links":{"self":[{"href":"https:\/\/www.sunkaraoke.hu\/index.php\/wp-json\/wp\/v2\/product\/12686","targetHints":{"allow":["GET"]}}],"collection":[{"href":"https:\/\/www.sunkaraoke.hu\/index.php\/wp-json\/wp\/v2\/product"}],"about":[{"href":"https:\/\/www.sunkaraoke.hu\/index.php\/wp-json\/wp\/v2\/types\/product"}],"wp:featuredmedia":[{"embeddable":true,"href":"https:\/\/www.sunkaraoke.hu\/index.php\/wp-json\/wp\/v2\/media\/8960"}],"wp:attachment":[{"href":"https:\/\/www.sunkaraoke.hu\/index.php\/wp-json\/wp\/v2\/media?parent=12686"}],"wp:term":[{"taxonomy":"product_cat","embeddable":true,"href":"https:\/\/www.sunkaraoke.hu\/index.php\/wp-json\/wp\/v2\/product_cat?post=12686"},{"taxonomy":"product_tag","embeddable":true,"href":"https:\/\/www.sunkaraoke.hu\/index.php\/wp-json\/wp\/v2\/product_tag?post=12686"}],"curies":[{"name":"wp","href":"https:\/\/api.w.org\/{rel}","templated":true}]}}