{"id":12676,"date":"2024-02-08T12:11:43","date_gmt":"2024-02-08T12:11:43","guid":{"rendered":"https:\/\/www.sunkaraoke.hu\/?post_type=product&#038;p=12676"},"modified":"2025-04-07T15:26:02","modified_gmt":"2025-04-07T15:26:02","slug":"piros-bela-piros-mulatos-77-mix","status":"publish","type":"product","link":"https:\/\/www.sunkaraoke.hu\/index.php\/termek\/piros-bela-piros-mulatos-77-mix\/","title":{"rendered":"<div class=\"wcmp-player-container product-12676\"><audio controlslist=\"nodownload\" data-product=\"12676\"  volume=\"1\"  preload=\"none\" data-lazyloading=\"none\" class=\"wcmp-player track mejs-classic\" data-duration=\"0:31\" data-estimated_duration=\"4\"><source src=\"https:\/\/www.sunkaraoke.hu\/wp-content\/uploads\/2024\/02\/Piros-mulatos-mix-77-PB._demo.mp3\" type=\"audio\/mp3\" \/><\/audio><\/div>Piros B\u00e9la -Piros Mulat\u00f3s 77. Mix. (Original)"},"content":{"rendered":"<p><b>08:06<\/b>| <strong><img loading=\"lazy\" decoding=\"async\" class=\"alignnone size-full wp-image-467\" src=\"https:\/\/www.sunkaraoke.hu\/wp-content\/uploads\/2022\/07\/choir_2-copy.webp\" alt=\"\" width=\"30\" height=\"30\" \/> <\/strong><\/p>\n","protected":false},"excerpt":{"rendered":"<h6><strong>Bits\u0171r\u0171s\u00e9g: 320kb\/s<\/strong><br \/>\n<strong>Hossz: 08:06<\/strong><br \/>\n<strong>Vok\u00e1lt tartalmaz: Nem <img loading=\"lazy\" decoding=\"async\" class=\"alignnone size-full wp-image-467\" src=\"http:\/\/www.sunkaraoke.hu\/wp-content\/uploads\/2022\/07\/choir_2-copy.png\" alt=\"\" width=\"30\" height=\"30\" \/><\/strong><strong style=\"font-size: 16px;\"><br \/>\n<\/strong><\/h6>\n<p>Sunkaraoke mp3 st\u00fadi\u00f3 \/ www.sunkaraoke.hu \/ Inf: Tel: 06 20 4275001<\/p>\n<p>&#8212;Intr\u00f3&#8212;<br \/>\nDon-kanyarban \u00e1ll egy szomor\u00fa f\u0171zfa,<br \/>\nbarna kisl\u00e1ny s\u00edrva s\u00e9t\u00e1l alatta.<br \/>\n\u00c1llj meg kisl\u00e1ny barna kisl\u00e1ny de csak ha lehet,<br \/>\nadj\u00e1l a bak\u00e1nak egy poh\u00e1r vizet!<br \/>\n\u00c1llj meg kisl\u00e1ny barna kisl\u00e1ny de csak ha lehet,<br \/>\nadj\u00e1l a bak\u00e1nak egy poh\u00e1r vizet!<br \/>\nMi\u00e9rt ne adn\u00e9k \u00e9n a bak\u00e1nak vizet?<br \/>\nSzenvedett \u0151 a haz\u00e1\u00e9rt eleget!<br \/>\nNem szenvedtem barna kisl\u00e1ny, de most szenvedek<br \/>\nadj egy cs\u00f3kot utolj\u00e1ra elmegyek.<br \/>\nNem szenvedtem barna kisl\u00e1ny, de most szenvedek<br \/>\nadj egy cs\u00f3kot utolj\u00e1ra elmegyek.<br \/>\nDon-kanyarban \u00e1ll egy szomor\u00fa f\u0171zfa<br \/>\nmagyar baka halva fekszik alatta.<br \/>\nBajt\u00e1rsai kardjaikkal \u00e1ss\u00e1k a s\u00edrj\u00e1t,<br \/>\nodahaza magyar l\u00e1nyok siratj\u00e1k.<br \/>\nBajt\u00e1rsai kardjaikkal \u00e1ss\u00e1k a s\u00edrj\u00e1t,<br \/>\nodahaza magyar l\u00e1nyok siratj\u00e1k.<br \/>\n&#8212;Sz\u00f3l\u00f3&#8212;<br \/>\n\u0150rmester \u00far fekete sub\u00e1ja, barna kisl\u00e1ny h\u00faz\u00f3dik al\u00e1ja.<br \/>\nMenn\u00e9l jobban h\u00faz\u00f3dik al\u00e1ja, ann\u00e1l jobban kil\u00e1tszik az 1-2-3-4, a feh\u00e9r l\u00e1ba sz\u00e1ra.<br \/>\nMenn\u00e9l jobban h\u00faz\u00f3dik al\u00e1ja, ann\u00e1l jobban kil\u00e1tszik az 1-2-3-4, a feh\u00e9r l\u00e1ba sz\u00e1ra.<br \/>\n\u0150rmester \u00far csillagos ment\u00e9je. Sz\u0151ke kisl\u00e1ny h\u00faz\u00f3dik bel\u00e9je.<br \/>\nMenn\u00e9l jobban b\u00fajik be al\u00e1ja, ann\u00e1l jobban kil\u00e1tszik az 1-2-3, meg a feh\u00e9r l\u00e1ba sz\u00e1ra.<br \/>\nMenn\u00e9l jobban b\u00fajik be al\u00e1ja, ann\u00e1l jobban kil\u00e1tszik az 1-2-3, meg a feh\u00e9r l\u00e1ba sz\u00e1ra.<br \/>\n&#8212;Sz\u00f3l\u00f3&#8212;<br \/>\nZsebkend\u0151m n\u00e9gy sarka sim\u00e1ra van vasalva.<br \/>\nMind a n\u00e9gy sark\u00e1ba a bab\u00e1m neve van varrva.<br \/>\nEgyik sz\u0151ke, a m\u00e1sik barna, a harmadik csudasz\u00e9p.<br \/>\nMeg\u00e1llj, te csudasz\u00e9p, majd eszedbe jutok m\u00e9g!<br \/>\nMajd eszedbe jutok, bab\u00e1m, de m\u00e1r akkor k\u00e9s\u0151 lesz,<br \/>\nMikor majd a sz\u00edvem nem a ti\u00e9d, a m\u00e1s\u00e9 lesz!<br \/>\nZsebkend\u0151m n\u00e9gy sarka sim\u00e1ra van vasalva.<br \/>\nMind a n\u00e9gy sark\u00e1ba a bab\u00e1m neve van varrva.<br \/>\nEgyik sz\u0151ke, a m\u00e1sik barna, a harmadik fekete.<br \/>\nMeg\u00e1llj, te fekete, elcser\u00e9llek egy v\u00f6r\u00f6sre!<br \/>\nEgyik sz\u0151ke, a m\u00e1sik barna, a harmadik fekete.<br \/>\nMeg\u00e1llj, te fekete, elcser\u00e9llek egy v\u00f6r\u00f6sre!<br \/>\n&#8211;Sz\u00f3l\u00f3&#8212;<br \/>\nB\u00e9k\u00e1s t\u00f3, halas t\u00f3, jaj, de s\u00e1ros a partja.<br \/>\nArra j\u00e1r a r\u00f3zs\u00e1m, selyemkend\u0151 van rajta.<br \/>\nR\u00e1k\u00f6lt\u00f6ttem a f\u00e9l peng\u0151met, az\u00e9rt olyan csudasz\u00e9p.<br \/>\nMeg\u00e1llj te, csudasz\u00e9p! Majd eszedbe jutok m\u00e9g.<br \/>\nMajd eszedbe jutok, bab\u00e1m, de m\u00e1r akkor k\u00e9s\u0151 lesz,<br \/>\nMikor majd a sz\u00edvem nem a ti\u00e9d, a m\u00e1s\u00e9 lesz!<br \/>\n&#8212;Sz\u00f3l\u00f3&#8212;<br \/>\nEsztike-Tike-Tike, Esztike l\u00e1ny, est\u00e9re legyen a bab\u00e1m!<br \/>\nEsztike-Tike-Tike, Esztike l\u00e1ny, est\u00e9re legyen a bab\u00e1m!<br \/>\nAp\u00f3s is lesz, any\u00f3s is lesz, Esztik\u00e9nek j\u00f3 sora lesz, galambom.<br \/>\nEsztike-Tike-Tike, Esztike l\u00e1ny, est\u00e9re legyen a bab\u00e1m!<br \/>\nAp\u00f3s is lesz, any\u00f3s is lesz, Esztik\u00e9nek j\u00f3 sora lesz, galambom.<br \/>\nEsztike-Tike-Tike, Esztike l\u00e1ny, est\u00e9re legyen a bab\u00e1m!<br \/>\nEsztike-Tike-Tike, Esztike l\u00e1ny, est\u00e9re legyen a bab\u00e1m!<br \/>\nEsztike-Tike-Tike, Esztike l\u00e1ny, est\u00e9re legyen a bab\u00e1m!<br \/>\nAp\u00f3s is lesz, any\u00f3s is lesz, Esztik\u00e9nek j\u00f3 sora lesz, galambom.<br \/>\nEsztike-Tike-Tike, Esztike l\u00e1ny, est\u00e9re legyen a bab\u00e1m!<br \/>\nAp\u00f3s is lesz, any\u00f3s is lesz, Esztik\u00e9nek j\u00f3 sora lesz, galambom.<br \/>\nEsztike-Tike-Tike, Esztike l\u00e1ny, est\u00e9re legyen a bab\u00e1m!<br \/>\n&#8212;V\u00e9ge&#8212;<\/p>\n","protected":false},"featured_media":12989,"template":"","meta":{"site-sidebar-layout":"default","site-content-layout":"default","ast-site-content-layout":"default","site-content-style":"default","site-sidebar-style":"default","ast-global-header-display":"","ast-banner-title-visibility":"","ast-main-header-display":"","ast-hfb-above-header-display":"","ast-hfb-below-header-display":"","ast-hfb-mobile-header-display":"","site-post-title":"","ast-breadcrumbs-content":"","ast-featured-img":"","footer-sml-layout":"","theme-transparent-header-meta":"default","adv-header-id-meta":"","stick-header-meta":"","header-above-stick-meta":"","header-main-stick-meta":"","header-below-stick-meta":"","astra-migrate-meta-layouts":"set","ast-page-background-enabled":"default","ast-page-background-meta":{"desktop":{"background-color":"var(--ast-global-color-4)","background-image":"","background-repeat":"repeat","background-position":"center center","background-size":"auto","background-attachment":"scroll","background-type":"","background-media":"","overlay-type":"","overlay-color":"","overlay-opacity":"","overlay-gradient":""},"tablet":{"background-color":"","background-image":"","background-repeat":"repeat","background-position":"center center","background-size":"auto","background-attachment":"scroll","background-type":"","background-media":"","overlay-type":"","overlay-color":"","overlay-opacity":"","overlay-gradient":""},"mobile":{"background-color":"","background-image":"","background-repeat":"repeat","background-position":"center center","background-size":"auto","background-attachment":"scroll","background-type":"","background-media":"","overlay-type":"","overlay-color":"","overlay-opacity":"","overlay-gradient":""}},"ast-content-background-meta":{"desktop":{"background-color":"var(--ast-global-color-5)","background-image":"","background-repeat":"repeat","background-position":"center center","background-size":"auto","background-attachment":"scroll","background-type":"","background-media":"","overlay-type":"","overlay-color":"","overlay-opacity":"","overlay-gradient":""},"tablet":{"background-color":"var(--ast-global-color-5)","background-image":"","background-repeat":"repeat","background-position":"center center","background-size":"auto","background-attachment":"scroll","background-type":"","background-media":"","overlay-type":"","overlay-color":"","overlay-opacity":"","overlay-gradient":""},"mobile":{"background-color":"var(--ast-global-color-5)","background-image":"","background-repeat":"repeat","background-position":"center center","background-size":"auto","background-attachment":"scroll","background-type":"","background-media":"","overlay-type":"","overlay-color":"","overlay-opacity":"","overlay-gradient":""}}},"product_cat":[48],"product_tag":[],"class_list":["post-12676","product","type-product","status-publish","has-post-thumbnail","hentry","product_cat-sunkaraoke-dalok","desktop-align-left","tablet-align-left","mobile-align-left"],"_links":{"self":[{"href":"https:\/\/www.sunkaraoke.hu\/index.php\/wp-json\/wp\/v2\/product\/12676","targetHints":{"allow":["GET"]}}],"collection":[{"href":"https:\/\/www.sunkaraoke.hu\/index.php\/wp-json\/wp\/v2\/product"}],"about":[{"href":"https:\/\/www.sunkaraoke.hu\/index.php\/wp-json\/wp\/v2\/types\/product"}],"wp:featuredmedia":[{"embeddable":true,"href":"https:\/\/www.sunkaraoke.hu\/index.php\/wp-json\/wp\/v2\/media\/12989"}],"wp:attachment":[{"href":"https:\/\/www.sunkaraoke.hu\/index.php\/wp-json\/wp\/v2\/media?parent=12676"}],"wp:term":[{"taxonomy":"product_cat","embeddable":true,"href":"https:\/\/www.sunkaraoke.hu\/index.php\/wp-json\/wp\/v2\/product_cat?post=12676"},{"taxonomy":"product_tag","embeddable":true,"href":"https:\/\/www.sunkaraoke.hu\/index.php\/wp-json\/wp\/v2\/product_tag?post=12676"}],"curies":[{"name":"wp","href":"https:\/\/api.w.org\/{rel}","templated":true}]}}