{"id":12547,"date":"2024-01-17T14:45:41","date_gmt":"2024-01-17T14:45:41","guid":{"rendered":"https:\/\/www.sunkaraoke.hu\/?post_type=product&#038;p=12547"},"modified":"2025-04-14T05:40:34","modified_gmt":"2025-04-14T05:40:34","slug":"sramli-kings-sramli-kings-egyveleg","status":"publish","type":"product","link":"https:\/\/www.sunkaraoke.hu\/index.php\/termek\/sramli-kings-sramli-kings-egyveleg\/","title":{"rendered":"<div class=\"wcmp-player-container product-12547\"><audio controlslist=\"nodownload\" data-product=\"12547\"  volume=\"1\"  preload=\"none\" data-lazyloading=\"none\" class=\"wcmp-player track mejs-classic\" data-duration=\"0:31\" data-estimated_duration=\"4\"><source src=\"https:\/\/www.sunkaraoke.hu\/wp-content\/uploads\/wcmp\/2da12f61e2adbe60cc36784af94e2ecb.mp3\" type=\"audio\/mp3\" \/><\/audio><\/div>Sramli Kings &#8211; Sramli Kings Egyveleg (Original SB Edition)"},"content":{"rendered":"<p><strong>03:46<\/strong>\u00a0| <strong><img loading=\"lazy\" decoding=\"async\" class=\"alignnone size-full wp-image-466\" src=\"https:\/\/www.sunkaraoke.hu\/wp-content\/uploads\/2022\/07\/choir_1-copy.webp\" alt=\"\" width=\"30\" height=\"30\" \/> <\/strong><\/p>\n","protected":false},"excerpt":{"rendered":"<h6><strong>Bits\u0171r\u0171s\u00e9g: 320kb\/<\/strong><\/h6>\n<h6><strong>Hossz: 03:46<\/strong><\/h6>\n<h6><strong>Vok\u00e1l <img decoding=\"async\" src=\"http:\/\/www.sunkaraoke.hu\/wp-content\/uploads\/2022\/07\/choir_1-copy.png\" \/> :Igen<\/strong><\/h6>\n<p>Sunkaraoke mp3 st\u00fadi\u00f3 \/ www.sunkaraoke.hu \/ Inf: Tel: 06 20 4275001<br \/>\n&#8212;Intr\u00f3&#8212;<br \/>\nSej-haj Rozi, vas\u00e1rnap kir\u00e1ndulunk,<br \/>\nmegl\u00e1sd Rozi, hogy unatkozni nem fogunk.<br \/>\nK\u00e9t sz\u00e9p szemed, hamisan kacsint le r\u00e1m,<br \/>\ns n\u00f3ta k\u00f6zben s\u00fagom neked,<br \/>\nhogy egy cs\u00f3kra szomjas a sz\u00e1m.<br \/>\n&#8212;Sz\u00f3l\u00f3&#8212;<br \/>\nSej-haj Rozi, vas\u00e1rnap kir\u00e1ndulunk,<br \/>\nmegl\u00e1sd Rozi, hogy unatkozni nem fogunk.<br \/>\nK\u00e9t sz\u00e9p szemed, hamisan kacsint le r\u00e1m,<br \/>\ns n\u00f3ta k\u00f6zben s\u00fagom neked,<br \/>\nhogy egy cs\u00f3kra szomjas a sz\u00e1m.<br \/>\nL\u00e1, l\u00e1, l\u00e1, l\u00e1, l\u00e1,l\u00e1, l\u00e1&#8230;&#8230;.<br \/>\nK\u00e9t sz\u00e9p szemed, hamisan kacsint le r\u00e1m,<br \/>\ns n\u00f3ta k\u00f6zben s\u00fagom neked,<br \/>\nhogy egy cs\u00f3kra szomjas a sz\u00e1m.<br \/>\n\u00c9n elmentem a v\u00e1s\u00e1rba Schneider F\u00e1nival,<br \/>\nSchneider F\u00e1nival, Schneider F\u00e1nival.<br \/>\nVettem neki piros szokny\u00e1t h\u00e1rom fodorral,<br \/>\nh\u00e1rom fodorral, h\u00e1rom fodorral.<br \/>\nMire a Schneider F\u00e1ni, de azt mondta,<br \/>\nhogy nem kell n\u00e9ki piros szoknya,<br \/>\nink\u00e1bb kell neki gavall\u00e9r, aki n\u00e9ki cs\u00f3kot \u00edg\u00e9r.<br \/>\nSchneider F\u00e1ni, de azt mondta,<br \/>\nhogy nem kell n\u00e9ki piros szoknya,<br \/>\nink\u00e1bb kell neki gavall\u00e9r, aki n\u00e9ki cs\u00f3kot \u00edg\u00e9r.<br \/>\n&#8212;Sz\u00f3l\u00f3&#8212;<br \/>\nSchneider F\u00e1ni, de azt mondta,<br \/>\nhogy nem kell n\u00e9ki piros szoknya,<br \/>\nink\u00e1bb kell neki gavall\u00e9r, aki n\u00e9ki cs\u00f3kot \u00edg\u00e9r.<br \/>\nSchneider F\u00e1ni, de azt mondta,<br \/>\nhogy nem kell n\u00e9ki piros szoknya,<br \/>\nink\u00e1bb kell neki gavall\u00e9r, aki n\u00e9ki cs\u00f3kot \u00edg\u00e9r.<br \/>\n&#8212;V\u00e9ge&#8212;<\/p>\n","protected":false},"featured_media":12550,"template":"","meta":{"site-sidebar-layout":"default","site-content-layout":"default","ast-site-content-layout":"default","site-content-style":"default","site-sidebar-style":"default","ast-global-header-display":"","ast-banner-title-visibility":"","ast-main-header-display":"","ast-hfb-above-header-display":"","ast-hfb-below-header-display":"","ast-hfb-mobile-header-display":"","site-post-title":"","ast-breadcrumbs-content":"","ast-featured-img":"","footer-sml-layout":"","theme-transparent-header-meta":"default","adv-header-id-meta":"","stick-header-meta":"","header-above-stick-meta":"","header-main-stick-meta":"","header-below-stick-meta":"","astra-migrate-meta-layouts":"set","ast-page-background-enabled":"default","ast-page-background-meta":{"desktop":{"background-color":"var(--ast-global-color-4)","background-image":"","background-repeat":"repeat","background-position":"center center","background-size":"auto","background-attachment":"scroll","background-type":"","background-media":"","overlay-type":"","overlay-color":"","overlay-opacity":"","overlay-gradient":""},"tablet":{"background-color":"","background-image":"","background-repeat":"repeat","background-position":"center center","background-size":"auto","background-attachment":"scroll","background-type":"","background-media":"","overlay-type":"","overlay-color":"","overlay-opacity":"","overlay-gradient":""},"mobile":{"background-color":"","background-image":"","background-repeat":"repeat","background-position":"center center","background-size":"auto","background-attachment":"scroll","background-type":"","background-media":"","overlay-type":"","overlay-color":"","overlay-opacity":"","overlay-gradient":""}},"ast-content-background-meta":{"desktop":{"background-color":"var(--ast-global-color-5)","background-image":"","background-repeat":"repeat","background-position":"center center","background-size":"auto","background-attachment":"scroll","background-type":"","background-media":"","overlay-type":"","overlay-color":"","overlay-opacity":"","overlay-gradient":""},"tablet":{"background-color":"var(--ast-global-color-5)","background-image":"","background-repeat":"repeat","background-position":"center center","background-size":"auto","background-attachment":"scroll","background-type":"","background-media":"","overlay-type":"","overlay-color":"","overlay-opacity":"","overlay-gradient":""},"mobile":{"background-color":"var(--ast-global-color-5)","background-image":"","background-repeat":"repeat","background-position":"center center","background-size":"auto","background-attachment":"scroll","background-type":"","background-media":"","overlay-type":"","overlay-color":"","overlay-opacity":"","overlay-gradient":""}}},"product_cat":[48],"product_tag":[],"class_list":["post-12547","product","type-product","status-publish","has-post-thumbnail","hentry","product_cat-sunkaraoke-dalok","desktop-align-left","tablet-align-left","mobile-align-left"],"_links":{"self":[{"href":"https:\/\/www.sunkaraoke.hu\/index.php\/wp-json\/wp\/v2\/product\/12547","targetHints":{"allow":["GET"]}}],"collection":[{"href":"https:\/\/www.sunkaraoke.hu\/index.php\/wp-json\/wp\/v2\/product"}],"about":[{"href":"https:\/\/www.sunkaraoke.hu\/index.php\/wp-json\/wp\/v2\/types\/product"}],"wp:featuredmedia":[{"embeddable":true,"href":"https:\/\/www.sunkaraoke.hu\/index.php\/wp-json\/wp\/v2\/media\/12550"}],"wp:attachment":[{"href":"https:\/\/www.sunkaraoke.hu\/index.php\/wp-json\/wp\/v2\/media?parent=12547"}],"wp:term":[{"taxonomy":"product_cat","embeddable":true,"href":"https:\/\/www.sunkaraoke.hu\/index.php\/wp-json\/wp\/v2\/product_cat?post=12547"},{"taxonomy":"product_tag","embeddable":true,"href":"https:\/\/www.sunkaraoke.hu\/index.php\/wp-json\/wp\/v2\/product_tag?post=12547"}],"curies":[{"name":"wp","href":"https:\/\/api.w.org\/{rel}","templated":true}]}}