{"id":12543,"date":"2024-01-17T14:45:08","date_gmt":"2024-01-17T14:45:08","guid":{"rendered":"https:\/\/www.sunkaraoke.hu\/?post_type=product&#038;p=12543"},"modified":"2024-10-13T07:19:35","modified_gmt":"2024-10-13T07:19:35","slug":"morvai-dani-ha-a-szivem-szeret-igazan","status":"publish","type":"product","link":"https:\/\/www.sunkaraoke.hu\/index.php\/termek\/morvai-dani-ha-a-szivem-szeret-igazan\/","title":{"rendered":"<div class=\"wcmp-player-container product-12543\"><audio controlslist=\"nodownload\" data-product=\"12543\"  volume=\"1\"  preload=\"none\" data-lazyloading=\"none\" class=\"wcmp-player track mejs-classic\" data-duration=\"0:30\" data-estimated_duration=\"3\"><source src=\"https:\/\/www.sunkaraoke.hu\/wp-content\/uploads\/wcmp\/ecbc2c64e739e6774eb797db129520e1.mp3\" type=\"audio\/mp3\" \/><\/audio><\/div>Morvai Dani- Ha a sz\u00edvem szeret igaz\u00e1n"},"content":{"rendered":"<p><strong>03:25<\/strong>\u00a0| <strong><img loading=\"lazy\" decoding=\"async\" class=\"alignnone size-full wp-image-466\" src=\"https:\/\/www.sunkaraoke.hu\/wp-content\/uploads\/2022\/07\/choir_1-copy.webp\" alt=\"\" width=\"30\" height=\"30\" \/> <\/strong><\/p>\n","protected":false},"excerpt":{"rendered":"<h6><strong>Bits\u0171r\u0171s\u00e9g: 320kb\/<\/strong><\/h6>\n<h6><strong>Hossz: 03:25<\/strong><\/h6>\n<h6><strong>Vok\u00e1l <img decoding=\"async\" src=\"http:\/\/www.sunkaraoke.hu\/wp-content\/uploads\/2022\/07\/choir_1-copy.png\" \/> :Igen<\/strong><\/h6>\n<p>Sunkaraoke mp3 st\u00fadi\u00f3 \/ www.sunkaraoke.hu \/ Inf: Tel: 06 20 4275001<\/p>\n<p>Larir\u00e1m,t\u00e1ritana\u2026.<br \/>\nVan amikor s\u00f6rt iszom, van amikor bort iszom,<br \/>\nde van amikor p\u00e1link\u00e1t is, legur\u00edtok a torkomon.<br \/>\nVan amikor barn\u00e1val, van amikor sz\u0151k\u00e9vel,<br \/>\nvan amikor egy kicsi v\u00f6r\u00f6ssel, \u0171z\u00f6m el a rosz kedvem.<br \/>\nDe ha a sz\u00edvem szeret igaz\u00e1n, igaz\u00e1n,<br \/>\nboldog lesz mellettem az a l\u00e1ny az a l\u00e1ny,<br \/>\nkincseim \u00e9s a vagyonom, mindenem neki adom.<br \/>\nDe ha a sz\u00edvem szeret igaz\u00e1n, igaz\u00e1n,<br \/>\nboldog lesz mellettem az a l\u00e1ny az a l\u00e1ny,<br \/>\nkincseim \u00e9s a vagyonom, mindenem neki adom.<br \/>\n&#8212;Sz\u00f3l\u00f3&#8212;<br \/>\n\u00c9n amikor whiskyzem, el vihetik a sz\u00edvemet,<br \/>\nminden l\u00e1ny egy hercegn\u0151, mindegyik nagyon kell.<br \/>\nVan amikor barn\u00e1val, \u00e9bredek az \u00e1gyamban,<br \/>\nde van amikor egy kicsi v\u00f6r\u00f6ssel, bulizok eg\u00e9sz \u00e9jjel.<br \/>\nDe ha a sz\u00edvem szeret igaz\u00e1n, igaz\u00e1n,<br \/>\nboldog lesz mellettem az a l\u00e1ny az a l\u00e1ny,<br \/>\nkincseim \u00e9s a vagyonom, mindenem neki adom.<br \/>\nDe ha a sz\u00edvem szeret igaz\u00e1n, igaz\u00e1n,<br \/>\nboldog lesz mellettem az a l\u00e1ny az a l\u00e1ny,<br \/>\nkincseim \u00e9s a vagyonom, mindenem neki adom.<br \/>\nL\u00e1ri r\u00e1m t\u00e1 rit\u00e1n\u00e1\u00e1&#8230;&#8230;<br \/>\nDe ha a sz\u00edvem szeret igaz\u00e1n, igaz\u00e1n,<br \/>\nboldog lesz mellettem az a l\u00e1ny az a l\u00e1ny,<br \/>\nkincseim \u00e9s a vagyonom, mindenem neki adom.<br \/>\nDe ha a sz\u00edvem szeret igaz\u00e1n, igaz\u00e1n,<br \/>\nboldog lesz mellettem az a l\u00e1ny az a l\u00e1ny,<br \/>\nkincseim \u00e9s a vagyonom, mindenem neki adom.<br \/>\nDe ha a sz\u00edvem szeret igaz\u00e1n, igaz\u00e1n,<br \/>\nboldog lesz mellettem az a l\u00e1ny az a l\u00e1ny,<br \/>\nkincseim \u00e9s a vagyonom, mindenem neki adom.<br \/>\nDe ha a sz\u00edvem szeret igaz\u00e1n, igaz\u00e1n,<br \/>\nboldog lesz mellettem az a l\u00e1ny az a l\u00e1ny,<br \/>\nkincseim \u00e9s a vagyonom, mindenem neki adom.<br \/>\n&#8212;V\u00e9ge&#8212;<\/p>\n","protected":false},"featured_media":12541,"template":"","meta":{"site-sidebar-layout":"default","site-content-layout":"default","ast-site-content-layout":"","site-content-style":"default","site-sidebar-style":"default","ast-global-header-display":"","ast-banner-title-visibility":"","ast-main-header-display":"","ast-hfb-above-header-display":"","ast-hfb-below-header-display":"","ast-hfb-mobile-header-display":"","site-post-title":"","ast-breadcrumbs-content":"","ast-featured-img":"","footer-sml-layout":"","theme-transparent-header-meta":"default","adv-header-id-meta":"","stick-header-meta":"","header-above-stick-meta":"","header-main-stick-meta":"","header-below-stick-meta":"","astra-migrate-meta-layouts":"default","ast-page-background-enabled":"default","ast-page-background-meta":{"desktop":{"background-color":"var(--ast-global-color-4)","background-image":"","background-repeat":"repeat","background-position":"center center","background-size":"auto","background-attachment":"scroll","background-type":"","background-media":"","overlay-type":"","overlay-color":"","overlay-opacity":"","overlay-gradient":""},"tablet":{"background-color":"","background-image":"","background-repeat":"repeat","background-position":"center center","background-size":"auto","background-attachment":"scroll","background-type":"","background-media":"","overlay-type":"","overlay-color":"","overlay-opacity":"","overlay-gradient":""},"mobile":{"background-color":"","background-image":"","background-repeat":"repeat","background-position":"center center","background-size":"auto","background-attachment":"scroll","background-type":"","background-media":"","overlay-type":"","overlay-color":"","overlay-opacity":"","overlay-gradient":""}},"ast-content-background-meta":{"desktop":{"background-color":"var(--ast-global-color-5)","background-image":"","background-repeat":"repeat","background-position":"center center","background-size":"auto","background-attachment":"scroll","background-type":"","background-media":"","overlay-type":"","overlay-color":"","overlay-opacity":"","overlay-gradient":""},"tablet":{"background-color":"var(--ast-global-color-5)","background-image":"","background-repeat":"repeat","background-position":"center center","background-size":"auto","background-attachment":"scroll","background-type":"","background-media":"","overlay-type":"","overlay-color":"","overlay-opacity":"","overlay-gradient":""},"mobile":{"background-color":"var(--ast-global-color-5)","background-image":"","background-repeat":"repeat","background-position":"center center","background-size":"auto","background-attachment":"scroll","background-type":"","background-media":"","overlay-type":"","overlay-color":"","overlay-opacity":"","overlay-gradient":""}}},"product_cat":[46],"product_tag":[],"class_list":["post-12543","product","type-product","status-publish","has-post-thumbnail","hentry","product_cat-eredeti-karaoke-dalok","desktop-align-left","tablet-align-left","mobile-align-left"],"_links":{"self":[{"href":"https:\/\/www.sunkaraoke.hu\/index.php\/wp-json\/wp\/v2\/product\/12543","targetHints":{"allow":["GET"]}}],"collection":[{"href":"https:\/\/www.sunkaraoke.hu\/index.php\/wp-json\/wp\/v2\/product"}],"about":[{"href":"https:\/\/www.sunkaraoke.hu\/index.php\/wp-json\/wp\/v2\/types\/product"}],"wp:featuredmedia":[{"embeddable":true,"href":"https:\/\/www.sunkaraoke.hu\/index.php\/wp-json\/wp\/v2\/media\/12541"}],"wp:attachment":[{"href":"https:\/\/www.sunkaraoke.hu\/index.php\/wp-json\/wp\/v2\/media?parent=12543"}],"wp:term":[{"taxonomy":"product_cat","embeddable":true,"href":"https:\/\/www.sunkaraoke.hu\/index.php\/wp-json\/wp\/v2\/product_cat?post=12543"},{"taxonomy":"product_tag","embeddable":true,"href":"https:\/\/www.sunkaraoke.hu\/index.php\/wp-json\/wp\/v2\/product_tag?post=12543"}],"curies":[{"name":"wp","href":"https:\/\/api.w.org\/{rel}","templated":true}]}}