{"id":12537,"date":"2024-01-17T14:39:03","date_gmt":"2024-01-17T14:39:03","guid":{"rendered":"https:\/\/www.sunkaraoke.hu\/?post_type=product&#038;p=12537"},"modified":"2026-03-27T07:06:40","modified_gmt":"2026-03-27T05:06:40","slug":"morvai-dani-jo-a-hangulat","status":"publish","type":"product","link":"https:\/\/www.sunkaraoke.hu\/index.php\/termek\/morvai-dani-jo-a-hangulat\/","title":{"rendered":"<div class=\"wcmp-player-container product-12537\"><audio controlslist=\"nodownload\" data-product=\"12537\"  volume=\"1\"  preload=\"none\" data-lazyloading=\"none\" class=\"wcmp-player track mejs-classic\" data-duration=\"0:30\" data-estimated_duration=\"3\"><source src=\"https:\/\/www.sunkaraoke.hu\/wp-content\/uploads\/wcmp\/ea3a39d925ac8c6143ddb96f4a8da9a2.mp3\" type=\"audio\/mp3\" \/><\/audio><\/div>Morvai Dani- J\u00f3 a hangulat (Original)"},"content":{"rendered":"<p><strong>03:31<\/strong> | <strong><img loading=\"lazy\" decoding=\"async\" class=\"alignnone size-full wp-image-466\" src=\"https:\/\/www.sunkaraoke.hu\/wp-content\/uploads\/2022\/07\/choir_1-copy.webp\" alt=\"\" width=\"30\" height=\"30\" \/> <\/strong><\/p>\n","protected":false},"excerpt":{"rendered":"<h6><strong>Bits\u0171r\u0171s\u00e9g: 320kb\/<\/strong><\/h6>\n<h6><strong>Hossz: 03:31<\/strong><\/h6>\n<h6><strong>Vok\u00e1l <img decoding=\"async\" src=\"http:\/\/www.sunkaraoke.hu\/wp-content\/uploads\/2022\/07\/choir_1-copy.png\" \/> :Igen<\/strong><\/h6>\n<p>Sunkaraoke mp3 st\u00fadi\u00f3 \/ www.sunkaraoke.hu \/ Inf: Tel: 06 20 4275001<br \/>\n&#8212;Intr\u00f3&#8212;<br \/>\nJ\u00f3 a hangulat mindenki j\u00f3l mulat,<br \/>\negy\u00fcnk igyunk bulizzunk hajnalig,<br \/>\nigyuk ki a k\u00e9szletet reggelig,<br \/>\nhadd \u00f6r\u00fclj\u00f6n a kocsm\u00e1ros egy kicsit.<br \/>\nJ\u00f3 a hangulat mindenki j\u00f3l mulat,<br \/>\negy\u00fcnk igyunk bulizzunk hajnalig,<br \/>\nigyuk ki a k\u00e9szletet reggelig,<br \/>\nhadd \u00f6r\u00fclj\u00f6n a kocsm\u00e1ros egy kicsit.<br \/>\n&#8212;Sz\u00f3l\u00f3&#8212;<br \/>\nHa elvisz az \u00f6rd\u00f6g \u00e9n azt se b\u00e1nom,<br \/>\na j\u00f3 kedvemet \u00e9n kihaszn\u00e1lom,<br \/>\negyszer vagyunk, az \u00e9letben igaz\u00e1n boldogok.<br \/>\n\u00c9n tisztelem a sokat, a gazdag mindig okos,<br \/>\n\u0151 fizet majd mindent, \u00e9n meg majd csak iszom,<br \/>\ncsin\u00e1lom a kedved dr\u00e1ga testv\u00e9r, \u00e9rezd j\u00f3l magad.<br \/>\nJ\u00f3 a hangulat mindenki j\u00f3l mulat,<br \/>\negy\u00fcnk igyunk bulizzunk hajnalig,<br \/>\nigyuk ki a k\u00e9szletet reggelig,<br \/>\nhadd \u00f6r\u00fclj\u00f6n a kocsm\u00e1ros egy kicsit.<br \/>\nJ\u00f3 a hangulat mindenki j\u00f3l mulat,<br \/>\negy\u00fcnk igyunk bulizzunk hajnalig,<br \/>\nigyuk ki a k\u00e9szletet reggelig,<br \/>\nhadd \u00f6r\u00fclj\u00f6n a kocsm\u00e1ros egy kicsit.<br \/>\n&#8212;Sz\u00f3l\u00f3&#8212;<br \/>\nHa elvisz az \u00f6rd\u00f6g \u00e9n azt se b\u00e1nom,<br \/>\naz \u00e9letet \u00e9n kihaszn\u00e1lom,<br \/>\nannak adom a sz\u00edvemet, aki \u00e9pp \u00e1t\u00f6lel.<br \/>\nJ\u00f3 bor legyen j\u00f3 p\u00e1linka, hozzad testv\u00e9r az asztalra,<br \/>\nigyunk erre igyunk arra ami marad az harag.<br \/>\nJ\u00f3 a hangulat mindenki j\u00f3l mulat,<br \/>\negy\u00fcnk igyunk bulizzunk hajnalig,<br \/>\nigyuk ki a k\u00e9szletet reggelig,<br \/>\nhadd \u00f6r\u00fclj\u00f6n a kocsm\u00e1ros egy kicsit.<br \/>\nJ\u00f3 a hangulat mindenki j\u00f3l mulat,<br \/>\negy\u00fcnk igyunk bulizzunk hajnalig,<br \/>\nigyuk ki a k\u00e9szletet reggelig,<br \/>\nhadd \u00f6r\u00fclj\u00f6n a kocsm\u00e1ros egy kicsit.<br \/>\nJ\u00f3 a hangulat mindenki j\u00f3l mulat,<br \/>\negy\u00fcnk igyunk bulizzunk hajnalig,<br \/>\nigyuk ki a k\u00e9szletet reggelig,<br \/>\nhadd \u00f6r\u00fclj\u00f6n a kocsm\u00e1ros egy kicsit.<br \/>\nJ\u00f3 a hangulat mindenki j\u00f3l mulat,<br \/>\negy\u00fcnk igyunk bulizzunk hajnalig,<br \/>\nigyuk ki a k\u00e9szletet reggelig,<br \/>\nhadd \u00f6r\u00fclj\u00f6n a kocsm\u00e1ros egy kicsit.<br \/>\n&#8212;V\u00e9ge&#8211;<\/p>\n<p>&nbsp;<\/p>\n","protected":false},"featured_media":12541,"template":"","meta":{"site-sidebar-layout":"default","site-content-layout":"default","ast-site-content-layout":"default","site-content-style":"default","site-sidebar-style":"default","ast-global-header-display":"","ast-banner-title-visibility":"","ast-main-header-display":"","ast-hfb-above-header-display":"","ast-hfb-below-header-display":"","ast-hfb-mobile-header-display":"","site-post-title":"","ast-breadcrumbs-content":"","ast-featured-img":"","footer-sml-layout":"","theme-transparent-header-meta":"default","adv-header-id-meta":"","stick-header-meta":"","header-above-stick-meta":"","header-main-stick-meta":"","header-below-stick-meta":"","astra-migrate-meta-layouts":"set","ast-page-background-enabled":"default","ast-page-background-meta":{"desktop":{"background-color":"var(--ast-global-color-4)","background-image":"","background-repeat":"repeat","background-position":"center center","background-size":"auto","background-attachment":"scroll","background-type":"","background-media":"","overlay-type":"","overlay-color":"","overlay-opacity":"","overlay-gradient":""},"tablet":{"background-color":"","background-image":"","background-repeat":"repeat","background-position":"center center","background-size":"auto","background-attachment":"scroll","background-type":"","background-media":"","overlay-type":"","overlay-color":"","overlay-opacity":"","overlay-gradient":""},"mobile":{"background-color":"","background-image":"","background-repeat":"repeat","background-position":"center center","background-size":"auto","background-attachment":"scroll","background-type":"","background-media":"","overlay-type":"","overlay-color":"","overlay-opacity":"","overlay-gradient":""}},"ast-content-background-meta":{"desktop":{"background-color":"var(--ast-global-color-5)","background-image":"","background-repeat":"repeat","background-position":"center center","background-size":"auto","background-attachment":"scroll","background-type":"","background-media":"","overlay-type":"","overlay-color":"","overlay-opacity":"","overlay-gradient":""},"tablet":{"background-color":"var(--ast-global-color-5)","background-image":"","background-repeat":"repeat","background-position":"center center","background-size":"auto","background-attachment":"scroll","background-type":"","background-media":"","overlay-type":"","overlay-color":"","overlay-opacity":"","overlay-gradient":""},"mobile":{"background-color":"var(--ast-global-color-5)","background-image":"","background-repeat":"repeat","background-position":"center center","background-size":"auto","background-attachment":"scroll","background-type":"","background-media":"","overlay-type":"","overlay-color":"","overlay-opacity":"","overlay-gradient":""}}},"product_cat":[46],"product_tag":[],"class_list":["post-12537","product","type-product","status-publish","has-post-thumbnail","hentry","product_cat-eredeti-karaoke-dalok","desktop-align-left","tablet-align-left","mobile-align-left"],"_links":{"self":[{"href":"https:\/\/www.sunkaraoke.hu\/index.php\/wp-json\/wp\/v2\/product\/12537","targetHints":{"allow":["GET"]}}],"collection":[{"href":"https:\/\/www.sunkaraoke.hu\/index.php\/wp-json\/wp\/v2\/product"}],"about":[{"href":"https:\/\/www.sunkaraoke.hu\/index.php\/wp-json\/wp\/v2\/types\/product"}],"wp:featuredmedia":[{"embeddable":true,"href":"https:\/\/www.sunkaraoke.hu\/index.php\/wp-json\/wp\/v2\/media\/12541"}],"wp:attachment":[{"href":"https:\/\/www.sunkaraoke.hu\/index.php\/wp-json\/wp\/v2\/media?parent=12537"}],"wp:term":[{"taxonomy":"product_cat","embeddable":true,"href":"https:\/\/www.sunkaraoke.hu\/index.php\/wp-json\/wp\/v2\/product_cat?post=12537"},{"taxonomy":"product_tag","embeddable":true,"href":"https:\/\/www.sunkaraoke.hu\/index.php\/wp-json\/wp\/v2\/product_tag?post=12537"}],"curies":[{"name":"wp","href":"https:\/\/api.w.org\/{rel}","templated":true}]}}