{"id":12526,"date":"2024-01-17T14:29:05","date_gmt":"2024-01-17T14:29:05","guid":{"rendered":"https:\/\/www.sunkaraoke.hu\/?post_type=product&#038;p=12526"},"modified":"2024-07-21T08:18:17","modified_gmt":"2024-07-21T08:18:17","slug":"roulett-gyere-babam","status":"publish","type":"product","link":"https:\/\/www.sunkaraoke.hu\/index.php\/termek\/roulett-gyere-babam\/","title":{"rendered":"<div class=\"wcmp-player-container product-12526\"><audio controlslist=\"nodownload\" data-product=\"12526\"  volume=\"1\"  preload=\"none\" data-lazyloading=\"none\" class=\"wcmp-player track mejs-classic\" data-duration=\"0:32\" data-estimated_duration=\"4\"><source src=\"https:\/\/www.sunkaraoke.hu\/wp-content\/uploads\/2024\/01\/Gyere-babam-Roulett._demo.mp3\" type=\"audio\/mp3\" \/><\/audio><\/div>Roulett &#8211; Gyere bab\u00e1m"},"content":{"rendered":"<p><strong>02:54<\/strong>\u00a0| <strong><img loading=\"lazy\" decoding=\"async\" class=\"alignnone size-full wp-image-467\" src=\"https:\/\/www.sunkaraoke.hu\/wp-content\/uploads\/2022\/07\/choir_2-copy.webp\" alt=\"\" width=\"30\" height=\"30\" \/> <\/strong><\/p>\n","protected":false},"excerpt":{"rendered":"<h5><strong>Bits\u0171r\u0171s\u00e9g: 320kb\/s<\/strong><br \/>\n<strong>Hossz: 02:54<\/strong><br \/>\n<strong>Vok\u00e1lt tartalmaz: Nem <img loading=\"lazy\" decoding=\"async\" class=\"alignnone size-full wp-image-467\" src=\"http:\/\/www.sunkaraoke.hu\/wp-content\/uploads\/2022\/07\/choir_2-copy.png\" alt=\"\" width=\"30\" height=\"30\" \/><\/strong><strong style=\"font-size: 16px;\"><br \/>\n<\/strong><\/h5>\n<p>Sunkaraoke mp3 st\u00fadi\u00f3 \/ www.sunkaraoke.hu \/ Inf: Tel: 06 20 4275001<\/p>\n<p>&#8212;Intr\u00f3&#8212;<br \/>\nGyere bab\u00e1m \u00fclj hamar az \u00f6lembe,<br \/>\nhad s\u00fagjak \u00e9n valamit a f\u00fcledbe.<br \/>\nHogy szeretlek, szeretlek \u00e9n im\u00e1dlak,<br \/>\nkijelentem orsz\u00e1gnak \u00e9s vil\u00e1gnak.<br \/>\nHogy szeretlek, szeretlek \u00e9n im\u00e1dlak,<br \/>\nkijelentem orsz\u00e1gnak \u00e9s vil\u00e1gnak.<br \/>\nNem akart a r\u00f3zsabimb\u00f3 kinyilni,<br \/>\nmegtan\u00edtom a bab\u00e1mat cs\u00f3kolni.<br \/>\nAz \u00e9n bab\u00e1m olyan mint egy kir\u00e1lyl\u00e1ny,<br \/>\naranykorona van a barna haj\u00e1n.<br \/>\nAz \u00e9n bab\u00e1m olyan mint egy kir\u00e1lyl\u00e1ny,<br \/>\naranykorona van a barna haj\u00e1n.<br \/>\n&#8212;Sz\u00f3l\u00f3&#8212;<br \/>\nGyere bab\u00e1m \u00fclj hamar az \u00f6lembe,<br \/>\nhad s\u00fagjak \u00e9n valamit a f\u00fcledbe.<br \/>\nHogy szeretlek, szeretlek \u00e9n im\u00e1dlak,<br \/>\nkijelentem orsz\u00e1gnak \u00e9s vil\u00e1gnak.<br \/>\nHogy szeretlek, szeretlek \u00e9n im\u00e1dlak,<br \/>\nkijelentem orsz\u00e1gnak \u00e9s vil\u00e1gnak.<br \/>\n&#8212;Sz\u00f3l\u00f3&#8212;<br \/>\nNem akart a r\u00f3zsabimb\u00f3 kinyilni,<br \/>\nmegtan\u00edtom a bab\u00e1mat cs\u00f3kolni.<br \/>\nAz \u00e9n bab\u00e1m olyan mint egy kir\u00e1lyl\u00e1ny,<br \/>\naranykorona van a barna haj\u00e1n.<br \/>\nAz \u00e9n bab\u00e1m olyan mint egy kir\u00e1lyl\u00e1ny,<br \/>\naranykorona van a barna haj\u00e1n.<br \/>\n&#8212;Sz\u00f3l\u00f3&#8212;<br \/>\nGyere bab\u00e1m \u00fclj hamar az \u00f6lembe,<br \/>\nhad s\u00fagjak \u00e9n valamit a f\u00fcledbe.<br \/>\nHogy szeretlek, szeretlek \u00e9n im\u00e1dlak,<br \/>\nkijelentem orsz\u00e1gnak \u00e9s vil\u00e1gnak.<br \/>\nHogy szeretlek, szeretlek \u00e9n im\u00e1dlak,<br \/>\nkijelentem orsz\u00e1gnak \u00e9s vil\u00e1gnak.<br \/>\nElmondan\u00e1m, hogy mi j\u00e1r az eszembe,<br \/>\nszerelmes lettem \u00e9n a te szemedbe.<br \/>\nNe \u00e1llj sz\u00f3ba ak\u00e1rmilyen fazonnal,<br \/>\nhazaviszlek \u00e9n t\u00e9gedet azonnal.<br \/>\nNe \u00e1llj sz\u00f3ba ak\u00e1rmilyen fazonnal,<br \/>\nhazaviszlek \u00e9n t\u00e9gedet azonnal.<br \/>\n&#8212;V\u00e9ge&#8212;<\/p>\n","protected":false},"featured_media":12529,"template":"","meta":{"site-sidebar-layout":"default","site-content-layout":"default","ast-site-content-layout":"","site-content-style":"default","site-sidebar-style":"default","ast-global-header-display":"","ast-banner-title-visibility":"","ast-main-header-display":"","ast-hfb-above-header-display":"","ast-hfb-below-header-display":"","ast-hfb-mobile-header-display":"","site-post-title":"","ast-breadcrumbs-content":"","ast-featured-img":"","footer-sml-layout":"","theme-transparent-header-meta":"default","adv-header-id-meta":"","stick-header-meta":"","header-above-stick-meta":"","header-main-stick-meta":"","header-below-stick-meta":"","astra-migrate-meta-layouts":"default","ast-page-background-enabled":"default","ast-page-background-meta":{"desktop":{"background-color":"var(--ast-global-color-4)","background-image":"","background-repeat":"repeat","background-position":"center center","background-size":"auto","background-attachment":"scroll","background-type":"","background-media":"","overlay-type":"","overlay-color":"","overlay-opacity":"","overlay-gradient":""},"tablet":{"background-color":"","background-image":"","background-repeat":"repeat","background-position":"center center","background-size":"auto","background-attachment":"scroll","background-type":"","background-media":"","overlay-type":"","overlay-color":"","overlay-opacity":"","overlay-gradient":""},"mobile":{"background-color":"","background-image":"","background-repeat":"repeat","background-position":"center center","background-size":"auto","background-attachment":"scroll","background-type":"","background-media":"","overlay-type":"","overlay-color":"","overlay-opacity":"","overlay-gradient":""}},"ast-content-background-meta":{"desktop":{"background-color":"var(--ast-global-color-5)","background-image":"","background-repeat":"repeat","background-position":"center center","background-size":"auto","background-attachment":"scroll","background-type":"","background-media":"","overlay-type":"","overlay-color":"","overlay-opacity":"","overlay-gradient":""},"tablet":{"background-color":"var(--ast-global-color-5)","background-image":"","background-repeat":"repeat","background-position":"center center","background-size":"auto","background-attachment":"scroll","background-type":"","background-media":"","overlay-type":"","overlay-color":"","overlay-opacity":"","overlay-gradient":""},"mobile":{"background-color":"var(--ast-global-color-5)","background-image":"","background-repeat":"repeat","background-position":"center center","background-size":"auto","background-attachment":"scroll","background-type":"","background-media":"","overlay-type":"","overlay-color":"","overlay-opacity":"","overlay-gradient":""}}},"product_cat":[48],"product_tag":[],"class_list":["post-12526","product","type-product","status-publish","has-post-thumbnail","hentry","product_cat-sunkaraoke-dalok","desktop-align-left","tablet-align-left","mobile-align-left"],"_links":{"self":[{"href":"https:\/\/www.sunkaraoke.hu\/index.php\/wp-json\/wp\/v2\/product\/12526","targetHints":{"allow":["GET"]}}],"collection":[{"href":"https:\/\/www.sunkaraoke.hu\/index.php\/wp-json\/wp\/v2\/product"}],"about":[{"href":"https:\/\/www.sunkaraoke.hu\/index.php\/wp-json\/wp\/v2\/types\/product"}],"wp:featuredmedia":[{"embeddable":true,"href":"https:\/\/www.sunkaraoke.hu\/index.php\/wp-json\/wp\/v2\/media\/12529"}],"wp:attachment":[{"href":"https:\/\/www.sunkaraoke.hu\/index.php\/wp-json\/wp\/v2\/media?parent=12526"}],"wp:term":[{"taxonomy":"product_cat","embeddable":true,"href":"https:\/\/www.sunkaraoke.hu\/index.php\/wp-json\/wp\/v2\/product_cat?post=12526"},{"taxonomy":"product_tag","embeddable":true,"href":"https:\/\/www.sunkaraoke.hu\/index.php\/wp-json\/wp\/v2\/product_tag?post=12526"}],"curies":[{"name":"wp","href":"https:\/\/api.w.org\/{rel}","templated":true}]}}