{"id":12448,"date":"2024-01-14T12:15:23","date_gmt":"2024-01-14T12:15:23","guid":{"rendered":"https:\/\/www.sunkaraoke.hu\/?post_type=product&#038;p=12448"},"modified":"2025-04-07T15:25:43","modified_gmt":"2025-04-07T15:25:43","slug":"piros-bela-piros-mulatos-76-mix","status":"publish","type":"product","link":"https:\/\/www.sunkaraoke.hu\/index.php\/termek\/piros-bela-piros-mulatos-76-mix\/","title":{"rendered":"<div class=\"wcmp-player-container product-12448\"><audio controlslist=\"nodownload\" data-product=\"12448\"  volume=\"1\"  preload=\"none\" data-lazyloading=\"none\" class=\"wcmp-player track mejs-classic\" data-duration=\"0:32\" data-estimated_duration=\"4\"><source src=\"https:\/\/www.sunkaraoke.hu\/wp-content\/uploads\/2024\/01\/Piros-mulatos-76-Mix-_demo-1.mp3\" type=\"audio\/mp3\" \/><\/audio><\/div>Piros B\u00e9la -Piros Mulat\u00f3s 76. Mix. (Original)"},"content":{"rendered":"<p><b>06:32<\/b>| <strong><img loading=\"lazy\" decoding=\"async\" class=\"alignnone size-full wp-image-467\" src=\"https:\/\/www.sunkaraoke.hu\/wp-content\/uploads\/2022\/07\/choir_2-copy.webp\" alt=\"\" width=\"30\" height=\"30\" \/> <\/strong><\/p>\n","protected":false},"excerpt":{"rendered":"<h6><strong>Bits\u0171r\u0171s\u00e9g: 320kb\/s<\/strong><br \/>\n<strong>Hossz: 06:32<\/strong><br \/>\n<strong>Vok\u00e1lt tartalmaz: Nem <img loading=\"lazy\" decoding=\"async\" class=\"alignnone size-full wp-image-467\" src=\"http:\/\/www.sunkaraoke.hu\/wp-content\/uploads\/2022\/07\/choir_2-copy.png\" alt=\"\" width=\"30\" height=\"30\" \/><\/strong><strong style=\"font-size: 16px;\"><br \/>\n<\/strong><\/h6>\n<p>Sunkaraoke mp3 st\u00fadi\u00f3 \/ www.sunkaraoke.hu \/ Inf: Tel: 06 20 4275001<\/p>\n<p>&#8212;Intr\u00f3&#8211;<br \/>\n\u00d6reg ember vagyok \u00e9n m\u00e1r,\u0151sz a hajam sz\u00e1la.<br \/>\nFiatal a feles\u00e9gem,b\u00fcszke vagyok r\u00e1ja.<br \/>\n\u00c9n a hajam lev\u00e1gatom,ki is ondol\u00e1lom,azt sajn\u00e1lom,nem a r\u00e9gi p\u00e1rom,elhagyott a ny\u00e1ron.<br \/>\n\u00c9n a hajam lev\u00e1gatom,ki is ondol\u00e1lom,azt sajn\u00e1lom,nem a r\u00e9gi p\u00e1rom,elhagyott a ny\u00e1ron.<br \/>\nVan nekem egy feles\u00e9gem,b\u00fcszke vagyok r\u00e1ja,kor\u00e1n reggel,mikor felkel,mindig j\u00e1r a sz\u00e1ja.<br \/>\nKor\u00e1n reggel,mikor felkel,mindig veszekedik velem.<br \/>\n\u0150 k\u00e9sik el a reggelivel,m\u00e9gis nekem perel.<br \/>\nKor\u00e1n reggel,mikor felkel,mindig veszekedik velem.<br \/>\n\u0150 k\u00e9sik el a reggelivel,m\u00e9gis nekem perel.<br \/>\n&#8212;Sz\u00f3l\u00f3&#8212;<br \/>\nJ\u00e1nos,legyen fenn,a J\u00e1nos-hegyen,est\u00e9re odav\u00e1rom!<br \/>\nJ\u00e1nos,legyen,de nehogy \u00e1lmos legyen,mert \u00e9n azt ki nem \u00e1llom!<br \/>\nJaj,Jani,szeretn\u00e9m hallani szerelmet vallani,csak ez a k\u00edv\u00e1ns\u00e1gom!<br \/>\nJ\u00e1nos,legyen fenn,a J\u00e1nos-hegyen,est\u00e9re odav\u00e1rom!<br \/>\nJaj,Jani,szeretn\u00e9m hallani szerelmet vallani,csak ez a k\u00edv\u00e1ns\u00e1gom!<br \/>\nJ\u00e1nos,legyen fenn,a J\u00e1nos-hegyen,est\u00e9re odav\u00e1rom!<br \/>\nJ\u00e1nos,legyen fenn,a J\u00e1nos-hegyen,est\u00e9re odav\u00e1rom!<br \/>\nJ\u00e1nos,legyen,de nehogy \u00e1lmos legyen,mert \u00e9n azt ki nem \u00e1llom!<br \/>\nJaj,Jani,szeretn\u00e9m hallani szerelmet vallani,csak ez a k\u00edv\u00e1ns\u00e1gom!<br \/>\nJ\u00e1nos,legyen fenn,a J\u00e1nos-hegyen,est\u00e9re odav\u00e1rom!<br \/>\nJaj,Jani,szeretn\u00e9m hallani szerelmet vallani,csak ez a k\u00edv\u00e1ns\u00e1gom!<br \/>\nJ\u00e1nos,legyen fenn,a J\u00e1nos-hegyen,est\u00e9re odav\u00e1rom!<br \/>\n&#8212;Sz\u00f3l\u00f3&#8212;<br \/>\nL\u0151re,l\u0151re,cudar l\u0151re,te savany\u00fa l\u0151re,veszt\u00e9l volna,veszt\u00e9l volna az agyagos f\u00f6ldbe!<br \/>\nH\u00fazz\u00e1tok,cig\u00e1nyok,est\u00e9t\u0151l reggelig!A s\u00f6rt\u0151l,a bort\u00f3l,a sz\u00e9pl\u00e1ny-cs\u00f3kt\u00f3l b\u00e1natom elm\u00falik.<br \/>\nH\u00fazz\u00e1tok,cig\u00e1nyok,est\u00e9t\u0151l reggelig!A s\u00f6rt\u0151l,a bort\u00f3l,a sz\u00e9pl\u00e1ny-cs\u00f3kt\u00f3l b\u00e1natom elm\u00falik.<br \/>\nHa bemegyek,ha bemegyek a szegedi b\u00e1lba,r\u00e1n\u00e9zek a,r\u00e1n\u00e9zek az els\u0151 muzsik\u00e1sra.<br \/>\nH\u00fazz\u00e1tok,cig\u00e1nyok,ha megtanult\u00e1tok!<br \/>\nMegl\u00e1tj\u00e1tok holnap reggel f\u00e9lpuc\u00e9ron j\u00e1rtok!<br \/>\nH\u00fazz\u00e1tok,cig\u00e1nyok,ha megtanult\u00e1tok!<br \/>\nMegl\u00e1tj\u00e1tok holnap reggel f\u00e9lpuc\u00e9ron j\u00e1rtok<br \/>\nMegcsalt engem a szeret\u0151m,a f\u0151b\u00edr\u00f3 l\u00e1nya.B\u00e1natomnak muzsikasz\u00f3,bor az orvoss\u00e1ga!<br \/>\nBort ide,csapl\u00e1ros,v\u00e9gig az asztalon!Ha ber\u00fagok,szemembe h\u00fazom cs\u00e1rd\u00e1s kis kalapom.<br \/>\nBort ide,csapl\u00e1ros,v\u00e9gig az asztalon!Ha ber\u00fagok,szemembe h\u00fazom cs\u00e1rd\u00e1s kis kalapom.<br \/>\nHa ber\u00fagok,szemembe h\u00fazom cs\u00e1rd\u00e1s kis kalapom.<br \/>\n&#8212;V\u00e9ge&#8212;<\/p>\n","protected":false},"featured_media":12989,"template":"","meta":{"site-sidebar-layout":"default","site-content-layout":"default","ast-site-content-layout":"default","site-content-style":"default","site-sidebar-style":"default","ast-global-header-display":"","ast-banner-title-visibility":"","ast-main-header-display":"","ast-hfb-above-header-display":"","ast-hfb-below-header-display":"","ast-hfb-mobile-header-display":"","site-post-title":"","ast-breadcrumbs-content":"","ast-featured-img":"","footer-sml-layout":"","theme-transparent-header-meta":"default","adv-header-id-meta":"","stick-header-meta":"","header-above-stick-meta":"","header-main-stick-meta":"","header-below-stick-meta":"","astra-migrate-meta-layouts":"set","ast-page-background-enabled":"default","ast-page-background-meta":{"desktop":{"background-color":"var(--ast-global-color-4)","background-image":"","background-repeat":"repeat","background-position":"center center","background-size":"auto","background-attachment":"scroll","background-type":"","background-media":"","overlay-type":"","overlay-color":"","overlay-opacity":"","overlay-gradient":""},"tablet":{"background-color":"","background-image":"","background-repeat":"repeat","background-position":"center center","background-size":"auto","background-attachment":"scroll","background-type":"","background-media":"","overlay-type":"","overlay-color":"","overlay-opacity":"","overlay-gradient":""},"mobile":{"background-color":"","background-image":"","background-repeat":"repeat","background-position":"center center","background-size":"auto","background-attachment":"scroll","background-type":"","background-media":"","overlay-type":"","overlay-color":"","overlay-opacity":"","overlay-gradient":""}},"ast-content-background-meta":{"desktop":{"background-color":"var(--ast-global-color-5)","background-image":"","background-repeat":"repeat","background-position":"center center","background-size":"auto","background-attachment":"scroll","background-type":"","background-media":"","overlay-type":"","overlay-color":"","overlay-opacity":"","overlay-gradient":""},"tablet":{"background-color":"var(--ast-global-color-5)","background-image":"","background-repeat":"repeat","background-position":"center center","background-size":"auto","background-attachment":"scroll","background-type":"","background-media":"","overlay-type":"","overlay-color":"","overlay-opacity":"","overlay-gradient":""},"mobile":{"background-color":"var(--ast-global-color-5)","background-image":"","background-repeat":"repeat","background-position":"center center","background-size":"auto","background-attachment":"scroll","background-type":"","background-media":"","overlay-type":"","overlay-color":"","overlay-opacity":"","overlay-gradient":""}}},"product_cat":[48],"product_tag":[],"class_list":["post-12448","product","type-product","status-publish","has-post-thumbnail","hentry","product_cat-sunkaraoke-dalok","desktop-align-left","tablet-align-left","mobile-align-left"],"_links":{"self":[{"href":"https:\/\/www.sunkaraoke.hu\/index.php\/wp-json\/wp\/v2\/product\/12448","targetHints":{"allow":["GET"]}}],"collection":[{"href":"https:\/\/www.sunkaraoke.hu\/index.php\/wp-json\/wp\/v2\/product"}],"about":[{"href":"https:\/\/www.sunkaraoke.hu\/index.php\/wp-json\/wp\/v2\/types\/product"}],"wp:featuredmedia":[{"embeddable":true,"href":"https:\/\/www.sunkaraoke.hu\/index.php\/wp-json\/wp\/v2\/media\/12989"}],"wp:attachment":[{"href":"https:\/\/www.sunkaraoke.hu\/index.php\/wp-json\/wp\/v2\/media?parent=12448"}],"wp:term":[{"taxonomy":"product_cat","embeddable":true,"href":"https:\/\/www.sunkaraoke.hu\/index.php\/wp-json\/wp\/v2\/product_cat?post=12448"},{"taxonomy":"product_tag","embeddable":true,"href":"https:\/\/www.sunkaraoke.hu\/index.php\/wp-json\/wp\/v2\/product_tag?post=12448"}],"curies":[{"name":"wp","href":"https:\/\/api.w.org\/{rel}","templated":true}]}}