{"id":12317,"date":"2023-12-30T13:32:47","date_gmt":"2023-12-30T13:32:47","guid":{"rendered":"https:\/\/www.sunkaraoke.hu\/?post_type=product&#038;p=12317"},"modified":"2023-12-30T13:34:56","modified_gmt":"2023-12-30T13:34:56","slug":"bitto-duo-ne-menj-el-2023","status":"publish","type":"product","link":"https:\/\/www.sunkaraoke.hu\/index.php\/termek\/bitto-duo-ne-menj-el-2023\/","title":{"rendered":"<div class=\"wcmp-player-container product-12317\"><audio controlslist=\"nodownload\" data-product=\"12317\"  volume=\"1\"  preload=\"none\" data-lazyloading=\"none\" class=\"wcmp-player track mejs-classic\" data-duration=\"0:32\" data-estimated_duration=\"4\"><source src=\"https:\/\/www.sunkaraoke.hu\/wp-content\/uploads\/2023\/12\/Ne-menj-el2023.-Bitto_demo.mp3\" type=\"audio\/mp3\" \/><\/audio><\/div>Bitt\u00f3 Du\u00f3 &#8211; Ne menj el 2023."},"content":{"rendered":"<p><strong>04:37<\/strong>\u00a0| <strong><img loading=\"lazy\" decoding=\"async\" class=\"alignnone size-full wp-image-467\" src=\"https:\/\/www.sunkaraoke.hu\/wp-content\/uploads\/2022\/07\/choir_2-copy.webp\" alt=\"\" width=\"30\" height=\"30\" \/> <\/strong><\/p>\n","protected":false},"excerpt":{"rendered":"<h6><strong>Bits\u0171r\u0171s\u00e9g: 320kb\/s<\/strong><\/h6>\n<h6><strong>Hossz: 04:37<\/strong><\/h6>\n<h6><strong>Vok\u00e1l: Nem <img loading=\"lazy\" decoding=\"async\" class=\"alignnone size-full wp-image-467\" src=\"http:\/\/www.sunkaraoke.hu\/wp-content\/uploads\/2022\/07\/choir_2-copy.png\" alt=\"\" width=\"30\" height=\"30\" \/><\/strong><\/h6>\n<p>Sunkaraoke mp3 st\u00fadi\u00f3 \/ www.sunkaraoke.hu \/ Inf: Tel: 06 20 4275001<\/p>\n<p>&#8212;Intr\u00f3&#8212;<br \/>\nNe felejtsd el k\u00e9rlek azt, azt az els\u0151 \u00e9jszak\u00e1t,<br \/>\nahogy akkor este cs\u00f3kolt\u00e1l.<br \/>\nNem felejtem \u00e9n sem el,a szemed ahogy r\u00e1m n\u00e9zett,<br \/>\nminden \u00e1lmom,csak te volt\u00e1l.<br \/>\nDe k\u00e9rlek ne menj ne hagyj itt most engem,<br \/>\nahogy r\u00e1m n\u00e9zt\u00e9l, nem fog \u00edgy senki.<br \/>\nCsak t\u00e9ged akarlak, akarj te is engem,<br \/>\nmeg\u00edg\u00e9rem nem foglak t\u00f6nkre tenni.<br \/>\nSzeretlek t\u00e9ged, de nem menj k\u00e9rlek,<br \/>\nmert nem b\u00edrn\u00e1m ki egy percig sem n\u00e9lk\u00fcled.<br \/>\nSzeretlek t\u00e9ged, de nem menj k\u00e9rlek,<br \/>\n\u00e9n \u0151szint\u00e9n mondom meg\u0151r\u00fcl\u00f6k \u00e9rted.<br \/>\n&#8212;Sz\u00f3l\u00f3&#8212;<br \/>\n\u00d6lelj szorosan magadhoz, hadd \u00e9rjen az ajkam a nyakadhoz,<br \/>\nhidd el \u00e9n csak t\u00e9ged \u00f6leln\u00e9lek.<br \/>\nNem v\u00e1gyn\u00e9k soha m\u00e1sra,hadd \u00e9gjen a cs\u00f3kom a sz\u00e1dra,<br \/>\nmindent megteszek \u00e9n majd \u00e9rted.<br \/>\nDe k\u00e9rlek ne menj ne hagyj itt most engem,<br \/>\nahogy r\u00e1m n\u00e9zt\u00e9l, nem fog \u00edgy senki.<br \/>\nCsak t\u00e9ged akarlak, akarj te is engem,<br \/>\nmeg\u00edg\u00e9rem nem foglak t\u00f6nkre tenni.<br \/>\nSzeretlek t\u00e9ged, de nem menj k\u00e9rlek,<br \/>\nmert nem b\u00edrn\u00e1m ki egy percig sem n\u00e9lk\u00fcled.<br \/>\nSzeretlek t\u00e9ged, de nem menj k\u00e9rlek,<br \/>\n\u00e9n \u0151szint\u00e9n mondom meg\u0151r\u00fcl\u00f6k \u00e9rted.<br \/>\n&#8212;Sz\u00f3l\u00f3&#8212;<br \/>\nNe felejtsd el k\u00e9rlek azt, azt az els\u0151 \u00e9jszak\u00e1t,<br \/>\nahogy akkor este cs\u00f3kolt\u00e1l.<br \/>\nNem felejtem \u00e9n sem el,a szemed ahogy r\u00e1m n\u00e9zett,<br \/>\nminden \u00e1lmom,csak te volt\u00e1l.<br \/>\nDe k\u00e9rlek ne menj ne hagyj itt most engem,<br \/>\nahogy r\u00e1m n\u00e9zt\u00e9l, nem fog \u00edgy senki.<br \/>\nCsak t\u00e9ged akarlak, akarj te is engem,<br \/>\nmeg\u00edg\u00e9rem nem foglak t\u00f6nkre tenni.<br \/>\nSzeretlek t\u00e9ged, de nem menj k\u00e9rlek,<br \/>\nmert nem b\u00edrn\u00e1m ki egy percig sem n\u00e9lk\u00fcled.<br \/>\nSzeretlek t\u00e9ged, de nem menj k\u00e9rlek,<br \/>\n\u00e9n \u0151szint\u00e9n mondom meg\u0151r\u00fcl\u00f6k \u00e9rted.<br \/>\n&#8212;V\u00e9ge&#8212;<\/p>\n","protected":false},"featured_media":11406,"template":"","meta":{"site-sidebar-layout":"default","site-content-layout":"default","ast-site-content-layout":"","site-content-style":"default","site-sidebar-style":"default","ast-global-header-display":"","ast-banner-title-visibility":"","ast-main-header-display":"","ast-hfb-above-header-display":"","ast-hfb-below-header-display":"","ast-hfb-mobile-header-display":"","site-post-title":"","ast-breadcrumbs-content":"","ast-featured-img":"","footer-sml-layout":"","theme-transparent-header-meta":"default","adv-header-id-meta":"","stick-header-meta":"","header-above-stick-meta":"","header-main-stick-meta":"","header-below-stick-meta":"","astra-migrate-meta-layouts":"default","ast-page-background-enabled":"default","ast-page-background-meta":{"desktop":{"background-color":"var(--ast-global-color-4)","background-image":"","background-repeat":"repeat","background-position":"center center","background-size":"auto","background-attachment":"scroll","background-type":"","background-media":"","overlay-type":"","overlay-color":"","overlay-opacity":"","overlay-gradient":""},"tablet":{"background-color":"","background-image":"","background-repeat":"repeat","background-position":"center center","background-size":"auto","background-attachment":"scroll","background-type":"","background-media":"","overlay-type":"","overlay-color":"","overlay-opacity":"","overlay-gradient":""},"mobile":{"background-color":"","background-image":"","background-repeat":"repeat","background-position":"center center","background-size":"auto","background-attachment":"scroll","background-type":"","background-media":"","overlay-type":"","overlay-color":"","overlay-opacity":"","overlay-gradient":""}},"ast-content-background-meta":{"desktop":{"background-color":"var(--ast-global-color-5)","background-image":"","background-repeat":"repeat","background-position":"center center","background-size":"auto","background-attachment":"scroll","background-type":"","background-media":"","overlay-type":"","overlay-color":"","overlay-opacity":"","overlay-gradient":""},"tablet":{"background-color":"var(--ast-global-color-5)","background-image":"","background-repeat":"repeat","background-position":"center center","background-size":"auto","background-attachment":"scroll","background-type":"","background-media":"","overlay-type":"","overlay-color":"","overlay-opacity":"","overlay-gradient":""},"mobile":{"background-color":"var(--ast-global-color-5)","background-image":"","background-repeat":"repeat","background-position":"center center","background-size":"auto","background-attachment":"scroll","background-type":"","background-media":"","overlay-type":"","overlay-color":"","overlay-opacity":"","overlay-gradient":""}}},"product_cat":[48],"product_tag":[],"class_list":["post-12317","product","type-product","status-publish","has-post-thumbnail","hentry","product_cat-sunkaraoke-dalok","desktop-align-left","tablet-align-left","mobile-align-left"],"_links":{"self":[{"href":"https:\/\/www.sunkaraoke.hu\/index.php\/wp-json\/wp\/v2\/product\/12317","targetHints":{"allow":["GET"]}}],"collection":[{"href":"https:\/\/www.sunkaraoke.hu\/index.php\/wp-json\/wp\/v2\/product"}],"about":[{"href":"https:\/\/www.sunkaraoke.hu\/index.php\/wp-json\/wp\/v2\/types\/product"}],"wp:featuredmedia":[{"embeddable":true,"href":"https:\/\/www.sunkaraoke.hu\/index.php\/wp-json\/wp\/v2\/media\/11406"}],"wp:attachment":[{"href":"https:\/\/www.sunkaraoke.hu\/index.php\/wp-json\/wp\/v2\/media?parent=12317"}],"wp:term":[{"taxonomy":"product_cat","embeddable":true,"href":"https:\/\/www.sunkaraoke.hu\/index.php\/wp-json\/wp\/v2\/product_cat?post=12317"},{"taxonomy":"product_tag","embeddable":true,"href":"https:\/\/www.sunkaraoke.hu\/index.php\/wp-json\/wp\/v2\/product_tag?post=12317"}],"curies":[{"name":"wp","href":"https:\/\/api.w.org\/{rel}","templated":true}]}}