{"id":12171,"date":"2023-11-27T11:04:03","date_gmt":"2023-11-27T11:04:03","guid":{"rendered":"https:\/\/www.sunkaraoke.hu\/?post_type=product&#038;p=12171"},"modified":"2024-12-04T14:44:44","modified_gmt":"2024-12-04T14:44:44","slug":"bitto-duo-bubamara-2023","status":"publish","type":"product","link":"https:\/\/www.sunkaraoke.hu\/index.php\/termek\/bitto-duo-bubamara-2023\/","title":{"rendered":"<div class=\"wcmp-player-container product-12171\"><audio controlslist=\"nodownload\" data-product=\"12171\"  volume=\"1\"  preload=\"none\" data-lazyloading=\"none\" class=\"wcmp-player track mejs-classic\" data-duration=\"0:32\" data-estimated_duration=\"4\"><source src=\"https:\/\/www.sunkaraoke.hu\/wp-content\/uploads\/2023\/11\/Bubamara-2023.-Bitto-_demo.mp3\" type=\"audio\/mp3\" \/><\/audio><\/div>Bitt\u00f3 Du\u00f3 &#8211; Bubamara 2023."},"content":{"rendered":"<p><strong>04:04<\/strong>\u00a0| <strong><img loading=\"lazy\" decoding=\"async\" class=\"alignnone size-full wp-image-467\" src=\"https:\/\/www.sunkaraoke.hu\/wp-content\/uploads\/2022\/07\/choir_2-copy.webp\" alt=\"\" width=\"30\" height=\"30\" \/> <\/strong><\/p>\n","protected":false},"excerpt":{"rendered":"<h6><strong>Bits\u0171r\u0171s\u00e9g: 320kb\/s<\/strong><\/h6>\n<h6><strong>Hossz: 04:04<\/strong><\/h6>\n<h6><strong>Vok\u00e1l: Nem <img loading=\"lazy\" decoding=\"async\" class=\"alignnone size-full wp-image-467\" src=\"http:\/\/www.sunkaraoke.hu\/wp-content\/uploads\/2022\/07\/choir_2-copy.png\" alt=\"\" width=\"30\" height=\"30\" \/><\/strong><\/h6>\n<p>Sunkaraoke mp3 st\u00fadi\u00f3 \/ www.sunkaraoke.hu \/ Inf: Tel: 06 20 4275001<\/p>\n<p>&#8212;Intr\u00f3&#8211;<br \/>\nFelh\u0151k alatt sz\u00fclettem,<br \/>\n\u00fct\u00f6tt-kopott s\u00e1tor az \u00e9n lakhelyem,<br \/>\n\u00faton-\u00faton \u00fatf\u00e9len,Buba Mara lehet az \u00e9n es\u00e9lyem!<br \/>\nHej, rom\u00e1k \u00e9s testv\u00e9rek,<br \/>\nam\u00edg \u00e9lek addig \u00e9n csak zen\u00e9lek.<br \/>\n\u00daton-\u00faton, \u00fatf\u00e9len,Buba Mara marad az \u00e9n rem\u00e9nyem!<br \/>\nGyere-gyere Buba Mara, \u00e9nekelj, \u00e9let\u00fcnk,<br \/>\nmit sem \u00e9r muzsika n\u00e9lk\u00fcl.<br \/>\nGyere-gyere Buba Mara, l\u00e9tezel, elhiszem,<br \/>\nnem \u00e9lhet\u00fcnk zene n\u00e9lk\u00fcl.<br \/>\nS\u00e1v\u00e1l\u00e9, rom\u00e1l\u00e9&#8230;.<br \/>\nS\u00e1v\u00e1l\u00e9, rom\u00e1l\u00e9&#8230;.<br \/>\nS\u00e1v\u00e1l\u00e9, rom\u00e1l\u00e9&#8230;.<br \/>\nS\u00e1v\u00e1l\u00e9, rom\u00e1l\u00e9&#8230;.<br \/>\nFelh\u0151k alatt sz\u00fclettem,<br \/>\n\u00fct\u00f6tt-kopott s\u00e1tor az \u00e9n lakhelyem,<br \/>\n\u00faton-\u00faton \u00fatf\u00e9len,<br \/>\nBuba Mara lehet az \u00e9n es\u00e9lyem!<br \/>\nHej, rom\u00e1k \u00e9s testv\u00e9rek,<br \/>\nam\u00edg \u00e9lek addig \u00e9n csak zen\u00e9lek.<br \/>\n\u00daton-\u00faton, \u00fatf\u00e9len,<br \/>\nBuba Mara marad az \u00e9n rem\u00e9nyem!<br \/>\nGyere-gyere Buba Mara, \u00e9nekelj, \u00e9let\u00fcnk,<br \/>\nmit sem \u00e9r muzsika n\u00e9lk\u00fcl.<br \/>\nGyere-gyere Buba Mara, l\u00e9tezel, elhiszem,<br \/>\nnem \u00e9lhet\u00fcnk zene n\u00e9lk\u00fcl.<br \/>\nS\u00e1v\u00e1l\u00e9, rom\u00e1l\u00e9&#8230;.<br \/>\nS\u00e1v\u00e1l\u00e9, rom\u00e1l\u00e9&#8230;.<br \/>\nS\u00e1v\u00e1l\u00e9, rom\u00e1l\u00e9&#8230;.<br \/>\nS\u00e1v\u00e1l\u00e9, rom\u00e1l\u00e9&#8230;.<br \/>\n&#8212;Sz\u00f3l\u00f3&#8212;<br \/>\nGyere-gyere Buba Mara, \u00e9nekelj, \u00e9let\u00fcnk,<br \/>\nmit sem \u00e9r muzsika n\u00e9lk\u00fcl.<br \/>\nGyere-gyere Buba Mara, l\u00e9tezel, elhiszem,<br \/>\nnem \u00e9lhet\u00fcnk zene n\u00e9lk\u00fcl.<br \/>\nS\u00e1v\u00e1l\u00e9, rom\u00e1l\u00e9&#8230;.<br \/>\nS\u00e1v\u00e1l\u00e9, rom\u00e1l\u00e9&#8230;.<br \/>\nS\u00e1v\u00e1l\u00e9, rom\u00e1l\u00e9&#8230;.<br \/>\nS\u00e1v\u00e1l\u00e9, rom\u00e1l\u00e9&#8230;.<br \/>\nFelh\u0151k alatt sz\u00fclettem,<br \/>\n\u00fct\u00f6tt-kopott s\u00e1tor az \u00e9n lakhelyem,<br \/>\n\u00faton-\u00faton \u00fatf\u00e9len,<br \/>\nBuba Mara lehet az \u00e9n es\u00e9lyem!<br \/>\nHej, rom\u00e1k \u00e9s testv\u00e9rek,<br \/>\nam\u00edg \u00e9lek addig \u00e9n csak zen\u00e9lek.<br \/>\n\u00daton-\u00faton, \u00fatf\u00e9len,<br \/>\nBuba Mara marad az \u00e9n rem\u00e9nyem!<br \/>\nGyere-gyere Buba Mara, \u00e9nekelj, \u00e9let\u00fcnk,<br \/>\nmit sem \u00e9r muzsika n\u00e9lk\u00fcl.<br \/>\nGyere-gyere Buba Mara, l\u00e9tezel, elhiszem,<br \/>\nnem \u00e9lhet\u00fcnk zene n\u00e9lk\u00fcl.<br \/>\nS\u00e1v\u00e1l\u00e9, rom\u00e1l\u00e9&#8230;.<br \/>\nS\u00e1v\u00e1l\u00e9, rom\u00e1l\u00e9&#8230;.<br \/>\nS\u00e1v\u00e1l\u00e9, rom\u00e1l\u00e9&#8230;.<br \/>\nS\u00e1v\u00e1l\u00e9, rom\u00e1l\u00e9&#8230;.<br \/>\n&#8212;V\u00e9ge&#8212;<\/p>\n<p>&nbsp;<\/p>\n","protected":false},"featured_media":11406,"template":"","meta":{"site-sidebar-layout":"default","site-content-layout":"default","ast-site-content-layout":"default","site-content-style":"default","site-sidebar-style":"default","ast-global-header-display":"","ast-banner-title-visibility":"","ast-main-header-display":"","ast-hfb-above-header-display":"","ast-hfb-below-header-display":"","ast-hfb-mobile-header-display":"","site-post-title":"","ast-breadcrumbs-content":"","ast-featured-img":"","footer-sml-layout":"","theme-transparent-header-meta":"default","adv-header-id-meta":"","stick-header-meta":"","header-above-stick-meta":"","header-main-stick-meta":"","header-below-stick-meta":"","astra-migrate-meta-layouts":"set","ast-page-background-enabled":"default","ast-page-background-meta":{"desktop":{"background-color":"var(--ast-global-color-4)","background-image":"","background-repeat":"repeat","background-position":"center center","background-size":"auto","background-attachment":"scroll","background-type":"","background-media":"","overlay-type":"","overlay-color":"","overlay-opacity":"","overlay-gradient":""},"tablet":{"background-color":"","background-image":"","background-repeat":"repeat","background-position":"center center","background-size":"auto","background-attachment":"scroll","background-type":"","background-media":"","overlay-type":"","overlay-color":"","overlay-opacity":"","overlay-gradient":""},"mobile":{"background-color":"","background-image":"","background-repeat":"repeat","background-position":"center center","background-size":"auto","background-attachment":"scroll","background-type":"","background-media":"","overlay-type":"","overlay-color":"","overlay-opacity":"","overlay-gradient":""}},"ast-content-background-meta":{"desktop":{"background-color":"var(--ast-global-color-5)","background-image":"","background-repeat":"repeat","background-position":"center center","background-size":"auto","background-attachment":"scroll","background-type":"","background-media":"","overlay-type":"","overlay-color":"","overlay-opacity":"","overlay-gradient":""},"tablet":{"background-color":"var(--ast-global-color-5)","background-image":"","background-repeat":"repeat","background-position":"center center","background-size":"auto","background-attachment":"scroll","background-type":"","background-media":"","overlay-type":"","overlay-color":"","overlay-opacity":"","overlay-gradient":""},"mobile":{"background-color":"var(--ast-global-color-5)","background-image":"","background-repeat":"repeat","background-position":"center center","background-size":"auto","background-attachment":"scroll","background-type":"","background-media":"","overlay-type":"","overlay-color":"","overlay-opacity":"","overlay-gradient":""}}},"product_cat":[48],"product_tag":[],"class_list":["post-12171","product","type-product","status-publish","has-post-thumbnail","hentry","product_cat-sunkaraoke-dalok","desktop-align-left","tablet-align-left","mobile-align-left"],"_links":{"self":[{"href":"https:\/\/www.sunkaraoke.hu\/index.php\/wp-json\/wp\/v2\/product\/12171","targetHints":{"allow":["GET"]}}],"collection":[{"href":"https:\/\/www.sunkaraoke.hu\/index.php\/wp-json\/wp\/v2\/product"}],"about":[{"href":"https:\/\/www.sunkaraoke.hu\/index.php\/wp-json\/wp\/v2\/types\/product"}],"wp:featuredmedia":[{"embeddable":true,"href":"https:\/\/www.sunkaraoke.hu\/index.php\/wp-json\/wp\/v2\/media\/11406"}],"wp:attachment":[{"href":"https:\/\/www.sunkaraoke.hu\/index.php\/wp-json\/wp\/v2\/media?parent=12171"}],"wp:term":[{"taxonomy":"product_cat","embeddable":true,"href":"https:\/\/www.sunkaraoke.hu\/index.php\/wp-json\/wp\/v2\/product_cat?post=12171"},{"taxonomy":"product_tag","embeddable":true,"href":"https:\/\/www.sunkaraoke.hu\/index.php\/wp-json\/wp\/v2\/product_tag?post=12171"}],"curies":[{"name":"wp","href":"https:\/\/api.w.org\/{rel}","templated":true}]}}