{"id":12144,"date":"2023-11-22T08:11:06","date_gmt":"2023-11-22T08:11:06","guid":{"rendered":"https:\/\/www.sunkaraoke.hu\/?post_type=product&#038;p=12144"},"modified":"2026-03-27T07:06:40","modified_gmt":"2026-03-27T05:06:40","slug":"bitto-duo-konnyes-szemmel-2023","status":"publish","type":"product","link":"https:\/\/www.sunkaraoke.hu\/index.php\/termek\/bitto-duo-konnyes-szemmel-2023\/","title":{"rendered":"<div class=\"wcmp-player-container product-12144\"><audio controlslist=\"nodownload\" data-product=\"12144\"  volume=\"1\"  preload=\"none\" data-lazyloading=\"none\" class=\"wcmp-player track mejs-classic\" data-duration=\"0:30\" data-estimated_duration=\"3\"><source src=\"https:\/\/www.sunkaraoke.hu\/wp-content\/uploads\/2023\/11\/Konnyes-szemmel-2023-Bitto_demo-1.mp3\" type=\"audio\/mp3\" \/><\/audio><\/div>Bitt\u00f3 Du\u00f3 &#8211; K\u00f6nnyes szemmel 2023."},"content":{"rendered":"<p><strong>02:38<\/strong>\u00a0| <strong><img loading=\"lazy\" decoding=\"async\" class=\"alignnone size-full wp-image-467\" src=\"https:\/\/www.sunkaraoke.hu\/wp-content\/uploads\/2022\/07\/choir_2-copy.webp\" alt=\"\" width=\"30\" height=\"30\" \/> <\/strong><\/p>\n","protected":false},"excerpt":{"rendered":"<h6><strong>Bits\u0171r\u0171s\u00e9g: 320kb\/s<\/strong><\/h6>\n<h6><strong>Hossz: 02:38<\/strong><\/h6>\n<h6><strong>Vok\u00e1l: Nem <img loading=\"lazy\" decoding=\"async\" class=\"alignnone size-full wp-image-467\" src=\"http:\/\/www.sunkaraoke.hu\/wp-content\/uploads\/2022\/07\/choir_2-copy.png\" alt=\"\" width=\"30\" height=\"30\" \/><\/strong><\/h6>\n<p>Sunkaraoke mp3 st\u00fadi\u00f3 \/ www.sunkaraoke.hu \/ Inf: Tel: 06 20 4275001<\/p>\n<p>&#8212;Intr\u00f3&#8212;<br \/>\nK\u00f6nnyes szemmel \u00e9bredtem fel,<br \/>\nr\u00e1d gondolva nem aludtam el,<br \/>\n\u00e9des \u00e1lom, t\u00f6nkreteszel,<br \/>\n\u00e9jjel nappal az eny\u00e9m legyen.<br \/>\nEz a dal, sz\u00edvemb\u0151l sz\u00f3l neked,<br \/>\nhogy soha t\u00f6bb\u00e9 m\u00e1r, nem l\u00e9tezem n\u00e9lk\u00fcled,<br \/>\n\u00e9n sz\u00e1zszor, elmondom neked,<br \/>\nha s\u00edr a sz\u00edvem is, te vagy nekem is az \u00e9letem.<br \/>\nK\u00f6nnyes szemmel \u00e9bredtem fel,<br \/>\nr\u00e1d gondolva nem aludtam el,<br \/>\n\u00e9des \u00e1lom, t\u00f6nkreteszel,<br \/>\n\u00e9jjel nappal az eny\u00e9m legyen.<br \/>\nEz a dal, sz\u00edvemb\u0151l sz\u00f3l neked,<br \/>\nhogy soha t\u00f6bb\u00e9 m\u00e1r, nem l\u00e9tezem n\u00e9lk\u00fcled,<br \/>\n\u00e9n sz\u00e1zszor, elmondom neked,<br \/>\nha s\u00edr a sz\u00edvem is, te vagy nekem is az \u00e9letem.<br \/>\n&#8212;Sz\u00f3l\u00f3&#8212;<br \/>\nEz a dal, sz\u00edvemb\u0151l sz\u00f3l neked,<br \/>\nhogy soha t\u00f6bb\u00e9 m\u00e1r, nem l\u00e9tezem n\u00e9lk\u00fcled,<br \/>\n\u00e9n sz\u00e1zszor, elmondom neked,<br \/>\nha s\u00edr a sz\u00edvem is, te vagy nekem is az \u00e9letem.<br \/>\n&#8212;V\u00e9ge&#8212;<\/p>\n","protected":false},"featured_media":11406,"template":"","meta":{"site-sidebar-layout":"default","site-content-layout":"default","ast-site-content-layout":"default","site-content-style":"default","site-sidebar-style":"default","ast-global-header-display":"","ast-banner-title-visibility":"","ast-main-header-display":"","ast-hfb-above-header-display":"","ast-hfb-below-header-display":"","ast-hfb-mobile-header-display":"","site-post-title":"","ast-breadcrumbs-content":"","ast-featured-img":"","footer-sml-layout":"","theme-transparent-header-meta":"default","adv-header-id-meta":"","stick-header-meta":"","header-above-stick-meta":"","header-main-stick-meta":"","header-below-stick-meta":"","astra-migrate-meta-layouts":"set","ast-page-background-enabled":"default","ast-page-background-meta":{"desktop":{"background-color":"var(--ast-global-color-4)","background-image":"","background-repeat":"repeat","background-position":"center center","background-size":"auto","background-attachment":"scroll","background-type":"","background-media":"","overlay-type":"","overlay-color":"","overlay-opacity":"","overlay-gradient":""},"tablet":{"background-color":"","background-image":"","background-repeat":"repeat","background-position":"center center","background-size":"auto","background-attachment":"scroll","background-type":"","background-media":"","overlay-type":"","overlay-color":"","overlay-opacity":"","overlay-gradient":""},"mobile":{"background-color":"","background-image":"","background-repeat":"repeat","background-position":"center center","background-size":"auto","background-attachment":"scroll","background-type":"","background-media":"","overlay-type":"","overlay-color":"","overlay-opacity":"","overlay-gradient":""}},"ast-content-background-meta":{"desktop":{"background-color":"var(--ast-global-color-5)","background-image":"","background-repeat":"repeat","background-position":"center center","background-size":"auto","background-attachment":"scroll","background-type":"","background-media":"","overlay-type":"","overlay-color":"","overlay-opacity":"","overlay-gradient":""},"tablet":{"background-color":"var(--ast-global-color-5)","background-image":"","background-repeat":"repeat","background-position":"center center","background-size":"auto","background-attachment":"scroll","background-type":"","background-media":"","overlay-type":"","overlay-color":"","overlay-opacity":"","overlay-gradient":""},"mobile":{"background-color":"var(--ast-global-color-5)","background-image":"","background-repeat":"repeat","background-position":"center center","background-size":"auto","background-attachment":"scroll","background-type":"","background-media":"","overlay-type":"","overlay-color":"","overlay-opacity":"","overlay-gradient":""}}},"product_cat":[48],"product_tag":[],"class_list":["post-12144","product","type-product","status-publish","has-post-thumbnail","hentry","product_cat-sunkaraoke-dalok","desktop-align-left","tablet-align-left","mobile-align-left"],"_links":{"self":[{"href":"https:\/\/www.sunkaraoke.hu\/index.php\/wp-json\/wp\/v2\/product\/12144","targetHints":{"allow":["GET"]}}],"collection":[{"href":"https:\/\/www.sunkaraoke.hu\/index.php\/wp-json\/wp\/v2\/product"}],"about":[{"href":"https:\/\/www.sunkaraoke.hu\/index.php\/wp-json\/wp\/v2\/types\/product"}],"wp:featuredmedia":[{"embeddable":true,"href":"https:\/\/www.sunkaraoke.hu\/index.php\/wp-json\/wp\/v2\/media\/11406"}],"wp:attachment":[{"href":"https:\/\/www.sunkaraoke.hu\/index.php\/wp-json\/wp\/v2\/media?parent=12144"}],"wp:term":[{"taxonomy":"product_cat","embeddable":true,"href":"https:\/\/www.sunkaraoke.hu\/index.php\/wp-json\/wp\/v2\/product_cat?post=12144"},{"taxonomy":"product_tag","embeddable":true,"href":"https:\/\/www.sunkaraoke.hu\/index.php\/wp-json\/wp\/v2\/product_tag?post=12144"}],"curies":[{"name":"wp","href":"https:\/\/api.w.org\/{rel}","templated":true}]}}