{"id":12073,"date":"2023-10-31T15:44:52","date_gmt":"2023-10-31T15:44:52","guid":{"rendered":"https:\/\/www.sunkaraoke.hu\/?post_type=product&#038;p=12073"},"modified":"2025-10-13T16:28:05","modified_gmt":"2025-10-13T14:28:05","slug":"jolly-nem-lesz-jo-eleted","status":"publish","type":"product","link":"https:\/\/www.sunkaraoke.hu\/index.php\/termek\/jolly-nem-lesz-jo-eleted\/","title":{"rendered":"<div class=\"wcmp-player-container product-12073\"><audio controlslist=\"nodownload\" data-product=\"12073\"  volume=\"1\"  preload=\"none\" data-lazyloading=\"none\" class=\"wcmp-player track mejs-classic\" data-duration=\"0:31\" data-estimated_duration=\"4\"><source src=\"https:\/\/www.sunkaraoke.hu\/wp-content\/uploads\/2023\/10\/Nem-lesz-jo_demo.mp3\" type=\"audio\/mp3\" \/><\/audio><\/div>Jolly &#8211; Nem lesz j\u00f3 \u00e9leted (Original Palika Edition)"},"content":{"rendered":"<p><b>03:25<\/b>|<\/p>\n","protected":false},"excerpt":{"rendered":"<h6><strong>Bits\u0171r\u0171s\u00e9g: 320kb\/s<\/strong><br \/>\n<strong>Hossz: 03:25<\/strong><\/h6>\n<p>Sunkaraoke mp3 st\u00fadi\u00f3 \/ www.sunkaraoke.hu \/ Inf: Tel: 06 20 4275001<\/p>\n<p>Nem lesz j\u00f3 \u00e9leted, ezt meg\u00edg\u00e9rem,<br \/>\nsz\u00edvemb\u0151l kit\u00e9ped az eml\u00e9keket,<br \/>\neldobt\u00e1l k\u00f6nnyed\u00e9n, mint egy elsz\u00e1radt r\u00f3zs\u00e1t.<br \/>\nNeked ez kellett, tudom, neked ez kellett,<br \/>\n\u00e9s engem becsapt\u00e1l.<br \/>\nNem tudni, mit hoz m\u00e9g a holnap,<br \/>\ntal\u00e1n \u00f6r\u00f6m\u00f6t, vagy b\u00e1natot.<br \/>\nDe rosszat \u00e1lmodtam az \u00e9jjel,<br \/>\nm\u00e1s karj\u00e1ban l\u00e1ttalak meg t\u00e9ged.<br \/>\nNem tudni, meddig \u00e9l az ember,<br \/>\nvan \u00fagy, hogy az \u00e1lmok beteljes\u00fclnek.<br \/>\nDe rosszat \u00e1lmodtam az \u00e9jjel,<br \/>\nm\u00e1s karj\u00e1ban l\u00e1ttalak meg t\u00e9ged.<br \/>\nNem lesz j\u00f3 \u00e9leted, ezt meg\u00edg\u00e9rem,<br \/>\nsz\u00edvemb\u0151l kit\u00e9ped az eml\u00e9keket,<br \/>\neldobt\u00e1l k\u00f6nnyed\u00e9n, mint egy elsz\u00e1radt r\u00f3zs\u00e1t.<br \/>\nNeked ez kellett, tudom, neked ez kellett,<br \/>\n\u00e9s engem becsapt\u00e1l.<br \/>\nNem lesz j\u00f3 \u00e9leted, ezt meg\u00edg\u00e9rem,<br \/>\nsz\u00edvemb\u0151l kit\u00e9ped az eml\u00e9keket,<br \/>\neldobt\u00e1l k\u00f6nnyed\u00e9n, mint egy elsz\u00e1radt r\u00f3zs\u00e1t.<br \/>\nNeked ez kellett tudom, neked ez kellett,<br \/>\n\u00e9s engem becsapt\u00e1l.<br \/>\nB\u00e1natomban hullanak a k\u00f6nnyek,<br \/>\njaj, de neh\u00e9z, ez az \u00e9jszaka!<br \/>\nNem tudlak \u00e9n elfeledni t\u00e9ged,<br \/>\nde t\u00f6nkretetted az \u00e9n \u00e9letem.<br \/>\nNem lesz j\u00f3 \u00e9leted, ezt meg\u00edg\u00e9rem,<br \/>\nsz\u00edvemb\u0151l kit\u00e9ped az eml\u00e9keket,<br \/>\neldobt\u00e1l k\u00f6nnyed\u00e9n, mint egy elsz\u00e1radt r\u00f3zs\u00e1t.<br \/>\nNeked ez kellett, tudom, neked ez kellett,<br \/>\n\u00e9s engem becsapt\u00e1l.<br \/>\nNem lesz j\u00f3 \u00e9leted, ezt meg\u00edg\u00e9rem,<br \/>\nsz\u00edvemb\u0151l kit\u00e9ped az eml\u00e9keket,<br \/>\neldobt\u00e1l k\u00f6nnyed\u00e9n, mint egy elsz\u00e1radt r\u00f3zs\u00e1t.<br \/>\nNeked ez kellett, tudom, neked ez kellett,<br \/>\n\u00e9s engem becsapt\u00e1l.<br \/>\n&#8212;V\u00e9ge&#8212;<\/p>\n","protected":false},"featured_media":6147,"template":"","meta":{"site-sidebar-layout":"default","site-content-layout":"default","ast-site-content-layout":"default","site-content-style":"default","site-sidebar-style":"default","ast-global-header-display":"","ast-banner-title-visibility":"","ast-main-header-display":"","ast-hfb-above-header-display":"","ast-hfb-below-header-display":"","ast-hfb-mobile-header-display":"","site-post-title":"","ast-breadcrumbs-content":"","ast-featured-img":"","footer-sml-layout":"","theme-transparent-header-meta":"default","adv-header-id-meta":"","stick-header-meta":"","header-above-stick-meta":"","header-main-stick-meta":"","header-below-stick-meta":"","astra-migrate-meta-layouts":"set","ast-page-background-enabled":"default","ast-page-background-meta":{"desktop":{"background-color":"var(--ast-global-color-4)","background-image":"","background-repeat":"repeat","background-position":"center center","background-size":"auto","background-attachment":"scroll","background-type":"","background-media":"","overlay-type":"","overlay-color":"","overlay-opacity":"","overlay-gradient":""},"tablet":{"background-color":"","background-image":"","background-repeat":"repeat","background-position":"center center","background-size":"auto","background-attachment":"scroll","background-type":"","background-media":"","overlay-type":"","overlay-color":"","overlay-opacity":"","overlay-gradient":""},"mobile":{"background-color":"","background-image":"","background-repeat":"repeat","background-position":"center center","background-size":"auto","background-attachment":"scroll","background-type":"","background-media":"","overlay-type":"","overlay-color":"","overlay-opacity":"","overlay-gradient":""}},"ast-content-background-meta":{"desktop":{"background-color":"var(--ast-global-color-5)","background-image":"","background-repeat":"repeat","background-position":"center center","background-size":"auto","background-attachment":"scroll","background-type":"","background-media":"","overlay-type":"","overlay-color":"","overlay-opacity":"","overlay-gradient":""},"tablet":{"background-color":"var(--ast-global-color-5)","background-image":"","background-repeat":"repeat","background-position":"center center","background-size":"auto","background-attachment":"scroll","background-type":"","background-media":"","overlay-type":"","overlay-color":"","overlay-opacity":"","overlay-gradient":""},"mobile":{"background-color":"var(--ast-global-color-5)","background-image":"","background-repeat":"repeat","background-position":"center center","background-size":"auto","background-attachment":"scroll","background-type":"","background-media":"","overlay-type":"","overlay-color":"","overlay-opacity":"","overlay-gradient":""}}},"product_cat":[48],"product_tag":[],"class_list":["post-12073","product","type-product","status-publish","has-post-thumbnail","hentry","product_cat-sunkaraoke-dalok","desktop-align-left","tablet-align-left","mobile-align-left"],"_links":{"self":[{"href":"https:\/\/www.sunkaraoke.hu\/index.php\/wp-json\/wp\/v2\/product\/12073","targetHints":{"allow":["GET"]}}],"collection":[{"href":"https:\/\/www.sunkaraoke.hu\/index.php\/wp-json\/wp\/v2\/product"}],"about":[{"href":"https:\/\/www.sunkaraoke.hu\/index.php\/wp-json\/wp\/v2\/types\/product"}],"wp:featuredmedia":[{"embeddable":true,"href":"https:\/\/www.sunkaraoke.hu\/index.php\/wp-json\/wp\/v2\/media\/6147"}],"wp:attachment":[{"href":"https:\/\/www.sunkaraoke.hu\/index.php\/wp-json\/wp\/v2\/media?parent=12073"}],"wp:term":[{"taxonomy":"product_cat","embeddable":true,"href":"https:\/\/www.sunkaraoke.hu\/index.php\/wp-json\/wp\/v2\/product_cat?post=12073"},{"taxonomy":"product_tag","embeddable":true,"href":"https:\/\/www.sunkaraoke.hu\/index.php\/wp-json\/wp\/v2\/product_tag?post=12073"}],"curies":[{"name":"wp","href":"https:\/\/api.w.org\/{rel}","templated":true}]}}