{"id":12016,"date":"2023-10-16T13:49:51","date_gmt":"2023-10-16T13:49:51","guid":{"rendered":"https:\/\/www.sunkaraoke.hu\/?post_type=product&#038;p=12016"},"modified":"2024-12-04T14:44:24","modified_gmt":"2024-12-04T14:44:24","slug":"bitto-duo-otvenezer-csokkal","status":"publish","type":"product","link":"https:\/\/www.sunkaraoke.hu\/index.php\/termek\/bitto-duo-otvenezer-csokkal\/","title":{"rendered":"<div class=\"wcmp-player-container product-12016\"><audio controlslist=\"nodownload\" data-product=\"12016\"  volume=\"1\"  preload=\"none\" data-lazyloading=\"none\" class=\"wcmp-player track mejs-classic\" data-duration=\"0:34\" data-estimated_duration=\"4\"><source src=\"https:\/\/www.sunkaraoke.hu\/wp-content\/uploads\/2023\/10\/Otvenezer-csokkal-_demo.mp3\" type=\"audio\/mp3\" \/><\/audio><\/div>Bitt\u00f3 Du\u00f3 &#8211; \u00d6tvenezer cs\u00f3kkal"},"content":{"rendered":"<p><strong>03:03<\/strong>\u00a0| <strong><img loading=\"lazy\" decoding=\"async\" class=\"alignnone size-full wp-image-467\" src=\"https:\/\/www.sunkaraoke.hu\/wp-content\/uploads\/2022\/07\/choir_2-copy.webp\" alt=\"\" width=\"30\" height=\"30\" \/> <\/strong><\/p>\n","protected":false},"excerpt":{"rendered":"<h6><strong>Bits\u0171r\u0171s\u00e9g: 320kb\/s<\/strong><\/h6>\n<h6><strong>Hossz: 03:03<\/strong><\/h6>\n<h6><strong>Vok\u00e1l: Nem <img loading=\"lazy\" decoding=\"async\" class=\"alignnone size-full wp-image-467\" src=\"http:\/\/www.sunkaraoke.hu\/wp-content\/uploads\/2022\/07\/choir_2-copy.png\" alt=\"\" width=\"30\" height=\"30\" \/><\/strong><\/h6>\n<p>Sunkaraoke mp3 st\u00fadi\u00f3 \/ www.sunkaraoke.hu \/ Inf: Tel: 06 20 4275001<\/p>\n<p>&#8212;Intr\u00f3&#8212;<br \/>\nHozz\u00e1d \u00f6tvenezer cs\u00f3kkal j\u00f6tt el, ez az eszeveszett szerelem,<br \/>\nj\u00f6jj vissza hozz\u00e1m, \u00fagy szeretlek \u00e9n.<br \/>\nUgye nem volt m\u00e9g ilyen, gy\u00f6ny\u00f6r\u0171 szerelem,<br \/>\nhogyha itt vagy \u00e9nvelem,az volt mesesz\u00e9p.<br \/>\nR\u00f3zsa ny\u00edlik amerre j\u00e1rsz, most hol j\u00e1rsz mit csin\u00e1lsz,<br \/>\nez a v\u00e9gtelen boldogs\u00e1g,oly gyorsan elsz\u00e1ll.<br \/>\nHozz\u00e1d \u00f6tvenezer cs\u00f3kkal j\u00f6tt el,<br \/>\nez a boldogtalan bolond ny\u00e1r,<br \/>\nsz\u00edvem fanatikus \u0151r\u00fclt m\u00f3don, v\u00e1r r\u00e1d \u00e9s r\u00e1m.<br \/>\nHozz\u00e1d \u00f6tvenezer cs\u00f3kkal j\u00f6tt el,<br \/>\nez a boldogtalan bolond ny\u00e1r,<br \/>\nsz\u00edvem fanatikus \u0151r\u00fclt m\u00f3don, v\u00e1r r\u00e1d \u00e9s r\u00e1m.<br \/>\nDe hogyha volna m\u00e9g egy \u00e9j,amikor te meg \u00e9n,<br \/>\nhidd el mindent megtenn\u00e9k, hogy \u00fajra velem legy\u00e9l.<br \/>\nDe ha nem vagy m\u00e1r velem, szomor\u00fa az \u00e9letem,<br \/>\ns ha megfogod kezem , \u00e9n el nem engedem.<br \/>\nHozz\u00e1d \u00f6tvenezer cs\u00f3kkal j\u00f6tt el,<br \/>\nez a boldogtalan bolond ny\u00e1r,<br \/>\nsz\u00edvem fanatikus \u0151r\u00fclt m\u00f3don, v\u00e1r r\u00e1d \u00e9s r\u00e1m.<br \/>\nHozz\u00e1d \u00f6tvenezer cs\u00f3kkal j\u00f6tt el,<br \/>\nez a boldogtalan bolond ny\u00e1r,<br \/>\nsz\u00edvem fanatikus \u0151r\u00fclt m\u00f3don, v\u00e1r r\u00e1d \u00e9s r\u00e1m.<br \/>\nEz a dal mit d\u00fadolok, neked sz\u00f3l j\u00f3l tudom<br \/>\nez a v\u00e9gs\u0151 b\u00facs\u00fadal, hogy \u00e9lsz \u00e9s v\u00e1rsz.<br \/>\nR\u00f3zsa ny\u00edlik \u00e9s a f\u00f6ld, kivirul ahol \u00e9lsz,<br \/>\nugye nem csak \u00e1lom volt, hogy \u00e9lsz \u00e9s v\u00e1rsz.<br \/>\nHozz\u00e1d \u00f6tvenezer cs\u00f3kkal j\u00f6tt el,<br \/>\nez a boldogtalan bolond ny\u00e1r,<br \/>\nsz\u00edvem fanatikus \u0151r\u00fclt m\u00f3don, v\u00e1r r\u00e1d \u00e9s r\u00e1m.<br \/>\nHozz\u00e1d \u00f6tvenezer cs\u00f3kkal j\u00f6tt el,<br \/>\nez a boldogtalan bolond ny\u00e1r,<br \/>\nsz\u00edvem fanatikus \u0151r\u00fclt m\u00f3don, v\u00e1r r\u00e1d \u00e9s r\u00e1m.<br \/>\n&#8212;V\u00e9ge&#8212;<\/p>\n","protected":false},"featured_media":11406,"template":"","meta":{"site-sidebar-layout":"default","site-content-layout":"default","ast-site-content-layout":"default","site-content-style":"default","site-sidebar-style":"default","ast-global-header-display":"","ast-banner-title-visibility":"","ast-main-header-display":"","ast-hfb-above-header-display":"","ast-hfb-below-header-display":"","ast-hfb-mobile-header-display":"","site-post-title":"","ast-breadcrumbs-content":"","ast-featured-img":"","footer-sml-layout":"","theme-transparent-header-meta":"default","adv-header-id-meta":"","stick-header-meta":"","header-above-stick-meta":"","header-main-stick-meta":"","header-below-stick-meta":"","astra-migrate-meta-layouts":"set","ast-page-background-enabled":"default","ast-page-background-meta":{"desktop":{"background-color":"var(--ast-global-color-4)","background-image":"","background-repeat":"repeat","background-position":"center center","background-size":"auto","background-attachment":"scroll","background-type":"","background-media":"","overlay-type":"","overlay-color":"","overlay-opacity":"","overlay-gradient":""},"tablet":{"background-color":"","background-image":"","background-repeat":"repeat","background-position":"center center","background-size":"auto","background-attachment":"scroll","background-type":"","background-media":"","overlay-type":"","overlay-color":"","overlay-opacity":"","overlay-gradient":""},"mobile":{"background-color":"","background-image":"","background-repeat":"repeat","background-position":"center center","background-size":"auto","background-attachment":"scroll","background-type":"","background-media":"","overlay-type":"","overlay-color":"","overlay-opacity":"","overlay-gradient":""}},"ast-content-background-meta":{"desktop":{"background-color":"var(--ast-global-color-5)","background-image":"","background-repeat":"repeat","background-position":"center center","background-size":"auto","background-attachment":"scroll","background-type":"","background-media":"","overlay-type":"","overlay-color":"","overlay-opacity":"","overlay-gradient":""},"tablet":{"background-color":"var(--ast-global-color-5)","background-image":"","background-repeat":"repeat","background-position":"center center","background-size":"auto","background-attachment":"scroll","background-type":"","background-media":"","overlay-type":"","overlay-color":"","overlay-opacity":"","overlay-gradient":""},"mobile":{"background-color":"var(--ast-global-color-5)","background-image":"","background-repeat":"repeat","background-position":"center center","background-size":"auto","background-attachment":"scroll","background-type":"","background-media":"","overlay-type":"","overlay-color":"","overlay-opacity":"","overlay-gradient":""}}},"product_cat":[48],"product_tag":[],"class_list":["post-12016","product","type-product","status-publish","has-post-thumbnail","hentry","product_cat-sunkaraoke-dalok","desktop-align-left","tablet-align-left","mobile-align-left"],"_links":{"self":[{"href":"https:\/\/www.sunkaraoke.hu\/index.php\/wp-json\/wp\/v2\/product\/12016","targetHints":{"allow":["GET"]}}],"collection":[{"href":"https:\/\/www.sunkaraoke.hu\/index.php\/wp-json\/wp\/v2\/product"}],"about":[{"href":"https:\/\/www.sunkaraoke.hu\/index.php\/wp-json\/wp\/v2\/types\/product"}],"wp:featuredmedia":[{"embeddable":true,"href":"https:\/\/www.sunkaraoke.hu\/index.php\/wp-json\/wp\/v2\/media\/11406"}],"wp:attachment":[{"href":"https:\/\/www.sunkaraoke.hu\/index.php\/wp-json\/wp\/v2\/media?parent=12016"}],"wp:term":[{"taxonomy":"product_cat","embeddable":true,"href":"https:\/\/www.sunkaraoke.hu\/index.php\/wp-json\/wp\/v2\/product_cat?post=12016"},{"taxonomy":"product_tag","embeddable":true,"href":"https:\/\/www.sunkaraoke.hu\/index.php\/wp-json\/wp\/v2\/product_tag?post=12016"}],"curies":[{"name":"wp","href":"https:\/\/api.w.org\/{rel}","templated":true}]}}