{"id":12004,"date":"2023-10-12T16:32:45","date_gmt":"2023-10-12T16:32:45","guid":{"rendered":"https:\/\/www.sunkaraoke.hu\/?post_type=product&#038;p=12004"},"modified":"2026-03-27T07:06:40","modified_gmt":"2026-03-27T05:06:40","slug":"notar-mary-hagyjal-beken","status":"publish","type":"product","link":"https:\/\/www.sunkaraoke.hu\/index.php\/termek\/notar-mary-hagyjal-beken\/","title":{"rendered":"<div class=\"wcmp-player-container product-12004\"><audio controlslist=\"nodownload\" data-product=\"12004\"  volume=\"1\"  preload=\"none\" data-lazyloading=\"none\" class=\"wcmp-player track mejs-classic\" data-duration=\"0:30\" data-estimated_duration=\"3\"><source src=\"https:\/\/www.sunkaraoke.hu\/wp-content\/uploads\/wcmp\/d121dfdc508a0d33a185a756000cd600.mp3\" type=\"audio\/mp3\" \/><\/audio><\/div>Notar Mary &#8211; Hagyj\u00e1l b\u00e9k\u00e9n (Original)"},"content":{"rendered":"<p><strong>03:35<\/strong>\u00a0| <strong><img loading=\"lazy\" decoding=\"async\" class=\"alignnone size-full wp-image-467\" src=\"https:\/\/www.sunkaraoke.hu\/wp-content\/uploads\/2022\/07\/choir_2-copy.webp\" alt=\"\" width=\"30\" height=\"30\" \/> <\/strong><\/p>\n","protected":false},"excerpt":{"rendered":"<h5><strong>Bits\u0171r\u0171s\u00e9g: 320kb\/s<\/strong><br \/>\n<strong>Hossz: 03:35<\/strong><br \/>\n<strong>Vok\u00e1lt tartalmaz: Nem <img loading=\"lazy\" decoding=\"async\" class=\"alignnone size-full wp-image-467\" src=\"http:\/\/www.sunkaraoke.hu\/wp-content\/uploads\/2022\/07\/choir_2-copy.png\" alt=\"\" width=\"30\" height=\"30\" \/><\/strong><strong style=\"font-size: 16px;\"><br \/>\n<\/strong><\/h5>\n<p>Sunkaraoke mp3 st\u00fadi\u00f3 \/ www.sunkaraoke.hu \/ Inf: Tel: 06 20 4275001<\/p>\n<p>&#8212;Intr\u00f3&#8212;<br \/>\nHagyj\u00e1l b\u00e9k\u00e9n koccolj le, az \u00e9letemet ne tedd t\u00f6nkre,<br \/>\nkialudt a szerelm\u00fcnk t\u00fcze.<br \/>\nHagyj\u00e1l b\u00e9k\u00e9n most m\u00e1r t\u00e9nyleg,<br \/>\nelszakadt a c\u00e9rna v\u00e9gleg, fogd m\u00e1r fel, hogy te rontottad el.<br \/>\n&#8212;Sz\u00f3l\u00f3&#8212;<br \/>\nGondolkodtam hol rontottuk el,de te volt\u00e1l a hib\u00e1s mindenben,<br \/>\nmindenkire f\u00e9lt\u00e9keny volt\u00e1l, \u00fagy tartott\u00e1l mint egy rabszolg\u00e1t.<br \/>\nNa nehogy m\u00e1r az \u00e9letemet \u00edgy \u00e9ljem le,<br \/>\nde nehogy m\u00e1r az \u00e9leted \u00edgy \u00e9ld le&#8230;<br \/>\nH\u00e1t kalap kab\u00e1t itt a v\u00e9ge&#8230;<br \/>\nH\u00e1t kalap kab\u00e1t itt a v\u00e9ge&#8230;<br \/>\nHagyj\u00e1l b\u00e9k\u00e9n koccolj le, az \u00e9letemet ne tedd t\u00f6nkre,<br \/>\nkialudt a szerelm\u00fcnk t\u00fcze.<br \/>\nHagyj\u00e1l b\u00e9k\u00e9n most m\u00e1r t\u00e9nyleg,<br \/>\nelszakadt a c\u00e9rna v\u00e9gleg, fogd m\u00e1r fel, hogy te rontottad el.<br \/>\nHagyj\u00e1l b\u00e9k\u00e9n koccolj le, az \u00e9letemet ne tedd t\u00f6nkre,<br \/>\nkialudt a szerelm\u00fcnk t\u00fcze.<br \/>\nHagyj\u00e1l b\u00e9k\u00e9n most m\u00e1r t\u00e9nyleg,<br \/>\nelszakadt a c\u00e9rna v\u00e9gleg, fogd m\u00e1r fel, hogy te rontottad el.<br \/>\n&#8212;Sz\u00f3l\u00f3&#8212;<br \/>\nAz \u00e9n cs\u00f3kom \u00e9des mint a m\u00e9z, helyetted van sz\u00e1z meg sz\u00e1z \u00e9s k\u00e9sz,<br \/>\njaj de sokszor b\u00e1ntott\u00e1l engem, s\u00edrva aludtam \u00e9\u00e1s keltem fel.<br \/>\nNa nehogy m\u00e1r az \u00e9letemet \u00edgy \u00e9ljem le,<br \/>\nde nehogy m\u00e1r az \u00e9leted \u00edgy \u00e9ld le&#8230;<br \/>\nH\u00e1t kalap kab\u00e1t itt a v\u00e9ge&#8230;<br \/>\nH\u00e1t kalap kab\u00e1t itt a v\u00e9ge&#8230;<br \/>\nHagyj\u00e1l b\u00e9k\u00e9n koccolj le, az \u00e9letemet ne tedd t\u00f6nkre,<br \/>\nkialudt a szerelm\u00fcnk t\u00fcze.<br \/>\nHagyj\u00e1l b\u00e9k\u00e9n most m\u00e1r t\u00e9nyleg,<br \/>\nelszakadt a c\u00e9rna v\u00e9gleg, fogd m\u00e1r fel, hogy te rontottad el.<br \/>\nHagyj\u00e1l b\u00e9k\u00e9n koccolj le, az \u00e9letemet ne tedd t\u00f6nkre,<br \/>\nkialudt a szerelm\u00fcnk t\u00fcze.<br \/>\nHagyj\u00e1l b\u00e9k\u00e9n most m\u00e1r t\u00e9nyleg,<br \/>\nelszakadt a c\u00e9rna v\u00e9gleg, fogd m\u00e1r fel, hogy te rontottad el.<br \/>\nP\u00e1, r\u00e1, p\u00e1, p\u00e1&#8230;..<br \/>\nHagyj\u00e1l b\u00e9k\u00e9n koccolj le, az \u00e9letemet ne tedd t\u00f6nkre,<br \/>\nkialudt a szerelm\u00fcnk t\u00fcze.<br \/>\nHagyj\u00e1l b\u00e9k\u00e9n most m\u00e1r t\u00e9nyleg,<br \/>\nelszakadt a c\u00e9rna v\u00e9gleg, fogd m\u00e1r fel, hogy te rontottad el.<br \/>\n&#8212;V\u00e9ge&#8212;<\/p>\n","protected":false},"featured_media":8740,"template":"","meta":{"site-sidebar-layout":"default","site-content-layout":"default","ast-site-content-layout":"default","site-content-style":"default","site-sidebar-style":"default","ast-global-header-display":"","ast-banner-title-visibility":"","ast-main-header-display":"","ast-hfb-above-header-display":"","ast-hfb-below-header-display":"","ast-hfb-mobile-header-display":"","site-post-title":"","ast-breadcrumbs-content":"","ast-featured-img":"","footer-sml-layout":"","theme-transparent-header-meta":"default","adv-header-id-meta":"","stick-header-meta":"","header-above-stick-meta":"","header-main-stick-meta":"","header-below-stick-meta":"","astra-migrate-meta-layouts":"set","ast-page-background-enabled":"default","ast-page-background-meta":{"desktop":{"background-color":"var(--ast-global-color-4)","background-image":"","background-repeat":"repeat","background-position":"center center","background-size":"auto","background-attachment":"scroll","background-type":"","background-media":"","overlay-type":"","overlay-color":"","overlay-opacity":"","overlay-gradient":""},"tablet":{"background-color":"","background-image":"","background-repeat":"repeat","background-position":"center center","background-size":"auto","background-attachment":"scroll","background-type":"","background-media":"","overlay-type":"","overlay-color":"","overlay-opacity":"","overlay-gradient":""},"mobile":{"background-color":"","background-image":"","background-repeat":"repeat","background-position":"center center","background-size":"auto","background-attachment":"scroll","background-type":"","background-media":"","overlay-type":"","overlay-color":"","overlay-opacity":"","overlay-gradient":""}},"ast-content-background-meta":{"desktop":{"background-color":"var(--ast-global-color-5)","background-image":"","background-repeat":"repeat","background-position":"center center","background-size":"auto","background-attachment":"scroll","background-type":"","background-media":"","overlay-type":"","overlay-color":"","overlay-opacity":"","overlay-gradient":""},"tablet":{"background-color":"var(--ast-global-color-5)","background-image":"","background-repeat":"repeat","background-position":"center center","background-size":"auto","background-attachment":"scroll","background-type":"","background-media":"","overlay-type":"","overlay-color":"","overlay-opacity":"","overlay-gradient":""},"mobile":{"background-color":"var(--ast-global-color-5)","background-image":"","background-repeat":"repeat","background-position":"center center","background-size":"auto","background-attachment":"scroll","background-type":"","background-media":"","overlay-type":"","overlay-color":"","overlay-opacity":"","overlay-gradient":""}}},"product_cat":[48],"product_tag":[],"class_list":["post-12004","product","type-product","status-publish","has-post-thumbnail","hentry","product_cat-sunkaraoke-dalok","desktop-align-left","tablet-align-left","mobile-align-left"],"_links":{"self":[{"href":"https:\/\/www.sunkaraoke.hu\/index.php\/wp-json\/wp\/v2\/product\/12004","targetHints":{"allow":["GET"]}}],"collection":[{"href":"https:\/\/www.sunkaraoke.hu\/index.php\/wp-json\/wp\/v2\/product"}],"about":[{"href":"https:\/\/www.sunkaraoke.hu\/index.php\/wp-json\/wp\/v2\/types\/product"}],"wp:featuredmedia":[{"embeddable":true,"href":"https:\/\/www.sunkaraoke.hu\/index.php\/wp-json\/wp\/v2\/media\/8740"}],"wp:attachment":[{"href":"https:\/\/www.sunkaraoke.hu\/index.php\/wp-json\/wp\/v2\/media?parent=12004"}],"wp:term":[{"taxonomy":"product_cat","embeddable":true,"href":"https:\/\/www.sunkaraoke.hu\/index.php\/wp-json\/wp\/v2\/product_cat?post=12004"},{"taxonomy":"product_tag","embeddable":true,"href":"https:\/\/www.sunkaraoke.hu\/index.php\/wp-json\/wp\/v2\/product_tag?post=12004"}],"curies":[{"name":"wp","href":"https:\/\/api.w.org\/{rel}","templated":true}]}}