{"id":11990,"date":"2023-10-08T19:19:47","date_gmt":"2023-10-08T19:19:47","guid":{"rendered":"https:\/\/www.sunkaraoke.hu\/?post_type=product&#038;p=11990"},"modified":"2026-03-27T07:06:41","modified_gmt":"2026-03-27T05:06:41","slug":"bodi-guszti-es-a-feketeszemek-bombano","status":"publish","type":"product","link":"https:\/\/www.sunkaraoke.hu\/index.php\/termek\/bodi-guszti-es-a-feketeszemek-bombano\/","title":{"rendered":"<div class=\"wcmp-player-container product-11990\"><audio controlslist=\"nodownload\" data-product=\"11990\"  volume=\"1\"  preload=\"none\" data-lazyloading=\"none\" class=\"wcmp-player track mejs-classic\" data-duration=\"0:34\" data-estimated_duration=\"4\"><source src=\"https:\/\/www.sunkaraoke.hu\/wp-content\/uploads\/2023\/10\/Bombano-_demo.mp3\" type=\"audio\/mp3\" \/><\/audio><\/div>B\u00f3di Guszti \u00e9s a Feketeszemek &#8211; Bomban\u0151"},"content":{"rendered":"<p><strong>03:16\/ <\/strong>\u00a0<strong><img loading=\"lazy\" decoding=\"async\" class=\"alignnone size-full wp-image-467\" src=\"https:\/\/www.sunkaraoke.hu\/wp-content\/uploads\/2022\/07\/choir_2-copy.webp\" alt=\"\" width=\"30\" height=\"30\" \/>\u00a0 \/\u00a0<\/strong><\/p>\n","protected":false},"excerpt":{"rendered":"<h6><strong>Bits\u0171r\u0171s\u00e9g: 320 kb\/s<\/strong><br \/>\n<strong>Hossz: 03:16<\/strong><br \/>\n<strong>Vok\u00e1lt tartalmaz: Nem <img loading=\"lazy\" decoding=\"async\" class=\"alignnone size-full wp-image-467\" src=\"http:\/\/www.sunkaraoke.hu\/wp-content\/uploads\/2022\/07\/choir_2-copy.png\" alt=\"\" width=\"30\" height=\"30\" \/><\/strong><\/h6>\n<p>Sunkaraoke mp3 st\u00fadi\u00f3 \/ www.sunkaraoke.hu \/ Inf: Tel: 06 20 4275001<\/p>\n<p>Bom, bom, bomban\u0151,bomba hercegn\u0151,<br \/>\nte vagy az \u00e9letem, te vagy mindenem!<br \/>\n\u00d6sszeb\u00fajva , \u00e1t\u00f6lelve szebb vil\u00e1g j\u00f6n el,<br \/>\nboldogs\u00e1gban , szerelemben \u00e9lni j\u00f3 vele!<br \/>\nAzt k\u00edv\u00e1nom az \u00e9letben, hogy sosem m\u00faljon el,<br \/>\ngyere \u00e9lj velem, gyere h\u00e1t!<br \/>\nBom, bom, bomban\u0151, bomba hercegn\u0151,<br \/>\nte vagy mindenem, csak te vagy \u00e9nnekem!<br \/>\nBom, bom, bomban\u0151, \u00f3h bo-bomba hercegn\u0151,<br \/>\nte vagy az \u00e9letem, te vagy mindenem!<br \/>\n\u00d6sszeb\u00fajva, \u00e1t\u00f6lelve szebb vil\u00e1g j\u00f6n el,<br \/>\nboldogs\u00e1gban , szerelemben \u00e9lni j\u00f3 vele!<br \/>\nAzt k\u00edv\u00e1nom az \u00e9letben hogy sosem m\u00faljon el,<br \/>\ngyere \u00e9lj velem, gyere h\u00e1t!<br \/>\nBom, bom, bomban\u0151, bomba hercegn\u0151,<br \/>\nte vagy mindenem, csak te vagy \u00e9nnekem!<br \/>\nBom, bom, bomban\u0151,\u00f3h bo-bomba hercegn\u0151,<br \/>\nte vagy az \u00e9letem, te vagy mindenem!<br \/>\nSzeress engen am\u00edg k\u00e9rlek \u00e9s sosem m\u00faljon el,<br \/>\n\u00e1t\u00f6lellek nem engedlek, soha t\u00f6bb\u00e9 el.<br \/>\n\u00c1t\u00f6lellek \u00e9s megt\u00f6rl\u00f6m a k\u00f6nnyes szememet,<br \/>\ngyere \u00e9lj velem, gyere h\u00e1t!<br \/>\nBom, bom, bomban\u0151, bomba hercegn\u0151,<br \/>\nte vagy mindenem, csak te vagy \u00e9nnekem!<br \/>\nBom, bom, bomban\u0151, \u00f3h bo-bomba hercegn\u0151,<br \/>\nte vagy az \u00e9letem, te vagy mindenem!<br \/>\nBom, bom, bomban\u0151, bomba hercegn\u0151,<br \/>\nte vagy mindenem, csak te vagy \u00e9nnekem!<br \/>\nBom, bom, bomban\u0151, \u00f3h bo-bomba hercegn\u0151,<br \/>\nte vagy az \u00e9letem, te vagy mindenem!<br \/>\n&#8212;V\u00e9ge&#8212;<\/p>\n","protected":false},"featured_media":8719,"template":"","meta":{"site-sidebar-layout":"default","site-content-layout":"default","ast-site-content-layout":"","site-content-style":"default","site-sidebar-style":"default","ast-global-header-display":"","ast-banner-title-visibility":"","ast-main-header-display":"","ast-hfb-above-header-display":"","ast-hfb-below-header-display":"","ast-hfb-mobile-header-display":"","site-post-title":"","ast-breadcrumbs-content":"","ast-featured-img":"","footer-sml-layout":"","theme-transparent-header-meta":"default","adv-header-id-meta":"","stick-header-meta":"","header-above-stick-meta":"","header-main-stick-meta":"","header-below-stick-meta":"","astra-migrate-meta-layouts":"default","ast-page-background-enabled":"default","ast-page-background-meta":{"desktop":{"background-color":"var(--ast-global-color-4)","background-image":"","background-repeat":"repeat","background-position":"center center","background-size":"auto","background-attachment":"scroll","background-type":"","background-media":"","overlay-type":"","overlay-color":"","overlay-opacity":"","overlay-gradient":""},"tablet":{"background-color":"","background-image":"","background-repeat":"repeat","background-position":"center center","background-size":"auto","background-attachment":"scroll","background-type":"","background-media":"","overlay-type":"","overlay-color":"","overlay-opacity":"","overlay-gradient":""},"mobile":{"background-color":"","background-image":"","background-repeat":"repeat","background-position":"center center","background-size":"auto","background-attachment":"scroll","background-type":"","background-media":"","overlay-type":"","overlay-color":"","overlay-opacity":"","overlay-gradient":""}},"ast-content-background-meta":{"desktop":{"background-color":"var(--ast-global-color-5)","background-image":"","background-repeat":"repeat","background-position":"center center","background-size":"auto","background-attachment":"scroll","background-type":"","background-media":"","overlay-type":"","overlay-color":"","overlay-opacity":"","overlay-gradient":""},"tablet":{"background-color":"var(--ast-global-color-5)","background-image":"","background-repeat":"repeat","background-position":"center center","background-size":"auto","background-attachment":"scroll","background-type":"","background-media":"","overlay-type":"","overlay-color":"","overlay-opacity":"","overlay-gradient":""},"mobile":{"background-color":"var(--ast-global-color-5)","background-image":"","background-repeat":"repeat","background-position":"center center","background-size":"auto","background-attachment":"scroll","background-type":"","background-media":"","overlay-type":"","overlay-color":"","overlay-opacity":"","overlay-gradient":""}}},"product_cat":[48],"product_tag":[],"class_list":["post-11990","product","type-product","status-publish","has-post-thumbnail","hentry","product_cat-sunkaraoke-dalok","desktop-align-left","tablet-align-left","mobile-align-left"],"_links":{"self":[{"href":"https:\/\/www.sunkaraoke.hu\/index.php\/wp-json\/wp\/v2\/product\/11990","targetHints":{"allow":["GET"]}}],"collection":[{"href":"https:\/\/www.sunkaraoke.hu\/index.php\/wp-json\/wp\/v2\/product"}],"about":[{"href":"https:\/\/www.sunkaraoke.hu\/index.php\/wp-json\/wp\/v2\/types\/product"}],"wp:featuredmedia":[{"embeddable":true,"href":"https:\/\/www.sunkaraoke.hu\/index.php\/wp-json\/wp\/v2\/media\/8719"}],"wp:attachment":[{"href":"https:\/\/www.sunkaraoke.hu\/index.php\/wp-json\/wp\/v2\/media?parent=11990"}],"wp:term":[{"taxonomy":"product_cat","embeddable":true,"href":"https:\/\/www.sunkaraoke.hu\/index.php\/wp-json\/wp\/v2\/product_cat?post=11990"},{"taxonomy":"product_tag","embeddable":true,"href":"https:\/\/www.sunkaraoke.hu\/index.php\/wp-json\/wp\/v2\/product_tag?post=11990"}],"curies":[{"name":"wp","href":"https:\/\/api.w.org\/{rel}","templated":true}]}}